{"id":15906,"date":"2020-06-16T10:13:18","date_gmt":"2020-06-16T09:13:18","guid":{"rendered":"https:\/\/neocatechumenaleiter.org\/rijeci-papa\/sv-ivan-pavao-ii\/pohod-zupi-svete-marije-majke-otkupiteljeve-10-4-1988\/"},"modified":"2020-09-02T13:27:00","modified_gmt":"2020-09-02T12:27:00","slug":"pohod-zupi-svete-marije-majke-otkupiteljeve-10-4-1988","status":"publish","type":"page","link":"https:\/\/neocatechumenaleiter.org\/hr\/rijeci-papa\/sv-ivan-pavao-ii\/pohod-zupi-svete-marije-majke-otkupiteljeve-10-4-1988\/","title":{"rendered":"Pohod \u017eupi Svete Marije Majke Otkupiteljeve 10-4-1988"},"content":{"rendered":"\n<h1 class=\"has-text-align-center wp-block-heading\">Pohod \u017eupi Svete Marije Majke Otkupiteljeve 10-4-1988<\/h1>\n\n<div style=\"height:20px\" aria-hidden=\"true\" class=\"wp-block-spacer\"><\/div>\n\n<h4 class=\"has-text-align-center wp-block-heading\">Sv. Ivan Pavao II.<\/h4>\n\n<div style=\"height:20px\" aria-hidden=\"true\" class=\"wp-block-spacer\"><\/div>\n\n<p><strong>Rim, 10. travnja 1988.<\/strong><\/p>\n\n<p>\u201e\u010culi smo u dana\u0161njem Evan\u0111elju kako je Toma tra\u017eio znakove da bi povjerovao da je Isus zaista uskrsnuo. Vjerujem, eto, da za gradsku \u010detvrt Tor Bella Monaca znak da je Isus uskrsnuo mogu biti ova bra\u0107a i sestre, njihova vjera i njihov entuzijazam u vjeri\u201c: to je rekao \u017eupnik predstavljaju\u0107i Svetom ocu dvije Neokatekumenske zajednice u \u017eupi, okupljene u crkvi.&#013;\n&#013;\n\u201eMi smo zaokupljeni pastoralom odraslih \u2013 nastavio je don Mario. \u2013 Mnogi su daleko od Boga, od Crkve, ali vidim kako su se u mre\u017eu, \u0161to ju je na \u0161iroko bacio neokatekumenski Put, uhvatili mnogi i krenuli na Put da tra\u017ee Gospodina\u201c.&#013;\n&#013;\n<em>Po\u0161to je saslu\u0161ao par svjedo\u010danstava, papa se je nazo\u010dnima obratio ovim rije\u010dima.<\/em><\/p>\n\n<div class=\"wp-block-image\"><figure class=\"alignleft size-large\"><img loading=\"lazy\" decoding=\"async\" width=\"679\" height=\"557\" src=\"https:\/\/neocatechumenaleiter.org\/wp-content\/uploads\/2020\/03\/Camino_Neocatecumenal_Juan_Pablo_II_visita_parroquia_Santa_Maria_Madre_del_Redentor_1988.jpg\" alt=\"\" class=\"wp-image-8417\" srcset=\"https:\/\/neocatechumenaleiter.org\/wp-content\/uploads\/2020\/03\/Camino_Neocatecumenal_Juan_Pablo_II_visita_parroquia_Santa_Maria_Madre_del_Redentor_1988.jpg 679w, https:\/\/neocatechumenaleiter.org\/wp-content\/uploads\/2020\/03\/Camino_Neocatecumenal_Juan_Pablo_II_visita_parroquia_Santa_Maria_Madre_del_Redentor_1988-300x246.jpg 300w\" sizes=\"auto, (max-width: 679px) 100vw, 679px\" \/><\/figure><\/div>\n\n<p>Predragi, sve vas pozdravljam. Pozdravljam roditelje, odrasle, mlade i djecu, uvijek brojnu u va\u0161im zajednicama. Zahvaljujem Gospodinu za ovo ra\u0111anje \u017eivota. &#013;\n\u010cesto vas susre\u0107em, susreo sam vas i na Cvjetnicu poslije podne, \u010duo sam mnoga svjedo\u010danstva i zatim nastojao malo du\u017ee govoriti. Danas vas susre\u0107em i u ovoj \u017eupi, i moram re\u0107i da se radujem zbog ovog susreta i jo\u0161 vi\u0161e zbog toga \u0161to ste na\u0161li ovu \u017eupu. Ve\u0107 nastojite da dalje pronosite va\u0161u nazo\u010dnost, va\u0161a svjedo\u010denja, va\u0161e poslanje. <\/p>\n\n<p>Danas smo \u010duli vrlo zanimljivi ulomak iz Evan\u0111elja, u kojemu se govori o liku nevjernoga Tome, koji se je obratio Kristu uskrslome u dvorani Posljednje ve\u010dere. Mislio sam na vas, jer va\u0161e su zajednice, kako me mnogi obavje\u0161\u0107uju, mjesta i ambijenti u kojima se ponavljaju obra\u0107enja, gdje nevjerni Toma postaje vjerni Toma te vi\u010de \u201eGospodine\u201c.<\/p>\n\n<p>Mislim da je ovo milost dvorane Posljednje ve\u010dere. Vi morate uvijek ostati u dvorani Posljednje ve\u010dere.<\/p>\n","protected":false},"excerpt":{"rendered":"<p>Pohod \u017eupi Svete Marije Majke Otkupiteljeve 10-4-1988 Sv. Ivan Pavao II. Rim, 10. travnja 1988. \u201e\u010culi smo u dana\u0161njem Evan\u0111elju kako je Toma tra\u017eio znakove da bi povjerovao da je Isus zaista uskrsnuo. Vjerujem, eto, da za gradsku \u010detvrt Tor Bella Monaca znak da je Isus uskrsnuo mogu biti ova bra\u0107a i sestre, njihova vjera i njihov entuzijazam u vjeri\u201c: to je rekao \u017eupnik predstavljaju\u0107i Svetom ocu dvije Neokatekumenske zajednice<\/p>\n<div class=\"read-more\"><a class=\"btn read-more-btn\" href=\"https:\/\/neocatechumenaleiter.org\/hr\/rijeci-papa\/sv-ivan-pavao-ii\/pohod-zupi-svete-marije-majke-otkupiteljeve-10-4-1988\/\">Nastavi \u010ditati<\/a><\/div>\n","protected":false},"author":2,"featured_media":0,"parent":9680,"menu_order":51,"comment_status":"closed","ping_status":"closed","template":"","meta":{"footnotes":""},"class_list":["post-15906","page","type-page","status-publish","hentry"],"_links":{"self":[{"href":"https:\/\/neocatechumenaleiter.org\/hr\/wp-json\/wp\/v2\/pages\/15906","targetHints":{"allow":["GET"]}}],"collection":[{"href":"https:\/\/neocatechumenaleiter.org\/hr\/wp-json\/wp\/v2\/pages"}],"about":[{"href":"https:\/\/neocatechumenaleiter.org\/hr\/wp-json\/wp\/v2\/types\/page"}],"author":[{"embeddable":true,"href":"https:\/\/neocatechumenaleiter.org\/hr\/wp-json\/wp\/v2\/users\/2"}],"replies":[{"embeddable":true,"href":"https:\/\/neocatechumenaleiter.org\/hr\/wp-json\/wp\/v2\/comments?post=15906"}],"version-history":[{"count":3,"href":"https:\/\/neocatechumenaleiter.org\/hr\/wp-json\/wp\/v2\/pages\/15906\/revisions"}],"predecessor-version":[{"id":17092,"href":"https:\/\/neocatechumenaleiter.org\/hr\/wp-json\/wp\/v2\/pages\/15906\/revisions\/17092"}],"up":[{"embeddable":true,"href":"https:\/\/neocatechumenaleiter.org\/hr\/wp-json\/wp\/v2\/pages\/9680"}],"wp:attachment":[{"href":"https:\/\/neocatechumenaleiter.org\/hr\/wp-json\/wp\/v2\/media?parent=15906"}],"curies":[{"name":"wp","href":"https:\/\/api.w.org\/{rel}","templated":true}]}}