{"id":15908,"date":"2020-06-16T13:04:30","date_gmt":"2020-06-16T12:04:30","guid":{"rendered":"https:\/\/neocatechumenaleiter.org\/rijeci-papa\/sv-ivan-pavao-ii\/pohod-zupi-sv-alojzija-gonzage-6-11-1988\/"},"modified":"2020-09-02T13:26:51","modified_gmt":"2020-09-02T12:26:51","slug":"pohod-zupi-sv-alojzija-gonzage-6-11-1988","status":"publish","type":"page","link":"https:\/\/neocatechumenaleiter.org\/hr\/rijeci-papa\/sv-ivan-pavao-ii\/pohod-zupi-sv-alojzija-gonzage-6-11-1988\/","title":{"rendered":"Pohod \u017eupi sv. Alojzija Gonzage 6-11-1988"},"content":{"rendered":"\n<h1 class=\"has-text-align-center wp-block-heading\">Pohod \u017eupi sv. Alojzija Gonzage 6-11-1988<\/h1>\n\n<div style=\"height:20px\" aria-hidden=\"true\" class=\"wp-block-spacer\"><\/div>\n\n<h4 class=\"has-text-align-center wp-block-heading\">Sv. Ivan Pavao II.<\/h4>\n\n<div style=\"height:20px\" aria-hidden=\"true\" class=\"wp-block-spacer\"><\/div>\n\n<p><strong>Rim, 6. studenog 1988.<\/strong><\/p>\n\n<div class=\"wp-block-image\"><figure class=\"alignleft size-medium\"><img loading=\"lazy\" decoding=\"async\" width=\"300\" height=\"200\" src=\"https:\/\/neocatechumenaleiter.org\/wp-content\/uploads\/2020\/03\/Camino_Neocatecumenal_Juan_Pablo_II_visita_parroquia_San_Luis_Gonzaga_1988-300x200.jpg\" alt=\"\" class=\"wp-image-2153\" srcset=\"https:\/\/neocatechumenaleiter.org\/wp-content\/uploads\/2020\/03\/Camino_Neocatecumenal_Juan_Pablo_II_visita_parroquia_San_Luis_Gonzaga_1988-300x200.jpg 300w, https:\/\/neocatechumenaleiter.org\/wp-content\/uploads\/2020\/03\/Camino_Neocatecumenal_Juan_Pablo_II_visita_parroquia_San_Luis_Gonzaga_1988.jpg 424w\" sizes=\"auto, (max-width: 300px) 100vw, 300px\" \/><\/figure><\/div>\n\n<p><em>Evangelizacija i kateheza imale su i imaju povla\u0161teno mjesto u djelovanju \u017eupe, s obzirom na njene druge aktivnosti. Poduzimani su razni poku\u0161aji u animiranju bogoslu\u017eja na blagdanskim Misama, te uklju\u010divanje u neke inicijative u \u201eDanima \u017eupe\u201c. S posebnim marom nastojalo se, posje\u0107uju\u0107i obitelji, tra\u017eiti \u201eudaljene\u201c. U\u010dinilo se intenzivnijom pripravu za krizmu, nastoje\u0107i da se produ\u017ei i poslije krizme, a isto tako i pripravu za brak. <\/em>&#013;\n&#013;\n<em>Tom revnom radu, toliko zahtjevnom koliko i plodnom, neokatekumeni daju posebni doprinos. Ve\u0107 dvadesetak godina aktivni u \u017eupi sv. Alojzija Gonzage, oni su danas u njoj nazo\u010dni sa pet zajednica, koje okupljaju oko 150 odraslih osoba i osamdesetak djece. Iz \u017eupe u Parioli krenuli su brojni itineranti i stigli u razne zemlje Europe, Azije, Afrike i obadviju Amerika. Neokatekumeni su papu do\u010dekali u velikom bijelo-\u017eutom \u0161atoru, podignutom u dvori\u0161tu \u017eupnog kompleksa. Poslije kratkog \u017eupnikova uvoda, proslijedio je Kiko Arg\u00fcello predstavljanjem pojedinih zajednica. <\/em><\/p>\n\n<p><em>Po\u0161to je toplo pozdravio mnogobrojnu djecu, papa je rekao:<\/em><\/p>\n\n<p>Evan\u0111eoski radikalizam \u0161to ga susre\u0107emo na raznim stranicama Evan\u0111elja, posebno je izra\u017een rije\u010dima: dati \u017eivot. Krist je, sigurno, bio u\u010ditelj, \u201erabbi\u201c, te je nau\u010davao; rekao nam je sve, a na kraju je to u punini u\u010dinio davanjem svoga \u017eivota: svojom smr\u0107u i uskrsnu\u0107em. Njegova je zadnja rije\u010d najpotpunija rije\u010d. Dakle: dati \u017eivot. Ja vidim da u va\u0161im neokatekumenskim zajednicama ova rije\u010d postaje tijelom. Ima mnogo ljudi koji su spremni dati \u017eivot na razne na\u010dine. Ima ih mnogo. Duh Sveti to dobro zna.<\/p>\n\n<p>Uz rije\u010d kvasac vezano je jo\u0161 jedno razmi\u0161ljanje. Dobro nam je poznata evan\u0111eoska prispodoba o kvascu. Vi ste, eto, kvasac, kvasac koji \u010dini da raste \u010ditavo mno\u0161tvo. Crkva je jedno mno\u0161tvo, \u010dovje\u010danstvo je jedno jo\u0161 ve\u0107e mno\u0161tvo. I Crkva je jedno mno\u0161tvo. <\/p>\n\n<p>Ali to je mno\u0161tvo ponekad nepokretno, nije dovoljno katehizirano, nije dovoljno hranjeno sakramentima, nije dovoljno svjesno \u0161to je to kr\u0161tenje. Kr\u0161tenje je, mo\u017eemo re\u0107i, prvi kvasac u svakome od nas i \u010dini da ga osobno \u017eivimo u na\u0161em tijelu, u na\u0161oj du\u0161i, u na\u0161oj osobi. Mi smo uvijek nedovoljno svjesni \u0161to je to na\u0161e kr\u0161tenje. Sveti Pavao nam je dao upute i savr\u0161ene poruke o tom \u0161to je kr\u0161tenje. Mi smo, me\u0111utim, uvijek ispod razine svijesti o tom \u0161to je ono, \u0161to je njegova stvarnost, \u0161to ono zna\u010di. Eto zbog \u010dega nam je potreban kvasac koji \u010dini da raste na\u0161a svijest o kr\u0161tenju, da je ono samo sakramentalni kvasac; ali potreban nam je tako\u0111er i apostolski kvasac. &#013;\nTemelje\u0107i se na ovoj svijesti, vi postajete kvasac za mno\u0161tvo u crkvama, u biskupijama, u \u017eupama, te \u010dinite da se ostvari rije\u010d koja potpuno odgovara onom \u0161to je Krist tra\u017eio od apostola: idite! Nije rekao: stje\u010dite pala\u010de, bogatstva, ku\u0107e&#8230; ne! On je govorio: idite! Tako ste tako\u0111er i vi itineranti u punoj suglasnosti sa Kristovom rije\u010di. Tako\u0111er i papa, premda ima svoju ku\u0107u, tj. Vatikan, baziliku Sv. Petra, nastoji da i on sam bude pomalo itinerant.<\/p>\n\n<p>Nemam nakane da iscrpim sav predmet. Ali ve\u0107 u ova \u010detiri zapa\u017eanja mo\u017eete susresti sami sebe, mo\u017eete u njima na\u0107i svoju sliku, a i na\u0107i ohrabrenje da mo\u017eete uvijek ostati to \u0161to jeste, to \u0161to ho\u0107ete biti. U ovim rije\u010dima vidite tako\u0111er i moj blagoslov, s nadom da on izra\u017eava i u sebi nosi Gospodinovu milost. Naime kvasac, itinerancija, raste u milosti Gospodnjoj.<\/p>\n\n<p>Katehist koji nam je maloprije rekao da je u svom srcu, u svojoj savjesti osjetio \u0161um: to je, zasigurno, osjetio zato jer je djelovao Kiko, ali samo kao ljudsko sredstvo, a u stvari djelovao je Duh, Milost Gospodinova, Duh Sveti koji je po\u010deo puhati. Duh je puhao da ne ostane na miru taj gospodin. Jer Krist nije do\u0161ao da nas ostavi na miru. Do\u0161ao je da nam donese mir, najve\u0107i mir za kojim \u010dezne ljudska osoba; mir s Bogom, pomirenje; ali nije do\u0161ao da nam dade \u017eivot komotan, spokojan, ne, sigurno ne.<\/p>\n","protected":false},"excerpt":{"rendered":"<p>Pohod \u017eupi sv. Alojzija Gonzage 6-11-1988 Sv. Ivan Pavao II. Rim, 6. studenog 1988. Evangelizacija i kateheza imale su i imaju povla\u0161teno mjesto u djelovanju \u017eupe, s obzirom na njene druge aktivnosti. Poduzimani su razni poku\u0161aji u animiranju bogoslu\u017eja na blagdanskim Misama, te uklju\u010divanje u neke inicijative u \u201eDanima \u017eupe\u201c. S posebnim marom nastojalo se, posje\u0107uju\u0107i obitelji, tra\u017eiti \u201eudaljene\u201c. U\u010dinilo se intenzivnijom pripravu za krizmu, nastoje\u0107i da se produ\u017ei i<\/p>\n<div class=\"read-more\"><a class=\"btn read-more-btn\" href=\"https:\/\/neocatechumenaleiter.org\/hr\/rijeci-papa\/sv-ivan-pavao-ii\/pohod-zupi-sv-alojzija-gonzage-6-11-1988\/\">Nastavi \u010ditati<\/a><\/div>\n","protected":false},"author":2,"featured_media":0,"parent":9680,"menu_order":54,"comment_status":"closed","ping_status":"closed","template":"","meta":{"footnotes":""},"class_list":["post-15908","page","type-page","status-publish","hentry"],"_links":{"self":[{"href":"https:\/\/neocatechumenaleiter.org\/hr\/wp-json\/wp\/v2\/pages\/15908","targetHints":{"allow":["GET"]}}],"collection":[{"href":"https:\/\/neocatechumenaleiter.org\/hr\/wp-json\/wp\/v2\/pages"}],"about":[{"href":"https:\/\/neocatechumenaleiter.org\/hr\/wp-json\/wp\/v2\/types\/page"}],"author":[{"embeddable":true,"href":"https:\/\/neocatechumenaleiter.org\/hr\/wp-json\/wp\/v2\/users\/2"}],"replies":[{"embeddable":true,"href":"https:\/\/neocatechumenaleiter.org\/hr\/wp-json\/wp\/v2\/comments?post=15908"}],"version-history":[{"count":5,"href":"https:\/\/neocatechumenaleiter.org\/hr\/wp-json\/wp\/v2\/pages\/15908\/revisions"}],"predecessor-version":[{"id":17090,"href":"https:\/\/neocatechumenaleiter.org\/hr\/wp-json\/wp\/v2\/pages\/15908\/revisions\/17090"}],"up":[{"embeddable":true,"href":"https:\/\/neocatechumenaleiter.org\/hr\/wp-json\/wp\/v2\/pages\/9680"}],"wp:attachment":[{"href":"https:\/\/neocatechumenaleiter.org\/hr\/wp-json\/wp\/v2\/media?parent=15908"}],"curies":[{"name":"wp","href":"https:\/\/api.w.org\/{rel}","templated":true}]}}