{"id":15989,"date":"2020-06-17T09:50:02","date_gmt":"2020-06-17T08:50:02","guid":{"rendered":"https:\/\/neocatechumenaleiter.org\/rijeci-papa\/sv-ivan-pavao-ii\/euharistija-i-slanje-obitelji-za-novu-evangelizaciju-30-12-1988\/"},"modified":"2020-09-02T13:26:36","modified_gmt":"2020-09-02T12:26:36","slug":"euharistija-i-slanje-obitelji-za-novu-evangelizaciju-30-12-1988","status":"publish","type":"page","link":"https:\/\/neocatechumenaleiter.org\/hr\/rijeci-papa\/sv-ivan-pavao-ii\/euharistija-i-slanje-obitelji-za-novu-evangelizaciju-30-12-1988\/","title":{"rendered":"Euharistija i slanje Obitelji za \u201eNovu Evangelizaciju\u201c 30-12-1988"},"content":{"rendered":"\n<h1 class=\"has-text-align-center wp-block-heading\">Euharistija i slanje Obitelji za \u201eNovu Evangelizaciju\u201c 30-12-1988<\/h1>\n\n<div style=\"height:20px\" aria-hidden=\"true\" class=\"wp-block-spacer\"><\/div>\n\n<h4 class=\"has-text-align-center wp-block-heading\">Sv. Ivan Pavao II.<\/h4>\n\n<div style=\"height:20px\" aria-hidden=\"true\" class=\"wp-block-spacer\"><\/div>\n\n<p><strong>Blagdan Sv. Obitelji (Porto S. Giorgio), 30. prosinca 1988.<\/strong><\/p>\n\n<div class=\"wp-block-image\"><figure class=\"alignleft size-medium\"><img loading=\"lazy\" decoding=\"async\" width=\"300\" height=\"197\" src=\"https:\/\/neocatechumenaleiter.org\/wp-content\/uploads\/2020\/03\/Camino_Neocatecumenal_Eucaristia_envio_familias_mision_porto_san_giorgio_1988-300x197.jpg\" alt=\"\" class=\"wp-image-2163\" srcset=\"https:\/\/neocatechumenaleiter.org\/wp-content\/uploads\/2020\/03\/Camino_Neocatecumenal_Eucaristia_envio_familias_mision_porto_san_giorgio_1988-300x197.jpg 300w, https:\/\/neocatechumenaleiter.org\/wp-content\/uploads\/2020\/03\/Camino_Neocatecumenal_Eucaristia_envio_familias_mision_porto_san_giorgio_1988.jpg 485w\" sizes=\"auto, (max-width: 300px) 100vw, 300px\" \/><\/figure><\/div>\n\n<p><strong>Poslanje Istine, Ljubavi I \u017divota<\/strong><\/p>\n\n<p><em>\u201eSa svim va\u0161im molitvama, va\u0161im svjedo\u010danstvom, sa snagom koju imate, trebate pomo\u0107i obitelji, trebate je za\u0161tititi od svakog razaranja\u201c \u2013 rekao je Ivan Pavao II. obra\u0107aju\u0107i se neokatekumenskim obiteljima koje se spremaju za poslanja i koje su dana\u0161njeg kasnog jutra, u petak, 30. prosinca sudjelovali u Svetoj Misi sa Papom u Porto S. Giorgiu, u centru \u201eServo di Jahv\u00e8\u201c. Sveti Otac je u homiliji podsjetio prisutne da \u201eje danas dan u kojem nam, preko na\u0161eg zbora, prije svega, treba govoriti Sveta Nazaretska Obitelj\u2026\u201c.<\/em><\/p>\n\n<p><em>Ovo je tekst te homilije:<\/em><\/p>\n\n<div class=\"wp-block-image\"><figure class=\"alignright size-medium\"><img loading=\"lazy\" decoding=\"async\" width=\"300\" height=\"241\" src=\"https:\/\/neocatechumenaleiter.org\/wp-content\/uploads\/2020\/03\/Camino_Neocatecumenal_Eucaristia_envio_familias_mision_porto_san_giorgio_1988_2-300x241.jpg\" alt=\"\" class=\"wp-image-2170\" srcset=\"https:\/\/neocatechumenaleiter.org\/wp-content\/uploads\/2020\/03\/Camino_Neocatecumenal_Eucaristia_envio_familias_mision_porto_san_giorgio_1988_2-300x241.jpg 300w, https:\/\/neocatechumenaleiter.org\/wp-content\/uploads\/2020\/03\/Camino_Neocatecumenal_Eucaristia_envio_familias_mision_porto_san_giorgio_1988_2.jpg 707w\" sizes=\"auto, (max-width: 300px) 100vw, 300px\" \/><\/figure><\/div>\n\n<p>Hvaljen Isus Krist! Predragi, \u017eivimo u Bo\u017ei\u0107nom vremenu. U ovom vremenu \u017eivimo u vjeri veliko Bo\u017eje Otajstvo. Otajstvo Presvetog Trojstva u poslanju. Znalo se, i to se potvr\u0111uje da je Bog jedan jedinstven.<\/p>\n\n<p>Mo\u017eemo prihvatiti tako\u0111er i ono \u0161to je Pavao rekao na Areopagu, da je Bog ono apsolutno, ono duhovno u kome \u017eivimo, u kome se mi\u010demo, u kome jesmo. Ali se nije znalo, a i jo\u0161 danas mnogi te\u0161ko prihva\u0107aju: duboku stvarnost Trojednog Boga, Onoga u kome \u017eivimo, u kome se mi\u010demo. I On, Trojstvo u poslanju, nije samo apsolutno bi\u0107e, ve\u0107e od svih, nego je On Otac u svojoj beskrajnoj, nedoku\u010divoj stvarnosti, koji ra\u0111a, ra\u0111a od vijeka, bez po\u010detka, svoju Rije\u010d.<\/p>\n\n<p>I s ovom svojom Rije\u010di \u017eivi neizrecivo otajstvo Ljubavi; koja je Osoba, a ne samo me\u0111uosobni odnos; osoba je ro\u0111eni Sin, Duh, dahnuta ljubav.<\/p>\n\n<p>Bo\u017ei\u0107 nas svake godine podsje\u0107a na ovo Otajstvo Trojstva u poslanju, ovdje u betlehemskoj no\u0107i, ovo poslanje Sina, poslanog od Oca, da nam donese Duha po kojemu je bio za\u010det od Djevice. Dolazi da nam donese ovog Duha. Evo, Bo\u017ei\u0107na no\u0107 je ova no\u0107 u kojoj se stvarnost Boga-zajedni\u0161tva, jedinstvo bo\u017eanstva, apsolutno jedinstvo, jedinstvo zajedni\u0161tva pribli\u017eava na\u0161oj ljudskoj pameti, na\u0161im o\u010dima, na\u0161oj povijesti i postaje vidljivo. To jest, postaje vidljivi skriveno Otajstvo, \u201eMysterium absconditum a saeculis \u2013 Otajstvo skriveno od vjekova\u201c; Otajstvo oduvijek skriveno objavljuje se, postaje vidljivo. Kroz ovu siroma\u0161nu stvarnost Gospodinova ro\u0111enja, jaslica, betlehemske no\u0107i, Marije i Josipa objavljuje se veliko Otajstvo Trojstva u poslanju. Evo na\u0161ega Boga, evo na\u0161ega Boga! Neizreciva li Otajstva! Tako moramo govoriti, mi moramo priznati, svjedo\u010diti, svjesni svoje nedostatnosti pred nedoku\u010divim Bo\u017ejim Otajstvom, jedinstvo Bo\u017eje, jedinstvo bo\u017eanstva, a u isto vrijeme jedinstvo u zajedni\u0161tvu.<\/p>\n\n<p>Kroz ovo Bo\u017ei\u0107no vrijeme sveta Majka Crkva nam daje da danas slavimo jedno drugo ljudsko Otajstvo: Svetu Nazaretsku Obitelj. Mi promatramo ovu stvarnost, ovo Otajstvo Trojstva u poslanju: mi ga promatramo kroz Bo\u017ei\u0107no vrijeme posebno duboko i napeto i sa silnom rado\u0161\u0107u jer ovo poslanje \u2013 Rije\u010d poslana u svijet da govori u svojoj osobi o svome Ocu, o Bo\u017ejoj stvarnosti, On, Rije\u010d dolazi ove no\u0107i kao ljudsko novoro\u0111eno dijete, siroma\u0161no, li\u0161eno svega: li\u0161eno ve\u0107 u tom \u010dasu \u2013 nije se moglo druga\u010dije roditi. Nikakvo ljudsko bogatstvo nije moglo pru\u017eiti prikladno ozra\u010djet koje bi odgovaralo ljudskom ro\u0111enju vje\u010dnog Sina Bo\u017ejega. Samo ovo siroma\u0161tvo, ova napu\u0161tenost, ove jaslice, ona betlehemska no\u0107 mogla je to pru\u017eiti. Bilo je pravo da u onom gradi\u0107u nije mogao na\u0107i kona\u010di\u0161te.<\/p>\n\n<div class=\"wp-block-image\"><figure class=\"alignleft size-medium\"><img loading=\"lazy\" decoding=\"async\" width=\"196\" height=\"300\" src=\"https:\/\/neocatechumenaleiter.org\/wp-content\/uploads\/2020\/03\/Camino_Neocatecumenal_Eucaristia_envio_familias_mision_porto_san_giorgio_1988_3-196x300.jpg\" alt=\"\" class=\"wp-image-2177\" srcset=\"https:\/\/neocatechumenaleiter.org\/wp-content\/uploads\/2020\/03\/Camino_Neocatecumenal_Eucaristia_envio_familias_mision_porto_san_giorgio_1988_3-196x300.jpg 196w, https:\/\/neocatechumenaleiter.org\/wp-content\/uploads\/2020\/03\/Camino_Neocatecumenal_Eucaristia_envio_familias_mision_porto_san_giorgio_1988_3.jpg 572w\" sizes=\"auto, (max-width: 196px) 100vw, 196px\" \/><\/figure><\/div>\n\n<p>Predragi, mi promatramo ovu bo\u017eansku stvarnost, Presveto Trojstvo u poslanju,  a istodobno osje\u0107amo kako su nedostatni na\u0161i ljudski pojmovi, na\u0161e ljudske siroma\u0161ne rije\u010di da govorimo o ovoj tajni. Ali onaj koji nam je bio poslan, Rije\u010d, dolazi da govori i dolazi da nama omogu\u0107i da govorimo. \u0160tovi\u0161e, na\u0161ao je najjednostavnije ljude da preuzmu ovu Rije\u010d, ovu bo\u017eansku Rije\u010d: na\u0161ao je najjednostavnije. Moramo re\u0107i da danas promatramo obitelj u poslanju, jer Sveta Obitelj nije drugo, nego ovo: ljudska obitelj u bo\u017eanskom poslanju. I ovdje, ova ljudska obitelj, kao vrlo mala zajednica, pokazuje se u isto vrijeme kao velika ljudska zajednica koja se nalazi u Bo\u017ejem poslanju: to je Crkva. Crkva je, nadasve u Drugom vatikanskom koncilu, upoznala svoje obiteljsko obilje\u017eje, svoje misionarsko obilje\u017eje. Ona je velika obitelj u poslanju, ne mo\u017eemo vidjeti obitelj izvan ovog konteksta: i ona je u poslanju. Unutar ove velike Obitelji-Crkve nalazi se svaka ljudska obitelj, svaka obiteljska zajednica kao obitelj u poslanju. Mnogo se govorilo o obitelji kao o najmanjem dru\u0161tvu, najtemeljnijem dru\u0161tvu, i sve je to istinito. Ali kad gledamo prvotno Otajstvo sastavljeno od Trojstva u poslanju ne mo\u017eemo gledati obitelj izvan toga: i ona je u poslanju. I njezino je poslanje zaista ono temeljno, temeljno za bo\u017eansko poslanje Rije\u010di, za bo\u017eansko poslanje Duha Svetoga, temeljno je.<\/p>\n\n<p>Bo\u017eansko poslanje Rije\u010di je da govori, da svjedo\u010di o Ocu. Obitelj je prva koja govori, prva koja objavljuje ovo Otajstvo, prva koja svjedo\u010di o Bogu Ocu pred novim nara\u0161tajima. Njezina rije\u010d je naju\u010dinkovitija. Tako se svaka ljudska obitelj, svaka kr\u0161\u0107anska obitelj nalazi u poslanju. Ona je poslanje Istine.  <\/p>\n\n<p>Obitelj ne mo\u017ee \u017eivjeti bez Istine, \u0161tovi\u0161e ona je mjesto u kojem postoji krajnja osjetljivost za Istinu. Ako nema Istine u odnosu, u zajedni\u0161tvu osoba \u2013 mu\u017e, \u017eena, o\u010devi, majke, djeca \u2013 ako nema Istine, kida se zajedni\u0161tvo, uni\u0161tava se poslanje. Vi svi znate kako je zajedni\u0161tvo obitelji zaista tanko, osjetljivo, lako ranjivo. I tako se u obitelji odra\u017eava, zajedno s poslanjem Rije\u010di, Sina, tako\u0111er i poslanje Duha Svetoga koji je Ljubav. Obitelj je u poslanju, i ovo je poslanje temeljno za svaki narod, za cijelo \u010dovje\u010danstvo; to je poslanje Ljubavi i \u017eivota, to je svjedo\u010danstvo Ljubavi i \u017eivota.<\/p>\n\n<div class=\"wp-block-image\"><figure class=\"alignleft size-medium\"><img loading=\"lazy\" decoding=\"async\" width=\"300\" height=\"202\" src=\"https:\/\/neocatechumenaleiter.org\/wp-content\/uploads\/2020\/03\/Camino_Neocatecumenal_Eucaristia_envio_familias_mision_porto_san_giorgio_1988_4-300x202.jpg\" alt=\"\" class=\"wp-image-2184\" srcset=\"https:\/\/neocatechumenaleiter.org\/wp-content\/uploads\/2020\/03\/Camino_Neocatecumenal_Eucaristia_envio_familias_mision_porto_san_giorgio_1988_4-300x202.jpg 300w, https:\/\/neocatechumenaleiter.org\/wp-content\/uploads\/2020\/03\/Camino_Neocatecumenal_Eucaristia_envio_familias_mision_porto_san_giorgio_1988_4.jpg 768w\" sizes=\"auto, (max-width: 300px) 100vw, 300px\" \/><\/figure><\/div>\n\n<p>Predragi! Ja sam vrlo rado do\u0161ao ovamo. Vrlo sam rado prihvatio va\u0161 poziv na blagdan Svete Obitelji da zajedno s vama molim za ono najtemeljnije i najva\u017enije u poslanju Crkve: za duhovnu obnovu obitelji, ljudskih i kr\u0161\u0107anskih obitelji u svakom narodu, u svakoj zemlji, mo\u017eda posebice u na\u0161em zapadnom svijetu, naprednijem, sna\u017enije obilje\u017eenom znakovima i blagodatima napretka, ali i manjkavostima ovog jednostranog napretka. Ako treba govoriti o obnovi, o preporodu ljudskog dru\u0161tva, \u0161tovi\u0161e i Crkve kao ljudskog dru\u0161tva, mora se zapo\u010deti od ove to\u010dke, od ovog poslanja. Sveta Crkvo Bo\u017eja, ti ne mo\u017ee\u0161 izvr\u0161iti svoje poslanje, ti ne mo\u017ee\u0161 ispuniti svoje poslanje u svijetu ako ne preko obitelji i njezina poslanja.<\/p>\n\n<p>Ovo je glavna svrha zbog koje sam prihvatio va\u0161 poziv da budemo zajedno i da zajedno molimo u ovom dru\u0161tvu koje se nadasve sastoji od obitelji, supruga, djece, \u010dak od itinerantskih obitelji. Lijepo je to. Vidimo da je i Nazaretska obitelj itinerantska obitelj. Ona je to bila odmah, ve\u0107 od prvih dana \u017eivota Bo\u017eanskog Djete\u0161ca, Utjelovljene Rije\u010di. Ona je morala postati itinerantska obitelj, da, itinerantska, a tako\u0111er i izbjegli\u010dka<\/p>\n\n<p>Tolike bolne stvarnosti na\u0161eg vremena \u2013 na primjer stvarnost izbjeglica ili emigranata \u2013 ve\u0107 su utkane, prisutne u Svetoj Nazaretskoj Obitelji. Ali ona je za vas nadasve itinerantska obitelj jer ide svugdje: bilo da ide u Egipat, bilo da se vra\u0107a u Nazaret, ili da ide u Jeruzalem s dvanaestogodi\u0161njim Isusom, uvijek svugdje ide kao itinerant da prenosi svjedo\u010danstvo, poslanje obitelji, bo\u017eansko poslanje jedne ljudske obitelji. Smatram da vi kao itinerantske, neokatekumenske obitelji \u010dinite to isto, da postavljate svrhu svoje itinerancije, a to je: da posvuda raznosite u razne najvi\u0161e dekristijanizirane sredine svjedo\u010danstvo o poslanju obitelji. To je veliko svjedo\u010danstvo, ljudski veliko, kr\u0161\u0107anski veliko, bo\u017eanski veliko jer je takvo svjedo\u010danstvo, poslanje obitelji, kona\u010dno upisano u trag Presvetog Trojstva. Nema na ovome svijetu neke druge savr\u0161enije, potpunije slike od onoga \u0161to je Bog: Jedinstvo, Zajedni\u0161tvo. Nema neke druge ljudske stvarnosti koja bi vi\u0161e odgovarala, vi\u0161e ljudski odgovarala tom bo\u017eanskom Otajstvu. I tako, nose\u0107i kao itineranti  svjedo\u010danstvo svojstveno obitelji, obitelji u poslanju, vi posvuda raznosite svjedo\u010danstvo Presvetog Trojstva u poslanju. I tako \u010dinite da raste Crkva, jer Crkva raste od ova dva Otajstva. Sva \u017eivotnost Crkve, kako nas u\u010di Drugi vatikanski koncil, dolazi kona\u010dno, ili poglavito od ovog otajstva trojstvo u poslanju. S druge strane nosite svjedo\u010danstvo obitelji u poslanju koja nastoji hodati stopama Trojstva u poslanju. I tako se donosi poruka, betlehemska poruka, Bo\u017ei\u0107na, radosna poruka. Znamo da je ova poruka, i prema predajama i obi\u010dajima, uvijek povezana s ljudskim obiteljima. To je obiteljska sve\u010danost. Ovoj sve\u010danosti treba dati duboki smisao, punu dimenziju, ljudski punu, kr\u0161\u0107anski punu, bo\u017eanski punu jer je ovo ljudsko Otajstvo, ova ljudska stvarnost obitelji ukorijenjena u bo\u017eanskom Otajstvu, Otajstvu Boga zajedni\u0161tva. Vi ste zajedni\u0161tvo, zajedni\u0161tvo osoba kao Otac, Sin i Duh Sveti. <\/p>\n\n<div class=\"wp-block-image\"><figure class=\"alignright size-large\"><img loading=\"lazy\" decoding=\"async\" width=\"332\" height=\"487\" src=\"https:\/\/neocatechumenaleiter.org\/wp-content\/uploads\/2020\/03\/Camino_Neocatecumenal_Eucaristia_envio_familias_mision_porto_san_giorgio_1988_5.jpg\" alt=\"\" class=\"wp-image-7654\" srcset=\"https:\/\/neocatechumenaleiter.org\/wp-content\/uploads\/2020\/03\/Camino_Neocatecumenal_Eucaristia_envio_familias_mision_porto_san_giorgio_1988_5.jpg 332w, https:\/\/neocatechumenaleiter.org\/wp-content\/uploads\/2020\/03\/Camino_Neocatecumenal_Eucaristia_envio_familias_mision_porto_san_giorgio_1988_5-205x300.jpg 205w\" sizes=\"auto, (max-width: 332px) 100vw, 332px\" \/><\/figure><\/div>\n\n<p>Vi ste zajedni\u0161tvo osoba, vi ste jedinstvo. Vi ste jedinstvo i ne mo\u017eete ne biti jedinstvo. Ako niste jedinstvo, niste ni zajedni\u0161tvo, ako ste zajedni\u0161tvo onda ste i jedinstvo. U ovom naprednom, bogatom, rasko\u0161nom svijetu ima mnogo obitelji koje gube svoje jedinstvo, gube zajedni\u0161tvo, gube korijenje. Evo, vi ste itineranti da nosite svjedo\u010danstvo ovih korijenja; to je va\u0161a kateheza, to je va\u0161e neokatekumensko svjedo\u010denje: tako se govori o dono\u0161enju plodova svetog kr\u0161tenja. Dobro znamo da sakrament \u017eenidbe, obitelji, sve to raste u sakramentu kr\u0161tenja, od njegova bogatstva. <\/p>\n\n<p>Rasti iz kr\u0161tenja zna\u010di rasti iz vazmenog Kristova Otajstva, kroz sakrament vode i Duha Svetoga uronjeni smo u ovo vazmeno Kristovo Otajstvo a \u0161to je njegova smrt i njegovo uskrsnu\u0107e. Uronjeni smo da bismo na\u0161li puninu \u017eivota,  i ovu puninu osobe, ali u isto vrijeme, u dimenziji obitelji \u2013 zajedni\u0161tvu osoba \u2013 da ponesemo, da s ovom novinom \u017eivota nadahnemo razne sredine, dru\u0161tva, narode, kulture, dru\u0161tveni \u017eivot, ekonomski \u017eivot\u2026 Sve je to za obitelj. Vi morate po\u0107i po cijelom svijetu da svima ponavljate da je to \u201eza obitelj\u201c, a ne na ra\u010dun obitelji. Da, va\u0161 program mora biti posve an\u0111eoski, hrabar, hrabar u svjedo\u010denju, hrabar u pitanju, u pitanju pred svima, nadasve pred na\u0161om bra\u0107om, pred ljudskim osobama, pred na\u0161im sestrama, svim ovim obiteljima, svim ovim bra\u010dnim parovima, svim ovim pokoljenjima. Ali i pred drugima. S ovim velikim svjedo\u010denjem \u2013 obitelj u poslanju kao slika Presvetog Trojstva u poslanju \u2013 mora se prenositi dalje i program, rekao bih, dru\u0161tveno-politi\u010dki, dru\u0161tveno ekonomski. Obitelj je uvu\u010dena u sve to i mo\u017ee biti potpomognuta, no\u0161ena naprijed, povla\u0161tena ili mo\u017ee biti uni\u0161tena.&#013;\nMorate sa svim svojim molitvama, svojim svjedo\u010denjem, svojom snagom morate pomo\u0107i obitelji, morate ju za\u0161tititi protiv svakog uni\u0161tenja. Ako nema druge dimenzije u kojoj se \u010dovjek mo\u017ee izraziti kao osoba, kao \u017eivot, kao ljubav, mora se re\u0107i tako\u0111er da nema drugog mjesta, druge sredine u kojoj \u010dovjek mo\u017ee biti vi\u0161e uni\u0161ten. Danas se \u010dini mnogo toga da se normaliziraju ta uni\u0161tenja, da se ozakone ta uni\u0161tenja: uni\u0161tenja duboka, duboke rane \u010dovje\u010danstva. \u010cini se mnogo da se to sistematizira i ozakoni. U tom smislu govori se: \u201eza\u0161tititi\u201c. Ali obitelj se ne mo\u017ee istinski za\u0161tititi ako se ne u\u0111e u korijenje, u duboke stvarnosti, u njezinu intimnu narav. A ta njezina intimna narav jest zajedni\u0161tvo osoba na sliku i priliku bo\u017eanskog zajedni\u0161tva. Obitelj u poslanju, Trojstvo u poslanju.&#013;\nPredragi, ne \u017eelim nastaviti, ne \u017eelim duljiti. Ostavljam vam ova razmi\u0161ljanja koja mi tako spontano dolaze. <\/p>\n\n<p>Danas je dan u kojem nam mora nadasve govoriti Sveta Obitelj, a ovo je moja ponizna molitva: da ova sveta Nazaretska Obitelj preko na\u0161eg zbora, preko na\u0161ih pjesama, preko na\u0161ih molitava i preko ove moje rije\u010di govori svima vama.<\/p>\n\n<p><strong><em>Am\u00e9n.<\/em> <\/strong><\/p>\n\n<div class=\"wp-block-image\"><figure class=\"aligncenter size-large\"><img loading=\"lazy\" decoding=\"async\" width=\"710\" height=\"512\" src=\"https:\/\/neocatechumenaleiter.org\/wp-content\/uploads\/2020\/03\/Camino_Neocatecumenal_Eucaristia_envio_familias_mision_porto_san_giorgio_1988_6.jpg\" alt=\"\" class=\"wp-image-7656\" srcset=\"https:\/\/neocatechumenaleiter.org\/wp-content\/uploads\/2020\/03\/Camino_Neocatecumenal_Eucaristia_envio_familias_mision_porto_san_giorgio_1988_6.jpg 710w, https:\/\/neocatechumenaleiter.org\/wp-content\/uploads\/2020\/03\/Camino_Neocatecumenal_Eucaristia_envio_familias_mision_porto_san_giorgio_1988_6-300x216.jpg 300w\" sizes=\"auto, (max-width: 710px) 100vw, 710px\" \/><\/figure><\/div>\n","protected":false},"excerpt":{"rendered":"<p>Euharistija i slanje Obitelji za \u201eNovu Evangelizaciju\u201c 30-12-1988 Sv. Ivan Pavao II. Blagdan Sv. Obitelji (Porto S. Giorgio), 30. prosinca 1988. Poslanje Istine, Ljubavi I \u017divota \u201eSa svim va\u0161im molitvama, va\u0161im svjedo\u010danstvom, sa snagom koju imate, trebate pomo\u0107i obitelji, trebate je za\u0161tititi od svakog razaranja\u201c \u2013 rekao je Ivan Pavao II. obra\u0107aju\u0107i se neokatekumenskim obiteljima koje se spremaju za poslanja i koje su dana\u0161njeg kasnog jutra, u petak, 30. prosinca<\/p>\n<div class=\"read-more\"><a class=\"btn read-more-btn\" href=\"https:\/\/neocatechumenaleiter.org\/hr\/rijeci-papa\/sv-ivan-pavao-ii\/euharistija-i-slanje-obitelji-za-novu-evangelizaciju-30-12-1988\/\">Nastavi \u010ditati<\/a><\/div>\n","protected":false},"author":2,"featured_media":0,"parent":9680,"menu_order":55,"comment_status":"closed","ping_status":"closed","template":"","meta":{"footnotes":""},"class_list":["post-15989","page","type-page","status-publish","hentry"],"_links":{"self":[{"href":"https:\/\/neocatechumenaleiter.org\/hr\/wp-json\/wp\/v2\/pages\/15989","targetHints":{"allow":["GET"]}}],"collection":[{"href":"https:\/\/neocatechumenaleiter.org\/hr\/wp-json\/wp\/v2\/pages"}],"about":[{"href":"https:\/\/neocatechumenaleiter.org\/hr\/wp-json\/wp\/v2\/types\/page"}],"author":[{"embeddable":true,"href":"https:\/\/neocatechumenaleiter.org\/hr\/wp-json\/wp\/v2\/users\/2"}],"replies":[{"embeddable":true,"href":"https:\/\/neocatechumenaleiter.org\/hr\/wp-json\/wp\/v2\/comments?post=15989"}],"version-history":[{"count":3,"href":"https:\/\/neocatechumenaleiter.org\/hr\/wp-json\/wp\/v2\/pages\/15989\/revisions"}],"predecessor-version":[{"id":17088,"href":"https:\/\/neocatechumenaleiter.org\/hr\/wp-json\/wp\/v2\/pages\/15989\/revisions\/17088"}],"up":[{"embeddable":true,"href":"https:\/\/neocatechumenaleiter.org\/hr\/wp-json\/wp\/v2\/pages\/9680"}],"wp:attachment":[{"href":"https:\/\/neocatechumenaleiter.org\/hr\/wp-json\/wp\/v2\/media?parent=15989"}],"curies":[{"name":"wp","href":"https:\/\/api.w.org\/{rel}","templated":true}]}}