{"id":15991,"date":"2020-06-17T10:25:35","date_gmt":"2020-06-17T09:25:35","guid":{"rendered":"https:\/\/neocatechumenaleiter.org\/rijeci-papa\/sv-ivan-pavao-ii\/pohod-zupi-svetog-ciprijana-22-1-1989\/"},"modified":"2020-09-02T13:26:22","modified_gmt":"2020-09-02T12:26:22","slug":"pohod-zupi-svetog-ciprijana-22-1-1989","status":"publish","type":"page","link":"https:\/\/neocatechumenaleiter.org\/hr\/rijeci-papa\/sv-ivan-pavao-ii\/pohod-zupi-svetog-ciprijana-22-1-1989\/","title":{"rendered":"Pohod \u017eupi svetog Ciprijana 22-1-1989"},"content":{"rendered":"\n<h1 class=\"has-text-align-center wp-block-heading\">Pohod \u017eupi svetog Ciprijana 22-1-1989<\/h1>\n\n<div style=\"height:20px\" aria-hidden=\"true\" class=\"wp-block-spacer\"><\/div>\n\n<h4 class=\"has-text-align-center wp-block-heading\">Sv. Ivan Pavao II.<\/h4>\n\n<div style=\"height:20px\" aria-hidden=\"true\" class=\"wp-block-spacer\"><\/div>\n\n<p><strong>Rim, 22. sije\u010dnja 1989.<\/strong><\/p>\n\n<p><em>Neokatekumenski Put, otvoren g. 1981., najja\u010de je religiozno iskustvo izme\u0111u svih \u0161to se trenutno razvijaju u \u017eupi sv. Ciprijana. \u010clanovima pet zajednica, s oko sto i pedeset bra\u0107e i sestara, papa je posvetio zadnji susret intenzivnog pohoda. <\/em>\u201eSveti o\u010de, poslije ove va\u0161e mise, po\u010det \u0107emo u ovoj \u017eupi s novim katehezama -najavio je Klaudije, koji je uveo Put u \u017eupu sv. Ciprijana-.<\/p>\n\n<div class=\"wp-block-image\"><figure class=\"alignright size-medium\"><img loading=\"lazy\" decoding=\"async\" width=\"300\" height=\"247\" src=\"https:\/\/neocatechumenaleiter.org\/wp-content\/uploads\/2020\/03\/Camino_Neocatecumenal_Juan_Pablo_II_visita_parroquia_San_Cipriano_1989-300x247.jpg\" alt=\"\" class=\"wp-image-2209\" srcset=\"https:\/\/neocatechumenaleiter.org\/wp-content\/uploads\/2020\/03\/Camino_Neocatecumenal_Juan_Pablo_II_visita_parroquia_San_Cipriano_1989-300x247.jpg 300w, https:\/\/neocatechumenaleiter.org\/wp-content\/uploads\/2020\/03\/Camino_Neocatecumenal_Juan_Pablo_II_visita_parroquia_San_Cipriano_1989.jpg 692w\" sizes=\"auto, (max-width: 300px) 100vw, 300px\" \/><\/figure><\/div>\n\n<p>Nadamo se da \u0107e dolazak Petra me\u0111u nas pokrenuti mnoge ljude da za\u017eele upoznati Isusa Krista. Kako je, Sveti o\u010de, re\u010deno na ovom proglasu, mi smo bili slijepi, sakati, udaljeni. Ja sam se bio udaljio od Crkve, a u toj Crkvi upoznali smo, kako ka\u017ee dana\u0161nja Rije\u010d, slobodu svih zarobljenih od tjeskobe, od straha, od smrti. Bili smo tako slijepi, da nismo vidjeli ljubav Bo\u017eju u na\u0161em \u017eivotu. Zahvaljujemo Petru \u0161to je danas do\u0161ao da nas utvrdi na na\u0161em putu\u201c. <\/p>\n\n<p>Napeto i dirljivo je bilo i svjedo\u010danstvo \u017eupnika, monsinjora Pieraccinija.&#013;\n\u201eJa sam ovaj Put po\u010deo 1971., dok sam bio u \u017eupi sv. Eugena, -rekao je-. Bio je to moment te\u0161ke krize, jer sam se smatrao veoma dobrim sve\u0107enikom, veoma inteligentnim i uspje\u0161nim. A bio sam ohol, bio sam umi\u0161ljen; sada to jasno vidim, ali onda sam bio zaslijepljen. Na\u0161ao sam se u situaciji te\u0161ke krize i te\u0161ke depresije.<\/p>\n\n<p>I do\u0161ao je ovaj Put, ovaj pokret, ove kateheze, sve je to do\u0161lo da u meni razbudi predanje Bogu, vjeru da me Bog ljubi, ovakva kakav jesam. Usprkos mojim slabostima i mojim grijesima, ova mi je ljubav otvorila o\u010di i dala mi da vidim znakove Bo\u017eje ljubavi za mene. To je po\u010delo mijenjati moj \u017eivot, davati mi mir. Zatim sam morao napustiti onu \u017eupu i do\u0107i ovamo. Na\u0161ao sam ve\u0107u \u017eupu, kao zreo, a i ve\u0107 star; ali ovo \u0161to ovdje radim, za mene je iz dana u dan radost, veselje. &#013;\nMoram re\u0107i da se na ovom Putu zaista otkriva radost: biti sa Gospodinom. Kroz ovo vrijeme vidio sam jo\u0161 ne\u0161to: kako ovaj na\u010din propovijedanja Evan\u0111elja zahva\u0107a udaljene i pribli\u017eava ih Bogu\u201c. <\/p>\n\n<p>Duboko dirnut ovim svjedo\u010denjem, Sveti otac je zajednici uputio slijede\u0107e rije\u010di:&#013;\n&#013;\nUvijek mi se vra\u0107a u pamet rije\u010d koju sam kao rije\u010d \u017eivota unio u Marijansku godinu i u encikliku Redemptoris Mater. To je rije\u010d upu\u0107ena Mariji: \u201eBla\u017eena si, jer si vjerovala Gospodinu\u201c, i ponavljam je jer je, sigurno, u sredi\u0161tu Marijina puta. Na ovoj sam rije\u010di gradio cijelu Marijansku encikliku. Tako utemeljena i gra\u0111ena mo\u017ee poslu\u017eiti Crkvi, ali i odijeljenoj bra\u0107i, jer Marija pred svima nama hoda putom vjere.&#013;\n&#013;\nKada vas susretnem, uvijek do\u017eivim \u010das iznena\u0111enja, jer mnogi od vas ka\u017eu da dolaze s druge obale, gdje nema vjere, gdje se ne \u017eivi kr\u0161\u0107anski, gdje se \u010dak i nije\u010de Boga, gdje se tra\u017ei drugi program \u017eivljenja, osobnoga i dru\u0161tvenoga. I onda su na\u0161li ovaj Put.<\/p>\n\n<div class=\"wp-block-image\"><figure class=\"alignleft size-medium\"><img loading=\"lazy\" decoding=\"async\" width=\"300\" height=\"247\" src=\"https:\/\/neocatechumenaleiter.org\/wp-content\/uploads\/2020\/03\/Camino_Neocatecumenal_Juan_Pablo_II_visita_parroquia_San_Cipriano_1989_2-300x247.jpg\" alt=\"\" class=\"wp-image-2216\" srcset=\"https:\/\/neocatechumenaleiter.org\/wp-content\/uploads\/2020\/03\/Camino_Neocatecumenal_Juan_Pablo_II_visita_parroquia_San_Cipriano_1989_2-300x247.jpg 300w, https:\/\/neocatechumenaleiter.org\/wp-content\/uploads\/2020\/03\/Camino_Neocatecumenal_Juan_Pablo_II_visita_parroquia_San_Cipriano_1989_2.jpg 688w\" sizes=\"auto, (max-width: 300px) 100vw, 300px\" \/><\/figure><\/div>\n\n<p>Oni su po\u0161li ovim Putom i govore: <em>\u201eNa\u0161li smo radost, na\u0161li smo mir\u201c<\/em>. Predragi, vi, u biti, hodate unutar ove \u017eupe. Hodate suvremeni svijetom, ovim dana\u0161njim svijetom, bogatim i nadutim, naprednim i sigurnim u sama sebe zbog svojih istra\u017eivanja i svojih pronalazaka. Vi hodite ovim svijetom, koji u isto vrijeme mu\u010dno hodi. Mislim da je osobita karizma ovoga pokreta, ovoga Puta, upravo to da hodite zajedno sa na\u0161im suvremenicima, s ljudima istodobno bogatima i siroma\u0161nima: i\u0107i me\u0111u njih i donijeti im svjedo\u010danstvo o jednom drugom putu, o drugom \u017eivotu, o drugom gledanju u budu\u0107nost. Ovo je Marijin put, put vjere. Vi, zajedno s Njom, hodite istim putom.<\/p>\n\n<p>Uvijek imajte na pameti da vi tako hodite s Marijom, koja hodi sa svima, jer svima je Majka: s Crkvom, s kr\u0161\u0107anskim svijetom, s kr\u0161\u0107anima koji te\u0161ko nalaze svoje jedinstvo u svijetu podijeljenom izme\u0111u Zapada i Istoka, Sjevera i Juga, bogatih i siroma\u0161nih. Va\u0161a je karizma ona Marijina: hoditi u vjeri i u vjeri nositi svjedo\u010danstvo svima, svjedo\u010danstvo druge mogu\u0107nosti, drugog samoostvarenja. \u010covjek se \u017eeli ostvariti, ali ne uspijeva. Tom se svijetu mora dati svjedo\u010danstvo o ostvarenju koje je Marija na\u0161la u Kristu. On je istinsko samoostvarenje \u010dovjeka. Jer On ka\u017ee: <em>\u201eJa sam Put, Istina, \u017divot\u201c<\/em>.<\/p>\n\n<p>\u017delim vam da ustrajete u ovoj \u017eupi, u ovom pozivu i na ovom Putu.<\/p>\n","protected":false},"excerpt":{"rendered":"<p>Pohod \u017eupi svetog Ciprijana 22-1-1989 Sv. Ivan Pavao II. Rim, 22. sije\u010dnja 1989. Neokatekumenski Put, otvoren g. 1981., najja\u010de je religiozno iskustvo izme\u0111u svih \u0161to se trenutno razvijaju u \u017eupi sv. Ciprijana. \u010clanovima pet zajednica, s oko sto i pedeset bra\u0107e i sestara, papa je posvetio zadnji susret intenzivnog pohoda. \u201eSveti o\u010de, poslije ove va\u0161e mise, po\u010det \u0107emo u ovoj \u017eupi s novim katehezama -najavio je Klaudije, koji je uveo<\/p>\n<div class=\"read-more\"><a class=\"btn read-more-btn\" href=\"https:\/\/neocatechumenaleiter.org\/hr\/rijeci-papa\/sv-ivan-pavao-ii\/pohod-zupi-svetog-ciprijana-22-1-1989\/\">Nastavi \u010ditati<\/a><\/div>\n","protected":false},"author":2,"featured_media":0,"parent":9680,"menu_order":56,"comment_status":"closed","ping_status":"closed","template":"","meta":{"footnotes":""},"class_list":["post-15991","page","type-page","status-publish","hentry"],"_links":{"self":[{"href":"https:\/\/neocatechumenaleiter.org\/hr\/wp-json\/wp\/v2\/pages\/15991","targetHints":{"allow":["GET"]}}],"collection":[{"href":"https:\/\/neocatechumenaleiter.org\/hr\/wp-json\/wp\/v2\/pages"}],"about":[{"href":"https:\/\/neocatechumenaleiter.org\/hr\/wp-json\/wp\/v2\/types\/page"}],"author":[{"embeddable":true,"href":"https:\/\/neocatechumenaleiter.org\/hr\/wp-json\/wp\/v2\/users\/2"}],"replies":[{"embeddable":true,"href":"https:\/\/neocatechumenaleiter.org\/hr\/wp-json\/wp\/v2\/comments?post=15991"}],"version-history":[{"count":7,"href":"https:\/\/neocatechumenaleiter.org\/hr\/wp-json\/wp\/v2\/pages\/15991\/revisions"}],"predecessor-version":[{"id":17086,"href":"https:\/\/neocatechumenaleiter.org\/hr\/wp-json\/wp\/v2\/pages\/15991\/revisions\/17086"}],"up":[{"embeddable":true,"href":"https:\/\/neocatechumenaleiter.org\/hr\/wp-json\/wp\/v2\/pages\/9680"}],"wp:attachment":[{"href":"https:\/\/neocatechumenaleiter.org\/hr\/wp-json\/wp\/v2\/media?parent=15991"}],"curies":[{"name":"wp","href":"https:\/\/api.w.org\/{rel}","templated":true}]}}