{"id":15997,"date":"2020-06-17T11:21:33","date_gmt":"2020-06-17T10:21:33","guid":{"rendered":"https:\/\/neocatechumenaleiter.org\/rijeci-papa\/sv-ivan-pavao-ii\/pohod-zupi-sv-remigija-u-colleverde-9-6-1990\/"},"modified":"2020-10-02T13:05:55","modified_gmt":"2020-10-02T12:05:55","slug":"pohod-zupi-sv-remigija-u-colleverde-9-6-1990","status":"publish","type":"page","link":"https:\/\/neocatechumenaleiter.org\/hr\/rijeci-papa\/sv-ivan-pavao-ii\/pohod-zupi-sv-remigija-u-colleverde-9-6-1990\/","title":{"rendered":"Pohod \u017eupi sv. Remigija u Colleverde 9-6-1990"},"content":{"rendered":"\n<h1 class=\"has-text-align-center wp-block-heading\">Pohod \u017eupi sv. Remigija u Colleverde 9-6-1990<\/h1>\n\n<div style=\"height:20px\" aria-hidden=\"true\" class=\"wp-block-spacer\"><\/div>\n\n<h4 class=\"has-text-align-center wp-block-heading\">Sv. Ivan Pavao II.<\/h4>\n\n<div style=\"height:20px\" aria-hidden=\"true\" class=\"wp-block-spacer\"><\/div>\n\n<p><p><strong>Rim, 9. lipnja 1990.<\/strong> (*)<\/p><\/p>\n\n<p><p><em>U \u017eupnom kazali\u0161tu okupile su se Neokatekumenske zajednice uobi\u010dajenim zborom svoje mnogobrojne djece. Nije nedostajalo pjesama, niti \u201enapada\u201c djece na Svetoga Oca koji je &#8211; kao i uvijek &#8211; pokazao veliku naklonost prema mali\u0161anima. Massimo, katehist \u017eupe, predstavio je Svetom Ocu stvarnost neokatekumenske zajednice u \u017eupi.<\/em><\/p><\/p>\n\n<div class=\"wp-block-image\"><figure class=\"alignleft size-large\"><img loading=\"lazy\" decoding=\"async\" width=\"693\" height=\"560\" src=\"https:\/\/neocatechumenaleiter.org\/wp-content\/uploads\/2020\/03\/Camino_Neocatecumenal_Juan_Pablo_II_visita_parroquia_San_Remigio_1990.jpg\" alt=\"\" class=\"wp-image-8752\" srcset=\"https:\/\/neocatechumenaleiter.org\/wp-content\/uploads\/2020\/03\/Camino_Neocatecumenal_Juan_Pablo_II_visita_parroquia_San_Remigio_1990.jpg 693w, https:\/\/neocatechumenaleiter.org\/wp-content\/uploads\/2020\/03\/Camino_Neocatecumenal_Juan_Pablo_II_visita_parroquia_San_Remigio_1990-300x242.jpg 300w\" sizes=\"auto, (max-width: 693px) 100vw, 693px\" \/><\/figure><\/div>\n\n<p><p><em>Sveti Otac je odgovorio ovako:<\/em><\/p><\/p>\n\n<p>&#8230;Kr\u0161tenje, kako se danas podjeljuje djeci, jest iskustvo koje se ti\u010de prije svega obitelji, ali za \u017eivljenje ovog iskustva valja se vratiti natrag. Neokatekumenske zajednice upravo ovaj povratak promi\u010du. &#013;\nSvakome ka\u017eu: \u201eTi si kr\u0161\u0107anin, treba\u0161 se vratiti svom kr\u0161tenju, treba\u0161 se jo\u0161 jednom spremiti za kr\u0161tenje koje si primio. Mora\u0161 postati katekumen, i s ovim katekumenatom treba\u0161 do\u0107i do onog iskustva kr\u0161tenja kakvo su imali prvi kr\u0161\u0107ani, kakvo je imao sv. Pavao\u201c. &#013;\nDivne su rije\u010di svetog Pavla o kr\u0161tenju. Kr\u0161\u0107ansko iskustvo je prije svega iskustvo kr\u0161tenja, ono nas vodi k svim sakramentima, ali nadasve k Euharistiji. <\/p>\n\n<p>Euharistija je sakramenat koji se u praksi kr\u0161\u0107anskog \u017eivota najvi\u0161e pro\u017eivljava, a iskustveno se \u017eivi tako\u0111er sa djecom koja se spremaju za prvu pri\u010dest. Postoji spremanje, postoji produbljivanje, osje\u0107a se \u0161to pod prilikama kruha i vina zna\u010di Euharistija, \u0161to nam je Krist ostavio kao Euharistiju: samoga sebe kao dar, kao hranu. Zasigurno, kr\u0161\u0107ansko je iskustvo nadasve euharistijsko iskustvo, a ako ono po\u010dinje sa iskustvom kr\u0161tenja, onda nas ono vodi k iskustvu Euharistije. <\/p>\n\n<p><p>&#8230;Iskustvo je potrebno. Sakramente mo\u017eemo primati a da iskustvo ne pro\u017eivljavamo, da ne ulazimo u dubinu otajstva koje se slavi. Potrebno je ovo iskustvo, ovaj iskustveni vid kr\u0161\u0107anskog \u017eivota, i vrlo sam zahvalan svim pokretima koji \u010dine da raste i izobiluje kr\u0161\u0107ansko iskustvo i razni vidovi kr\u0161\u0107anskog \u017eivota svakog kr\u0161tenoga, koji vode prema dubini kr\u0161\u0107anskog \u017eivota. Tako se \u010dovjek sve vi\u0161e otvara Bogu, razumije razmjere nerazmjere, razumije \u0161to je to radikalno obra\u0107enje, razumije \u0161to je to grijeh, \u0161to zna\u010di opravdanje po milosti, \u0161to zna\u010di dubina Bo\u017ejega milosr\u0111a, ljubavi, Trojstva, dara Bo\u017ejega. Kroz sva ova iskustva temeljena na sakramentima, uvijek se dolazi do iskustva molitve. Ali i molitva mo\u017ee biti obredna, li\u0161ena dubokog iskustva, povr\u0161na, koja ostaje na povr\u0161ini na\u0161ih misli, na\u0161ih obaveza, na\u0161e osobnosti. Ali ulaze\u0107i dublje u molitveno zajedni\u0161tvo s Bogom, sama molitva postaje obilnija, ne\u0161to blistavo, neobi\u010dno. Na\u0161e molitve moramo stalno produbljivati, moramo ih pro\u017eivljavati, iskusiti ih, ina\u010de bi moglo biti eliminirano ono \u0161to molitva jest, \u0161to mora biti, \u0161to nam Bog po njoj nudi.<\/p><\/p>\n\n<p>Zahvaljujem Bogu \u0161to u va\u0161oj \u017eupi ima takvih iskustava koja promi\u010du ono \u0161to je bitno za \u017eivot \u017eupe, jer \u017eupa nije samo administrativna struktura, nego je \u017eivot, sudjelovanje u Bo\u017ejem \u017eivotu, sudjelovanje u \u017eivotu Trojstva, po Kristu i u Duhu Svetomu.<\/p>\n\n<p><p><em>(*) Usp. <\/em><em>\u00bb<\/em><em>L\u2019Osservatore Romano<\/em><em>\u00ab<\/em><em>, 15.-16. lipnja 1990.<\/em><\/p><\/p>\n","protected":false},"excerpt":{"rendered":"<p>Pohod \u017eupi sv. Remigija u Colleverde 9-6-1990 Sv. Ivan Pavao II. Rim, 9. lipnja 1990. (*) U \u017eupnom kazali\u0161tu okupile su se Neokatekumenske zajednice uobi\u010dajenim zborom svoje mnogobrojne djece. Nije nedostajalo pjesama, niti \u201enapada\u201c djece na Svetoga Oca koji je &#8211; kao i uvijek &#8211; pokazao veliku naklonost prema mali\u0161anima. Massimo, katehist \u017eupe, predstavio je Svetom Ocu stvarnost neokatekumenske zajednice u \u017eupi. Sveti Otac je odgovorio ovako: &#8230;Kr\u0161tenje, kako se<\/p>\n<div class=\"read-more\"><a class=\"btn read-more-btn\" href=\"https:\/\/neocatechumenaleiter.org\/hr\/rijeci-papa\/sv-ivan-pavao-ii\/pohod-zupi-sv-remigija-u-colleverde-9-6-1990\/\">Nastavi \u010ditati<\/a><\/div>\n","protected":false},"author":2,"featured_media":0,"parent":9680,"menu_order":61,"comment_status":"closed","ping_status":"closed","template":"","meta":{"footnotes":""},"class_list":["post-15997","page","type-page","status-publish","hentry"],"_links":{"self":[{"href":"https:\/\/neocatechumenaleiter.org\/hr\/wp-json\/wp\/v2\/pages\/15997","targetHints":{"allow":["GET"]}}],"collection":[{"href":"https:\/\/neocatechumenaleiter.org\/hr\/wp-json\/wp\/v2\/pages"}],"about":[{"href":"https:\/\/neocatechumenaleiter.org\/hr\/wp-json\/wp\/v2\/types\/page"}],"author":[{"embeddable":true,"href":"https:\/\/neocatechumenaleiter.org\/hr\/wp-json\/wp\/v2\/users\/2"}],"replies":[{"embeddable":true,"href":"https:\/\/neocatechumenaleiter.org\/hr\/wp-json\/wp\/v2\/comments?post=15997"}],"version-history":[{"count":5,"href":"https:\/\/neocatechumenaleiter.org\/hr\/wp-json\/wp\/v2\/pages\/15997\/revisions"}],"predecessor-version":[{"id":18083,"href":"https:\/\/neocatechumenaleiter.org\/hr\/wp-json\/wp\/v2\/pages\/15997\/revisions\/18083"}],"up":[{"embeddable":true,"href":"https:\/\/neocatechumenaleiter.org\/hr\/wp-json\/wp\/v2\/pages\/9680"}],"wp:attachment":[{"href":"https:\/\/neocatechumenaleiter.org\/hr\/wp-json\/wp\/v2\/media?parent=15997"}],"curies":[{"name":"wp","href":"https:\/\/api.w.org\/{rel}","templated":true}]}}