{"id":16037,"date":"2020-06-18T10:24:34","date_gmt":"2020-06-18T09:24:34","guid":{"rendered":"https:\/\/neocatechumenaleiter.org\/rijeci-papa\/sv-ivan-pavao-ii\/audijencija-slanje-stotinu-obitelji-za-novu-evangelizaciju-3-1-1991\/"},"modified":"2020-10-02T13:05:20","modified_gmt":"2020-10-02T12:05:20","slug":"audijencija-slanje-stotinu-obitelji-za-novu-evangelizaciju-3-1-1991","status":"publish","type":"page","link":"https:\/\/neocatechumenaleiter.org\/hr\/rijeci-papa\/sv-ivan-pavao-ii\/audijencija-slanje-stotinu-obitelji-za-novu-evangelizaciju-3-1-1991\/","title":{"rendered":"Audijencija slanje stotinu obitelji za \u201eNovu Evangelizaciju\u201c 3-1-1991"},"content":{"rendered":"\n<h1 class=\"has-text-align-center wp-block-heading\">Audijencija slanje stotinu obitelji za \u201eNovu Evangelizaciju\u201c 3-1-1991<\/h1>\n\n<div style=\"height:20px\" aria-hidden=\"true\" class=\"wp-block-spacer\"><\/div>\n\n<h4 class=\"has-text-align-center wp-block-heading\">Sv. Ivan Pavao II.<\/h4>\n\n<div style=\"height:20px\" aria-hidden=\"true\" class=\"wp-block-spacer\"><\/div>\n\n<p><p><strong>Rim, 3. sije\u010dnja 1991. (*)<\/strong><\/p><\/p>\n\n<div class=\"wp-block-image\"><figure class=\"alignright size-medium\"><img loading=\"lazy\" decoding=\"async\" width=\"300\" height=\"252\" src=\"https:\/\/neocatechumenaleiter.org\/wp-content\/uploads\/2020\/03\/Camino_Neocatecumenal_Juan_Pablo_II_audiencia_envio_cien_familias_en_mision_1991-300x252.jpg\" alt=\"\" class=\"wp-image-8757\" srcset=\"https:\/\/neocatechumenaleiter.org\/wp-content\/uploads\/2020\/03\/Camino_Neocatecumenal_Juan_Pablo_II_audiencia_envio_cien_familias_en_mision_1991-300x252.jpg 300w, https:\/\/neocatechumenaleiter.org\/wp-content\/uploads\/2020\/03\/Camino_Neocatecumenal_Juan_Pablo_II_audiencia_envio_cien_familias_en_mision_1991.jpg 365w\" sizes=\"auto, (max-width: 300px) 100vw, 300px\" \/><\/figure><\/div>\n\n<p><p><strong>\u00bbNEKA OBITELJI NAVJE\u0160TAJU EVAN\u0110ELJE OBITELJIMA\u00ab <\/strong> <em>Za vrijeme audijencije Sveti Otac je poslao sto obitelji s Neokatekumenskog puta u 24 naroda na 5 kontinenata. Tako\u0111er je bilo prisutno sto deset obitelji ve\u0107 u poslanju i drugih tristo koje su spremne po\u0107i i sto dvadeset sjemeni\u0161taraca dijecezanskog sjemeni\u0161ta \u201eRedemptoris Mater\u201c i oko deset tisu\u0107a bra\u0107e iz zajednica.<\/em> <em>Predstavljanje: Kiko Arg\u00fcello<\/em><\/p><\/p>\n\n<p>Dragi pre\u010dasni O\u010de, upravo smo do\u0161li iz Porto San Giorgia, iz \u0161atora \u0161to ste ga vi pred dvije godine po\u010dastili i posvetili svojom nazo\u010dno\u0161\u0107u.&#013;\nTamo smo bili sedam dana spremaju\u0107i se duhovno za obra\u0107enje, ukupno tisu\u0107u i \u010detiri stotine bra\u0107e i sestara.<\/p>\n\n<p><p>Do\u0161le su obitelji koje su pred dvije godine bile poslane u najte\u017ee predjele u Latinskoj Americi (me\u0111u \u201epueblos jovenes\u201c, u barake Guayaquil u Ekvadoru, i tolike druge krajeve\u2026), a tako\u0111er i u predgra\u0111a europskih gradova kao Hamburg, u Nizozemskoj (Amsterdam), New York (Bronx). Zajedno svi skupa vidjeli smo malko njihovo iskustvo: svi su do\u0161li s o\u010dima punim svjetla, punim ljubavi i nje\u017enosti na\u0161ega Gospodina Isusa Krista, koji nam je uvijek bio bliz usred golemih te\u0161ko\u0107a i trpljenja. On nas je silno pomagao. Svi su odlu\u010dili da \u0107e se vratiti: pripovijedali su nam potresne doga\u0111aje, te kako ih je Bog isku\u0161avao i spremao za poslanje. U ovim godinama \u201eutjelovljivanja\u201c mnogi su se na\u0161li u zemljama bez poznavanja jezika, na primjer u Japanu, a to smo u\u010dinili namjerno zato jer mislimo da je bolje po\u0107i kao najzadnji (\u010dovjek koji ne zna jezik je siromah). To je zaista bilo vrlo djelotvorno; ljudi oko tih obitelji davali su im od svojih dobara, izlazili su im u susret, pomagali su ih i poslanje je bivalo lak\u0161e, \u010dine\u0107i nazo\u010dnim veliko otajstvo Nazaretske Obitelji. Na mnogo mjesta te su obitelji po\u010dele s katehezama, mogle su navije\u0161tati Isusa Krista, te su nastale male kr\u0161\u0107anske zajednice, i to od pogana; \u010dak i u Kini, na Tajvanu, u jednom potpuno poganskom selu, ro\u0111ena je mala zajednica od jedanaest osoba s \u010detiri katekumena.<\/p><\/p>\n\n<p><p>Sad imamo vrlo mnogo poziva od mnogih biskupa; i biskupi koji su (prije) tra\u017eili obitelji, nakon dvije ili tri godine (neke od obitelji su ve\u0107 \u010detiri godine u poslanju) vidjeli su plodove, osobito u Latinskoj Americi nasuprot \u201esektama\u201c.<\/p><\/p>\n\n<p>Te su obitelji po\u0161le u podru\u010dja gdje nema \u017eupa, gdje nema crkava zbog pomanjkanja klera, a oni su imali mnoge plodove i biskupi zahtjevaju jo\u0161: imamo mnogo poziva, tako da smo morali u\u010diniti mali izbor. Stoga smo pozvali prve zajednice u \u0160panjolskoj kojih su obitelji ve\u0107 imale dovoljnu pripremu sa vi\u0161e od \u010detrnaest godina Puta. Ponudile su se mnoge obitelji \u2013 to je ne\u0161to iznena\u0111uju\u0107e \u2013 spremne po\u0107i sa svojom djecom onamo kamo Crkva smatra da je potrebno;  one su spremne po\u0107i tamo gdje je obitelj razorena, da budu stvarna nazo\u010dnost kr\u0161\u0107anske obitelji; tako da smo ostali iznena\u0111eni takvom velikodu\u0161no\u0161\u0107u, takvim \u017earom \u0161to ga imaju u sebi znaju\u0107i da idu, mnogi od njih, u mu\u010deni\u0161tvo, idu u situaciju s velikim pote\u0161ko\u0107ama. Ponudilo se \u010detiri stotine obitelji; sastali smo se zajedno s onima koji su ve\u0107 bili u poslanju i s drugim itinerantima. Sveukupno bilo nas je tisu\u0107u.<\/p>\n\n<div class=\"wp-block-image\"><figure class=\"alignleft size-medium\"><img loading=\"lazy\" decoding=\"async\" width=\"255\" height=\"300\" src=\"https:\/\/neocatechumenaleiter.org\/wp-content\/uploads\/2020\/03\/Camino_Neocatecumenal_Juan_Pablo_II_audiencia_envio_cien_familias_en_mision_1991_2-255x300.jpg\" alt=\"\" class=\"wp-image-8758\" srcset=\"https:\/\/neocatechumenaleiter.org\/wp-content\/uploads\/2020\/03\/Camino_Neocatecumenal_Juan_Pablo_II_audiencia_envio_cien_familias_en_mision_1991_2-255x300.jpg 255w, https:\/\/neocatechumenaleiter.org\/wp-content\/uploads\/2020\/03\/Camino_Neocatecumenal_Juan_Pablo_II_audiencia_envio_cien_familias_en_mision_1991_2.jpg 569w\" sizes=\"auto, (max-width: 255px) 100vw, 255px\" \/><\/figure><\/div>\n\n<p><p>Bili su nazo\u010dni i sjemeni\u0161tarci iz \u201eRedemptoris Mater\u201c u Rimu; za njih je to bila divna priprema \u2013 slu\u0161aju\u0107i te obitelji, pote\u0161ko\u0107e\u2026 Stoga sve do ju\u010der u no\u0107i, skoro do tri sata no\u0107as, bio je potreban cijeli ju\u010dera\u0161nji dan da se vidi, da se ocijeni svaka \u201emolba\u201c. Da bismo mogli poslati obitelji, tra\u017eili smo od svakog biskupa slu\u017ebeno pismo, pa da biskup preuzme odgovornost da im pomogne za ku\u0107u, itd.<\/p><\/p>\n\n<p><p>Na koncu smo izabrali jo\u0161 drugih sto obitelji; ovdje su bra\u0107a i sestre koji su ve\u0107 odre\u0111eni i spremni da otputuju. Otputovat \u0107e \u0161est obitelji za Rusiju, u Moskvu; \u010detiri u Bjelorusiju; dvije za Gruziju; dvije za Jugoslaviju; \u0161est novih obitelji za Njema\u010dku (da nastave \u010dudesno djelo obitelji koje djeluju u Nizozemskoj, tra\u017eene od biskupa); dvije za Englesku; dvije za Francusku; zatim su biskupi u Sjedinjenim Dr\u017eavama tra\u017eili devetnaest obitelji, osobito za predgra\u0111a, da bi se po\u010delo s pastoriziranjem \u201ecrnih\u201d, gdje se katoli\u010dka Crkva nalazi u pote\u0161ko\u0107ama: tako su, na primjer, uputili pozive, kardinal u Washingtonu, u Dallasu, San Antoniu, Texasu, itd. Zatim u Srednjoj Americi i u Latinskoj Americi, na primjer u \u010cileu, u Kolumbiji (dvije obitelji); jedna obitelj u Ekvadoru, u Venezueli dvije; tri u Meksiku. U Aziji: deset obitelji za Japan; za nacionalisti\u010dku Kinu jo\u0161 pet; za Afriku: Zambija \u010detiri; za Kamerun \u010detiri; zatim Etiopija; Obala Slonove Kosti, te Australija.<\/p><\/p>\n\n<p><p>Eto, sveukupno su sto i \u010detiri obitelji sa \u010detiri stotine djece; neka jako malena, neka malo ve\u0107a. Kad (te obitelji) imaju djecu od petnaest, sedamnaest godina, mi smo ih pitali za njihovo mi\u0161ljenje, da li su spremni pratiti svoje roditelje. Vidjeli smo golemu velikodu\u0161nost i kako ti mladi vole svoje roditelje\u2026 Dobro, s obzirom na poslanje \u010duli smo obitelji koje su se vratile: pripovijedali su nam da su njihova djeca bili prvi navjestitelji Evan\u0111elja (u Japanu, Kini, Nizozemskoj\u2026) u njihovim kolegijima, u \u0161kolama, bilo je predivno s majkama. Ovi su sinovi, k\u0107eri, recimo tako, \u0161iljak na koplju \u201eNove evangelizacije\u201c koja se provodi preko obitelji. I djeca daju svjedo\u010danstvo svojim malim prijateljima, dovode svoje prijatelje\u2026 Na primjer kod obitelji u Japanu ku\u0107e su uvijek pune japanske djece, prijatelja njihove djece; djeca ve\u0107 govore japanski, nau\u010de vrlo brzo. Preko djece obitelji su se upoznale s drugim japanskim obiteljima. To olak\u0161ava evangeliziranje obitelji koje nisu kr\u0161\u0107anske, sve su poganske; njih vrlo zanima, impresionira ih ovaj na\u010din \u201e\u017eivjeti obitelj\u201c, vidjeti obiteljski stol kao oltar, gdje otac prenosi, predaje vjeru djeci, te bra\u010dna postelja tako\u0111er kao oltar na kojemu se daje \u017eivot novoj djeci.<\/p><\/p>\n\n<div class=\"wp-block-image\"><figure class=\"alignleft size-medium\"><img loading=\"lazy\" decoding=\"async\" width=\"208\" height=\"300\" src=\"https:\/\/neocatechumenaleiter.org\/wp-content\/uploads\/2020\/03\/Camino_Neocatecumenal_Juan_Pablo_II_audiencia_envio_cien_familias_en_mision_1991_3-208x300.jpg\" alt=\"\" class=\"wp-image-8759\" srcset=\"https:\/\/neocatechumenaleiter.org\/wp-content\/uploads\/2020\/03\/Camino_Neocatecumenal_Juan_Pablo_II_audiencia_envio_cien_familias_en_mision_1991_3-208x300.jpg 208w, https:\/\/neocatechumenaleiter.org\/wp-content\/uploads\/2020\/03\/Camino_Neocatecumenal_Juan_Pablo_II_audiencia_envio_cien_familias_en_mision_1991_3.jpg 563w\" sizes=\"auto, (max-width: 208px) 100vw, 208px\" \/><\/figure><\/div>\n\n<p>Ukazuje se nova kultura, pa i jedna stvarnost duboka i divna, tako da smo ostali iznena\u0111eni. Eto, O\u010de, ne bih htio duljiti, \u017eelim samo re\u0107i da smo bili duboko dirnuti \u010dinjenicom da svi \u017eele po\u0107i: od ovih \u010detiri stotine obitelji samo ih stotina mo\u017ee otputovati, ali to \u017eele sve.&#013;\nJa sam im govorio: \u201eMa jeste li svjesni? Znate li da idete u najsiroma\u0161nija, prete\u0161ka podru\u010dja?\u201c Sve nas je ganuo \u017ear, \u017eelja za mu\u010deni\u0161tvom, nadnaravna sila koja je bila s nama\u2026<\/p>\n\n<p>Poslije pjevanog navje\u0161taja Evan\u0111elja po Marku, Sveti Otac se je nazo\u010dnima ovako obratio:<\/p>\n\n<p><p>Draga bra\u0107o i sestre! 1. U svjetlu Bo\u017ei\u0107a susreli smo Spasitelja; promatrali smo \u010dudesna djela \u0161to ih je Bog izveo; pozvani smo bili da primimo dar spasenja i da ga \u0161irimo me\u0111u na\u0161om bra\u0107om. Iz ovog misti\u010dnog zagrljaja s Utjelovljenom Rije\u010di, ra\u0111a se na\u0161a obveza da evangeliziramo. Obveza koja je danas tako hitna, jer pro\u017eivljavamo trenutke dubokih dru\u0161tvenih promjena. Nalazimo se naime kao u nekom obratu povijesti, usmjereni prema budu\u0107nosti nabijenoj o\u010dekivanjima i nadama, ali i ugro\u017eenoj od nemira i strahova koji zahva\u0107aju ljudsko bi\u0107e u njegovu najdubljem ustrojstvu. \u010covjek zaziva mir, vedrinu, tra\u017ei pomo\u0107 i solidarnost: treba ljubav. Potreban mu je Krist.<\/p><\/p>\n\n<p>Stoga je \u010dudesno djelo onoga koji, kao vi, posve\u0107uje sav svoj \u017eivot i svu snagu tjelesnu i duhovnu za evangelizaciju. Vi ste uvjereni da samo Isus mo\u017ee ispuniti o\u010dekivanja osobe i stoga vi ne oklijevate napustiti sve i po\u0107i po putovima svijeta, svjedo\u010de\u0107i tako \u017eivu nazo\u010dnost Otkupitelja me\u0111u nama i snagu Njegove Rije\u010di koja spasava.&#013;\nBudite zahvalni Providnosti \u0161to vas je izabrala i koja vas trajno podr\u017eava u slu\u0161anju Duha; budite ustrajni u molitvi i vje\u017ebanju u krepostima. Budite glasnici pomirenja i apostoli bratstva i slu\u017eenja. Gospodin, koji od vas tra\u017ei posvema\u0161nju raspolo\u017eivost, neka vas tako pridru\u017ei otajstvu Otkupljenja svijeta.<\/p>\n\n<p>2. Ne mogu, a da ne istaknem, s najdubljom rado\u0161\u0107u, da vas va\u0161a \u010de\u017enja za evangelizacijom nagoni nadasve k obiteljima. Zar nije nu\u017eno da obitelj u ovo na\u0161e vrijeme bude ponovno evangelizirana, da bi otkrila svoju ulogu temeljne \u0107elije kr\u0161\u0107anske zajednice, da bude ku\u0107na Crkva, unutar koje bi bilo mogu\u0107e do\u017eivjeti prvotno iskustvo susreta s Bogom? Koliko li na dana\u0161nju situaciju dru\u0161tva utje\u010de kriza obitelji! Nije lako misliti na bolju budu\u0107nost ako se ku\u0107na i obiteljska intimnost ne vrate na to da budu povla\u0161teno mjesto za prihva\u0107anje \u017eivota i rast osobe: kao \u0161kola ljudske mudrosti i duhovne formacije.&#013;\nRadosna srca pozdravljam vas i brojne obiteljske jezgre koje se ve\u0107 nalaze u poslanju u prostranstvima koja su najvi\u0161e na na\u0161em planetu dekristijanizirana; pozdravljam, osim toga, i bra\u010dne parove koji se spremaju na odlazak. Da, neka obitelji navije\u0161taju Evan\u0111elje obiteljima!<\/p>\n\n<p>Neka Vas Gospodin u\u010dini posvuda sredstvom svoga milosr\u0111a; neka vas uvijek prati Njegova milost.<\/p>\n\n<div class=\"wp-block-image\"><figure class=\"alignright size-large\"><img loading=\"lazy\" decoding=\"async\" width=\"768\" height=\"523\" src=\"https:\/\/neocatechumenaleiter.org\/wp-content\/uploads\/2020\/03\/Camino_Neocatecumenal_Juan_Pablo_II_audiencia_envio_cien_familias_en_mision_1991_4.jpg\" alt=\"\" class=\"wp-image-8760\" srcset=\"https:\/\/neocatechumenaleiter.org\/wp-content\/uploads\/2020\/03\/Camino_Neocatecumenal_Juan_Pablo_II_audiencia_envio_cien_familias_en_mision_1991_4.jpg 768w, https:\/\/neocatechumenaleiter.org\/wp-content\/uploads\/2020\/03\/Camino_Neocatecumenal_Juan_Pablo_II_audiencia_envio_cien_familias_en_mision_1991_4-300x204.jpg 300w\" sizes=\"auto, (max-width: 768px) 100vw, 768px\" \/><\/figure><\/div>\n\n<p><p>Rado predajem kri\u017e svima onima koji su pozvani da po\u0111u, itineranti u slu\u017ebi Evan\u0111elja, u druge zemlje. Uzdajte se u Boga i budite, odolijevaju\u0107i svim te\u0161ko\u0107ama, \u201eKristovi\u2026 poslanici: Bog vas po nama nagovara\u201c. (2. Kor 5,20).\u00a0\u017divite u srda\u010dnoj poslu\u0161nosti i sinovskom zajedni\u0161tvu s Pastirima kao udovi jednog \u017eivog tijela: Crkve. Oni vas zovu i primaju. Njima morate iskazivati poslu\u0161nost i povjerenje; preko njihovih uputstava sudjelujete u volji Gospodinovoj u redu va\u0161eg posebnog poslanja.<\/p><\/p>\n\n<p>Zadatak koji vas o\u010dekuje \u2013 Nova evangelizacija \u2013 tra\u017ei od vas da predstavite novim poletom i obnovljenim metodama vje\u010dnu i nepromjenljivu ba\u0161tinu na\u0161e kr\u0161\u0107anske vjere. Ne radi se o tom, vi to dobro znate, da se predaje jedna nauka, nego da se na osobni i duboki na\u010din susretne Spasitelja.&#013;\nZazivam Mariju, Majku Otkupiteljevu, da vas prati na ovom Putu; Njoj, Zvijezdi Nove Evangelizacije, povjeravam svakoga od vas, va\u0161e zajednice i sve koje \u0107ete susretati.<\/p>\n\n<p>Dok vas, u ime Gospodnje, bodrim da po\u0111ete hrabro i da svuda budete smioni svjedoci Evan\u0111elja, od srca vas blagoslivljam.&#013;\nSv. Otac je spontano nadodao ove rije\u010di:&#013;\nDakle ovo \u0161to sam rekao bio je odgovor na va\u0161 lijepi, stvaran \u201ekr\u0161\u0107anski, neokatekumenski\u201d realisti\u010dni uvod. Ali uvodi moraju uvijek imati neki nastavak: sad imamo ovaj nastavak ovdje u dvorani Pavla VI., a zatim slijede\u0107i nastavak na va\u0161im putovima obitelji \u2013 itineranata, obitelji koje su duboko evangelizirane na Neokatekumenatu koji obuhva\u0107a sav ljudski \u017eivot, obuhva\u0107a sav \u017eivot ve\u0107 evangelizirane obitelji ili one koja evangelizira.<\/p>\n\n<p><p><strong>I tako \u2013 \u017eelim vam sretan put: Papa itinerant \u2013 itinerantima!<\/strong><\/p><\/p>\n\n<p><p><em>(*) Usp. <\/em><em>\u00bb<\/em><em>L\u2019Osservatore Romano<\/em><em>\u00ab<\/em><em>, 4. sije\u010dnja 1991.<\/em><\/p><\/p>\n","protected":false},"excerpt":{"rendered":"<p>Audijencija slanje stotinu obitelji za \u201eNovu Evangelizaciju\u201c 3-1-1991 Sv. Ivan Pavao II. Rim, 3. sije\u010dnja 1991. (*) \u00bbNEKA OBITELJI NAVJE\u0160TAJU EVAN\u0110ELJE OBITELJIMA\u00ab Za vrijeme audijencije Sveti Otac je poslao sto obitelji s Neokatekumenskog puta u 24 naroda na 5 kontinenata. Tako\u0111er je bilo prisutno sto deset obitelji ve\u0107 u poslanju i drugih tristo koje su spremne po\u0107i i sto dvadeset sjemeni\u0161taraca dijecezanskog sjemeni\u0161ta \u201eRedemptoris Mater\u201c i oko deset tisu\u0107a bra\u0107e<\/p>\n<div class=\"read-more\"><a class=\"btn read-more-btn\" href=\"https:\/\/neocatechumenaleiter.org\/hr\/rijeci-papa\/sv-ivan-pavao-ii\/audijencija-slanje-stotinu-obitelji-za-novu-evangelizaciju-3-1-1991\/\">Nastavi \u010ditati<\/a><\/div>\n","protected":false},"author":2,"featured_media":0,"parent":9680,"menu_order":63,"comment_status":"closed","ping_status":"closed","template":"","meta":{"footnotes":""},"class_list":["post-16037","page","type-page","status-publish","hentry"],"_links":{"self":[{"href":"https:\/\/neocatechumenaleiter.org\/hr\/wp-json\/wp\/v2\/pages\/16037","targetHints":{"allow":["GET"]}}],"collection":[{"href":"https:\/\/neocatechumenaleiter.org\/hr\/wp-json\/wp\/v2\/pages"}],"about":[{"href":"https:\/\/neocatechumenaleiter.org\/hr\/wp-json\/wp\/v2\/types\/page"}],"author":[{"embeddable":true,"href":"https:\/\/neocatechumenaleiter.org\/hr\/wp-json\/wp\/v2\/users\/2"}],"replies":[{"embeddable":true,"href":"https:\/\/neocatechumenaleiter.org\/hr\/wp-json\/wp\/v2\/comments?post=16037"}],"version-history":[{"count":13,"href":"https:\/\/neocatechumenaleiter.org\/hr\/wp-json\/wp\/v2\/pages\/16037\/revisions"}],"predecessor-version":[{"id":18081,"href":"https:\/\/neocatechumenaleiter.org\/hr\/wp-json\/wp\/v2\/pages\/16037\/revisions\/18081"}],"up":[{"embeddable":true,"href":"https:\/\/neocatechumenaleiter.org\/hr\/wp-json\/wp\/v2\/pages\/9680"}],"wp:attachment":[{"href":"https:\/\/neocatechumenaleiter.org\/hr\/wp-json\/wp\/v2\/media?parent=16037"}],"curies":[{"name":"wp","href":"https:\/\/api.w.org\/{rel}","templated":true}]}}