{"id":16047,"date":"2020-03-04T00:23:44","date_gmt":"2020-03-03T23:23:44","guid":{"rendered":"https:\/\/neocatechumenaleiter.org\/rijeci-papa\/sv-ivan-pavao-ii\/pastoralni-pohod-pape-dominikanskoj-republici-11-10-1992\/"},"modified":"2021-08-10T11:02:46","modified_gmt":"2021-08-10T10:02:46","slug":"pastoralni-pohod-pape-dominikanskoj-republici-11-10-1992","status":"publish","type":"page","link":"https:\/\/neocatechumenaleiter.org\/hr\/rijeci-papa\/sv-ivan-pavao-ii\/pastoralni-pohod-pape-dominikanskoj-republici-11-10-1992\/","title":{"rendered":"Pastoralni pohod Pape Dominikanskoj Republici  11-10-1992"},"content":{"rendered":"\n<h1 class=\"has-text-align-center wp-block-heading\">Pastoralni pohod Pape Dominikanskoj Republici  11-10-1992<\/h1>\n\n<div style=\"height:20px\" aria-hidden=\"true\" class=\"wp-block-spacer\"><\/div>\n\n<h4 class=\"has-text-align-center wp-block-heading\">sv. Ivan Pavao II.<\/h4>\n\n<div style=\"height:20px\" aria-hidden=\"true\" class=\"wp-block-spacer\"><\/div>\n\n<p><strong>Santo Domingo, 11. listopada 1992.<\/strong><\/p>\n\n<p><em>Nave\u010der, nakon audijencije kod diplomatskog tijela, Sveti Otac je inaugurirao sjedi\u0161te biskupijskog misijskog sjemeni\u0161ta \u201eRedemptoris Mater\u201c. Neokatekumenske zajednice u Santo Domingu vrlo su aktivne. Sveukupno ih je vi\u0161e od tristo, oko deset tisu\u0107a osoba. One prete\u017eno djeluju u dvije siroma\u0161ne \u010detvrti \u201eInviviendao\u201c i \u201eHainamoza\u201c.<\/em><\/p>\n\n<p><em>Od sjemeni\u0161ta, u kojem studira \u010detrdesetak mladi\u0107a, do sada je sagra\u0111eno samo \u201eSveti\u0161te Rije\u010di\u201c. Prostor za stanovanje i kapela jo\u0161 su u gradnji. Zbog toga je Papa bio primljen u tom jedinom dovr\u0161enom zdanju. Nakon uvodne pjesme i rije\u010di dobrodo\u0161lice inicijatora Neokatekumenskog puta, Kika Arg\u00fcella, Ivan Pavao II. blagoslovio je zgradu i uputio prisutnima \u2013 kardinalima, biskupima, bogoslovima, obiteljima iz zajednica \u2013 rije\u010di \u010destitki i ohrabrenja.<\/em><\/p>\n\n<p><em>Slijede Papine rije\u010di:<\/em><\/p>\n\n<p>Posebno sam radostan \u0161to mogu ovdje, u Santo Domingu, na ovaj toliko va\u017eni datum, inaugurirati nadbiskupijsko misijsko sjemeni\u0161te \u201eRedemptoris Mater\u201c, koje u znaku petstote godi\u0161njice dolaska Radosne Vijesti u Ameriku, \u017eeli doprinijeti velikom djelu nove evangelizacije na koje je pozvala sveop\u0107a Crkva.<\/p>\n\n<p>Ovaj centar koji je primio kandidate za sve\u010deni\u0161tvo iz brojnih zemalja ameri\u010dkog kontinenta, Europe i drugih zemalja, uvijek treba biti pro\u017eet misionarskim duhom, koji neka bude kvasac u ovoj nadbiskupiji, u cijeloj Dominikanskoj Republici, i neka se usmjeri k \u010ditavom svijetu slijede\u0107i Gospodinove rije\u010di: \u201ePo\u0111ite po svem svijetu, propovijedajte evan\u0111elje svemu stvorenju\u201c (Mk 16,15). To se o\u010ditovalo i na II. vatikanskom saboru u dekretu o sve\u0107eni\u010dkoj slu\u017ebi i \u017eivotu: \u00bbDuhovni dar koji su prezbiteri primili re\u0111enjem ne pripravlja na neko ograni\u010deno i usko poslanje, nego na naj\u0161ire i sveop\u0107e poslanje spasenja \u201edo zadnjih granica zemlje\u201c (Dj.1,8)\u00ab (Presbyterorum Ordinis, br. 10).<\/p>\n\n<p>Prisustvo bogoslova, najraznolikijeg podrijetla, na ovom otoku, koji je prihvatio sjeme evan\u0111elja i sa kojeg je svjetlo Kristova spasenja zasjalo ostatku Amerike, tako\u0111er je znak da \u0107e se sada, na pragu tre\u0107eg kr\u0161\u0107anskog tisu\u0107lje\u0107a, milo\u0161\u0107u Bo\u017ejom, iz ovog nadbiskupijskog misijskog sjemeni\u0161ta \u201eRedemptoris Mater\u201c u Santo Domingu, mo\u0107i slati novi evangelizatori koji svijetu nose Isusa Krista: \u201ePut, Istinu i \u017eivot\u201c.<\/p>\n\n<p>Upravljam \u017earke molitve Mariji, da bi ona, Zvijezda nove evangelizacije, vodila svom bo\u017eanskom Sinu, sve one koji \u0107e se formirati za sve\u0107enike u ovom sjemeni\u0161tu. Svima podjeljujem apostolski blagoslov.<\/p>\n\n<figure class=\"wp-block-gallery aligncenter columns-3 is-cropped wp-block-gallery-1 is-layout-flex wp-block-gallery-is-layout-flex\"><ul class=\"blocks-gallery-grid\"><li class=\"blocks-gallery-item\"><figure><img loading=\"lazy\" decoding=\"async\" width=\"400\" height=\"330\" src=\"https:\/\/neocatechumenaleiter.org\/wp-content\/uploads\/2020\/03\/Camino_Neocatecumenal_Juan_Pablo_II_visita_pastoral_Republica_Dominicana_1992_3.jpg\" alt=\"\" data-id=\"2400\" data-full-url=\"https:\/\/neocatechumenaleiter.org\/wp-content\/uploads\/2020\/03\/Camino_Neocatecumenal_Juan_Pablo_II_visita_pastoral_Republica_Dominicana_1992_3.jpg\" data-link=\"https:\/\/neocatechumenaleiter.org\/?attachment_id=2400\" class=\"wp-image-9413\" srcset=\"https:\/\/neocatechumenaleiter.org\/wp-content\/uploads\/2020\/03\/Camino_Neocatecumenal_Juan_Pablo_II_visita_pastoral_Republica_Dominicana_1992_3.jpg 400w, https:\/\/neocatechumenaleiter.org\/wp-content\/uploads\/2020\/03\/Camino_Neocatecumenal_Juan_Pablo_II_visita_pastoral_Republica_Dominicana_1992_3-300x248.jpg 300w\" sizes=\"auto, (max-width: 400px) 100vw, 400px\" \/><\/figure><\/li><li class=\"blocks-gallery-item\"><figure><img loading=\"lazy\" decoding=\"async\" width=\"662\" height=\"560\" src=\"https:\/\/neocatechumenaleiter.org\/wp-content\/uploads\/2020\/03\/Camino_Neocatecumenal_Juan_Pablo_II_visita_pastoral_Republica_Dominicana_1992_2.jpg\" alt=\"\" data-id=\"2407\" data-full-url=\"https:\/\/neocatechumenaleiter.org\/wp-content\/uploads\/2020\/03\/Camino_Neocatecumenal_Juan_Pablo_II_visita_pastoral_Republica_Dominicana_1992_2.jpg\" data-link=\"https:\/\/neocatechumenaleiter.org\/?attachment_id=2407\" class=\"wp-image-9418\" srcset=\"https:\/\/neocatechumenaleiter.org\/wp-content\/uploads\/2020\/03\/Camino_Neocatecumenal_Juan_Pablo_II_visita_pastoral_Republica_Dominicana_1992_2.jpg 662w, https:\/\/neocatechumenaleiter.org\/wp-content\/uploads\/2020\/03\/Camino_Neocatecumenal_Juan_Pablo_II_visita_pastoral_Republica_Dominicana_1992_2-300x254.jpg 300w\" sizes=\"auto, (max-width: 662px) 100vw, 662px\" \/><\/figure><\/li><li class=\"blocks-gallery-item\"><figure><img loading=\"lazy\" decoding=\"async\" width=\"679\" height=\"560\" src=\"https:\/\/neocatechumenaleiter.org\/wp-content\/uploads\/2020\/03\/Camino_Neocatecumenal_Juan_Pablo_II_visita_pastoral_Republica_Dominicana_1992.jpg\" alt=\"\" data-id=\"2414\" data-full-url=\"https:\/\/neocatechumenaleiter.org\/wp-content\/uploads\/2020\/03\/Camino_Neocatecumenal_Juan_Pablo_II_visita_pastoral_Republica_Dominicana_1992.jpg\" data-link=\"https:\/\/neocatechumenaleiter.org\/?attachment_id=2414\" class=\"wp-image-9423\" srcset=\"https:\/\/neocatechumenaleiter.org\/wp-content\/uploads\/2020\/03\/Camino_Neocatecumenal_Juan_Pablo_II_visita_pastoral_Republica_Dominicana_1992.jpg 679w, https:\/\/neocatechumenaleiter.org\/wp-content\/uploads\/2020\/03\/Camino_Neocatecumenal_Juan_Pablo_II_visita_pastoral_Republica_Dominicana_1992-300x247.jpg 300w\" sizes=\"auto, (max-width: 679px) 100vw, 679px\" \/><\/figure><\/li><\/ul><\/figure>","protected":false},"excerpt":{"rendered":"<p>Pastoralni pohod Pape Dominikanskoj Republici 11-10-1992 sv. Ivan Pavao II. Santo Domingo, 11. listopada 1992. Nave\u010der, nakon audijencije kod diplomatskog tijela, Sveti Otac je inaugurirao sjedi\u0161te biskupijskog misijskog sjemeni\u0161ta \u201eRedemptoris Mater\u201c. Neokatekumenske zajednice u Santo Domingu vrlo su aktivne. Sveukupno ih je vi\u0161e od tristo, oko deset tisu\u0107a osoba. One prete\u017eno djeluju u dvije siroma\u0161ne \u010detvrti \u201eInviviendao\u201c i \u201eHainamoza\u201c. Od sjemeni\u0161ta, u kojem studira \u010detrdesetak mladi\u0107a, do sada je sagra\u0111eno<\/p>\n<div class=\"read-more\"><a class=\"btn read-more-btn\" href=\"https:\/\/neocatechumenaleiter.org\/hr\/rijeci-papa\/sv-ivan-pavao-ii\/pastoralni-pohod-pape-dominikanskoj-republici-11-10-1992\/\">Nastavi \u010ditati<\/a><\/div>\n","protected":false},"author":2,"featured_media":0,"parent":9680,"menu_order":71,"comment_status":"closed","ping_status":"closed","template":"","meta":{"footnotes":""},"class_list":["post-16047","page","type-page","status-publish","hentry"],"_links":{"self":[{"href":"https:\/\/neocatechumenaleiter.org\/hr\/wp-json\/wp\/v2\/pages\/16047","targetHints":{"allow":["GET"]}}],"collection":[{"href":"https:\/\/neocatechumenaleiter.org\/hr\/wp-json\/wp\/v2\/pages"}],"about":[{"href":"https:\/\/neocatechumenaleiter.org\/hr\/wp-json\/wp\/v2\/types\/page"}],"author":[{"embeddable":true,"href":"https:\/\/neocatechumenaleiter.org\/hr\/wp-json\/wp\/v2\/users\/2"}],"replies":[{"embeddable":true,"href":"https:\/\/neocatechumenaleiter.org\/hr\/wp-json\/wp\/v2\/comments?post=16047"}],"version-history":[{"count":6,"href":"https:\/\/neocatechumenaleiter.org\/hr\/wp-json\/wp\/v2\/pages\/16047\/revisions"}],"predecessor-version":[{"id":24124,"href":"https:\/\/neocatechumenaleiter.org\/hr\/wp-json\/wp\/v2\/pages\/16047\/revisions\/24124"}],"up":[{"embeddable":true,"href":"https:\/\/neocatechumenaleiter.org\/hr\/wp-json\/wp\/v2\/pages\/9680"}],"wp:attachment":[{"href":"https:\/\/neocatechumenaleiter.org\/hr\/wp-json\/wp\/v2\/media?parent=16047"}],"curies":[{"name":"wp","href":"https:\/\/api.w.org\/{rel}","templated":true}]}}