{"id":16052,"date":"2020-03-04T00:14:54","date_gmt":"2020-03-03T23:14:54","guid":{"rendered":"https:\/\/neocatechumenaleiter.org\/rijeci-papa\/sv-ivan-pavao-ii\/pohod-pape-ivana-pavla-ii-zupi-svetog-leonarda-murialda-22-3-1992\/"},"modified":"2021-08-10T11:02:32","modified_gmt":"2021-08-10T10:02:32","slug":"pohod-pape-ivana-pavla-ii-zupi-svetog-leonarda-murialda-22-3-1992","status":"publish","type":"page","link":"https:\/\/neocatechumenaleiter.org\/hr\/rijeci-papa\/sv-ivan-pavao-ii\/pohod-pape-ivana-pavla-ii-zupi-svetog-leonarda-murialda-22-3-1992\/","title":{"rendered":"Pohod Pape Ivana Pavla II. \u017eupi Svetog Leonarda Murialda 22-3-1992"},"content":{"rendered":"\n<h1 class=\"has-text-align-center wp-block-heading\">Pohod Pape Ivana Pavla II. \u017eupi Svetog Leonarda Murialda 22-3-1992<\/h1>\n\n<div style=\"height:20px\" aria-hidden=\"true\" class=\"wp-block-spacer\"><\/div>\n\n<h4 class=\"has-text-align-center wp-block-heading\">Sv. Ivan Pavao II.<\/h4>\n\n<div style=\"height:20px\" aria-hidden=\"true\" class=\"wp-block-spacer\"><\/div>\n\n<p><strong>Rim, 22. o\u017eujka 1992.<\/strong><\/p>\n\n<p><em>Na po\u010detku mise, nakon liturgijskog pozdrava, \u017eupnik, otac Domenico Paiusco, uputio je svoju dobrodo\u0161licu Sveom Ocu u ime zajednica:<\/em><\/p>\n\n<p>Pre\u010dasni O\u010de,&#13;\n&#13;\nDobrodo\u0161li me\u0111u nas! Hvala vam \u0161to ste s nama. \u017eupna zajednica Svetog Leonarda Murialda, povjerena Kongregaciji Otaca Josipovaca, pripremala se na ovaj prvi susret sa svojim biskupom s rado\u0161\u0107u i ushitom, preko osobne i zajedni\u010dke molitve i razmatranja povodom ovog doga\u0111aja vjere u brojnim obiteljima.&#13;\n&#13;\nProteklo je trideset godina od osnutka \u017eupe, u o\u017eujku 1958., do posvete ovog zdanja 1988. Sada\u0161nja pastoralna zauzetost je izgradnja duhovnog hrama, sa\u010dinjenog od \u017eivog kamenja, sa dvostrukom funkcijom nutarnjeg rasta, za duhovni zadatak koji neka postane u svoje vrijeme sposobnost na zajedni\u0161tvo, potporu svima koji \u017eive ovdje.&#13;\n&#13;\nStanovni\u0161tvo, prvotno sa\u010dinjeno od mladih parova sa djecom, odr\u017ealo se stabilnim i nakon 30 godina nalazi se na putu ka tre\u0107oj dobi, a ve\u0107ina djece su se, stvaraju\u0107i nove nuklearne obitelji, preselile drugdje.<\/p>\n\n<p>Obitelji su sastavljene od radnika, od kojih su mnogi umirovljeni, nisu siroma\u0161ni, ali susre\u0107u se sa problemima svojstvenih starosti i samo\u0107i, te od mladih koji su ostali, zbog ku\u0107e ili posla.<\/p>\n\n<p>O\u010digledna je u mnogim obiteljima manjkava vjerska formacija sa posljedi\u010dnim nedostatkom jedinstva vjere i \u017eivota, izme\u0111u vrjednovanog evan\u0111elja i \u017eivotnog djelovanja.<\/p>\n\n<div class=\"wp-block-image\"><figure class=\"alignleft size-medium\"><img loading=\"lazy\" decoding=\"async\" width=\"300\" height=\"246\" src=\"https:\/\/neocatechumenaleiter.org\/wp-content\/uploads\/2020\/03\/Camino_Neocatecumenal_Juan_Pablo_II_visita_parroquia_San_Leonardo_1992-300x246.jpg\" alt=\"\" class=\"wp-image-2370\" srcset=\"https:\/\/neocatechumenaleiter.org\/wp-content\/uploads\/2020\/03\/Camino_Neocatecumenal_Juan_Pablo_II_visita_parroquia_San_Leonardo_1992-300x246.jpg 300w, https:\/\/neocatechumenaleiter.org\/wp-content\/uploads\/2020\/03\/Camino_Neocatecumenal_Juan_Pablo_II_visita_parroquia_San_Leonardo_1992.jpg 698w\" sizes=\"auto, (max-width: 300px) 100vw, 300px\" \/><\/figure><\/div>\n\n<p>Primarna zauzetost u \u017eupi uvijek je bila evangelizacija s katehezom za ljude sve dobi.&#13;\nPostoji trajna kateheza za djecu \u0161kolske dobi od 6 do 13 godina, ove godine tako\u0111er i za djecu od 3 do 6 godina, kako bi ih se uvelo u jedan put vjere, gdje su privilegirane to\u010dke sakramenti Pokore, Euharistije i Potvrde.&#13;\nZatim, postoji kateheza za odrasle za obnovu obitelji. U ovome mi je od velike pomo\u0107i, iako nije jedino, ali je zna\u010dajno, iskustvo neokatekumena. Od 1971. do danas rodilo se 10 zajednica sa oko 400 bra\u0107e koji su, uz ponovno otkrivanje osobne i zajedni\u010dke vjere, uistinu sol i kvasac za cijelu \u017eupu. U ovome \u201eosje\u0107ati se Crkvom\u201c oni su raspolo\u017eivi za zauzetu katehezu roditelja koji se pripremaju krstiti djecu, odraslih za Potvrdu, zaru\u010dnike za brak, za susrete s obiteljima. Svake godine svjedo\u010dimo pribli\u017eavanju Crkvi od osoba koje su daleko, ravnodu\u0161nih, obitelji s teko\u0107ama u braku.<\/p>\n\n<p>U \u017eupi je prisutna formacija i liturgijska animacija, slu\u017eba ljubavi za bolesne, nemo\u0107ne, same i posebice karizma na\u0161e kongregacije \u2013 pomagati djecu i mlade u te\u0161ko\u0107ama sa udomiteljskim obiteljima. Napokon, oratorij je mjesto susreta djece, mladih i obitelji. S puno predanosti u njemu djeluje tim lai\u010dkih suradnika koji promi\u010du razne aktivnosti s djecom i mladima. U ovom se razdoblju \u017eupa uklju\u010duje u \u201esukob s gradom\u201c na sinodi\u010dkom putu kojim vodi va\u0161a biskupija i u kojem se daje prednost trenutnom stanju obitelji.<\/p>\n\n<p>Pre\u010dasni O\u010de, slaviti s vama euharistiju, sna\u017ean trenutak zajedni\u0161tva, obilje\u017eava va\u017ean korak u kojem se osje\u0107amo kao \u201evi\u0161e Crkva\u201c.&#13;\nVa\u0161a nas prisutnost \u010dini radosnima, jer ste do\u0161li me\u0111u nas sa va\u0161im velikim srcem Oca, sposobnog ljubiti blize i daleke.&#13;\nU ime blizih i dalekih, ponavljamo na\u0161u zahvalu i molimo vas za jednu rasvjetljuju\u0107u rije\u010d, rije\u010d nade koja \u010dini plodnijim u ustrajnosti ovaj susret s Vama, na\u0161im biskupom, nasljednikom Petra i namjesnikom Kristovim.&#13;\nO\u010dekujemo rije\u010d koja \u0107e dati mladima, zbunjenim brojnim ponudama, jedan valjani motiv za \u017eivot, a onima koji nisu vi\u0161e mladi, potrebu da budu svjedoci u njihovim obiteljima i radnom ozra\u010dju. Hvala, pre\u010dasni O\u010de! Od prvog trenutka posjeta, \u017eupa svetog Leonarda Murialda pokazala je Papi sliku \u201ezajednice koja je me\u0111unarodna, zahvaljuju\u0107i prisutnosti u velikom stra\u017enjem dvori\u0161tu crkve, predstavnika neokatekumenskih zajednica i brojne lutala\u010dke populacije ugo\u0161\u0107ene u obli\u017enjem kampu. Zajedno sa brojnom djecom i mladima oni su \u2013 pjesmama i mahanjem transparentima i zastavama \u2013 ponudili Papi toplu dobrodo\u0161licu. Slave\u0107i zbor predstavio je pod\u017eupnik:<\/p>\n\n<p>Dragi Ivane Pavle II., Petrov nasljedni\u010de \u2013 rekao je \u2013 dobrodo\u0161li me\u0111u djecu i mlade na\u0161e \u017eupe i na\u0161eg socijalnog centra za mlade \u201eSan Leonardo Murialdo\u201d.&#13;\nToliko smo \u017eeljeli ovaj susret kako bismo slavili zajedno i kako bismo slu\u0161ali Va\u0161u rije\u010d vodstva koja nas prati u hodanju stopama Krista, na\u0161eg prijatelja i spasitelja. Danas nas je vi\u0161e nego ikad, svi smo tu: maleni, mladi, djeca skupa s suradnicima, laicima josipovcima, anga\u017eiranima u djelu ljudske i kr\u0161\u0107anske formacije mladih nara\u0161taja. Prili\u010dno smo ujedinjena obitelj, kao \u0161to je San Leonardo Murialdo \u017eelio.<\/p>\n\n<p><em>Naposlijetku, rije\u010d je uzeo Papa:<\/em><\/p>\n\n<p>Hvaljen Isus Krist!&#13;\n&#13;\nZapo\u010dinjem sa rije\u010dju upravljenom Isusu Kristu od strane svih nas, jer sam pratio prethodno predstavljanje i vidi se da ste ovdje na neki na\u010din razli\u010diti: ne samo me\u0111u \u0161kolskom djecom, djecom sakramentalne kateheze, skauta, ve\u0107 i zbog razli\u010ditih nacionalnosti. Tu su tako\u0111er i nomadi.&#13;\n&#13;\nOsje\u0107a se cijela ova razli\u010ditost, ali istovremeno se osje\u0107a jedno jedinstvo, zajedni\u0161tvo, zajednica. Ova zajednica djece, mladih, ostvaruje se preko Isusa Krista.<\/p>\n\n<p>On je centar oko kojega smo svi jedno. U ovome je Njegovo otajstvo. Otajstvo Isusa, otajstvo Sina Bo\u017ejega koji se u\u010dinio \u010dovjekom, upravo je u ovome: u\u010diniv\u0161i se \u010dovjekom, On je na\u010dinio centar zajedni\u0161tva, zajednice za razli\u010dite osobe, razli\u010dita ozra\u010dja, razli\u010dite narode. Ovo se vidjelo od samih po\u010detaka Crkve, od prve kr\u0161\u0107anske zajednice u Jeruzalemu, a potom kroz stolje\u0107a, kada su apostoli izi\u0161li iz Jeruzalema kako bi i\u0161li u razli\u010dite dijelove svijeta propovijedati Evan\u0111elje razli\u010ditim narodima i ovi narodi su sa\u010dinjavali istu Crkvu.<\/p>\n\n<div class=\"wp-block-image\"><figure class=\"alignright size-large\"><img loading=\"lazy\" decoding=\"async\" width=\"704\" height=\"569\" src=\"https:\/\/neocatechumenaleiter.org\/wp-content\/uploads\/2020\/03\/Camino_Neocatecumenal_Juan_Pablo_II_visita_parroquia_San_Leonardo_1992_2.jpg\" alt=\"\" class=\"wp-image-9293\" srcset=\"https:\/\/neocatechumenaleiter.org\/wp-content\/uploads\/2020\/03\/Camino_Neocatecumenal_Juan_Pablo_II_visita_parroquia_San_Leonardo_1992_2.jpg 704w, https:\/\/neocatechumenaleiter.org\/wp-content\/uploads\/2020\/03\/Camino_Neocatecumenal_Juan_Pablo_II_visita_parroquia_San_Leonardo_1992_2-300x242.jpg 300w\" sizes=\"auto, (max-width: 704px) 100vw, 704px\" \/><\/figure><\/div>\n\n<p>\u0160to je Crkva? Ona je Krist \u017eiv me\u0111u nama, s nama i za nas. Crkva je \u017eive\u0107i Krist s nama i za nas, uvijek i na svakom mjestu. Istovremeno, Crkva smo mi, ujedinjeni oko Isusa Krista i Njegovog Evan\u0111elja, oko Njegovog kri\u017ea i Njegovog uskrsnu\u0107a, svi mi smo ujedinjeni u Isusu Kristu, ne samo oko Njega. Nismo tek nekakva skupina, ve\u0107 smo Crkva, jedno tijelo, i na taj na\u010din \u2013 ujedinjeni oko Njega i u Njemu \u2013 svi smo na neki na\u010din dionici Njegovog bo\u017eanskog \u017eivota, dionici Njegovog poslanja i to nas \u010dini jednim, zajednicom, Crkvom. Tako sam govorio, slu\u0161aju\u0107i djecu i mlade, ali tu su tako\u0111er i roditelji, odrasli ljudi koji imaju druge odgovornosti: u\u010ditelja i pokazatelja smjera. Tu je, potom, ova neokatekumenska zajednica, \u0161to se \u010duje preko njezinih pjesama i njezinog entuzijazma. Preko toga se ve\u0107 u nekoj mjeri u va\u0161oj zajednici osjeti duh zajednice i duh \u017eupe, to je jezgra s kojom \u017eupna zajednica mora \u017eivjeti zajedni\u0161tvo i rasti i mora uvijek rasti crpe\u0107i iz Isusovog \u017eivota i nose\u0107i u sebi istu ljubav koju je Isus nosio.<\/p>\n\n<p>Isus je na taj na\u010din prisutan me\u0111u nama, prepoznaju\u0107i se nadasve u onima najmalenijima, najsiroma\u0161nijima, najvi\u0161e trpe\u0107ima. On to i ka\u017ee: \u201e\u0160to ste u\u010dinili jednom od ovih, meni ste u\u010dinili\u201d.<\/p>\n\n<p>\u017delim vam da \u017eivite \u017eivot pro\u017eet Kristom i da tra\u017eite i uvijek sve vi\u0161e primate Kristov \u017eivot u va\u0161 kr\u0161\u0107anski \u017eivot, ljudski \u017eivot, va\u0161 \u017eivot pobo\u017eanstvenjen Njegovom prisutno\u0161\u0107u i Njegovim sakramentima.&#13;\n\u017delim podijeliti svima prisutnima uvodni blagoslov, \u017eele\u0107i vam \u2013 kao \u0161to vidim da je zapisano na ovim transparentima \u2013 da uvijek sve vi\u0161e evangelizirate ljudski \u017eivot u ovoj \u010detvrti i da ga \u010dinite sve vi\u0161e natopljenim Duhom Kristovim. Na kraju slavlja, Papa je pozdravio sve\u0107enike Prefekture i pripadnike murialdinske vjerni\u010dke zajednice, posebice sjemeni\u0161tarce josipovske zajednice posve\u0107enog \u017eivota rimke provincije Bezgre\u0161ne.<\/p>\n\n<p><em>Stoga je imao kratki susret sa odraslima \u017eupe, koje mu je predstavio glasnogovornik Pastoralnog vije\u0107a, \u0111akon Giovanni Pennacchio:<\/em><\/p>\n\n<p>Sveti O\u010de, ovdje su prisutni svi \u010dlanovi Pastoralnog vije\u0107a \u017eupe i odgovorni crkvenih stvarnosti ove \u017eupe i razli\u010ditih grana pastoralne aktivnosti: kateheze, liturgije, djela ljubavi, pastorala mladih.&#13;\nTako\u0111er su prisutni \u2013 po prvi puta primljeni u pastoralno vije\u0107e \u2013 odgovorni za pojedina podru\u010dja, jer se od ove godine, kako bi se stiglo \u0161to je vi\u0161e mogu\u0107e do ljudi udaljenih od \u017eupe, \u017eupa podijelila u deset zona i svaka ima sog odgovornoga.&#13;\nPrisutni su tako\u0111er i odgovorni deset neokatekumenskih zajednica, sa njihovim prezbiterima i katehistima, te obitelji itineranata u razli\u010ditim dijelovima svijeta: Africi, Australiji, Europi. Ovdje smo da bismo obnovili na\u0161e prijanjanje i jedinstvo s Petrom, s njegovim u\u010denjem sa istim vjerni\u010dkim po\u0161tovanjem o kojem se govori u Lumen gentium. Hvala vam \u0161to ste s nama.&#13;\nHvala na va\u0161em usmenom, ali nadasve osobnom predstavljanju \u2013 odgovorio je Papa. Vidi se da je va\u0161a \u017eupa smje\u0161tena ovdje, u Rimu, ali da se istovremeno nalazi na mnogim mjestima, u mnogim zonama, mnogim ozra\u010djima, kontinentima: izvan Rima. Ovo je jedna misionarska \u017eupa, itineranska, neokatekumenska.<\/p>\n\n<p>Pozdravljam vas sve: australce, afrikance, francuze, nijemce, poljake, bjeloruse!&#13;\nRimska crkva, morate to znati, \u017eivi jedno razdoblje suo\u010davanja. Suo\u010davanje zna\u010di \u2013 mo\u017eemo to re\u0107i \u2013 nadasve primjena Drugog vatikanskog sabora, posebice dokumenata Lumen gentium i Gaudium et spes. Suo\u010davanje sa razli\u010ditim stvarnostima koje \u010dine prepoznatljivim ovaj grad i rimsko dru\u0161tvo va\u017eno je za budu\u0107nost grada, Italije i Crkve. Ali to je suo\u010davanje u kojem Crkva biva suo\u010dena i sa svoje se strane, suo\u010dava u vjeri peko svoje dvotisu\u0107ljetne vjere.<\/p>\n\n<p>Rim gleda probleme na\u0161eg tisu\u0107lje\u0107a, \u0161tovi\u0161e, ovog kraja drugog tisu\u0107lje\u0107a. Gleda u vjeri i tra\u017ei shvatiti probleme, iako su te\u0161ki, iako su ponekad proturje\u010dni s onim \u0161to ka\u017ee vjera.\u00a0Gleda na ove probleme sa hrabro\u0161\u0107u, jer Crkva mora imati hrabrosti. Krist nam je rekao: \u201eNe bojte se!\u201d, i to je klju\u010dna rije\u010d njegovog mesijanskog poslanja i na\u0161eg apostolskog poslanja. Ne bojte se. To ka\u017eem i vama itinerantima, da biste bili hrabri. Ponekad osje\u0107am da imate straha od nekih stvarnosti s kojima se susre\u0107ete, koje vam pristupaju i kojima vi pristupate. Ne bojte se, jer se uvijek radi o istom argumentu: \u201eJa sam s vama\u201d. To nije tek jedna rije\u010d, to je stvarnost.<\/p>\n\n<p>Sa blagoslovom svima prisutnima \u2013 malobrojnima koji jo\u0161 uvijek ostaju u Rimu u ovoj \u017eupi \u2013 i mnogima koji su na raznim kontinentima.<\/p>\n","protected":false},"excerpt":{"rendered":"<p>Pohod Pape Ivana Pavla II. \u017eupi Svetog Leonarda Murialda 22-3-1992 Sv. Ivan Pavao II. Rim, 22. o\u017eujka 1992. Na po\u010detku mise, nakon liturgijskog pozdrava, \u017eupnik, otac Domenico Paiusco, uputio je svoju dobrodo\u0161licu Sveom Ocu u ime zajednica: Pre\u010dasni O\u010de,&#13; &#13; Dobrodo\u0161li me\u0111u nas! Hvala vam \u0161to ste s nama. \u017eupna zajednica Svetog Leonarda Murialda, povjerena Kongregaciji Otaca Josipovaca, pripremala se na ovaj prvi susret sa svojim biskupom s rado\u0161\u0107u i<\/p>\n<div class=\"read-more\"><a class=\"btn read-more-btn\" href=\"https:\/\/neocatechumenaleiter.org\/hr\/rijeci-papa\/sv-ivan-pavao-ii\/pohod-pape-ivana-pavla-ii-zupi-svetog-leonarda-murialda-22-3-1992\/\">Nastavi \u010ditati<\/a><\/div>\n","protected":false},"author":2,"featured_media":0,"parent":9680,"menu_order":67,"comment_status":"closed","ping_status":"closed","template":"","meta":{"footnotes":""},"class_list":["post-16052","page","type-page","status-publish","hentry"],"_links":{"self":[{"href":"https:\/\/neocatechumenaleiter.org\/hr\/wp-json\/wp\/v2\/pages\/16052","targetHints":{"allow":["GET"]}}],"collection":[{"href":"https:\/\/neocatechumenaleiter.org\/hr\/wp-json\/wp\/v2\/pages"}],"about":[{"href":"https:\/\/neocatechumenaleiter.org\/hr\/wp-json\/wp\/v2\/types\/page"}],"author":[{"embeddable":true,"href":"https:\/\/neocatechumenaleiter.org\/hr\/wp-json\/wp\/v2\/users\/2"}],"replies":[{"embeddable":true,"href":"https:\/\/neocatechumenaleiter.org\/hr\/wp-json\/wp\/v2\/comments?post=16052"}],"version-history":[{"count":14,"href":"https:\/\/neocatechumenaleiter.org\/hr\/wp-json\/wp\/v2\/pages\/16052\/revisions"}],"predecessor-version":[{"id":24097,"href":"https:\/\/neocatechumenaleiter.org\/hr\/wp-json\/wp\/v2\/pages\/16052\/revisions\/24097"}],"up":[{"embeddable":true,"href":"https:\/\/neocatechumenaleiter.org\/hr\/wp-json\/wp\/v2\/pages\/9680"}],"wp:attachment":[{"href":"https:\/\/neocatechumenaleiter.org\/hr\/wp-json\/wp\/v2\/media?parent=16052"}],"curies":[{"name":"wp","href":"https:\/\/api.w.org\/{rel}","templated":true}]}}