{"id":16095,"date":"2020-03-04T00:33:21","date_gmt":"2020-03-03T23:33:21","guid":{"rendered":"https:\/\/neocatechumenaleiter.org\/rijeci-papa\/sv-ivan-pavao-ii\/audijencija-s-mladima-koji-su-sudjelovali-na-susretu-priprave-za-svjetski-dan-mladih-u-denveru-28-3-1993\/"},"modified":"2021-08-10T11:02:51","modified_gmt":"2021-08-10T10:02:51","slug":"audijencija-s-mladima-koji-su-sudjelovali-na-susretu-priprave-za-svjetski-dan-mladih-u-denveru-28-3-1993","status":"publish","type":"page","link":"https:\/\/neocatechumenaleiter.org\/hr\/rijeci-papa\/sv-ivan-pavao-ii\/audijencija-s-mladima-koji-su-sudjelovali-na-susretu-priprave-za-svjetski-dan-mladih-u-denveru-28-3-1993\/","title":{"rendered":"Audijencija s mladima koji su sudjelovali na susretu priprave za svjetski dan mladih u Denveru 28-3-1993"},"content":{"rendered":"\n<h1 class=\"has-text-align-center wp-block-heading\">Audijencija s mladima koji su sudjelovali na susretu priprave za svjetski dan mladih u Denveru 28-3-1993<\/h1>\n\n<div style=\"height:20px\" aria-hidden=\"true\" class=\"wp-block-spacer\"><\/div>\n\n<h4 class=\"has-text-align-center wp-block-heading\">Sv. Ivan Pavao II.<\/h4>\n\n<div style=\"height:20px\" aria-hidden=\"true\" class=\"wp-block-spacer\"><\/div>\n\n<p><strong>Dvorana Pavla VI. (Vatikan), 28. o\u017eujka 1993.<\/strong><\/p>\n\n<p><em>Dana 28. o\u017eujka, Sveti Otac primio je u audijenciju oko osam tisu\u0107a mladih s Neokatekumenskog puta koji su u auli Pavla VI. imali sastanak priprave na Svjetski dan mladih \u0161to \u0107e se odr\u017eati u kolovozu, u Denveru. Sa mladima su bili Kiko Arg\u00fcello i Carmen Hern\u00e0ndez. Susretu su prisustvovali kardinali Pio Laghi i Camillo Ruini, nadbiskupi Crescenzio Sepe i Massimino Romero de Lema, te biskupi Paul Cordes i Giulio Salimei. Mladima koji su ve\u0107inom do\u0161li iz sredi\u0161nje Italije, Papa je uputio slijede\u0107e rije\u010di:<\/em><\/p>\n\n<div class=\"wp-block-image\"><figure class=\"alignleft size-medium\"><img loading=\"lazy\" decoding=\"async\" width=\"300\" height=\"241\" src=\"https:\/\/neocatechumenaleiter.org\/wp-content\/uploads\/2020\/03\/Camino_Neocatecumenal_Juan_Pablo_II_audiencia_jovenes_preparacion_jmj_denver_1993-300x241.jpg\" alt=\"\" class=\"wp-image-2425\" srcset=\"https:\/\/neocatechumenaleiter.org\/wp-content\/uploads\/2020\/03\/Camino_Neocatecumenal_Juan_Pablo_II_audiencia_jovenes_preparacion_jmj_denver_1993-300x241.jpg 300w, https:\/\/neocatechumenaleiter.org\/wp-content\/uploads\/2020\/03\/Camino_Neocatecumenal_Juan_Pablo_II_audiencia_jovenes_preparacion_jmj_denver_1993.jpg 708w\" sizes=\"auto, (max-width: 300px) 100vw, 300px\" \/><\/figure><\/div>\n\n<p>Kad sam vidio ovo veliko mno\u0161tvo \u2013 sigurno veliki zbor \u2013 i kad sam doznao da svi idu u Denver, mislio sam: Ma gdje \u0107e ovi neokatekumeni na\u0107i potrebni novac? Mo\u017eda kane po\u0107i pje\u0161ice ili plivaju\u0107i, ali te\u0161ko je na to i misliti\u2026&#13;\nZnam da ste cijelog dana bili ovdje, u ovoj dvorani. Nisam obavije\u0161ten \u0161to ste ovdje radili \u010ditav dan, nisam ni pitao. Ipak, vidio sam zadnji dio, Predstavljanja zvanja, i gledaju\u0107i to moglo bi se re\u0107i: \u201eEvo Kiko stvara zvanja!\u201c. <\/p>\n\n<p>Ali, Bogu hvala, Kiko nije taj koji ih stvara \u2013 mo\u017eda ova rije\u010d nije to\u010dna, ali kad je ve\u0107 jednom upotrijebljena: Duh Sveti je taj koji stvara zvanja preko raznih ljudskih sredstava: preko pokreta \u2013 ah, nije pokret, nego je Put \u2013 preko cijele ove organizatorske i ljudske strukture, vidljivo je, ali koja je otvorena utjecaju, nadahnu\u0107u Duha Svetoga.<\/p>\n\n<p>Ovdje se razumije smisao naziva: Neokatekumenski put. Katekumenat je bio tradicija u prvim stolje\u0107ima Crkve, a jo\u0161 je i sada u misijskim zemljama, i veliko je dobro za Crkvu, priprema kr\u0161\u0107ane, priprema zvanja. Vi ste bili kr\u0161teni jo\u0161 u va\u0161em djetinjstvu, mo\u017eda u prvim danima va\u0161eg \u017eivota. Katekumenat mora do\u0107i poslije radi otkrivanja bogatstva svetog kr\u0161tenja, tih bogatstava bo\u017eanskih i ljudskih, kojih je mnogo. Pokazao ih je Sv. Pavao, posebno u poslanici Rimljanima, ali danas bi se mogao napisati jedan op\u0161irniji i podrobniji komentar o bogatstvima koja su svojstvena kr\u0161tenju, a ta su bogatstva ujedno bo\u017eanska i ljudska. Jedno od tih bogatstava je upravo to \u0161to kr\u0161tenje nije stati\u010dko. Moglo bi se pro\u0107i samo jedan put, i dosta. Po\u0111e se u jedan moment \u017eivota i dosta. Zapi\u0161e se u \u017eupne knjige i dosta. Ali ne, nije stati\u010dko, dinami\u010dko je: izaziva upravo jedan put kr\u0161\u0107anskog \u017eivota. Ali taj put mo\u017ee ostati neotkriven. Va\u0161 Neokatekumenski put poma\u017ee otkriti onaj krsni put \u2013 onaj krsni put koji po\u010dinje sa sakramentom kr\u0161tenja \u2013 koji svakog od nas mo\u017ee dovesti do jednog zvanja, prije svega op\u0107eg kr\u0161\u0107anskog zvanja. Ve\u0107 biti kr\u0161\u0107ani divno je zvanje, a dobro znamo da unutar kr\u0161\u0107anskog zvanja \u0161to je poziv sviju vjernika, svih kr\u0161tenih im razli\u010ditih zvanja.<\/p>\n\n<div class=\"wp-block-image\"><figure class=\"alignright size-large\"><img loading=\"lazy\" decoding=\"async\" width=\"682\" height=\"563\" src=\"https:\/\/neocatechumenaleiter.org\/wp-content\/uploads\/2020\/03\/Camino_Neocatecumenal_Juan_Pablo_II_audiencia_jovenes_preparacion_jmj_denver_1993_2.jpg\" alt=\"\" class=\"wp-image-9449\" srcset=\"https:\/\/neocatechumenaleiter.org\/wp-content\/uploads\/2020\/03\/Camino_Neocatecumenal_Juan_Pablo_II_audiencia_jovenes_preparacion_jmj_denver_1993_2.jpg 682w, https:\/\/neocatechumenaleiter.org\/wp-content\/uploads\/2020\/03\/Camino_Neocatecumenal_Juan_Pablo_II_audiencia_jovenes_preparacion_jmj_denver_1993_2-300x248.jpg 300w\" sizes=\"auto, (max-width: 682px) 100vw, 682px\" \/><\/figure><\/div>\n\n<p>Brak je, sigurno, sakrament i zvanje. Ako ga uspore\u0111ujemo s drugim kategorijama, nema na\u010dina za uspore\u0111ivanje, nema upravo kr\u0161\u0107anskog uspore\u0111ivanja: brak je veliko zvanje: sacramentum magnum, kako ka\u017ee Sv. Pavao u poslanici Efe\u017eanima.&#13;\nAli ima jedan raspored u Crkvi, jedan nadnaravni raspored, zvanja su ure\u0111ena polaze\u0107i od Crkve. Polaze\u0107i od Crkve ona su potrebna, neophodna su zvanja \u0161to smo ih danas vidjeli nazo\u010dne. Neophodna su, i mi dobro znamo kako su neophodni sve\u0107enici u Crkvi, i kako su s jednog drugog gledanja neophodne posve\u0107ene osobe, redovnice, redovnici, kontemplativci i apostoli: svi su aktivni na jedan odre\u0111eni na\u010din i svi su na jedan odre\u0111eni na\u010din kontemplativni; svi su neophodni da bi \u017eivio cijeli ovaj organizam, a to je Crkva.&#13;\nEto, htio sam dati mali komentar ovom va\u0161em dana\u0161njem zboru, ovoj pripravi za susret u Denveru. \u010cinite dobro \u0161to se pripravljate, jer mora biti veliko iskustvo vjere, krsne vjere u Denveru, kao \u0161to je bilo u prethodnim svjetskim danima mlade\u017ei: Rim, Buenos Aires, zatim Santiago de Compostela, i zadnja Czestochowa.<\/p>\n\n<p>\u017delim vam da nastavite i\u0107i ovim putem koji ste otkrili zahvaljuju\u0107i Neokatekumenskom putu; ovim putem kr\u0161\u0107anskog \u017eivota, kr\u0161\u0107anskog poziva koji svi imamo. \u017delim vam, tako\u0111er, da nastavite i\u0107i ovim putem sve\u0107eni\u010dkog poziva i posve\u0107enog \u017eivota koji ste isto tako otkrili zahvaljuju\u0107i Neokatekumenskom putu. \u017delim vam i da idete u Denver, iako nemate mnogo novaca, na\u0107i \u0107ete ve\u0107 neki na\u010din. Ne znam kako, ali ho\u0107ete.&#13;\nPut zna\u010di tako\u0111er i putovanje. Stoga vam \u017eelim: \u201eSretno putovanje!\u201c.<\/p>\n","protected":false},"excerpt":{"rendered":"<p>Audijencija s mladima koji su sudjelovali na susretu priprave za svjetski dan mladih u Denveru 28-3-1993 Sv. Ivan Pavao II. Dvorana Pavla VI. (Vatikan), 28. o\u017eujka 1993. Dana 28. o\u017eujka, Sveti Otac primio je u audijenciju oko osam tisu\u0107a mladih s Neokatekumenskog puta koji su u auli Pavla VI. imali sastanak priprave na Svjetski dan mladih \u0161to \u0107e se odr\u017eati u kolovozu, u Denveru. Sa mladima su bili Kiko Arg\u00fcello<\/p>\n<div class=\"read-more\"><a class=\"btn read-more-btn\" href=\"https:\/\/neocatechumenaleiter.org\/hr\/rijeci-papa\/sv-ivan-pavao-ii\/audijencija-s-mladima-koji-su-sudjelovali-na-susretu-priprave-za-svjetski-dan-mladih-u-denveru-28-3-1993\/\">Nastavi \u010ditati<\/a><\/div>\n","protected":false},"author":2,"featured_media":0,"parent":9680,"menu_order":71,"comment_status":"closed","ping_status":"closed","template":"","meta":{"footnotes":""},"class_list":["post-16095","page","type-page","status-publish","hentry"],"_links":{"self":[{"href":"https:\/\/neocatechumenaleiter.org\/hr\/wp-json\/wp\/v2\/pages\/16095","targetHints":{"allow":["GET"]}}],"collection":[{"href":"https:\/\/neocatechumenaleiter.org\/hr\/wp-json\/wp\/v2\/pages"}],"about":[{"href":"https:\/\/neocatechumenaleiter.org\/hr\/wp-json\/wp\/v2\/types\/page"}],"author":[{"embeddable":true,"href":"https:\/\/neocatechumenaleiter.org\/hr\/wp-json\/wp\/v2\/users\/2"}],"replies":[{"embeddable":true,"href":"https:\/\/neocatechumenaleiter.org\/hr\/wp-json\/wp\/v2\/comments?post=16095"}],"version-history":[{"count":10,"href":"https:\/\/neocatechumenaleiter.org\/hr\/wp-json\/wp\/v2\/pages\/16095\/revisions"}],"predecessor-version":[{"id":24135,"href":"https:\/\/neocatechumenaleiter.org\/hr\/wp-json\/wp\/v2\/pages\/16095\/revisions\/24135"}],"up":[{"embeddable":true,"href":"https:\/\/neocatechumenaleiter.org\/hr\/wp-json\/wp\/v2\/pages\/9680"}],"wp:attachment":[{"href":"https:\/\/neocatechumenaleiter.org\/hr\/wp-json\/wp\/v2\/media?parent=16095"}],"curies":[{"name":"wp","href":"https:\/\/api.w.org\/{rel}","templated":true}]}}