{"id":16103,"date":"2020-03-04T00:36:23","date_gmt":"2020-03-03T23:36:23","guid":{"rendered":"https:\/\/neocatechumenaleiter.org\/rijeci-papa\/sv-ivan-pavao-ii\/pohod-zupi-sv-crispina-viterberskog-28-3-1993\/"},"modified":"2021-08-10T11:02:57","modified_gmt":"2021-08-10T10:02:57","slug":"pohod-zupi-sv-crispina-viterberskog-28-3-1993","status":"publish","type":"page","link":"https:\/\/neocatechumenaleiter.org\/hr\/rijeci-papa\/sv-ivan-pavao-ii\/pohod-zupi-sv-crispina-viterberskog-28-3-1993\/","title":{"rendered":"Pohod \u017eupi sv. Crispina Viterberskog 28-3-1993"},"content":{"rendered":"\n<h1 class=\"has-text-align-center wp-block-heading\">Pohod \u017eupi sv. Crispina Viterberskog 28-3-1993<\/h1>\n\n<div style=\"height:20px\" aria-hidden=\"true\" class=\"wp-block-spacer\"><\/div>\n\n<h4 class=\"has-text-align-center wp-block-heading\">Sv. Ivan Pavao II.<\/h4>\n\n<div style=\"height:20px\" aria-hidden=\"true\" class=\"wp-block-spacer\"><\/div>\n\n<p><strong>Rim, 28. o\u017eujka 1993.<\/strong><\/p>\n\n<p><em>Ivan Pavao II. susreo se s dvije neokatekumenske zajednice koje su plod osmogodi\u0161nje evangelizacije u \u017eupi Sv. Crispina. Rije\u010d zahvale uputio je mladi\u0107, Roberto Santoponte.<\/em><\/p>\n\n<div class=\"wp-block-image\"><figure class=\"alignright size-large\"><img loading=\"lazy\" decoding=\"async\" width=\"768\" height=\"517\" src=\"https:\/\/neocatechumenaleiter.org\/wp-content\/uploads\/2020\/03\/Camino_Neocatecumenal_Juan_Pablo_II_visita_parroquia_San_Crispin_1993.jpg\" alt=\"\" class=\"wp-image-7660\" srcset=\"https:\/\/neocatechumenaleiter.org\/wp-content\/uploads\/2020\/03\/Camino_Neocatecumenal_Juan_Pablo_II_visita_parroquia_San_Crispin_1993.jpg 768w, https:\/\/neocatechumenaleiter.org\/wp-content\/uploads\/2020\/03\/Camino_Neocatecumenal_Juan_Pablo_II_visita_parroquia_San_Crispin_1993-300x202.jpg 300w\" sizes=\"auto, (max-width: 768px) 100vw, 768px\" \/><\/figure><\/div>\n\n<p>Sveti O\u010de,&#13;\n&#13;\novdje su prisutne dvije neokatekumenske zajednice, plod osmogodi\u0161nje zahtjevne evangelizacije na\u0161e ekipe iz pete zajednice \u017eupe Sv. Francesce Cabrini u Rimu gdje smo zapo\u010deli Put prije 14 godina. Jedna ekipa, tako\u0111er iz na\u0161e zajednice, u ovoj \u017eupi vodi bra\u010dni pastoral i pastoral kr\u0161tenja.&#13;\n&#13;\nU na\u0161oj mati\u010dnoj \u017eupi, ovaj je put ponovnog otkrivanja Kr\u0161tenja, zapo\u010deo prije 24 godine i sada imamo 25 zajednica. Prve dvije ve\u0107 su obnovile krsna obe\u0107anja pred Va\u0161om Svetosti u bazilici Sv. Petra i iz tih zajednica su proiza\u0161li itineranti, prezbiteri i obitelji koje katehiziraju po cijelom svijetu.&#13;\n&#13;\nMnogi su iz na\u0161e zajednice dugo bili udaljeni od Crkve i divota je bilo otkriti brigu i materinstvo Crkve, koja nas je do\u0161la potra\u017eiti, da bi u na\u0161em \u017eivotu, nakon mnogo godina besmisla, odjeknula Radosna vijest ljubavi Bo\u017eje prema svakome od nas, o\u010ditovana u njegovom Sinu Isusu Kristu.&#13;\n&#13;\nZahvaljuju\u0107i slu\u0161anju Bo\u017eje Rije\u010di i sudjelovanju na liturgijama, tijekom ovih godina promatrali smo \u010dudesa koja je Bog \u010dinio u na\u0161im \u017eivotima i u \u017eivotima na\u0161e bra\u0107e: pozivi na sve\u010deni\u0161tvo i posve\u0107eni \u017eivot; obnovljeni brakovi; obitelji velikodu\u0161no otvorene prihva\u0107anju \u017eivota, u kojem su otkrili autenti\u010dni i besplatni Bo\u017eji dar.<\/p>\n\n<p>Iako sam od malena u Crkvi, nisam nikada iskusio besplatnost ljubavi Bo\u017eje prema gre\u0161nicima, me\u0111u kojima sam otkrio i sebe.&#13;\nSusret s Bogom, upravo u trpljenju i u doga\u0111ajima smrti koji su ozna\u010dili moj \u017eivot, bio je doga\u0111aj koji je preobrazio moj \u017eivot i \u017eivot ove bra\u0107e katehist\u00e2, i koji nas je naveo da damo malo svog \u017eivota za Evan\u0111elje jer smo bili potaknuti zahvalno\u0161\u0107u prema Bogu Ocu i svjesni, da nas, kako ka\u017ee Sv. Pavao \u201eljubav Kristova tjera\u201c da ovu Radosnu vijest, koja je promijenila na\u0161e \u017eivote, donesemo onima koji je o\u010dekuju i koji je, kao i mi, imaju pravo \u010duti.&#13;\nMnogi su problemi u ovoj \u010detvrti: droga, zapu\u0161tenost, nezaposlenost, siroma\u0161tvo, nasilje i mnogi mladi ve\u0107 su izgubili najdublji smisao \u017eivota, ali mi znamo da je jedino rje\u0161enje za ove ogromne tragedije, jedini odgovor na najdublje potrebe svakog \u010dovjeka, Isus Krist, koji je umro zbog na\u0161ih grijeha i uskrsnuo radi na\u0161eg opravdanja.&#13;\nDanas su ova bra\u0107a znak da je ova Rije\u010d istinita, da je mogu\u0107e ljubiti se kako nas je sam Krist ljubio, preko jednog Puta koji vodi k vjeri, isku\u0161avaju\u0107i vlastitu slabost, ali istovremeno ku\u0161aju\u0107i ljubav Bo\u017eju i milosr\u0111e Crkve, a na\u0161a je nada u Gospodinu da \u0107e ova bra\u0107a biti \u201eprvoro\u0111eni od mnoge bra\u0107e\u201c koji \u0107e do\u0107i poslije njih.&#13;\nUpravo zbog njihove ustrajnosti i podr\u0161ke \u017eupnika don Vincenza, koji nas nije ostavio ni u najte\u017eim trenucima, danas u ovoj \u017eupi postoji, za na\u0161u toliku udaljenu bra\u0107u, jedna otvorena cesta, jedan put povratka Ocu.<\/p>\n\n<p>Povjeravamo Djevici Mariji, koja je nadahnula ovaj Put, na\u0161e te\u017enje i \u017eelje, a od Vas, Sveti O\u010de, o\u010dekujemo molitvenu podr\u0161ku i ohrabrenje da nastavimo poduzeto djelo, uvjereni da ne mo\u017eemo u\u010diniti ni\u0161ta bez Duha Isusa Krista i zajedni\u0161tva s \u201ePetrom\u201c.&#13;\nPrihvatite, na kraju ovog posjeta, ovaj mali izraz po\u0161tovanja, znak na\u0161e \u017eelje jedinstva s Vama, koji nas, poput Krista, poti\u010de da \u201ebacimo mre\u017ee\u201c, pouzdavaju\u0107i se samo u njegovu Rije\u010d, sigurni da \u0107e plod koji \u0107e iz toga proiza\u0107i biti na izgradnju cijele Crkve. Jedna djevojka donijela je Svetome Ocu znakoviti dar, kip koji predstavlja Petra koji povla\u010di mre\u017ee i gleda Isusa Krista. \u00bbNadamo se baciti mre\u017ee na istok. To je \u017eelja sviju nas iako smo slabi, jadni i nezreli, ali \u017eelimo evangelizirati\u00ab. <\/p>\n\n<p><em>\u201eEvangelizirati istok i zapad, svugdje\u201c odgovorio je Sveti Otac i nakon toga izrekao slijede\u0107i govor:<\/em><\/p>\n\n<div class=\"wp-block-image\"><figure class=\"alignleft size-large\"><img loading=\"lazy\" decoding=\"async\" width=\"702\" height=\"566\" src=\"https:\/\/neocatechumenaleiter.org\/wp-content\/uploads\/2020\/03\/Camino_Neocatecumenal_Juan_Pablo_II_visita_parroquia_San_Crispin_1993_2.jpg\" alt=\"\" class=\"wp-image-7662\" srcset=\"https:\/\/neocatechumenaleiter.org\/wp-content\/uploads\/2020\/03\/Camino_Neocatecumenal_Juan_Pablo_II_visita_parroquia_San_Crispin_1993_2.jpg 702w, https:\/\/neocatechumenaleiter.org\/wp-content\/uploads\/2020\/03\/Camino_Neocatecumenal_Juan_Pablo_II_visita_parroquia_San_Crispin_1993_2-300x242.jpg 300w\" sizes=\"auto, (max-width: 702px) 100vw, 702px\" \/><\/figure><\/div>\n\n<p>Va\u0161 predstavlja\u010d rekao je da vas don Vincenzo nikad nije ostavio. Zahvalimo Gospodinu \u0161to je don Vincenzo tako dobar, ali ni vi niste ostavili don Vincenza; i to je va\u017eno. Vrlo je va\u017eno ovo zajedni\u0161tvo s va\u0161im \u017eupnikom, sa sve\u0107enikom i preko sve\u0107enika s Kristom.&#13;\nSada sam s pastoralnim vije\u0107em razgovarao o animaciji, jer je istina da ova \u017eupa, kao ljudska i kr\u0161\u0107anska zajednica, ima potrebu animiranja. Animacija je proces koji razli\u010dite elemente jednog organizma povezuje u \u017eivu cjelinu.<\/p>\n\n<p>I vi, na razne na\u010dine, animirate. Kad se u\u0111e u crkvu, kad se slavi Misa, mo\u017ee se re\u0107i<em>: eto, animiraju s pjesmom<\/em>. Bio sam na mnogo slavlja, po tolikim \u017eupama i crkvama na svijetu: pjesma je jedna animacija, daje du\u0161u zajednici vjernika koja moli. Daje du\u0161u, i nije Sv. Augustin rekao bez temelja: \u201equi cantat bis orat\u201c (tko pjeva dvostruko moli). \u201eBis orat\u201c (dvostruko moli) jer poma\u017ee i drugima moliti.&#13;\n&#13;\nAli ova animacija neokatekumena dublje je ukorijenjena. Nisu to samo kantori, iako su dobri kantori. Ova animacija dolazi iz samog korijena na\u0161eg iskustva u Kristu, a taj korijen je Kr\u0161tenje.&#13;\n&#13;\nIzabrali su ime \u201eNeokatekumeni\u201c misle\u0107i na katekumenat koji je formirao prve nara\u0161taje Crkve, ovdje u Rimu i svugdje. Katekumenat je nekr\u0161\u0107anima, kandidatima za Kr\u0161tenje, otkrivao otajstvo Krista, neistra\u017eiva bogatstva koja su u Kristu i koja su za nas, u kojima sudjelujemo. I ovo sudjelovanje je potpuno, jezgra zapo\u010dinje ve\u0107 s Kr\u0161tenjem.<\/p>\n\n<p>Potrebno je vratiti se na Kr\u0161tenje, svaki se kr\u0161\u0107anin treba vratiti na svoje Kr\u0161tenje da bi upoznao sebe, da bi upoznao tko je on u Kristu; i da bi se tako njegov \u017eivot promijenio u novi \u017eivot. Znamo da je taj novi \u017eivot duboko upisan u kr\u0161\u0107ansku Poruku, u Djelima apostolskim i prije svega u Evan\u0111elju. Jedno je ovaj novi \u017eivot na razini rije\u010di, a drugo je ako ga se \u017eivi. To je izvanredni \u017eivot, izvanredno iskustvo.&#13;\nTo je va\u0161a najtemeljnija animacija. To je animacija putem ovog ponovnog otkrivanja bogatstava koja su u Kristu, koja su u nama zahvaljuju\u0107i Kristu i koja Duh Sveti Kr\u0161tenjem dariva svima.<\/p>\n\n<p>Postoji, zatim, jo\u0161 jedno bogatstvo, vrlo va\u017ena animacija koju dajete svijetu. Ovaj rezignirani svijet, koji sa svim svojim napretkom ne vidi perspektivu i toliko puta ostaje bez ikakve nade: ne ljubi \u017eivot \u2013 to je stra\u0161na bolest dana\u0161njeg zapadnog, ameri\u010dkog, europskog dru\u0161tva. Ne ljubi \u017eivot, pla\u0161i se \u017eivota, \u010dini sve da ne bi dao \u017eivot.<\/p>\n\n<p>Eto, jo\u0161 jedna va\u0161a animacija je ljubav prema \u017eivotu. To je animacija koja ulazi u vas, va\u0161e obitelji i tamo se ostvaruje; to je hrabra animacija, puna nade i puna radosti jer novi \u017eivot donosi radost, djeca donose radost; a istodobno, to je animacija kr\u0161\u0107anske i ljudske hrabrosti.&#13;\nTo sam vam \u017eelio re\u0107i, jer vas pratim, ne uvijek izbliza, vi\u0161e puta iz daleka, ali vas pratim dosta i smatram da je ovaj pokret, kao i mnogi drugi pokreti, veliki dar Duha Svetoga Crkvi i \u010dovje\u010danstvu danas. Sretan Uskrs, Uskrs je sredi\u0161nja to\u010dka na\u0161eg vjerovanja i na\u0161eg \u017eivota.<\/p>\n","protected":false},"excerpt":{"rendered":"<p>Pohod \u017eupi sv. Crispina Viterberskog 28-3-1993 Sv. Ivan Pavao II. Rim, 28. o\u017eujka 1993. Ivan Pavao II. susreo se s dvije neokatekumenske zajednice koje su plod osmogodi\u0161nje evangelizacije u \u017eupi Sv. Crispina. Rije\u010d zahvale uputio je mladi\u0107, Roberto Santoponte. Sveti O\u010de,&#13; &#13; ovdje su prisutne dvije neokatekumenske zajednice, plod osmogodi\u0161nje zahtjevne evangelizacije na\u0161e ekipe iz pete zajednice \u017eupe Sv. Francesce Cabrini u Rimu gdje smo zapo\u010deli Put prije 14 godina.<\/p>\n<div class=\"read-more\"><a class=\"btn read-more-btn\" href=\"https:\/\/neocatechumenaleiter.org\/hr\/rijeci-papa\/sv-ivan-pavao-ii\/pohod-zupi-sv-crispina-viterberskog-28-3-1993\/\">Nastavi \u010ditati<\/a><\/div>\n","protected":false},"author":2,"featured_media":0,"parent":9680,"menu_order":72,"comment_status":"closed","ping_status":"closed","template":"","meta":{"footnotes":""},"class_list":["post-16103","page","type-page","status-publish","hentry"],"_links":{"self":[{"href":"https:\/\/neocatechumenaleiter.org\/hr\/wp-json\/wp\/v2\/pages\/16103","targetHints":{"allow":["GET"]}}],"collection":[{"href":"https:\/\/neocatechumenaleiter.org\/hr\/wp-json\/wp\/v2\/pages"}],"about":[{"href":"https:\/\/neocatechumenaleiter.org\/hr\/wp-json\/wp\/v2\/types\/page"}],"author":[{"embeddable":true,"href":"https:\/\/neocatechumenaleiter.org\/hr\/wp-json\/wp\/v2\/users\/2"}],"replies":[{"embeddable":true,"href":"https:\/\/neocatechumenaleiter.org\/hr\/wp-json\/wp\/v2\/comments?post=16103"}],"version-history":[{"count":6,"href":"https:\/\/neocatechumenaleiter.org\/hr\/wp-json\/wp\/v2\/pages\/16103\/revisions"}],"predecessor-version":[{"id":24145,"href":"https:\/\/neocatechumenaleiter.org\/hr\/wp-json\/wp\/v2\/pages\/16103\/revisions\/24145"}],"up":[{"embeddable":true,"href":"https:\/\/neocatechumenaleiter.org\/hr\/wp-json\/wp\/v2\/pages\/9680"}],"wp:attachment":[{"href":"https:\/\/neocatechumenaleiter.org\/hr\/wp-json\/wp\/v2\/media?parent=16103"}],"curies":[{"name":"wp","href":"https:\/\/api.w.org\/{rel}","templated":true}]}}