{"id":16168,"date":"2020-03-04T00:39:08","date_gmt":"2020-03-03T23:39:08","guid":{"rendered":"https:\/\/neocatechumenaleiter.org\/rijeci-papa\/sv-ivan-pavao-ii\/susret-u-becu-u-prisutnosti-brojnih-europskih-biskupa-13-4-1993\/"},"modified":"2021-08-10T11:03:02","modified_gmt":"2021-08-10T10:03:02","slug":"susret-u-becu-u-prisutnosti-brojnih-europskih-biskupa-13-4-1993","status":"publish","type":"page","link":"https:\/\/neocatechumenaleiter.org\/hr\/rijeci-papa\/sv-ivan-pavao-ii\/susret-u-becu-u-prisutnosti-brojnih-europskih-biskupa-13-4-1993\/","title":{"rendered":"Susret u Be\u010du u prisutnosti brojnih europskih biskupa 13-4-1993"},"content":{"rendered":"\n<h1 class=\"has-text-align-center wp-block-heading\">Susret u Be\u010du u prisutnosti brojnih europskih biskupa 13-4-1993<\/h1>\n\n<div style=\"height:20px\" aria-hidden=\"true\" class=\"wp-block-spacer\"><\/div>\n\n<h4 class=\"has-text-align-center wp-block-heading\">Sv. Ivan Pavao II.<\/h4>\n\n<div style=\"height:20px\" aria-hidden=\"true\" class=\"wp-block-spacer\"><\/div>\n\n<p><strong>Be\u010d, 17. travnja 1993.<\/strong><\/p>\n\n<p><em>Da li \u0107e Europa u 2000. biti kr\u0161\u0107anska? Radi odgovora na ovo pitanje koje je formulirao Sveti Otac, okupilo se u Be\u010du, od 13. do 17. travnja, 5 kardinala i 120 biskupa iz cijele Europe, od Portugala do Rusije.<\/em>&#13;\n&#13;\n<em>Susret je 14. travnja, u srijedu ujutro, inaugurirao kardinal Groer koji je podcrtao va\u017enost Neokatekumenskog puta za Crkvu, na pragu tre\u0107eg tisu\u0107lje\u0107a. Potpredsjednik Papinskog vije\u0107a za laike, mons. Paul Cordes, pro\u010ditao je Papino pismo koje je poslao za tu priliku.<\/em><\/p>\n\n<div class=\"wp-block-image\"><figure class=\"aligncenter size-large\"><img loading=\"lazy\" decoding=\"async\" width=\"400\" height=\"276\" src=\"https:\/\/neocatechumenaleiter.org\/wp-content\/uploads\/2020\/03\/Camino_Neocatecumenal_Juan_Pablo_II_encuentro_viena_obispos_1993.jpg\" alt=\"\" class=\"wp-image-8907\" srcset=\"https:\/\/neocatechumenaleiter.org\/wp-content\/uploads\/2020\/03\/Camino_Neocatecumenal_Juan_Pablo_II_encuentro_viena_obispos_1993.jpg 400w, https:\/\/neocatechumenaleiter.org\/wp-content\/uploads\/2020\/03\/Camino_Neocatecumenal_Juan_Pablo_II_encuentro_viena_obispos_1993-300x207.jpg 300w\" sizes=\"auto, (max-width: 400px) 100vw, 400px\" \/><\/figure><\/div>\n\n<p>Slijedi prijevod toga pisma.<\/p>\n\n<p>Po\u0161tovana subra\u0107o u Episkopatu, draga bra\u0107o i sestre!&#13;\n&#13;\nVelika mi je utjeha znati da ste se, nakon malo godina poslije mog poziva za novu evangelizaciju Europe, sastali u Be\u010du da biste zajedno razmi\u0161ljali nad plodovima koje sna\u017enim poletom i gorljivo\u0161\u0107u za Evan\u0111elje, donose sve\u0107enici, itineranti i obitelji Neokatekumenskog puta.&#13;\n&#13;\nDana 5. lipnja 1990., prilikom otvorenja radova Posebnog vije\u0107a za Europu, sa \u017ealo\u0161\u0107u sam ustvrdio da su se na ovom na\u0161em kontinentu mnogi navikli gledati na stvarnost \u201ekao da Boga nema\u201c. U toj perspektivi \u2013 nadodao sam \u2013 \u010dovjek \u201epostaje izvor moralnog zakona, i samo taj zakon \u0161to ga \u010dovjek sam sebi daje, sa\u010dinjava mjeru njegove savjesti i pona\u0161anja\u201c (Insegnamenti, vol. XIII., 1, 1990, ss. 1517 s.). S druge strane, ne mo\u017ee se nijekati da je Duh Sveti, preko II. vatikanskog sabora, dao vrijedna sredstva \u2013 me\u0111u kojima je i Neokatekumenski put \u2013 da se odgovori na pitanja suvremenog \u010dovjeka. Nakon nekoliko godina, u svjetlu postignutih rezultata, odlu\u010dio sam napismeno podr\u017eati to iskustvo nove evangelizacije, \u017eele\u0107i tako pripomo\u0107i da ga bra\u0107a u Episkopatu poma\u017eu i cijene (usp. Pismo od 30.08.1990.).&#13;\n&#13;\nMnogi od vas su neposredni svjedoci tih rezultata i prvi protagonisti \u0161irenja ove nove crkvene stvarnosti; zbog toga su va\u0161a dana\u0161nja razmi\u0161ljanja od iznimne va\u017enosti, kao \u0161to su bila i razmi\u0161ljanja biskup\u00e2 ameri\u010dkog kontinenta, za vrijeme pro\u0161logodi\u0161njeg susreta u Santo Domingu.&#13;\n&#13;\nNeokatekumenski put, na kojem sazrijevaju itineranti i obitelji u poslanju, mo\u017ee odgovoriti na izazove sekularizma \u2013 \u0161irenje sekti i pomanjkanje poziva. Razmi\u0161ljanje nad Rije\u010di Bo\u017ejom i sudjelovanje na Euharistiji, omogu\u0107uju stupnjevitu inicijaciju u sveta Otajstva, formiraju \u017eive stanice Crkve, obnavljaju \u017eivotnost \u017eupe preko zrelih kr\u0161\u0107ana koji su sposobni svjedo\u010diti istinu radikalno \u017eivljenom vjerom.&#13;\n&#13;\nOvaj Put je posebno prikladan da u raskr\u0161\u0107anjenim krajevima pridonese \u201ereimplantatio Ecclesiae\u201c, vode\u0107i \u010dovjeka k poslu\u0161nosti objavljenoj istini, u \u0107udorednom pona\u0161anju, te obnavljaju\u0107i dru\u0161tveno tkivo, razoreno nedostatkom spoznaje Boga i njegove ljubavi. Ve\u0107 se u nekim krajevima nastanjuju misionarske obitelji, kao jezgre, da bi bile Kristovo svjetlo i primjer \u017eivota.&#13;\n&#13;\nAli takvo bi poslanje bilo nemogu\u0107e bez prezbitera, pripremljenih da svojom slu\u017ebom podr\u017ee ovo djelo nove evangelizacije. Zahvalan sam Gospodinu koji je \u017eelio podignuti mnoga zvanja te zatim biskupijska misijska sjemeni\u0161ta u raznim zemljama Europe, nazvanih slatkim imenom Djevice Marije, \u201eRedemptoris Mater\u201c.&#13;\n&#13;\nPod njezinu maj\u010dinsku za\u0161titu i njeno sna\u017eno nadahnu\u0107e stavljam i ovaj va\u0161 susret \u0161to \u0107e vas ohrabriti i dati vam jo\u0161 vi\u0161e poleta u apostolskom zauzimanju za suvremenog \u010dovjeka, koji je potreban vodstva Pastir\u00e2 i svjedok\u00e2 koje mu oni \u0161alju da bi upoznao Boga, zazvao njegovo ime i po tome primio spasenje.&#13;\n&#13;\nNeka svjetlo Uskrslog Gospodina, koje smo sve\u010dano proslavili na Pashalnom bdjenju, nastavi svijetliti u vama i neka vas podr\u017eava u va\u0161em poslanju slu\u017ebe Crkvi i cijelom \u010dovje\u010danstvu.<\/p>\n\n<p>Iz Vatikana, 12. travnja 1993.&#13;\n&#13;\nJoannes Paulus II&#13;\n&#13;\n(*) Usp. \u201eL\u2019 Osservatore Romano\u201c, 22, travnja 1993.<\/p>\n","protected":false},"excerpt":{"rendered":"<p>Susret u Be\u010du u prisutnosti brojnih europskih biskupa 13-4-1993 Sv. Ivan Pavao II. Be\u010d, 17. travnja 1993. Da li \u0107e Europa u 2000. biti kr\u0161\u0107anska? Radi odgovora na ovo pitanje koje je formulirao Sveti Otac, okupilo se u Be\u010du, od 13. do 17. travnja, 5 kardinala i 120 biskupa iz cijele Europe, od Portugala do Rusije.&#13; &#13; Susret je 14. travnja, u srijedu ujutro, inaugurirao kardinal Groer koji je podcrtao<\/p>\n<div class=\"read-more\"><a class=\"btn read-more-btn\" href=\"https:\/\/neocatechumenaleiter.org\/hr\/rijeci-papa\/sv-ivan-pavao-ii\/susret-u-becu-u-prisutnosti-brojnih-europskih-biskupa-13-4-1993\/\">Nastavi \u010ditati<\/a><\/div>\n","protected":false},"author":2,"featured_media":0,"parent":9680,"menu_order":73,"comment_status":"closed","ping_status":"closed","template":"","meta":{"footnotes":""},"class_list":["post-16168","page","type-page","status-publish","hentry"],"_links":{"self":[{"href":"https:\/\/neocatechumenaleiter.org\/hr\/wp-json\/wp\/v2\/pages\/16168","targetHints":{"allow":["GET"]}}],"collection":[{"href":"https:\/\/neocatechumenaleiter.org\/hr\/wp-json\/wp\/v2\/pages"}],"about":[{"href":"https:\/\/neocatechumenaleiter.org\/hr\/wp-json\/wp\/v2\/types\/page"}],"author":[{"embeddable":true,"href":"https:\/\/neocatechumenaleiter.org\/hr\/wp-json\/wp\/v2\/users\/2"}],"replies":[{"embeddable":true,"href":"https:\/\/neocatechumenaleiter.org\/hr\/wp-json\/wp\/v2\/comments?post=16168"}],"version-history":[{"count":8,"href":"https:\/\/neocatechumenaleiter.org\/hr\/wp-json\/wp\/v2\/pages\/16168\/revisions"}],"predecessor-version":[{"id":24156,"href":"https:\/\/neocatechumenaleiter.org\/hr\/wp-json\/wp\/v2\/pages\/16168\/revisions\/24156"}],"up":[{"embeddable":true,"href":"https:\/\/neocatechumenaleiter.org\/hr\/wp-json\/wp\/v2\/pages\/9680"}],"wp:attachment":[{"href":"https:\/\/neocatechumenaleiter.org\/hr\/wp-json\/wp\/v2\/media?parent=16168"}],"curies":[{"name":"wp","href":"https:\/\/api.w.org\/{rel}","templated":true}]}}