{"id":16174,"date":"2020-03-04T01:48:56","date_gmt":"2020-03-04T00:48:56","guid":{"rendered":"https:\/\/neocatechumenaleiter.org\/rijeci-papa\/sv-ivan-pavao-ii\/audijencija-s-katehistima-itineranatima-17-1-1994\/"},"modified":"2021-08-10T11:03:32","modified_gmt":"2021-08-10T10:03:32","slug":"audijencija-s-katehistima-itineranatima-17-1-1994","status":"publish","type":"page","link":"https:\/\/neocatechumenaleiter.org\/hr\/rijeci-papa\/sv-ivan-pavao-ii\/audijencija-s-katehistima-itineranatima-17-1-1994\/","title":{"rendered":"Audijencija s katehistima itineranatima  17-1-1994"},"content":{"rendered":"\n<h1 class=\"has-text-align-center wp-block-heading\">Audijencija s katehistima itineranatima  17-1-1994<\/h1>\n\n<div style=\"height:20px\" aria-hidden=\"true\" class=\"wp-block-spacer\"><\/div>\n\n<h4 class=\"has-text-align-center wp-block-heading\">Sv. Ivan Pavao II.<\/h4>\n\n<div style=\"height:20px\" aria-hidden=\"true\" class=\"wp-block-spacer\"><\/div>\n\n<p><strong>Vatikan\u00a0\u2013 Sala Clementina, 17. sije\u010dnja 1994.<\/strong><\/p>\n\n<p><em>Ivan Pavao II. primio je u audijenciju, u sali Klementini, grupu katehista itineranata \u201eNeokatekumenskog puta\u201c. Slijedi tekst govora koji im je uputio Sveti Otac:<\/em><\/p>\n\n<div class=\"wp-block-image\"><figure class=\"alignright size-large\"><img loading=\"lazy\" decoding=\"async\" width=\"690\" height=\"567\" src=\"https:\/\/neocatechumenaleiter.org\/wp-content\/uploads\/2020\/03\/Camino_Neocatecumenal_Juan_Pablo_II_audiencia_catequistas_itinerantes_1994.jpg\" alt=\"\" class=\"wp-image-8176\" srcset=\"https:\/\/neocatechumenaleiter.org\/wp-content\/uploads\/2020\/03\/Camino_Neocatecumenal_Juan_Pablo_II_audiencia_catequistas_itinerantes_1994.jpg 690w, https:\/\/neocatechumenaleiter.org\/wp-content\/uploads\/2020\/03\/Camino_Neocatecumenal_Juan_Pablo_II_audiencia_catequistas_itinerantes_1994-300x247.jpg 300w\" sizes=\"auto, (max-width: 690px) 100vw, 690px\" \/><\/figure><\/div>\n\n<p>Predraga bra\u0107o i sestre u Kristu!&#13;\n&#13;\n1. Za mene je razlog velike radosti ovaj susret s vama iskusnim katehistima itinerantima Neokatekumenskog puta, koji ste zajedno sa za\u010detnicima i odgovornima, sastali da molite i razmi\u0161ljate o plodovima i perspektivama povjerene vam misije, a posebno obzirom na ulogu obitelji me\u0111u siromasima.&#13;\n&#13;\nPozdravljam gospodina Kika Arg\u00fcello i zahvaljujem mu na rije\u010dima koje mi je maloprije uputio u ime svih vas; srda\u010dno pozdravljam svakog od vas. Mir Gospodinov neka je s vama.<\/p>\n\n<p>2. Va\u0161 Put crpi iz duha Drugog vatikanskog sabora, da bi ponudio primjer nove evangelizacije koja daje nadu Crkvi uo\u010di tre\u0107eg kr\u0161\u0107anskog tisu\u0107lje\u0107a.&#13;\n&#13;\nVa\u0161a je zasluga \u0161to ste otkrili \u201ekerigmatsko\u201c propovijedanje, koje poziva vjeri tako\u0111er i \u201eudaljene\u201c, ostvaruju\u0107i pokrsni itinerarij prema Ordo Itinatiationis Christianae Adultorum, Ponovljenim u Katekizmu katoli\u010dke Crkve (usp. 1231). U sredi\u0161tu ovog uvo\u0111enja u vjeru je plodna sinteza izme\u0111u propovijedanja, promjene moralnog \u017eivota i liturgije. Sve se to ostvaruje u malim zajednicama, u kojima razmatranje Bo\u017eje Rije\u010di i sudjelovanje u Euharistiji \u2026 formiraju stanice \u017eive Crkve, obnavljaju vitalnost \u017eupa preko zrelih kr\u0161\u0107ana sposobnih da svjedo\u010de za istinu s radikalno \u017eivljenom vjerom (Poruka biskupima Europe okupljenim u Be\u010du, 12. travnja 1993.). Takve zajednice poma\u017eu da se Crkva do\u017eivljava kao Tijelo Kristovo u kojemu, posredstvom sakramentalnih znakova, Bog \u0161iri svoje djelo spasenja na ljude svih generacija, osobito na obitelji.<\/p>\n\n<p>3. danas svi priznaju da te\u0161ka kriza zahva\u0107a obitelj i da je to izvor najdubljih zala suvremenog dru\u0161tva. Upravo zato je Crkva, usvajaju\u0107i inicijativu Ujedinjenih naroda, odredila da 1994. Godina bude godina obitelji.&#13;\n&#13;\nVa\u0161e vam je ve\u0107 vi\u0161egodi\u0161nje iskustvo na Putu zasigurno pokazalo da mala zajednica, podr\u017eavana od Bo\u017eje Rije\u010di i nedjeljne Euharistije, postaje mjesto zajedni\u0161tva, gdje obitelj otkriva smisao i radost svoga temeljnog poslanja da prenosi naravni i nadnaravni \u017eivot. Ovaj svoj prvotni zadatak obitelj ne mo\u017ee prebaciti na druge. Vidimo da je jo\u0161 od najstarijih vremena u narodu Bo\u017ejem obitelj ta koja je prvo podru\u010dje evangelizacije prema onom \u0161to \u010ditamo u knjizi Ponovljenog zakona: \u201eOve zapovijedi\u2026 ponavljat \u0107e\u0161 ih svojoj djeci, govorit \u0107e\u0161 o njima kad sjedi\u0161 u svojoj ku\u0107i, kada ide\u0161 putem, kada lijega\u0161 i ustaje\u0161.\u201c (Pnz 6,7) Tako va\u0161e obitelji otkrivaju svakodnevnu molitvu s djecom, a nadasve ono ku\u0107no slavlje koje se vr\u0161i u Dan Gospodnji, u kojem otac i majka otvaraju Sveti Tekst, \u010ditaju ga i tuma\u010de, a djeca se mogu dijalogu otvoriti dijalogu osvijetljenom od Duha Svetoga. Takav obi\u010daj nalazi odjeka u Pismu u kojemu Sv. Pavao podsje\u0107a Timoteja kako su ga njegova majka i baka jo\u0161 od njegova djetinjstva uvodile u Sv. Pismo (usp. Tim 1,5; 3,14-15).<\/p>\n\n<p>4. Stoga u svijetlu ovoga, nije te\u0161ko utvrditi plodove Neokatekumenskog puta: obitelji pomirene, otvorene \u017eivotu i zahvalne Crkvi, nude se da navje\u0161taj Evan\u0111elja ponesu do krajnjih granica zemlje. I ja sam u raznim prigodama predao osobno misijski kri\u017e obiteljima koje su odlazile u najsiroma\u0161nije i dekristijanizirane krajeve. Sada iz njih ni\u010du mnogobrojna zvanja: djevojke koje \u017eele prigrliti redovni\u010dki kontemplativni \u017eivot; mladi\u0107i upu\u0107eni prema sve\u0107eni\u0161tvu u mjesnim i biskupijsko-misijskim sjemeni\u0161tima \u201eRedemptoris Mater\u201c, koja su se rodila da budu pomo\u0107 Crkvama, koje se zbog pomanjkanja klera nalaze u velikim te\u0161ko\u0107ama. Tako se ostvaruje \u017eelja Drugog vatikanskog sabora: \u201eNeka ne zaborave prezbiteri da njima le\u017ei briga za sve Crkve \u2026 S tom bi svrhom moglo biti korisno osnivanje me\u0111unarodnih sjemeni\u0161ta.\u201c (Presbyterorum Ordinis 10)<\/p>\n\n<div class=\"wp-block-image\"><figure class=\"alignleft size-large\"><img loading=\"lazy\" decoding=\"async\" width=\"681\" height=\"558\" src=\"https:\/\/neocatechumenaleiter.org\/wp-content\/uploads\/2020\/03\/Camino_Neocatecumenal_Juan_Pablo_II_audiencia_catequistas_itinerantes_1994_2.jpg\" alt=\"\" class=\"wp-image-8181\" srcset=\"https:\/\/neocatechumenaleiter.org\/wp-content\/uploads\/2020\/03\/Camino_Neocatecumenal_Juan_Pablo_II_audiencia_catequistas_itinerantes_1994_2.jpg 681w, https:\/\/neocatechumenaleiter.org\/wp-content\/uploads\/2020\/03\/Camino_Neocatecumenal_Juan_Pablo_II_audiencia_catequistas_itinerantes_1994_2-300x246.jpg 300w\" sizes=\"auto, (max-width: 681px) 100vw, 681px\" \/><\/figure><\/div>\n\n<p>5. Ali iznad svega veliki plod ovog Puta je misionarski polet. S rado\u0161\u0107u doznajem da su moje rije\u010di upravljene mladima u Denveru na\u0161le odjeka u vama. Tada sam rekao: \u201eNije vrijeme da se stidimo evan\u0111elja\u201c (usp. Rim 1,6). Vrijeme je da ga navije\u0161tamo s krovova! (usp. Mt 10,27) (Homilija na Sv. Misi na Svjetski dan mladih u Denveru, 15. kolovoza 1993.) Zato se spremate za velike pu\u010dke misije, namijenjene posebno onima koji su se udaljili od Crkve ili je jo\u0161 nisu upoznali. \u017eelim vam da inicijativa navije\u0161tanja Evan\u0111elja na ulicama, a u punom skladu s mjesnim biskupima, donese obilne plodove.&#13;\n&#13;\n\u00a0&#13;\n&#13;\n6. Predragi evangelizatori itineranti! Vama se s ljubavlju obra\u0107am, vama koji ostavljate sve radi propovijedanja Krista i to radi Krista raspetoga u 94 zemlje na pet kontinenata u trajnom i privr\u017eenom posluhu biskupima. Poti\u010dem vas da ostanete uvijek vjerni karizmi koju vam je Bog povjerio za dobro cijele crkvene zajednice, doprinose\u0107i s va\u0161im djelom dubljem otkrivanju kr\u0161\u0107anske inicijacije odraslih. Dok vam jam\u010dim moje trajno sje\u0107anje u molitvi, radostan sam danas, u ozra\u010dju blagdanskog zajedni\u0161tva, da mogu predati kri\u017e onima me\u0111u vama koji su pozvani da budu evangelizatori itineranti.&#13;\n&#13;\nPresveta Marija, ponizna Nazaretska Djevica, neka vas prati na va\u0161em hodu putovima svijeta radi navije\u0161tanja kraljevstva Bo\u017ejega. Ostanite svi pod njezinom maj\u010dinskom za\u0161titom! Od srca podjeljujem vama, va\u0161im obiteljima, Neokatekumenskom putu apostolski blagoslov.<\/p>\n\n<p>U pozdravu koji je Kiko Arg\u00fcello, inicijator Neokatekumenskog puta, uputio Ivanu Pavlu II., podsjetio je na plodove izvanrednog iskustva svjetskog susreta u Denveru, u kolovozu pro\u0161le godine, prilikom VIII. Svjetskog dana mladih, na kojem je bilo prisutno 30.000 mladih s Neokatekumenskog puta. Nakon tog susreta tisu\u0107u dvjesto mladi\u0107a odlu\u010dilo je po\u0107i u sjemeni\u0161te, a tisu\u0107u djevojaka odlu\u010dilo se za redovni\u010dki \u017eivot u klauzuri.&#13;\n&#13;\nKiko je rekao da se \u201eu Denveru, zbilja, dogodio preokret u Crkvi. Tamo je bila prisutna posebna milost Duha Svetoga, a mladi su, iznad svega, bili dirnuti rije\u010dima Svetog Oca.\u201c<\/p>\n\n<p><em>Zatim je Kiko Arg\u00fcello Papi predstavio odgovorne itinerante za 94 naroda, na pet kontinenata, koji su sudjelovali na susretu od sedam dana, o stvarnosti Puta, plodovima obitelj\u00ee u poslanju (400 po cijelom svijetu) i sjemeni\u0161tima Redemptoris Mater (ve\u0107 ih je 25 u raznim zemljama) \u010diji su rektori bili prisutni na audijenciji.<\/em>&#13;\n&#13;\n<em>Proteklo je sedam godina otkako su prve obitelji s Puta krenuli u misije u najsiroma\u0161nije zemlje Latinske Amerike. Danas imamo mnoge plodove te evangelizacije u \u017eupama, sjemeni\u0161tima, obiteljima, u sve te\u017eim politi\u010dkim i dru\u0161tvenim okolnostima neprijateljski raspolo\u017eenih prema vjeri.<\/em> \u201ePotpuno smo uvjereni \u2013 rekao je, izme\u0111u ostalog, Kiko Arg\u00fcello \u2013 da budu\u0107nost \u010dovje\u010danstva ovisi o obitelji\u201c. Rastu\u0107i u vjeri, obitelji se otvaraju \u017eivotu i prenose djeci novost i radost kr\u0161\u0107anske poruke. U ovom va\u017enom djelu evangelizacije, Neokatekumenski put nudi trajnu potporu sa svije\u0161\u0107u da \u0107e \u2013 rekao je Arg\u00fcello \u2013 \u201emala zajednica mo\u0107i spasiti obitelj u Europi\u201c.<\/p>\n","protected":false},"excerpt":{"rendered":"<p>Audijencija s katehistima itineranatima 17-1-1994 Sv. Ivan Pavao II. Vatikan\u00a0\u2013 Sala Clementina, 17. sije\u010dnja 1994. Ivan Pavao II. primio je u audijenciju, u sali Klementini, grupu katehista itineranata \u201eNeokatekumenskog puta\u201c. Slijedi tekst govora koji im je uputio Sveti Otac: Predraga bra\u0107o i sestre u Kristu!&#13; &#13; 1. Za mene je razlog velike radosti ovaj susret s vama iskusnim katehistima itinerantima Neokatekumenskog puta, koji ste zajedno sa za\u010detnicima i odgovornima, sastali<\/p>\n<div class=\"read-more\"><a class=\"btn read-more-btn\" href=\"https:\/\/neocatechumenaleiter.org\/hr\/rijeci-papa\/sv-ivan-pavao-ii\/audijencija-s-katehistima-itineranatima-17-1-1994\/\">Nastavi \u010ditati<\/a><\/div>\n","protected":false},"author":2,"featured_media":0,"parent":9680,"menu_order":78,"comment_status":"closed","ping_status":"closed","template":"","meta":{"footnotes":""},"class_list":["post-16174","page","type-page","status-publish","hentry"],"_links":{"self":[{"href":"https:\/\/neocatechumenaleiter.org\/hr\/wp-json\/wp\/v2\/pages\/16174","targetHints":{"allow":["GET"]}}],"collection":[{"href":"https:\/\/neocatechumenaleiter.org\/hr\/wp-json\/wp\/v2\/pages"}],"about":[{"href":"https:\/\/neocatechumenaleiter.org\/hr\/wp-json\/wp\/v2\/types\/page"}],"author":[{"embeddable":true,"href":"https:\/\/neocatechumenaleiter.org\/hr\/wp-json\/wp\/v2\/users\/2"}],"replies":[{"embeddable":true,"href":"https:\/\/neocatechumenaleiter.org\/hr\/wp-json\/wp\/v2\/comments?post=16174"}],"version-history":[{"count":18,"href":"https:\/\/neocatechumenaleiter.org\/hr\/wp-json\/wp\/v2\/pages\/16174\/revisions"}],"predecessor-version":[{"id":24214,"href":"https:\/\/neocatechumenaleiter.org\/hr\/wp-json\/wp\/v2\/pages\/16174\/revisions\/24214"}],"up":[{"embeddable":true,"href":"https:\/\/neocatechumenaleiter.org\/hr\/wp-json\/wp\/v2\/pages\/9680"}],"wp:attachment":[{"href":"https:\/\/neocatechumenaleiter.org\/hr\/wp-json\/wp\/v2\/media?parent=16174"}],"curies":[{"name":"wp","href":"https:\/\/api.w.org\/{rel}","templated":true}]}}