{"id":16199,"date":"2020-03-04T01:52:32","date_gmt":"2020-03-04T00:52:32","guid":{"rendered":"https:\/\/neocatechumenaleiter.org\/rijeci-papa\/sv-ivan-pavao-ii\/audijencija-s-biskupima-afrike-31-1-1994\/"},"modified":"2021-08-10T11:03:37","modified_gmt":"2021-08-10T10:03:37","slug":"audijencija-s-biskupima-afrike-31-1-1994","status":"publish","type":"page","link":"https:\/\/neocatechumenaleiter.org\/hr\/rijeci-papa\/sv-ivan-pavao-ii\/audijencija-s-biskupima-afrike-31-1-1994\/","title":{"rendered":"Audijencija s biskupima Afrike 31-1-1994"},"content":{"rendered":"\n<h1 class=\"has-text-align-center wp-block-heading\">Audijencija s biskupima Afrike 31-1-1994<\/h1>\n\n<div style=\"height:20px\" aria-hidden=\"true\" class=\"wp-block-spacer\"><\/div>\n\n<h4 class=\"has-text-align-center wp-block-heading\">Sv. Ivan Pavao II.<\/h4>\n\n<div style=\"height:20px\" aria-hidden=\"true\" class=\"wp-block-spacer\"><\/div>\n\n<p><strong>Vatikan \u2013 Sala Clementina, 31. sije\u010dnja 1994.<\/strong><\/p>\n\n<p>\u201eSto godina od prve evangelizacije, oplo\u0111ene krvlju mu\u010denika i svjedo\u010danstvom mnogih misionara, Afrika i\u0161\u010dekuje nove svece koji \u0107e joj donijeti utjelovljeno Evan\u0111elje, nove evangelizatore s kojima Uskrsli Krist djeluje potvr\u0111uju\u0107i njihovu rije\u010d\u201c \u2013 rekao je Ivan Pavao II kardinalima i biskupima tridesetak afri\u010dkih zemalja, sudionicima susreta potaknutog sa strane Neokatekumenskog puta.&#13;\n&#13;\n<em>Tijekom susreta, odr\u017eanog u ponedjeljak, 31.\u00a0 sije\u010dnja 1994. g. u\u00a0 Klementovoj dvorani, Sv. Otac odr\u017eao je slijede\u0107i govor:<\/em><\/p>\n\n<p>Cijenjena bra\u0107o u biskupstvu!&#13;\n&#13;\nDraga bra\u0107o i sestre!<\/p>\n\n<p>1. S rado\u0161\u0107u vas primam predragi kardinali i biskupi iz tridesetak afri\u010dkih zemalja, zajedno sa inicijatorima Neokatekumenskog puta i brojnim katehistima koji na afri\u010dkom kontinentu rade za Kraljevstvo Bo\u017eje. Mir sa svima vama!&#13;\n&#13;\nNa pragu tre\u0107eg tisu\u0107lje\u0107a, okupljeni ste u Rimu, kako bi od Gospodina tra\u017eili novi misionarski polet u vidu Zbora Sinode biskupa Afrike, koja \u0107e se slaviti slijede\u0107eg travnja. Tako\u0111er i va\u0161 mladi i dinami\u010dni kontinent, s gorljivo\u0161\u0107u se otvara teolo\u0161ko-pastoralnim bogatstvima produbljenim II. vatikanskim saborom.&#13;\n&#13;\n\u010covje\u010danstvo danas ima potrebu svjedo\u010danstva koje dira srca. Samo se tako ra\u0111a novi \u010dovjek. Samo tako vi\u0161e ne\u0107e biti ni \u017eidova, ni Grka; niti roba, niti slobodna; niti mu\u0161karca, niti \u017eene; niti bijelca, niti crnca (usp. Kol 3,10 sl\u2026, Gal (3,28).&#13;\n&#13;\nNovi \u010dovjek nadilazi prirodnu religioznost, njegov strah od bo\u017eanstva produ\u017eava napast \u010da\u0161\u0107enja Boga samo u svrhu osiguranja sretnijeg i sigurnijeg \u017eivota. U \u201eprirodno\u201c religioznom \u010dovjeku jo\u0161 se ne ra\u0111a duboka dimenzija kr\u0161\u0107anstva.<\/p>\n\n<p>Afri\u010dki kontinent pro\u017eivljava povijesni trenutak. Ovo je za vas \u201epogodno vrijeme\u201c, vrijeme duge priprave u kojem su crkvene zajednice pozvane u punini o\u010ditovati svoj \u201ezajedni\u010dki hod\u201c. Nadolaze\u0107e vrijeme poma\u017ee u ra\u0111anju providonosnog doga\u0111aja, usa\u0111enog u obe\u0107avaju\u0107e prolje\u0107e pastorala nove evangelizacije.&#13;\n&#13;\nAfrika tako\u0111er ima potrebu katekumenskog itinerarija koji nadilazi prirodnu religioznost, itinerarija koji vodi k zreloj vjeri. Onog \u0161to se, u Prvotnoj Crkvi, dogodilo narodima mediteranskog bazena gorljivih u prirodnoj religioznosti, ti narodi, u isto vrijeme, bili su raspolo\u017eeni prihvatiti evan\u0111eosku poruku. Evan\u0111elje sije u \u010dovjekovo srce sjeme ljubavi (charitas), ljubavi kako nas je ljubio Krist, ljubavi Bo\u017eje, potpune ljubavi, ljubavi prema neprijatelju, kao \u0161to je Krist ljubio nas kada smo bili neprijatelji Bo\u017eji (usp. Rim 5,10). Ljubav koja od razli\u010ditih ljudi \u010dini jedno, do te mjere da svijet uzvjeruje da je Isus Krist poslan od Oca (usp. Iv 17). Sto godina od prve evangelizacije, oplo\u0111ene mu\u010deni\u010dkom krvlju i svjedo\u010danstvom mnogih misionara, Afrika ima nove svece koji joj donose utjelovljeno Evan\u0111elje, novi evangelizatori s kojim Uskrsli Krist djeluje potvr\u0111uju\u0107i njihovu rije\u010d. (usp. Mk 16,20).<\/p>\n\n<div class=\"wp-block-image\"><figure class=\"alignleft size-large\"><img loading=\"lazy\" decoding=\"async\" width=\"685\" height=\"557\" src=\"https:\/\/neocatechumenaleiter.org\/wp-content\/uploads\/2020\/03\/Camino_Neocatecumenal_Juan_Pablo_II_audiencia_obispos_africa_1994.jpg\" alt=\"\" class=\"wp-image-8169\" srcset=\"https:\/\/neocatechumenaleiter.org\/wp-content\/uploads\/2020\/03\/Camino_Neocatecumenal_Juan_Pablo_II_audiencia_obispos_africa_1994.jpg 685w, https:\/\/neocatechumenaleiter.org\/wp-content\/uploads\/2020\/03\/Camino_Neocatecumenal_Juan_Pablo_II_audiencia_obispos_africa_1994-300x244.jpg 300w\" sizes=\"auto, (max-width: 685px) 100vw, 685px\" \/><\/figure><\/div>\n\n<p>2. Cijenjena bra\u0107o u biskupstvu. Kao biskupi, vi ste, prije svega, \u201eapostoli\u201c, poslani navije\u0161tati Radosnu vijest! Vi ste prvi odgovorni za navje\u0161taj Krista u Crkvi. Takva odgovornost sa sobom nosi dvije temeljne zada\u0107e: prva da se navije\u0161ta Krist, druga; da se navje\u0161taj \u201eutjelovi\u201c u \u017eivotu konkretnih ljudi. Upravo dodirujemo sredi\u0161nji \u010dvor pastorala, onaj tzv. Inkulturacije vjere.<\/p>\n\n<p>Evangelizacija se obnavlja tamo gdje se Krist navije\u0161ta sa snagom Duha, i u isto vrijeme s istinskom ljubavlju za \u010dovjeka i njegovu povijest. Me\u0111u providonosnim instrumentima te inkulturacije jest i Neokatekumenski put. S rado\u0161\u0107u vidim da u mnogim va\u0161im biskupijama, razli\u010ditih kultura, kao primjerice u Zambiji, Zairu, Obali Slonova\u010de i u drugim narodima, Put donosi svoje plodove. Oblikovane male zajednice u kojima su obitelji potpomognute u svom temeljnom poslanju navije\u0161tanja Krista, nose\u0107i kri\u017e spasa u Njemu.<\/p>\n\n<p>3. Pastir je poslan rasu\u0111ivati i ocijeniti nu\u017ene darove za rast zajednica, osobito bdiju\u0107i da ne bude u suprotnosti odnos izme\u0111u kerigme i lokalne kulture, kao i odnos izme\u0111u \u017eupnih zajednica.&#13;\nPrije svega, zada\u0107a biskupa jest usmjeriti izbor s imanja Neokatekumenskog puta, nastalog i razvijenog u evropskom i latinsko-ameri\u010dkom ambijentu. Potrebito je vodstvo rasvijetljenih Pastira Afrike i misionarskih stru\u010dnjaka, kako bi Put bio prikladan razli\u010ditim potrebama i misiji razli\u010ditih naroda.<\/p>\n\n<p>S obzirom na me\u0111ucrkvene odnose izme\u0111u neokatekumenskih zajednica i \u017eupe, providnost vam dolazi u susret, draga bra\u0107o, upravo preko iskustva Sinode;\u00a0 \u201eSinoda\u201c zna\u010di \u201ezajedno prije\u0111eni put\u201c, kr\u0161\u0107anstvo je samo po svome prvotnom nazivlju \u201eput\u201c. Neokatekumenski itinerarij izabrao je sebi ovo ime \u201ePut\u201c, stavljaju\u0107i se u slu\u017ebu ponovnog otkrivanja \u201eputa\u201c Evan\u0111elja, prije svega onim najudaljenijima. Put se mo\u017ee jo\u0161 vi\u0161e cijeniti zbog izgradnje \u017eupe, osposobljene formirati odrasle osobe ucijepljene u Krista, Njegovu rije\u010d i Njegova Otajstva.&#13;\n&#13;\nPozivam se na upozorenja Sv. Pavla upu\u0107ena Solunjanima: \u201eNe gasite Duha\u201c (Sol 5,19) i Korin\u0107anima \u201eSve neka bude na izgradnju\u201c (1Kor 14,26). Potrebno je \u201ehodati zajedno\u201c, usugla\u0161avaju\u0107i zajednice i crkvene grupe u svrhu rasta \u017eupne zajednice pod vodstvom \u017eupnika i njegovih suradnika.<\/p>\n\n<p>Neokatekumenski put, dobro uklopljen u pastoralni plan zajednice, te u suglasju s drugim karizmama koje u njoj rade, djelotvorno \u0107e pridonijeti kako bi se u \u017eupe utisnuo tipi\u010dni stil nove evangelizacije: stil koji u sebi sadr\u017ei bit i radikalnost uronjenosti u Otajstva Krista mrtvog i uskrslog, te ohrabruju\u0107oj otvorenosti potrebama suvremenog \u010dovjeka.<\/p>\n\n<p>4. U takvoj obnavljaju\u0107oj misionarskoj djelotvornosti obitelj je bez daljnjega primarni subjekt i to u dvojakom smislu kao primateljica i ujedno pronositeljica Radosne vijesti. Takva zadivljuju\u0107a stvarnost, odmah o\u010ditovana u prvotnoj Crkvi, u svojoj se punini i o\u010ditosti vratila nakon II. vatikanskog sabora, predstavljaju\u0107i istinsku strukturu Crkve u svim razdobljima. Nije li obitelj kolijevka svetaca? Zvanja, zar najlak\u0161e ne klijaju u obiteljskoj jezgri vjerne Evan\u0111elju.<\/p>\n\n<p>Unutar Neokatekumenskog puta mnogobrojne obitelji, potaknute snagom Rije\u010di Bo\u017eje, sudjelovanjem u svetim otajstvima, velikodu\u0161no su prigrlile misiju, pru\u017eaju\u0107i dragocjenu pomo\u0107 vama Pastiri, koji ste u potrebi, ne samo za sve\u0107enicima i katehistima, ve\u0107 i bra\u010dnim parovima i obiteljima koje su sposobne posuditi svoj glas i srce u Navje\u0161taju spasenja!&#13;\n&#13;\nPredragi, neka vam bude na pomo\u0107 i pratnju u va\u0161em misionarskom naporu Marija Djevica Puta. Stavljaju\u0107i se na put, ona je u punini radosti i ljubavi, koje je bila puna (usp. Lk 1,39-45), slu\u017eila svojoj staroj rodici Elizabeti. Neka ona u\u010dini da i va\u0161a slu\u017eba bude velikodu\u0161na i bogata plodovima na izgradnju crkvenih zajednica u Africi!<\/p>\n\n<p>Hodajte u vjernosti prema Kristu i prema bra\u0107i! Hodajte zajedno! Od srca vas blagoslivljam!<\/p>\n\n<p><em>Zavr\u0161avaju\u0107i govor sudionicima susreta, s biskupima Afrike, Papa je nadodao:<\/em><\/p>\n\n<p>Svima prisutnima \u017eelim udijeliti blagoslov: pastirima, mnogim biskupima i sve\u0107enicima, potom predstavnicima laikata, prije svega obiteljima. Vidim mnoge Europljane, ali iznad svega vidi se crna boja! Ovaj put crna boja za Neokatekumenski put, postaje znak nade. Zahvaljujem vam na posjeti i udjeljujem svima blagoslov.&#13;\nMo\u017eemo moliti Angelus na latinskom. Vi jo\u0161 malo u\u010dite taj jezik.<\/p>\n\n<p>\u2013 Molitva Angelus<\/p>\n\n<p>Sada slijede pjesme! Pjesme su nezamjenjiv element va\u0161eg Puta, pogotovo kada je prisutan Kiko.<\/p>\n\n<p>\u2013 Pjesma: <em>\u201eHvalite Jahvu\u201c.<\/em><\/p>\n","protected":false},"excerpt":{"rendered":"<p>Audijencija s biskupima Afrike 31-1-1994 Sv. Ivan Pavao II. Vatikan \u2013 Sala Clementina, 31. sije\u010dnja 1994. \u201eSto godina od prve evangelizacije, oplo\u0111ene krvlju mu\u010denika i svjedo\u010danstvom mnogih misionara, Afrika i\u0161\u010dekuje nove svece koji \u0107e joj donijeti utjelovljeno Evan\u0111elje, nove evangelizatore s kojima Uskrsli Krist djeluje potvr\u0111uju\u0107i njihovu rije\u010d\u201c \u2013 rekao je Ivan Pavao II kardinalima i biskupima tridesetak afri\u010dkih zemalja, sudionicima susreta potaknutog sa strane Neokatekumenskog puta.&#13; &#13; Tijekom susreta,<\/p>\n<div class=\"read-more\"><a class=\"btn read-more-btn\" href=\"https:\/\/neocatechumenaleiter.org\/hr\/rijeci-papa\/sv-ivan-pavao-ii\/audijencija-s-biskupima-afrike-31-1-1994\/\">Nastavi \u010ditati<\/a><\/div>\n","protected":false},"author":2,"featured_media":0,"parent":9680,"menu_order":79,"comment_status":"closed","ping_status":"closed","template":"","meta":{"footnotes":""},"class_list":["post-16199","page","type-page","status-publish","hentry"],"_links":{"self":[{"href":"https:\/\/neocatechumenaleiter.org\/hr\/wp-json\/wp\/v2\/pages\/16199","targetHints":{"allow":["GET"]}}],"collection":[{"href":"https:\/\/neocatechumenaleiter.org\/hr\/wp-json\/wp\/v2\/pages"}],"about":[{"href":"https:\/\/neocatechumenaleiter.org\/hr\/wp-json\/wp\/v2\/types\/page"}],"author":[{"embeddable":true,"href":"https:\/\/neocatechumenaleiter.org\/hr\/wp-json\/wp\/v2\/users\/2"}],"replies":[{"embeddable":true,"href":"https:\/\/neocatechumenaleiter.org\/hr\/wp-json\/wp\/v2\/comments?post=16199"}],"version-history":[{"count":6,"href":"https:\/\/neocatechumenaleiter.org\/hr\/wp-json\/wp\/v2\/pages\/16199\/revisions"}],"predecessor-version":[{"id":24226,"href":"https:\/\/neocatechumenaleiter.org\/hr\/wp-json\/wp\/v2\/pages\/16199\/revisions\/24226"}],"up":[{"embeddable":true,"href":"https:\/\/neocatechumenaleiter.org\/hr\/wp-json\/wp\/v2\/pages\/9680"}],"wp:attachment":[{"href":"https:\/\/neocatechumenaleiter.org\/hr\/wp-json\/wp\/v2\/media?parent=16199"}],"curies":[{"name":"wp","href":"https:\/\/api.w.org\/{rel}","templated":true}]}}