{"id":16203,"date":"2020-03-04T02:01:03","date_gmt":"2020-03-04T01:01:03","guid":{"rendered":"https:\/\/neocatechumenaleiter.org\/rijeci-papa\/sv-ivan-pavao-ii\/audijencija-s-obiteljima-puta-12-12-1994\/"},"modified":"2021-08-10T11:03:53","modified_gmt":"2021-08-10T10:03:53","slug":"audijencija-s-obiteljima-puta-12-12-1994","status":"publish","type":"page","link":"https:\/\/neocatechumenaleiter.org\/hr\/rijeci-papa\/sv-ivan-pavao-ii\/audijencija-s-obiteljima-puta-12-12-1994\/","title":{"rendered":"Audijencija s obiteljima Puta 12-12-1994"},"content":{"rendered":"\n<h1 class=\"has-text-align-center wp-block-heading\">Audijencija s obiteljima Puta 12-12-1994<\/h1>\n\n<div style=\"height:20px\" aria-hidden=\"true\" class=\"wp-block-spacer\"><\/div>\n\n<h4 class=\"has-text-align-center wp-block-heading\">Sv. Ivan Pavao II.<\/h4>\n\n<div style=\"height:20px\" aria-hidden=\"true\" class=\"wp-block-spacer\"><\/div>\n\n<p><strong>Dvorana Pavla VI. (Vatikan), 12. prosinca 1994.<\/strong><\/p>\n\n<p><em>Ponedjeljak ujutro, 12. prosinca, Papa Ivan Pavao II. primio je u audijenciju obitelji Neokatekumenskog puta. Tijekom susreta u dvorani Pavla VI., Sv. Otac uputio je slijede\u0107e rije\u010di:<\/em><\/p>\n\n<p>Draga bra\u0107o i sestre!&#13;\n&#13;\n1. Dobro do\u0161li Katedri Petra, koja je za mnoge od vas postala poput luke u kojoj se odrije\u0161uju jedra: Va\u0161 dolazak poniknut je va\u017enim misijskim poslanjem koje se direktno odnosi na vi\u0161e od 200 obitelji, ali podjednako to poslanje odnosi se i na zajednice iz kojih dolaze te obitelji.&#13;\n&#13;\nOvo nije prvi susret Pape s obiteljima\u00a0 Neokatekumenskog puta. Vi\u0161e puta imao sam mogu\u0107nost susresti se s grupama Puta. Osobito se sje\u0107am, susreta 1988. godine u Porto San Giorgiu kada sam s vama slavio euharistijsko slavlje povodom Blagdana Sv. Obitelji. Tada sam predao kri\u017e sedamdeset i dvjema obiteljima koji su zapo\u010deli\u00a0 slu\u017ebu itineranata. Tom\u00a0 prilikom govorio sam vam o Sv. Trojstvu u poslanju\u00a0 i o obitelji u poslanju.&#13;\n&#13;\nTaj susret povezan je s ovim dana\u0161njim, ali oboga\u0107en prevaljenim putem tijekom ovih godina, u kojim se Crkva u\u017eurbano uputila ka tre\u0107em tisu\u0107lje\u0107u kr\u0161\u0107anstva. Danas se smje\u0161tamo pred konkretnu pozadinu; Godina obitelji, iako se bli\u017ei kraju, svoj vrhunac imala je od 8 do 9 listopada, kada su se na Trgu Sv. Petra okupile mnoge obitelji iz \u010ditavog svijeta.<\/p>\n\n<p>Gledaju\u0107i naprijed, vidimo ve\u0107 izbliza Jubilej 2000, tim povodom uputio sam svom Narodu Bo\u017ejem Apostolsko pismo \u201eTertio Millennio adveniente\u201c.&#13;\n&#13;\nCrkva, Obitelj obitelji, odlu\u010duju\u0107e je usmjerena u tom smjeru, ali veoma je va\u017eno da bi taj cilj dostigla \u0161to je mogu\u0107e bolje ujedinjena i misionarska, povezana u ljubavi oko jedinog Gospodina i u isto vrijeme potaknuta Njegovim Duhom, Duhom evangelizacije svijeta.<\/p>\n\n<div class=\"wp-block-image\"><figure class=\"alignleft size-medium\"><img loading=\"lazy\" decoding=\"async\" width=\"300\" height=\"245\" src=\"https:\/\/neocatechumenaleiter.org\/wp-content\/uploads\/2020\/03\/Camino_Neocatecumenal_Juan_Pablo_II_audiencia_familias_misioneras_1994-300x245.jpg\" alt=\"\" class=\"wp-image-2593\" srcset=\"https:\/\/neocatechumenaleiter.org\/wp-content\/uploads\/2020\/03\/Camino_Neocatecumenal_Juan_Pablo_II_audiencia_familias_misioneras_1994-300x245.jpg 300w, https:\/\/neocatechumenaleiter.org\/wp-content\/uploads\/2020\/03\/Camino_Neocatecumenal_Juan_Pablo_II_audiencia_familias_misioneras_1994.jpg 693w\" sizes=\"auto, (max-width: 300px) 100vw, 300px\" \/><\/figure><\/div>\n\n<p>2. Godina obitelji stvorila je u Crkvi sve\u010danu izjavu vjere obitelji u Boga Stvoritelja, Otkupitelja, Posvetitelja \u017eivota. U ovoj Godini sna\u017eno u svijesti Crkve i u o\u010dima \u010ditavoga svijeta izranja obiteljska dimenzija onoga \u0161to II. vatikanski sabor naziva \u201esudjelovanje laika u proro\u010dkoj slu\u017ebi Krista\u201c (Lumen gentium br. 35).<\/p>\n\n<p>Obitelj, ukoliko \u201emala crkva\u201c i \u201eku\u0107na zajednica\u201c, pozvana je na obavljanje sve\u0107eni\u010dke, proro\u010dke i kraljevske slu\u017ebe. Sabor dojmljivo podcrtava: \u201eU ovom redu slu\u017ebi od velike vrijednosti otkriva se stadij \u017eivota koji je posve\u0107en posebnim sakramentom: bra\u010dnog i obiteljskog \u017eivota\u201c (ibid).&#13;\n&#13;\nKorijeni tog poziva nalaze se prirodno u kr\u0161tenju, i bit Neokatekumenskog Puta upravo je u itinerariju razotkrivanja Kr\u0161tenja. Veoma je zna\u010dajno, to \u0161to se u zajednicama zala\u017eu ne samo pojedinci, ve\u0107 i obitelji, raspolo\u017eive suglasno se suo\u010diti sa te\u0161ko\u0107ama i odgovornostima koje takva zada\u0107a sa sobom donosi, a da se pri tom ne zanemare bra\u010dne obveze.<\/p>\n\n<p>3. Danas, draga bra\u0107o i sestre, ovdje ste da bi ste ba\u0161 posvjedo\u010dili misionarsku i proro\u010dku slu\u017ebu va\u0161eg puta vjere. \u017eelite podcrtati da ova misijska dimenzija obuhva\u0107a obitelj kao takvu, budu\u0107i da i prepora\u0111anje u kr\u0161tenju ne doti\u010de samo pojedina\u010dne \u010dlanove, ve\u0107 obuhva\u0107a sve zajedno, anga\u017eiraju\u0107i ih sve zajedno kao obiteljsku zajednicu u dubokoj svezi jedinstva u ljubavi i u \u017eivom misijskom poletu.&#13;\nEvo, predragi; onoga \u0161to se nalazi u korijenu va\u0161ega \u201epolaska\u201c. Nikada nemojte zaboraviti (raspelo) Kri\u017e koji \u0107ete primiti, on \u0107e vas svakodnevno podsje\u0107ati da ste po\u0161li u poslanje, jer ste i sami prethodno bili zahva\u0107eni, obnovljeni u milosrdnoj Bo\u017ejoj ljubavi, kao obitelj za obitelji.<\/p>\n\n<p>Idite dakle, drage misionarske obitelji! Neka vas milost Kr\u0161tenja i Potvrde i Braka, obnovljena u Euharistiji i u Pomirenju, podr\u017ei ta milost u svakom trenutku va\u0161eg \u017eivota. Oja\u010dani tom nadnaravnom pomo\u0107i, budite spremni dati razloge nade koja je u vama (usp. 1Pt 3,15)&#13;\n&#13;\nSveta Obitelj iz Nazareta neka\u00a0 bude va\u0161im uzorom i va\u0161om Za\u0161titnicom. Neka vas tako\u0111er prati moj apostolski Blagoslov, koji od srca udjeljujem vama i va\u0161im zajednicama.<\/p>\n\n<div class=\"wp-block-image\"><figure class=\"alignright size-large\"><img loading=\"lazy\" decoding=\"async\" width=\"695\" height=\"569\" src=\"https:\/\/neocatechumenaleiter.org\/wp-content\/uploads\/2020\/03\/Camino_Neocatecumenal_Juan_Pablo_II_audiencia_familias_misioneras_1994_2.jpg\" alt=\"\" class=\"wp-image-7517\" srcset=\"https:\/\/neocatechumenaleiter.org\/wp-content\/uploads\/2020\/03\/Camino_Neocatecumenal_Juan_Pablo_II_audiencia_familias_misioneras_1994_2.jpg 695w, https:\/\/neocatechumenaleiter.org\/wp-content\/uploads\/2020\/03\/Camino_Neocatecumenal_Juan_Pablo_II_audiencia_familias_misioneras_1994_2-300x246.jpg 300w\" sizes=\"auto, (max-width: 695px) 100vw, 695px\" \/><\/figure><\/div>\n\n<p><em>Sto dvadeset obitelji Neokatekumenskog puta primilo je od Sv. Oca misijsko poslanje. Obitelji proiza\u0161le iz Italije, \u0160panjolske, Poljske, Indije, Irske; donijet \u0107e navje\u0161taj Evan\u0111elja u \u010detrdesetak zemalja na pet kontinenata.<\/em>&#13;\n&#13;\n<em>Europske zemlje obogatit \u0107e se misijskom djelatno\u0161\u0107u ovih obitelji, me\u0111u njima su: Hrvatska, Ukrajina, Kazahstan, Finska, Njema\u010dka. U Americi \u0107e nove obitelji navje\u0161tati\u00a0 Bo\u017eju Rije\u010d u Sjevernoj Americi, Kanadi, Kostarici, Kolumbiji i u Venezueli.<\/em><\/p>\n\n<p><em>Obitelji upu\u0107ene u Aziju dat \u0107e svoje svjedo\u010danstvo vjere u Japanu, Indiji, Tajvanu, Filipinima. Od afri\u010dkih zemalja u kojima \u0107e svoju intinerantsku slu\u017ebu vr\u0161iti obitelji su Egipat, Obala Slonova\u010de i Etiopija.<\/em>&#13;\n&#13;\n<em>Za ovih sto dvadeset obitelji, koje imaju 441 dijete, rije\u010d je o tegobnoj ali i o odu\u0161evljenoj zada\u0107i; svjedo\u010diti Krista u dijelovima zemlje koje su ve\u0107 prije bile evangelizirane ali ve\u0107 sekularizirane, te u zemljama gdje jo\u0161 ne poznaju Evan\u0111elje.<\/em>&#13;\n&#13;\n<em>Ta zada\u0107a pozvana je odvijati se dvojako, tijesno povezana znakom vjernosti evan\u0111eoskoj radikalnosti.\u00a0\u00a0 <\/em><\/p>\n\n<p>Susretu su bili nazo\u010dni Kardinal Lopez Trujillo, Nadbiskup Massimino Romero, biskupi Jan Pawel Lenga, Paul Cordes, Luigi Boccadoro, Giulio Salimei. Uz druge bili su nazo\u010dni i Kiko Arguello i Carmen Hernandez, za\u010detnici Neokatekumenskog Puta. Susretu su bile nazo\u010dne i 180 obitelji Puta koje su ve\u0107 du\u017ee vrijeme slu\u017ee u misijskim zemljama.<\/p>\n","protected":false},"excerpt":{"rendered":"<p>Audijencija s obiteljima Puta 12-12-1994 Sv. Ivan Pavao II. Dvorana Pavla VI. (Vatikan), 12. prosinca 1994. Ponedjeljak ujutro, 12. prosinca, Papa Ivan Pavao II. primio je u audijenciju obitelji Neokatekumenskog puta. Tijekom susreta u dvorani Pavla VI., Sv. Otac uputio je slijede\u0107e rije\u010di: Draga bra\u0107o i sestre!&#13; &#13; 1. Dobro do\u0161li Katedri Petra, koja je za mnoge od vas postala poput luke u kojoj se odrije\u0161uju jedra: Va\u0161 dolazak poniknut<\/p>\n<div class=\"read-more\"><a class=\"btn read-more-btn\" href=\"https:\/\/neocatechumenaleiter.org\/hr\/rijeci-papa\/sv-ivan-pavao-ii\/audijencija-s-obiteljima-puta-12-12-1994\/\">Nastavi \u010ditati<\/a><\/div>\n","protected":false},"author":2,"featured_media":0,"parent":9680,"menu_order":82,"comment_status":"closed","ping_status":"closed","template":"","meta":{"footnotes":""},"class_list":["post-16203","page","type-page","status-publish","hentry"],"_links":{"self":[{"href":"https:\/\/neocatechumenaleiter.org\/hr\/wp-json\/wp\/v2\/pages\/16203","targetHints":{"allow":["GET"]}}],"collection":[{"href":"https:\/\/neocatechumenaleiter.org\/hr\/wp-json\/wp\/v2\/pages"}],"about":[{"href":"https:\/\/neocatechumenaleiter.org\/hr\/wp-json\/wp\/v2\/types\/page"}],"author":[{"embeddable":true,"href":"https:\/\/neocatechumenaleiter.org\/hr\/wp-json\/wp\/v2\/users\/2"}],"replies":[{"embeddable":true,"href":"https:\/\/neocatechumenaleiter.org\/hr\/wp-json\/wp\/v2\/comments?post=16203"}],"version-history":[{"count":14,"href":"https:\/\/neocatechumenaleiter.org\/hr\/wp-json\/wp\/v2\/pages\/16203\/revisions"}],"predecessor-version":[{"id":24261,"href":"https:\/\/neocatechumenaleiter.org\/hr\/wp-json\/wp\/v2\/pages\/16203\/revisions\/24261"}],"up":[{"embeddable":true,"href":"https:\/\/neocatechumenaleiter.org\/hr\/wp-json\/wp\/v2\/pages\/9680"}],"wp:attachment":[{"href":"https:\/\/neocatechumenaleiter.org\/hr\/wp-json\/wp\/v2\/media?parent=16203"}],"curies":[{"name":"wp","href":"https:\/\/api.w.org\/{rel}","templated":true}]}}