{"id":16215,"date":"2020-06-23T17:06:12","date_gmt":"2020-06-23T16:06:12","guid":{"rendered":"https:\/\/neocatechumenaleiter.org\/rijeci-papa\/sv-ivan-pavao-ii\/euharistija-na-brdu-blazenstava-sa-mladih-24-3-2000\/"},"modified":"2020-09-02T13:31:47","modified_gmt":"2020-09-02T12:31:47","slug":"euharistija-na-brdu-blazenstava-sa-mladih-24-3-2000","status":"publish","type":"page","link":"https:\/\/neocatechumenaleiter.org\/hr\/rijeci-papa\/sv-ivan-pavao-ii\/euharistija-na-brdu-blazenstava-sa-mladih-24-3-2000\/","title":{"rendered":"Euharistija s mladima na brdu bla\u017eenstava 24-3-2000"},"content":{"rendered":"\n<h1 class=\"has-text-align-center wp-block-heading\">Euharistija s mladima na brdu bla\u017eenstava 24-3-2000<\/h1>\n\n<div style=\"height:20px\" aria-hidden=\"true\" class=\"wp-block-spacer\"><\/div>\n\n<h4 class=\"has-text-align-center wp-block-heading\">Sv. Ivan Pavao II.<\/h4>\n\n<div style=\"height:20px\" aria-hidden=\"true\" class=\"wp-block-spacer\"><\/div>\n\n<div class=\"wp-block-image\"><figure class=\"alignleft size-large\"><img loading=\"lazy\" decoding=\"async\" width=\"605\" height=\"254\" src=\"https:\/\/neocatechumenaleiter.org\/wp-content\/uploads\/2020\/03\/Camino_Neocatecumenal_Juan_Pablo_II_eucaristia_monte_Bienaventuranzas_2000.jpg\" alt=\"\" class=\"wp-image-8771\" srcset=\"https:\/\/neocatechumenaleiter.org\/wp-content\/uploads\/2020\/03\/Camino_Neocatecumenal_Juan_Pablo_II_eucaristia_monte_Bienaventuranzas_2000.jpg 605w, https:\/\/neocatechumenaleiter.org\/wp-content\/uploads\/2020\/03\/Camino_Neocatecumenal_Juan_Pablo_II_eucaristia_monte_Bienaventuranzas_2000-300x126.jpg 300w\" sizes=\"auto, (max-width: 605px) 100vw, 605px\" \/><\/figure><\/div>\n\n<p><strong>Korazim (Izrael), 24. o\u017eujka 2000.<\/strong><\/p>\n\n<p><em>Ivan Pavao II. slavio je, 24. o\u017eujka, u petak ujutro, na Brdu bla\u017eenstava, Svetu Misu s mladima. Na po\u010detku susreta, nadbiskup Akke za Grko-Melkite, mons. Boutros Mouallem, i jedan mladi\u0107 uputili su pozdrav Papi.<\/em>&#013;\n&#013;\n<em>Slijedi prijevod homilije Ivana Pavla II.:<\/em>&#013;\n&#013;\n<em>\u201eTa gledajte sebe pozvane, bra\u0107o i sestre\u201c (1 Kor 1, 26).<\/em><\/p>\n\n<p>1. Danas su ove rije\u010di svetog Pavla namijenjene svima nama koji smo do\u0161li ovdje na Goru bla\u017eenstava. Sjedimo na ovoj Gori kao i prvi u\u010denici i slu\u0161amo Isusa Krista. U ti\u0161ini \u010dujemo njegov nje\u017ean i hitan glas, tako nje\u017ean kao ova zemlja i tako hitan kao poziv na izbor izme\u0111u \u017eivota i smrti.&#013;\n&#013;\nKoliko je generacija prije nas bilo duboko dirnuto pozivom s Gore bla\u017eenstava! Koliko se mladih kroz stolje\u0107a okupljalo oko Isusa Krista da nau\u010de rije\u010di \u017eivota vje\u010dnoga, kao \u0161to ste vi okupljeni danas! Koliko je mladih srca bilo nadahnuto snagom njegove osobnosti i sna\u017enom istinito\u0161\u0107u njegove poruke! Divno je \u0161to ste ovdje!&#013;\n&#013;\nHvala vam, nadbiskupe Boutros Moualleme, za va\u0161u srda\u010dnu dobrodo\u0161licu. Pro\u0161irujem svoje bratske pozdrave na brojne kardinale, patrijarha Sabbaha i biskupe, te prisutne sve\u0107enike. Molim vas da isporu\u010dite moje pozdrave cijeloj grko-melkitskoj zajednici kojoj predsjedate. Pozdravljam \u010dlanove latinske zajednice, uklju\u010duju\u0107i i vjernike hebrejskog govornog podru\u010dja, maronitsku, sirijsku, armensku i kaldejsku zajednicu, i sve vas bra\u0107o i sestre drugih kr\u0161\u0107anskih crkava i biskupijskih zajednica. Upu\u0107ujem i posebnu rije\u010d zahvale na\u0161im muslimanskim prijateljima koji su ovdje, kao i \u010dlanovima \u017eidovske vjere.&#013;\n&#013;\nOvo veliko okupljanje je kao priprava na Svjetski dan mladih koji \u0107e se odr\u017eati u kolovozu u Rimu! Mladi\u0107 koji je govorio obe\u0107ao je da \u0107ete do\u0107i! Mladi ljudi iz Izraela, Palestinskog teritorija, Jordana i Cipra; mladi ljudi Bliskog istoka, Afrike i Azije, Europe, Amerike i Oceanije! S ljubavlju i naklono\u0161\u0107u pozdravljam svakog od vas!<\/p>\n\n<div class=\"wp-block-image\"><figure class=\"alignright size-large\"><img loading=\"lazy\" decoding=\"async\" width=\"768\" height=\"520\" src=\"https:\/\/neocatechumenaleiter.org\/wp-content\/uploads\/2020\/03\/Camino_Neocatecumenal_Juan_Pablo_II_eucaristia_monte_Bienaventuranzas_2000_2.jpg\" alt=\"\" class=\"wp-image-8776\" srcset=\"https:\/\/neocatechumenaleiter.org\/wp-content\/uploads\/2020\/03\/Camino_Neocatecumenal_Juan_Pablo_II_eucaristia_monte_Bienaventuranzas_2000_2.jpg 768w, https:\/\/neocatechumenaleiter.org\/wp-content\/uploads\/2020\/03\/Camino_Neocatecumenal_Juan_Pablo_II_eucaristia_monte_Bienaventuranzas_2000_2-300x203.jpg 300w\" sizes=\"auto, (max-width: 768px) 100vw, 768px\" \/><\/figure><\/div>\n\n<p>2. Prvi koji su \u010duli Isusova Bla\u017eenstva nosili su u srcima sje\u0107anje na drugu goru \u2013 goru Sinaj. Ba\u0161 prije mjesec dan imao sam milost i\u0107i tamo, gdje je Bog govorio Mojsiju i dao mu Zakon, \u201enapisan prstom Bo\u017ejim\u201c (Izl 31,18) na kamenim plo\u010dama. Ove dvije gore \u2013 Sinaj i Gora bla\u017eenstava \u2013 nude nam mapu kr\u0161\u0107anskog \u017eivota i pregled na\u0161e odgovornosti prema Bogu i bli\u017enjemu. Zakon i Bla\u017eenstva zajedno ozna\u010davaju put nasljedovanja Krista i kraljevski put do duhovne zrelosti i slobode.&#013;\n&#013;\nDeset zapovijedi Sinaja mogu se \u010diniti negativne: \u201eNemaj drugih bogova osim mene;\u2026 ne ubij; ne u\u010dini preljuba; ne ukradi; ne reci la\u017eno svjedo\u010danstvo&#8230;\u201c (Izl 20,3.13-16). Ali u biti one su zapravo veoma pozitivne. Nadilaze\u0107i zla koja imenuju, one pokazuju put zakona ljubavi, koji je prva i najve\u0107a od svih Zapovijedi: \u201eLjubi Gospodina Boga svoga svim svojim srcem, svom svojom du\u0161om i svim svojim umom\u2026 Ljubi bli\u017enjega svoga kao samoga sebe\u201c (Mt 22,37.39). Isus za sebe ka\u017ee da nije do\u0161ao ukinuti nego ispuniti Zakon (usp. Mt 5,7). Njegova poruka je nova, ali ne uni\u0161tava ono \u0161to je bilo prije; naprotiv, ona dovodi ono prija\u0161nje do punine. Isus Krist u\u010di da je ljubav potpuno ispunjenje Zakona (usp. Gal 5,14). A tu neizmjerno va\u017enu\u00a0 istinu, pou\u010davao je na ovoj Gori u Galileji.<\/p>\n\n<p>3. Ka\u017ee: \u201eBla\u017eeni vi koji ste siroma\u0161ni duhom, krotki i milosrdni, vi koji ste \u017ealosni, koji se brinete za ono \u0161to je pravo, koji ste \u010dista srca, koji ste mirotvorci, koji ste progonjeni! Bla\u017eeni ste!\u201c Ali Isusove rije\u010di mogu se \u010diniti \u010dudne. \u010cudno je da Isus pohvaljuje one koje svijet redovito ozna\u010dava kao slabe. On ka\u017ee njima, \u201eBla\u017eeni ste vi koji se \u010dinite kao gubitnici, jer ste istinski pobjednici: kraljevstvo nebesko je va\u0161e!\u201c Ove rije\u010di, \u0161to ih je izgovorio On, koji je \u201ekrotka i ponizna srca\u201c (Mt 11,29), predstavljaju izazov koji zahtijeva duboku i trajnu metanoju duha, veliku promjenu srca.&#013;\n&#013;\nVi mladi shvatit \u0107ete za\u0161to je ova promjena srca tako potrebna! Jer ste svjesni da unutar i oko vas postoji jo\u0161 jedan glas, protuslovni glas. To je glas koji ka\u017ee: \u201eBla\u017eeni ste vi oholi i nasilni, koji napredujete pod svaku cijenu, koji ste beskrupulozni, nemislosrdni, nepo\u0161teni, koji vodite rat umjesto mira i progonite one koji vam stoje na putu\u201c. Izgleda da ovaj glas ima smisla u svijetu gdje nasilje \u010desto trijumfira i izgleda da nepo\u0161teni uspijevaju. \u201eDa\u201c, ka\u017ee glas zla, \u201eoni su ti koji pobje\u0111uju.<\/p>\n\n<div class=\"wp-block-image\"><figure class=\"alignleft size-medium\"><img loading=\"lazy\" decoding=\"async\" width=\"300\" height=\"204\" src=\"https:\/\/neocatechumenaleiter.org\/wp-content\/uploads\/2020\/03\/Camino_Neocatecumenal_Juan_Pablo_II_eucaristia_monte_Bienaventuranzas_2000_3-300x204.jpg\" alt=\"\" class=\"wp-image-2785\" srcset=\"https:\/\/neocatechumenaleiter.org\/wp-content\/uploads\/2020\/03\/Camino_Neocatecumenal_Juan_Pablo_II_eucaristia_monte_Bienaventuranzas_2000_3-300x204.jpg 300w, https:\/\/neocatechumenaleiter.org\/wp-content\/uploads\/2020\/03\/Camino_Neocatecumenal_Juan_Pablo_II_eucaristia_monte_Bienaventuranzas_2000_3.jpg 768w\" sizes=\"auto, (max-width: 300px) 100vw, 300px\" \/><\/figure><\/div>\n\n<p>4. Isus Krist nudi potpuno druk\u010diju poruku. Nedaleko od ovog mjesta pozvao je svoje prve u\u010denike, kao \u0161to sada poziva vas. Njegov poziv je uvijek zahtijevao izbor izme\u0111u dva glasa koji se bore za va\u0161a srca \u010dak i sada na ovom brdu, izbor izme\u0111u dobra i zla, izme\u0111u \u017eivota i smrti. Koji glas \u0107e slijediti mladi dvadeset i prvog stolje\u0107a? Povjerovati Isusu Kristu zna\u010di izabrati vjerovati u ono \u0161to on ka\u017ee, bez obzira kako se \u010dudno mo\u017ee \u010diniti, i izabrati odbacivanje tvrdnji zloga, bez obzira kako privla\u010dne mogu izgledati.&#013;\nNapokon, Isus samo ne izgovara Bla\u017eenstva, on \u017eivi Bla\u017eenstva. On jest Bla\u017eenstva. Gledaju\u0107i njega vidjet \u0107ete \u0161to zna\u010di biti siroma\u0161an duhom, krotak i milosrdan, \u017ealostiti se, brinuti se za ono \u0161to je dobro, biti \u010dista srca, mirotvorac, progonjen. Zbog ovoga On ima pravo re\u0107i: \u201eDo\u0111i, slijedi me!\u201c. On ne govori samo: \u201e\u010cini ono \u0161to ka\u017eem!\u201c. On ka\u017ee: \u201eDo\u0111i, slijedi me!\u201c.<\/p>\n\n<p>\u010cujete njegov glas na ovoj gori i vjerujete ono \u0161to ka\u017ee. Ali kao prvi u\u010denici na Galilejskom moru, trebate ostaviti svoje la\u0111e i mre\u017ee, i to nikad nije lako \u2013 posebno zbog suo\u010davanja s nesigurnom budu\u0107no\u0161\u0107u \u2013 te ste u ku\u0161nji da izgubite vjeru u svoju kr\u0161\u0107ansku ba\u0161tinu. Biti dobri kr\u0161\u0107ani mo\u017ee vam, u dana\u0161njem svijetu, izgledati iznad va\u0161ih snaga. Ali Isus ne ostaje sa strane i ne pu\u0161ta vas da se sami ogledate s ovim izazovom. On je uvijek s vama da pretvori va\u0161u slabost u snagu. Vjerujte mu kad ka\u017ee: \u201eDosta ti je moja milost, jer snaga se u slabosti usavr\u0161uje\u201c (2 Kor 12, 9).<\/p>\n\n<div class=\"wp-block-image\"><figure class=\"alignright size-large\"><img loading=\"lazy\" decoding=\"async\" width=\"433\" height=\"655\" src=\"https:\/\/neocatechumenaleiter.org\/wp-content\/uploads\/2020\/03\/Camino_Neocatecumenal_Juan_Pablo_II_eucaristia_monte_Bienaventuranzas_2000_4.jpg\" alt=\"\" class=\"wp-image-8786\" srcset=\"https:\/\/neocatechumenaleiter.org\/wp-content\/uploads\/2020\/03\/Camino_Neocatecumenal_Juan_Pablo_II_eucaristia_monte_Bienaventuranzas_2000_4.jpg 433w, https:\/\/neocatechumenaleiter.org\/wp-content\/uploads\/2020\/03\/Camino_Neocatecumenal_Juan_Pablo_II_eucaristia_monte_Bienaventuranzas_2000_4-198x300.jpg 198w\" sizes=\"auto, (max-width: 433px) 100vw, 433px\" \/><\/figure><\/div>\n\n<p>5. U\u010denici su proveli vrijeme s Gospodinom. Upoznavali su ga i duboko voljeli. Otkrili su zna\u010denje onog \u0161to je apostol Petar jednom kazao Isusu: \u201eGospodine, kome da idemo? Ti ima\u0161 rije\u010di \u017eivota vje\u010dnoga!\u201c (Iv 6,68). Otkrili su da su rije\u010di \u017eivota vje\u010dnoga, rije\u010di Sinaja i rije\u010di Bla\u017eenstava. I ovo je poruka koju su pronijeli posvuda.&#013;\n&#013;\nU trenutku svog Uza\u0161a\u0161\u0107a Isus je u\u010denicima dao misiju i jamstvo: \u201eDana mi je sva vlast na nebu i na zemlji. Po\u0111ite dakle i u\u010dinite mojim u\u010denicima sve narode\u2026 i evo ja sam s vama, do svr\u0161etka svijeta\u201c (Mt 28,18-20). Dvije tisu\u0107e godina Kristovi su sljedbenici nosili ovu misiju. Sada, na po\u010detku Tre\u0107eg tisu\u0107lje\u0107a, na vama je red da idete van po svem svijetu navijestiti Deset zapovijedi i Bla\u017eenstva.<\/p>\n\n<p>Kad Bog govori, govori stvari koje imaju najve\u0107u va\u017enost za svaku osobu, za ljude dvadeset i prvog stolje\u0107a, ni\u0161ta manje nego za one iz prvog stolje\u0107a. Deset zapovijedi i Bla\u017eenstva govore o istini i dobroti, o milosti i slobodi: o svemu \u0161to je nu\u017eno za ulazak u Kristovo Kraljevstvo. Sada je va\u0161 red da budete hrabri apostoli tog Kraljevstva!&#013;\n&#013;\nMladi Svete zemlje, mladi svijeta: odgovorite Gospodinu sa srcem koje je spremno i otvoreno! Spremno i otvoreno kao srce najve\u0107e k\u0107eri Galileje, Marije, Majke Isusove. Kako je odgovorila? Ona je rekla: \u201eEvo slu\u017ebenice tvoje, neka mi bude po rije\u010di tvojoj\u201c (Lk 1,38).&#013;\n&#013;\nO Gospodine Isuse Kriste, na ovom mjestu koje si toliko poznavao i volio, poslu\u0161aj ova plemenita mlada srca! Nastavi pou\u010davati ove mlade istini Zapovijedi i Bla\u017eenstava! U\u010dini ih radosnim svjedocima Tvoje\u00a0 Istine i predanim apostolima Tvoga Kraljevstva! Budi s njima uvijek, posebno kada nasljedovanje Tebe i Evan\u0111elja postane te\u0161ko i zahtjevno! Ti \u0107e\u0161 biti njihova snaga; Ti \u0107e\u0161 biti njihova pobjeda!&#013;\n&#013;\nO Gospodine Isuse, ti si u\u010dinio ove mlade svojim prijateljima: dr\u017ei ih jo\u0161 bli\u017ee sebi!<\/p>\n\n<p><strong>Am\u00e9n!.<\/strong><\/p>\n\n<div class=\"wp-block-image\"><figure class=\"alignleft size-medium\"><img loading=\"lazy\" decoding=\"async\" width=\"204\" height=\"300\" src=\"https:\/\/neocatechumenaleiter.org\/wp-content\/uploads\/2020\/03\/Camino_Neocatecumenal_Juan_Pablo_II_eucaristia_monte_Bienaventuranzas_2000_5-204x300.jpg\" alt=\"\" class=\"wp-image-2799\" srcset=\"https:\/\/neocatechumenaleiter.org\/wp-content\/uploads\/2020\/03\/Camino_Neocatecumenal_Juan_Pablo_II_eucaristia_monte_Bienaventuranzas_2000_5-204x300.jpg 204w, https:\/\/neocatechumenaleiter.org\/wp-content\/uploads\/2020\/03\/Camino_Neocatecumenal_Juan_Pablo_II_eucaristia_monte_Bienaventuranzas_2000_5.jpg 566w\" sizes=\"auto, (max-width: 204px) 100vw, 204px\" \/><\/figure><\/div>\n\n<p>Na zavr\u0161etku Sv. Mise na Brdu bla\u017eenstava, Sv. Otac \u017eelio je uputiti neke pozdrave raznim grupama hodo\u010dasnika. Papa je pozdravio na talijanskom, francuskom, njema\u010dkom, \u0161panjolskom, engleskom, poljskom, hebrejskom i arapskom jeziku. Evo na\u0161eg prijevoda Papinih rije\u010di:&#013;\n&#013;\nNa kraju ovog radosnog euharistijskog slavlja, \u017eelim zahvaliti svima vama, dragi mladi, koji ste do\u0161li u tako velikom broju izbliza i izdaleka, da biste slu\u0161ali Isusovu rije\u010d, kao njegovi u\u010denici. Odlaze\u0107i sa ovog brda, svaki od vas treba biti vjesnik Evan\u0111elja Bla\u017eenstava.&#013;\n&#013;\nNa poseban na\u010din pozdravljam mlade neokatekumene sa Kikom i Carmen, koji su ovdje do\u0161li u velikom broju, iz cijeloga svijeta.<\/p>\n\n<p>Svima ka\u017eem, neka vas Krist prati na stazama svijeta. Neka vas prati i Marija \u2013 toga \u0107u se sjetiti sutra u Nazaretu \u2013 koja je sa svojim \u201efiat\u201c sura\u0111ivala u velikom otajstvu Utjelovljenja, \u010demu u ovoj Jubilarnoj Godini slavimo dvije tisu\u0107e godina.&#013;\nNeka vas Bog blagoslovi!&#013;\nSrda\u010dno pozdravljam sve mlade francuskog govornog podru\u010dja, koji su prisutni na ovome brdu gdje smo mogli, na obnovljeni na\u010din, slu\u0161ati Radosnu vijest Bla\u017eenstava. O\u010dekujem vas u Rimu na Svjetskom danu mladih.<\/p>\n\n<p>Srda\u010dan pozdrav mladima njema\u010dkog jezika. Brdo bla\u017eenstava podsje\u0107a nas na zahtjev na\u0161eg kr\u0161\u0107anstva: program Govora na Gori. Neka va\u0161e osobno svjedo\u010danstvo postane \u017eiva propovijed onoga \u0161to je Isus navijestio na ovome mjestu.&#013;\nS velikom rado\u0161\u0107u pozdravljam sve mlade \u0161panjolskog jezika. Ovdje u Galileji, sam Isus pokazao nam je put Bla\u017eenstava. Neka snaga i ljepota ovih rije\u010di usmjere na\u0161e \u017eivote! Isus vas sve poziva da budete \u201eribari ljudi\u201c. Ka\u017ee svakome od vas: \u201eDo\u0111i i slijedi me\u201c! Ne bojte se odgovoriti na ovaj poziv, jer On je va\u0161a snaga.&#013;\nU kolovozu vas o\u010dekujem u Rimu, na Svjetskom danu mladih.<\/p>\n\n<div class=\"wp-block-image\"><figure class=\"alignright size-large\"><img loading=\"lazy\" decoding=\"async\" width=\"264\" height=\"400\" src=\"https:\/\/neocatechumenaleiter.org\/wp-content\/uploads\/2020\/03\/Camino_Neocatecumenal_Juan_Pablo_II_eucaristia_monte_Bienaventuranzas_2000_6.jpg\" alt=\"\" class=\"wp-image-8796\" srcset=\"https:\/\/neocatechumenaleiter.org\/wp-content\/uploads\/2020\/03\/Camino_Neocatecumenal_Juan_Pablo_II_eucaristia_monte_Bienaventuranzas_2000_6.jpg 264w, https:\/\/neocatechumenaleiter.org\/wp-content\/uploads\/2020\/03\/Camino_Neocatecumenal_Juan_Pablo_II_eucaristia_monte_Bienaventuranzas_2000_6-198x300.jpg 198w\" sizes=\"auto, (max-width: 264px) 100vw, 264px\" \/><\/figure><\/div>\n\n<p>Svima mladima sa engleskog govornog podru\u010dja i svima vama ka\u017eem: budite dostojni sljedbenici Kristovi! U duhu Bla\u017eenstava, budite svjetlo svijeta!<\/p>\n\n<p>Zahvaljujem svima koji su sudjelovali u pripremi ove divne Mise. Neka vas Bog sve blagoslovi! Dragi mladi iz Poljske!&#013;\nVa\u0161e prisustvo me jako raduje. To je jedan znak nade za na\u0161u Domovinu. Danas su mnogi od vas sjedili do nogu Isusovih, do nogu Njega koji je nada ljudske obitelji. \u010culi ste iz njegovih usta \u0161to uistinu zna\u010di biti bla\u017een; \u0161to zna\u010di vr\u0161iti zapovijedi i \u017eivjeti u duhu Bla\u017eenstava. Ne bojte se re\u0107i \u201eda\u201c Isusu i slijediti ga kao njegovi u\u010denici. Tada \u0107e se va\u0161a srca ispuniti rado\u0161\u0107u i vi \u0107ete postati Bla\u017eenstvo za Poljsku i za svijet. To vam \u017eelim od svega srca.<\/p>\n\n<p>Mladima hebrejskog jezika, ka\u017eem: budite graditelji mira. Neka Bog bude s vama! Mladima arapskog jezika, ka\u017eem: budite graditelji mira. Neka Bog bude s vama!<\/p>\n","protected":false},"excerpt":{"rendered":"<p>Euharistija s mladima na brdu bla\u017eenstava 24-3-2000 Sv. Ivan Pavao II. Korazim (Izrael), 24. o\u017eujka 2000. Ivan Pavao II. slavio je, 24. o\u017eujka, u petak ujutro, na Brdu bla\u017eenstava, Svetu Misu s mladima. Na po\u010detku susreta, nadbiskup Akke za Grko-Melkite, mons. Boutros Mouallem, i jedan mladi\u0107 uputili su pozdrav Papi.&#013; &#013; Slijedi prijevod homilije Ivana Pavla II.:&#013; &#013; \u201eTa gledajte sebe pozvane, bra\u0107o i sestre\u201c (1 Kor 1, 26). 1.<\/p>\n<div class=\"read-more\"><a class=\"btn read-more-btn\" href=\"https:\/\/neocatechumenaleiter.org\/hr\/rijeci-papa\/sv-ivan-pavao-ii\/euharistija-na-brdu-blazenstava-sa-mladih-24-3-2000\/\">Nastavi \u010ditati<\/a><\/div>\n","protected":false},"author":2,"featured_media":0,"parent":9680,"menu_order":94,"comment_status":"closed","ping_status":"closed","template":"","meta":{"footnotes":""},"class_list":["post-16215","page","type-page","status-publish","hentry"],"_links":{"self":[{"href":"https:\/\/neocatechumenaleiter.org\/hr\/wp-json\/wp\/v2\/pages\/16215","targetHints":{"allow":["GET"]}}],"collection":[{"href":"https:\/\/neocatechumenaleiter.org\/hr\/wp-json\/wp\/v2\/pages"}],"about":[{"href":"https:\/\/neocatechumenaleiter.org\/hr\/wp-json\/wp\/v2\/types\/page"}],"author":[{"embeddable":true,"href":"https:\/\/neocatechumenaleiter.org\/hr\/wp-json\/wp\/v2\/users\/2"}],"replies":[{"embeddable":true,"href":"https:\/\/neocatechumenaleiter.org\/hr\/wp-json\/wp\/v2\/comments?post=16215"}],"version-history":[{"count":31,"href":"https:\/\/neocatechumenaleiter.org\/hr\/wp-json\/wp\/v2\/pages\/16215\/revisions"}],"predecessor-version":[{"id":17120,"href":"https:\/\/neocatechumenaleiter.org\/hr\/wp-json\/wp\/v2\/pages\/16215\/revisions\/17120"}],"up":[{"embeddable":true,"href":"https:\/\/neocatechumenaleiter.org\/hr\/wp-json\/wp\/v2\/pages\/9680"}],"wp:attachment":[{"href":"https:\/\/neocatechumenaleiter.org\/hr\/wp-json\/wp\/v2\/media?parent=16215"}],"curies":[{"name":"wp","href":"https:\/\/api.w.org\/{rel}","templated":true}]}}