{"id":16304,"date":"2020-06-30T09:59:05","date_gmt":"2020-06-30T08:59:05","guid":{"rendered":"https:\/\/neocatechumenaleiter.org\/rijeci-papa\/benedikt-xvi\/govor-povodom-cetrdeset-godina-od-pocetka-puta-10-i-2009\/"},"modified":"2020-09-02T13:29:42","modified_gmt":"2020-09-02T12:29:42","slug":"govor-povodom-cetrdeset-godina-od-pocetka-puta-10-i-2009","status":"publish","type":"page","link":"https:\/\/neocatechumenaleiter.org\/hr\/rijeci-papa\/benedikt-xvi\/govor-povodom-cetrdeset-godina-od-pocetka-puta-10-i-2009\/","title":{"rendered":"Govor povodom \u010detrdeset godina od po\u010detka puta 10-I-2009"},"content":{"rendered":"\n<h1 class=\"has-text-align-center wp-block-heading\">Govor povodom \u010detrdeset godina od po\u010detka puta 10-I-2009<\/h1>\n\n<div style=\"height:20px\" aria-hidden=\"true\" class=\"wp-block-spacer\"><\/div>\n\n<h4 class=\"has-text-align-center wp-block-heading\">Benedikt XVI.<\/h4>\n\n<div style=\"height:20px\" aria-hidden=\"true\" class=\"wp-block-spacer\"><\/div>\n\n<div class=\"wp-block-image is-style-circle-mask\"><figure class=\"alignleft size-large\"><img loading=\"lazy\" decoding=\"async\" width=\"400\" height=\"281\" src=\"https:\/\/neocatechumenaleiter.org\/wp-content\/uploads\/2020\/02\/Camino_Neocatecumenal_Benedicto_XVI_Celebracion_40_aniversario_Roma.jpg\" alt=\"\" class=\"wp-image-8586\" srcset=\"https:\/\/neocatechumenaleiter.org\/wp-content\/uploads\/2020\/02\/Camino_Neocatecumenal_Benedicto_XVI_Celebracion_40_aniversario_Roma.jpg 400w, https:\/\/neocatechumenaleiter.org\/wp-content\/uploads\/2020\/02\/Camino_Neocatecumenal_Benedicto_XVI_Celebracion_40_aniversario_Roma-300x211.jpg 300w\" sizes=\"auto, (max-width: 400px) 100vw, 400px\" \/><\/figure><\/div>\n\n<p><strong>Vatikan, 10. sije\u010dnja 2009.<\/strong><\/p>\n\n<p><em>10, sije\u010dnja 2009., u bazilici Svetog Petra, prepunoj bra\u0107e iz zajednica, kratkim, ali sve\u010danim \u010dinom proslavljena je 40. obljetnica Neokatekumenskog puta u Rimskoj biskupiji. Svetoga Oca pratili su kard. Vikar Agostino Vallini i kard. Stanis\u0142aw Ry\u0142ko, predsjednik Papinskog vije\u0107a za laike. U bazilici se, izme\u0111u ostalih, nalazio novi bogoslu\u017eni prefekt, kard. Antonio Ca\u00f1izares. Na po\u010detku \u010dina, kojim je predsjedao Sveti Otac Benedikt XVI., Kiko je predstavio sve prisutne &#8211; prvu zajednicu \u017eupe Gospe od Presvetog Sakramenta i Presvete Kanadske mu\u010denike koje slave 40 godina Puta, &#8211; prvu zajednicu Pariza Bonne Nouvelle &#8211; 14 \u201ecommunitates in missionem\u201c iz Rima koji odlaze u najte\u017ea predgra\u0111a biskupije &#8211; 14 \u201eMissio ad gentes\u201c iz 5 kontinenata, 200 novih obitelji koje odlaze na misiju u razli\u010dite dijelove svijeta &#8211; 700 katehista itineranata odgovornih za neokatekumenski put u nacijama &#8211; 500 zajednica prisutnih u 103 \u017eupe rimske biskupije. Zatim je uslijedilo sve\u010dano navije\u0161tanje Evan\u0111elja po Mt 10,5-42, koje je proglasio otac Mario i poslje je uslijedio papin govor. Nakon govora, Sveti Otac blagoslovio je i predao raspelo onima koji su krenuli u poslanju. Nakon molitve O\u010dena\u0161a i uvod od Carmen Hern\u00e1ndez koja se htjela sjetiti Pape koja su obilje\u017eila povijest Puta &#8211; od Pija XII., za liturgijsku obnovu, do Ivana XXIII za II. vatikanski sabor, do Pavla VI., Ivana Pavla I. i Ivana Pavla II &#8211; zajedno s Kongregacijama koje su nas najvi\u0161e pratile i kard. Paul Cordes i Stanis\u0142aw Ry\u0142ko, cijela je skup\u0161tina sve\u010dano otpjevala zahvalnicu \u201eTe Deum\u201c.<\/em><\/p>\n\n<p><em>Papa se obratio prisutnima sljede\u0107im rije\u010dima:<\/em><\/p>\n\n<div class=\"wp-block-image is-style-default\"><figure class=\"alignright size-large\"><img decoding=\"async\" src=\"https:\/\/neocatechumenaleiter.org\/wp-content\/uploads\/2020\/02\/Camino_Neocatecumenal_Benedicto_XVI_Kiko_Arguello_envio_misiones_ad_gentes_vaticano.jpg\" alt=\"Slanje Missio ad Gentes u bazilici Svetog Petra\" class=\"wp-image-7991\" \/><\/figure><\/div>\n\n<p>Draga bra\u0107o i sestre!&#013;\n&#013;\nS velikom rado\u0161\u0107u vas primam danas tako brojne, prilikom\u00a0 40. obljetnice po\u010detka djelovanja Neokatekumenskog Puta u Rimu, koji trenutno broji u Rimu 500 zajednica. Svima vama upu\u0107ujem moj srda\u010dan pozdrav. Na poseban na\u010din pozdravljam Kardinala vikara, Agostina Vallinija, kao i kardinala Stanis\u0142awa Ry\u0142ka, predsjednika Papinskog vije\u0107a za laike, koji vas je s predano\u0161\u0107u pratio na putu odobrenja va\u0161eg Statuta. Pozdravljam odgovorne Neokatekumenskog Puta: gospodina Kika Arg\u00fcella, kojem srda\u010dno zahvaljujem za razdragane i odu\u0161evljavaju\u0107e rije\u010di kojima je prenio osje\u0107aje svih vas. Pozdravljam gospo\u0111icu Carmen Hernandez i oca Marija Pezzija. Pozdravljam zajednice koje kre\u0107u u poslanje prema najpotrebnijim predgra\u0111ima Rima, one koji idu u \u201emissio ad gentes\u201c na pet kontinenata, 200 novih obitelji itineranata i 700 katehista itineranata odgovornih za Neokatekumenski Put u razli\u010ditim zemljama. Hvala svima. Neka vas prati Gospodin.<\/p>\n\n<p>Znakovito je da se ovaj na\u0161 susret odvija u Vatikanskoj bazilici podignutoj na grobu apostola Petra. Upravo je on, prvak apostol\u00e2, odgovaraju\u0107i na pitanje kojim je Isus zapitao dvanaestoricu o Njegovu identitetu, ispovjedio sa zanosom: \u201eTi si Krist, Sin Boga \u017eivoga!\u201c (Mt 16,16). Vi ste danas ovdje okupljeni da bi obnovili ovu istu ispovijest vjere. Va\u0161a prisutnost, tako brojna i odu\u0161evljena, svjedo\u010di o \u010dudesima koje je Gospodin u\u010dinio u proteklih \u010detiri desetlje\u0107a; ona pokazuje i zalaganje s kojim nastojite nastaviti zapo\u010deti put, put vjernog nasljedovanja Krista i hrabrog svjedo\u010denja Njegova evan\u0111elja, ne samo ovdje u Rimu nego i svugdje kamo vas Providnost vodi; put poslu\u0161nog prijanjanja uz smjernice Pastira i zajedni\u0161tva sa svim ostalim sastavnicama Bo\u017ejeg naroda. Vi to namjeravate \u010diniti, vrlo svjesni da pomagati ljudima na\u0161eg vremena susresti Isusa Krista, Otkupitelja \u010dovjeka, je poslanje Crkve i svakog kr\u0161tenika. \u201eNeokatekumenski Put\u201c uklapa se u ovo poslanje Crkve kao jedan od mnogih putova nadahnutih od Duha Svetoga s Drugim vatikanskim saborom za novu evangelizaciju. <\/p>\n\n<div class=\"wp-block-image is-style-default\"><figure class=\"alignleft size-large\"><img loading=\"lazy\" decoding=\"async\" width=\"400\" height=\"265\" src=\"https:\/\/neocatechumenaleiter.org\/wp-content\/uploads\/2020\/02\/Camino_Neocatecumenal_responsables_comunidades_roma.jpg\" alt=\"\" class=\"wp-image-8591\" srcset=\"https:\/\/neocatechumenaleiter.org\/wp-content\/uploads\/2020\/02\/Camino_Neocatecumenal_responsables_comunidades_roma.jpg 400w, https:\/\/neocatechumenaleiter.org\/wp-content\/uploads\/2020\/02\/Camino_Neocatecumenal_responsables_comunidades_roma-300x199.jpg 300w\" sizes=\"auto, (max-width: 400px) 100vw, 400px\" \/><\/figure><\/div>\n\n<p>Sve je zapo\u010delo ovdje, u Rimu, prije \u010detrdeset godina, kada su u \u017dupi svetih Kanadskih Mu\u010denika nastale prve zajednice Neokatekumenskog Puta. Kako ne blagoslivljati Gospodina za duhovne plodove koji su se, preko na\u010dina evangelizacije koji ste vi ostvarivali, mogli sakupiti kroz ove godine? Koliko je svje\u017eih apostolskih snaga bilo pobu\u0111eno, bilo me\u0111u sve\u0107enicima, bilo me\u0111u laicima! Koliki su mu\u017eevi i \u017eene, i kolike obitelji &#8211; koje su se udaljili od Crkvene zajednice ili su napustili praksu kr\u0161\u0107anskog \u017eivota &#8211; preko navje\u0161taja kerigme i itinerarija ponovnog otkrivanja Kr\u0161tenja, bile pomognute da ponovno na\u0111u radost vjere i odu\u0161evljenje evan\u0111eoskog svjedo\u010denja! Nedavno odobrenje Statuta \u201eputa\u201c od strane Papinskog vije\u0107a za laike do\u0161lo je ope\u010datiti po\u0161tovanje i blagonaklonost kojom Sveta Stolica prati djelo koje je Gospodin podigao preko va\u0161ih inicijatora. Papa, Biskup Rima, zahvaljuje vam za velikodu\u0161no slu\u017eenje kojim doprinosite evangelizaciji ovog grada i za predanost kojom nastojite donijeti kr\u0161\u0107anski navje\u0161taj u svaku sredinu. Hvala svima vama.<\/p>\n\n<div class=\"wp-block-image is-style-default\"><figure class=\"alignright size-large\"><img loading=\"lazy\" decoding=\"async\" width=\"400\" height=\"267\" src=\"https:\/\/neocatechumenaleiter.org\/wp-content\/uploads\/2020\/02\/Camino_Neocatecumenal_Benedicto_XVI_Kiko_Arguello_presenta_comunidades.jpg\" alt=\"\" class=\"wp-image-8596\" srcset=\"https:\/\/neocatechumenaleiter.org\/wp-content\/uploads\/2020\/02\/Camino_Neocatecumenal_Benedicto_XVI_Kiko_Arguello_presenta_comunidades.jpg 400w, https:\/\/neocatechumenaleiter.org\/wp-content\/uploads\/2020\/02\/Camino_Neocatecumenal_Benedicto_XVI_Kiko_Arguello_presenta_comunidades-300x200.jpg 300w\" sizes=\"auto, (max-width: 400px) 100vw, 400px\" \/><\/figure><\/div>\n\n<p>Va\u0161a ve\u0107 toliko zaslu\u017ena apostolska djelatnost bit \u0107e jo\u0161 u\u010dinkovitija u mjeri u kojoj \u0107ete se truditi da bi neprestano odgajali onu \u010de\u017enju za jedinstvom koju je Isus prenio dvanaestorici na Posljednjoj ve\u010deri. \u010culi smo pjesmu: prije Muke na\u0161 je Otkupitelj intenzivno molio kako bi njegovi u\u010denici bili jedno, na na\u010din kako bi svijet bio potaknut da vjeruje u Njega (usp. Iv 17,21), jer ovo jedinstvo mo\u017ee do\u0107i jedino od Bo\u017eje snage. Ovo jedinstvo, dar Duha Svetoga i neprestano tra\u017eenje vjernika, je ono \u0161to od svake zajednice \u010dini \u017eivi i dobro uklopljen izri\u010daj u misti\u010dno Tijelo Kristovo. Jedinstvo Gospodinovih u\u010denika pripada biti Crkve i nezaobilazni je uvjet da bi njezino evangelizacijsko djelovanje bilo plodno i vjerodostojno. Znam kolikim \u017earom djeluju Neokatekumenske zajednice u gotovo 103 rimske \u017eupe. Dok vas ohrabrujem za nastavak va\u0161eg zalaganja, poti\u010dem vas da u\u010dinite intenzivnijim va\u0161e prijanjanje uz sve smjernice Kardinala vikara, mojeg neposrednog suradnika u pastoralnom upravljanju Biskupije. Hvala vam za va\u0161e \u201eda\u201c koje o\u010dito dolazi od srca. Organsko ucjepljenje \u201ePuta\u201c u biskupijski pastoral i njegovo jedinstvo sa drugim crkvenim stvarnostima rezultirat \u0107e na dobrobit cijelokupnog kr\u0161\u0107anskog naroda i u\u010dinit \u0107e jo\u0161 plodnijim napore Biskupije usmjerene k obnovljenom navje\u0161taju evan\u0111elja u ovom na\u0161em gradu. Zaista, danas postoji potreba za \u0161irokim misionarskim djelovanjem koje bi uklju\u010divalo razli\u010dite crkvene stvarnosti koje bi, iako \u010duvaju\u0107i originalnost vlastite karizme, djelovale uskla\u0111eno nastoje\u0107i ostvariti \u201eintegrirani pastoral\u201c koji je ve\u0107 dao zna\u010dajne rezultate. A vi, stavljaju\u0107i se s punom raspolo\u017eivo\u0161\u0107u na slu\u017ebu Biskupa, kako i podsje\u0107a va\u0161 Statut, mo\u017eete biti primjer za mnoge lokalne Crkve, koje opravdano gledaju ovu Rimsku kao na model na koji se mogu osloniti.<\/p>\n\n<div class=\"wp-block-image is-style-circle-mask\"><figure class=\"alignleft size-large\"><img loading=\"lazy\" decoding=\"async\" width=\"400\" height=\"262\" src=\"https:\/\/neocatechumenaleiter.org\/wp-content\/uploads\/2020\/02\/Camino_Neocatecumenal_Benedicto_XVI_Carmen_Hernandez.jpg\" alt=\"\" class=\"wp-image-8601\" srcset=\"https:\/\/neocatechumenaleiter.org\/wp-content\/uploads\/2020\/02\/Camino_Neocatecumenal_Benedicto_XVI_Carmen_Hernandez.jpg 400w, https:\/\/neocatechumenaleiter.org\/wp-content\/uploads\/2020\/02\/Camino_Neocatecumenal_Benedicto_XVI_Carmen_Hernandez-300x197.jpg 300w\" sizes=\"auto, (max-width: 400px) 100vw, 400px\" \/><\/figure><\/div>\n\n<p>Postoji jo\u0161 jedan duhovni plod koji je sazrio u ovih 40 godina na kojem bi zajedno sa vama \u017eelio zahvaliti Bo\u017eanskoj providnosti: veliki broj sve\u0107enika i posve\u0107enih osoba koje je Gospodin \u2013 Kiko nam je govorio o tome &#8211; podigao u va\u0161im zajednicama. Mnogi sve\u0107enici djeluju u \u017eupama i na drugim poljima biskupijskog apostolata, mnogi su misionari itineranti u razli\u010ditim zemljama: i tako se nude na velikodu\u0161nu slu\u017ebu Rimskoj Crkvi i Rimska Crkva doprinosi dragocjenom slu\u017eenju evangelizaciji u svijetu. To je pravo \u201eprolje\u0107e nade\u201c za biskupijsku zajednicu Rima i za sveop\u0107u Crkvu! Zahvaljujem rektoru sjemeni\u0161ta \u201eRedemptoris Mater\u201c u Rimu i njegovim suradnicima na odgojnom djelu koje \u010dine. Svi znamo da njihova zada\u0107a nije laka, ali je veoma va\u017ena za budu\u0107nost Crkve. Ohrabrujem ih tako, da nastave u tom poslanju, usvajaju\u0107i formacijske smjernice predlo\u017eene kako od Svete Stolice tako i od Biskupije. Cilj kojem trebaju te\u017eiti svi formatori je odgoj prezbitera dobro uklju\u010denih u biskupijski prezbiterij i bilo \u017eupski bilo biskupijski pastoral. <\/p>\n\n<p>Draga bra\u0107o i sestre, evan\u0111elje koje je bilo progla\u0161eno podsjetio nam je potrebe i uvjete apostolskog poslanja. Isusove rije\u010di, predane od svetog Mateja evan\u0111eliste, odzvanjanjaju kao poziv da se ne obeshrabrimo pred pote\u0161ko\u0107ama, da ne tra\u017eimo ljudske uspjehe, da se ne bojimo neshva\u0107anja pa \u010dak ni progonstva. One nas hrabre da radije stavimo na\u0161u nadu jedino u Kristovu snagu, uzmemo \u201evlastiti kri\u017e\u201c i slijedimo stope na\u0161eg Otkupitelja koji nam se u ovom Bo\u017ei\u0107nom vremenu koje se bli\u017ei kraju, ukazao u poniznosti i siroma\u0161tvu Betlehema. Sveta Djevica, model svakog Isusovog u\u010denika i \u201eku\u0107a blagoslova\u201c kako ste pjevali, nek vam pomogne da radosno i vjerno ostvarite poslanje koje vam Crkva povjerava s pouzdanjem. Dok vam zahvajujem za slu\u017ebu koju vr\u0161ite u Rimskoj Crkvi, jam\u010dim vam moju molitvu i od srca blagoslivljam vas ovdje prisutne i sve zajednice Neokatekumenskog Puta, ra\u0161irene po cijelom svijetu.<\/p>\n","protected":false},"excerpt":{"rendered":"<p>Govor povodom \u010detrdeset godina od po\u010detka puta 10-I-2009 Benedikt XVI. Vatikan, 10. sije\u010dnja 2009. 10, sije\u010dnja 2009., u bazilici Svetog Petra, prepunoj bra\u0107e iz zajednica, kratkim, ali sve\u010danim \u010dinom proslavljena je 40. obljetnica Neokatekumenskog puta u Rimskoj biskupiji. Svetoga Oca pratili su kard. Vikar Agostino Vallini i kard. Stanis\u0142aw Ry\u0142ko, predsjednik Papinskog vije\u0107a za laike. U bazilici se, izme\u0111u ostalih, nalazio novi bogoslu\u017eni prefekt, kard. Antonio Ca\u00f1izares. Na po\u010detku \u010dina,<\/p>\n<div class=\"read-more\"><a class=\"btn read-more-btn\" href=\"https:\/\/neocatechumenaleiter.org\/hr\/rijeci-papa\/benedikt-xvi\/govor-povodom-cetrdeset-godina-od-pocetka-puta-10-i-2009\/\">Nastavi \u010ditati<\/a><\/div>\n","protected":false},"author":2,"featured_media":0,"parent":9751,"menu_order":7,"comment_status":"closed","ping_status":"closed","template":"","meta":{"footnotes":""},"class_list":["post-16304","page","type-page","status-publish","hentry"],"_links":{"self":[{"href":"https:\/\/neocatechumenaleiter.org\/hr\/wp-json\/wp\/v2\/pages\/16304","targetHints":{"allow":["GET"]}}],"collection":[{"href":"https:\/\/neocatechumenaleiter.org\/hr\/wp-json\/wp\/v2\/pages"}],"about":[{"href":"https:\/\/neocatechumenaleiter.org\/hr\/wp-json\/wp\/v2\/types\/page"}],"author":[{"embeddable":true,"href":"https:\/\/neocatechumenaleiter.org\/hr\/wp-json\/wp\/v2\/users\/2"}],"replies":[{"embeddable":true,"href":"https:\/\/neocatechumenaleiter.org\/hr\/wp-json\/wp\/v2\/comments?post=16304"}],"version-history":[{"count":21,"href":"https:\/\/neocatechumenaleiter.org\/hr\/wp-json\/wp\/v2\/pages\/16304\/revisions"}],"predecessor-version":[{"id":17114,"href":"https:\/\/neocatechumenaleiter.org\/hr\/wp-json\/wp\/v2\/pages\/16304\/revisions\/17114"}],"up":[{"embeddable":true,"href":"https:\/\/neocatechumenaleiter.org\/hr\/wp-json\/wp\/v2\/pages\/9751"}],"wp:attachment":[{"href":"https:\/\/neocatechumenaleiter.org\/hr\/wp-json\/wp\/v2\/media?parent=16304"}],"curies":[{"name":"wp","href":"https:\/\/api.w.org\/{rel}","templated":true}]}}