{"id":16347,"date":"2020-07-01T09:53:56","date_gmt":"2020-07-01T08:53:56","guid":{"rendered":"https:\/\/neocatechumenaleiter.org\/rijeci-papa\/benedikt-xvi\/audijencija-poslanja-missio-ad-gentes-20-i-2012\/"},"modified":"2020-09-02T13:29:05","modified_gmt":"2020-09-02T12:29:05","slug":"audijencija-poslanja-missio-ad-gentes-20-i-2012","status":"publish","type":"page","link":"https:\/\/neocatechumenaleiter.org\/hr\/rijeci-papa\/benedikt-xvi\/audijencija-poslanja-missio-ad-gentes-20-i-2012\/","title":{"rendered":"Audijencija poslanja \u201eMissio ad gentes\u201c 20-I-2012"},"content":{"rendered":"\n<h1 class=\"has-text-align-center wp-block-heading\">Audijencija poslanja \u201eMissio ad gentes\u201c 20-I-2012<\/h1>\n\n<div style=\"height:20px\" aria-hidden=\"true\" class=\"wp-block-spacer\"><\/div>\n\n<h4 class=\"has-text-align-center wp-block-heading\">Benedikt XVI.<\/h4>\n\n<div style=\"height:20px\" aria-hidden=\"true\" class=\"wp-block-spacer\"><\/div>\n\n<p><strong>Vatikan &#8211; dvorana Pavla VI., 20. sije\u010dnja 2012. *<\/strong><\/p>\n\n<p><em>20, sije\u010dnja 2012., povodom objavljivanja \u201eDekreta\u201c kojim se odobravaju proslave prisutne u Katehetskom imeniku Neokatekumenskog puta, Sveti Otac Benedikt XVI. Obratio se prisutnima govor koji objavljujemo u nastavku.<\/em>&#013;\n&#013;\n<em>Na va\u017ean \u010din kojim se zavr\u0161ava plan odobrenja Neokatekumenskog puta (2008.: Statut; 2010: Uredba o odobrenju Katehetskog imenika Neokatekumenskog puta; 2011: Uredba o odobravanju proslava koje prate razli\u010dite faze puta kr\u0161\u0107anske inicijacije), bili su prisutni inicijatori, Kiko, Carmen i otac Mario, svi itineranti svijeta, obitelji u poslanju, ve\u0107 poslani \u201eMissio ad gentes\u201c i 15 novih \u201eMissio ad gentes\u201c koje je Papa poslao ovom prilikom. Isto su bili prisutni i odgovorni zajednice koje su zavr\u0161ivale itinirarij Neokatekumenskog puta, sve\u0107enici Redemptoris Mater Europe, bogoslovi, katehisti i \u201eCommunitates in missionem\u201c iz Rima.<\/em><\/p>\n\n<p>Draga bra\u0107o i sestre,&#013;\n&#013;\ni ove godine sam radostan \u0161to se mogu susresti s vama i podijeliti s vama ovaj trenutak poslanja u misije. Posebno pozdravljam Kika Arg\u00fcella, Carmen Hernandez i don Marija Pezzija, uz srda\u010dan pozdrav svima vama: sve\u0107enicima, bogoslovima, obiteljima, formatorima i \u010dlanovima Neokatekumenskog Puta. Va\u0161a nazo\u010dnost danas vidljivo je svjedo\u010danstvo va\u0161e radosne zauzetosti u \u017eivljenju vjere, u zajedni\u0161tvu sa cijelom Crkvom i s Petrovim nasljednikom, kao i \u010dinjenice da ste hrabri navjestitelji Evan\u0111elja.<\/p>\n\n<div class=\"wp-block-image is-style-default\"><figure class=\"alignright size-large\"><img loading=\"lazy\" decoding=\"async\" width=\"400\" height=\"267\" src=\"https:\/\/neocatechumenaleiter.org\/wp-content\/uploads\/2020\/02\/Camino_Neocatecumenal_Benedicto_XVI_envio_misiones_ad_gentes_2012.jpg\" alt=\"\" class=\"wp-image-8621\" srcset=\"https:\/\/neocatechumenaleiter.org\/wp-content\/uploads\/2020\/02\/Camino_Neocatecumenal_Benedicto_XVI_envio_misiones_ad_gentes_2012.jpg 400w, https:\/\/neocatechumenaleiter.org\/wp-content\/uploads\/2020\/02\/Camino_Neocatecumenal_Benedicto_XVI_envio_misiones_ad_gentes_2012-300x200.jpg 300w\" sizes=\"auto, (max-width: 400px) 100vw, 400px\" \/><\/figure><\/div>\n\n<p>U \u010ditanju iz Evan\u0111elja po svetom Mateju, koje smo upravo \u010duli, Apostoli su od Isusa dobili precizan nalog \u201eIdite dakle i u\u010dinite mojim u\u010denicima sve narode\u201c (Mt 28,19). Na po\u010detku su sumnjali, u njihovu srcu jo\u0161 uvijek je bila nesigurnost, \u010du\u0111enje pred doga\u0111ajem uskrsnu\u0107a. Isus sam, Uskrsnuli \u2013 nagla\u0161ava evan\u0111elist \u2013 je taj koji im se pribli\u017eava, daje im da osjete njegovu nazo\u010dnost i \u0161alje ih da nau\u010davaju sve ono \u0161to im je on priop\u0107io, daju\u0107i im sigurnost koja prati svakog Isusovog navjestitelja: \u201eEvo ja sam s Vama, u sve dane, do svr\u0161etka svijeta\u201c (Mt 28,20). Te rije\u010di sna\u017eno odjekuju u va\u0161em srcu. Pjevali ste Resurexit, koji izra\u017eava vjeru u \u017divoga, u Onoga koji je, najuzvi\u017eenijim \u010dinom ljubavi, pobijedio grijeh i smrt i koji daje \u010dovjeku, nama, toplinu ljubavi Bo\u017eje, nadu da \u0107emo biti spa\u0161eni, daje nam budu\u0107nost u vje\u010dnosti.&#013;\n&#013;\nU ovim desetlje\u0107ima \u017eivota Puta, va\u0161a trajna zauzetost bila je progla\u0161avati Krista Uskrsnulog, odgovarati velikodu\u0161no na njegove rije\u010di, \u010desto napu\u0161taju\u0107i vlastite sigurnosti, osobne i materijalne, pa \u010dak i vlastite domovine, suo\u010davaju\u0107i se sa novim i ne uvijek jednostavnim situacijama.&#013;\n&#013;\nDonijeti Krista ljudima i dovo\u0111enje ljudi Kristu: to je ono \u0161to pokre\u0107e svako djelo evangelizacije. Vi ovo ostvarujete na jednom putu koji poma\u017ee, onome tko je ve\u0107 primio kr\u0161tenje, iznova otkriti ljepotu \u017eivota u vjeri, radost biti kr\u0161\u0107anima. \u201eSlijediti Krista\u201c zahtijeva od nas osobnu avanturu potrage za Njim, i\u0107i sa Njim, ali uvijek zahtijeva i da se izi\u0111e iz zatvorenosti u vlastito ja, razbiti individualizma koji je \u010desto zna\u010dajka dru\u0161tva na\u0161ega vremena, kako bi se egoizam zamijenio sa zajednicom novih ljudi u Isusu Kristu. To se odvija u dubokom osobnom odnosu s Njim, u slu\u0161anju njegove Rije\u010di, u hodnji putem koji nam je pokazao, ali se odvija tako\u0111er i nerazdvojivo od vjerovanja s njegovom Crkvom, sa svecima u kojima se uvijek i iznova upoznaje istinsko lice Kristove Zaru\u010dnice.<\/p>\n\n<p>To je zalaganje koje \u2013 kako znamo \u2013 nije uvijek lagano. Ponekad ste prisutni u mjestima u kojima je potrebno po prvi put navijestiti Evan\u0111elje, missio ad gentes; \u010desto u podru\u010djima koja su, iako su upoznala Krista, postala ravnodu\u0161na prema vjeri: sekularizacija je u njima pomra\u010dila smisao za Boga i zatamnila kr\u0161\u0107anske vrijednosti. Neka ondje va\u0161e zauzimanje i va\u0161e svjedo\u010denje budu kao kvasac koji \u0107e strpljivo, po\u0161tuju\u0107i vremena, te vode\u0107i ra\u010duna o sensus Ecclesiae, dati da uzraste cijela smjesa.&#013;\nCrkva je prepoznala u Putu posebni dar koji je Duh Sveti darovao na\u0161em vremenu i odobrenje Statuta i \u201eKatehetskog Direktorija\u201c znak je toga. Ohrabrujem vas da ponudite va\u0161 originalni doprinos evan\u0111eoskoj svrsi. U va\u0161em dragocjenom djelovanju tra\u017eite uvijek duboko zajedni\u0161tvo sa Apostolskom Stolicom i pastirima pojedina\u010dnih Crkava u koje ste uklju\u010deni: jedinstvo i sklad crkvenog Tijela va\u017eno su svjedo\u010danstvo Krista i njegova Evan\u0111elja u svijetu u kojem \u017eivimo.&#013;\nDrage obitelji, Crkva vam se zahvaljuje: ona vas treba za novu evangelizaciju. Obitelj je va\u017ean dio, va\u017ena stanica crkvene zajednice, u obiteljima se oblikuje ljudski i kr\u0161\u0107anski \u017eivot. S velikom rado\u0161\u0107u gledam va\u0161u brojnu djecu, koji gledaju na vas, na va\u0161 primjer, dragi roditelji. Stotinjak obitelji kre\u0107e u dvanaest misija ad gentes. Ne bojte se: onaj koji donosi Krista, nikada nije sam.&#013;\nSrda\u010dno pozdravljam sve\u0107enike i bogoslove: ljubite Krista i Crkvu, radosno dijelite s drugima radost da ste Ga susreli, kao i ljepotu da ste Njemu dali sve.&#013;\nPozdravljam itinerante, odgovorne i sve zajednice Puta. Nastavite biti velikodu\u0161ni s Gospodinom: on vam ne\u0107e uskratiti svoje utjehe!<\/p>\n\n<p>Malo\u010das vam je pro\u010ditan Dekret kojim su odobrena slavlje sadr\u017eana u \u201eKatehetskom Direktoriju Neokatekumenskog Puta\u201c, koja nisu u u\u017eem smislu liturgijska, nego su dio itinerarija rasta u vjeri. To je jo\u0161 jedan \u010dimbenik koji vam pokazuje kako vas Crkva pa\u017eljivo prati u strpljivoj prosudbi, unutar koje ona razumije va\u0161e bogatstvo, ali tako\u0111er gleda i na zajedni\u0161tvo i sklad cijelog Corpus Ecclesiae.<\/p>\n\n<p>Ta \u010dinjenica daje mi prigodu za kratko razmi\u0161ljanje o vrijednosti liturgije. Drugi Vatikanski Sabor litrugiju definira kao djelovanje Krista sve\u0107enika i njegova tijela koja je Crkva (usp. Sacrosanctum Concilium, 7).\u00a0 Na prvi pogled mo\u017ee se \u010diniti \u010dudnim, jer se \u010dini da se Kristovo djelovanje odnosi na Isusove povijesne otkupiteljske \u010dine: Njegovu muku, smrt i uskrsnu\u0107e. Kako je dakle liturgija Kristovo djelo? Muka, smrt i Isusovo uskrsnu\u0107e nisu samo povijesni doga\u0111aji; oni zahva\u0107aju povijest i prodiru u nju, ali ju i nadilaze, te ostaju zauvijek prisutni u Kristovu srcu. U liturgijskom djelovanju Crkve postoji djelatna prisutnost Krista Uskrsnuloga koji \u010dini prisutnim i u\u010dinkovitim za nas danas ono isto Pashalno otajstvo, za na\u0161e spasenje; on nas privla\u010di sebi u ovom \u010dinu sebedarja, \u010dinu koji je uvijek prisutan u njegovom srcu, te nas \u010dini sudionicima ove prisutnosti Pashanog otajstva. Ovo djelo Gospodina Isusa, koje je istinski sadr\u017eaj liturgije \u2013 ulazak u prisutnost Pashalnog otajstva \u2013 tako\u0111er je i djelo Crkve koja je, budu\u0107i da je njegovo tijelo, jedan jedinstveni subjekt s Kristom \u2013 Christus totus caput et corpus \u2013 ka\u017ee sveti Augustin. U slavlju sakramenata, Krist nas uranja u Pashalno otajstvo kako bi u\u010dinio da prije\u0111emo iz smrti u \u017eivot, iz grijeha u novu egzistenciju u Kristu.&#013;\n&#013;\nOvo na najposebniji na\u010din vrijedi za slavljenje Euharistije koja, budu\u0107i da je vrhunac kr\u0161\u0107anskog \u017eivota, predstavlja sto\u017eer i vrhunac njegovog ponovnog otkrivanja, \u010demu neokatekumenat te\u017ei. Kako to ka\u017eu va\u0161i Statuti, \u201eEuharistija je u samoj biti Neokatekumenata, budu\u0107i da je to pokrsni katekumenat \u017eivljen u maloj zajednici\u201c (\u010dl. 13 \u00a7 1). Upravo s ciljem potpomaganja ponovnog pribli\u017eavanja bogatstvu sakramentalnog \u017eivota onih osoba koje su se udaljile od Crkve, ili nisu primile odgovaraju\u0107u formaciju, neokatekumeni mogu slaviti nedjeljnu Euharistiju u maloj zajednici, nakon prve ve\u010dernje od Nedjelje, prema uredbi dijecezanskog biskupa (usp. Statuti, \u010dl. 13 \u00a7 2). Ali svako euharistijsko slavlje djelovanje je jedinog Krista zajedno sa Njegovom jedinom Crkvom, i kao takvo je u svojoj biti otvoreno svima koji pripadaju ovoj Njegovoj Crkvi. Ovo obilje\u017eje javnosti Svete Euharistije izra\u017eava se u \u010dinjenici da je svako slavljenje Svete Mise u kona\u010dnici vo\u0111eno od biskupa kao \u010dlana Zbora Biskupa, odgovornog za odre\u0111enu mjesnu Crkvu (usp. Drugi Vatikanski Sabor, Dogmatska konstitucija Lumen Gentium).&#013;\n&#013;\nSlavlje u malim zajednicama, ure\u0111eno liturgijskim knjigama, koje treba vjerno slijediti, i s posebnostima koje su odobrene u Statutima, ima zada\u0107u pomo\u0107i onima koji slijede tijek neokatekumenskog itinerarija kako bi uvidjeli kolika je milost biti uklju\u010deni u Kristovo spasonosno otajstvo, a to omogu\u0107uje da kr\u0161\u0107ansko svjedo\u010danstvo poprimi \u010dak obilje\u017eje radikalnosti. U isto vrijeme, postupno sazrijevanje u vjeri pojedinca i male zajednice treba pogodovati njihovom uklju\u010divanje u \u017eivot velike crkvene zajednice, koja u liturgijskom slavlju \u017eupe, u kojoj se i za koju se ostvaruje Neokatekumenat (usp. Statuti \u010dl. 6),\u00a0 nalazi svoj redovni oblik. No i za vrijeme Puta va\u017eno je ne odvajati se od \u017eupne zajednice, upravo u slavlju Euharistije koja je istinsko mjesto jedinstva svih, i gdje nas Gospodin sve prihva\u0107a, u razli\u010ditim stupnjevima na\u0161e duhovne zrelosti i gdje nas ujedinjuje u jedan kruh i stvara od nas jedno tijelo (usp. 1 Kor 10,16s).&#013;\n&#013;\nHrabro! Gospodin vam ne\u0107e uskratiti svoju pratnju, i ja vam tako\u0111er jam\u010dim da \u0107u moliti za vas i zahvaljujem vam na mnogim znakovima va\u0161e bliskosti. Htio bih da se i vi mene sjetite u va\u0161im molitvama. Presveta Djevica Marija neka vam pomogne svojim maj\u010dinskim pogledom i neka vas podupire moj Apostolski Blagoslov kojega podjeljujem i svim \u010dlanovima Puta. Hvala!<\/p>\n\n<p><em>(*) Usp. <\/em><em>\u00bb<\/em><em>L\u2019Osservatore Romano<\/em><em>\u00ab<\/em><em>, 21. sije\u010dnja 2012.<\/em><\/p>\n","protected":false},"excerpt":{"rendered":"<p>Audijencija poslanja \u201eMissio ad gentes\u201c 20-I-2012 Benedikt XVI. Vatikan &#8211; dvorana Pavla VI., 20. sije\u010dnja 2012. * 20, sije\u010dnja 2012., povodom objavljivanja \u201eDekreta\u201c kojim se odobravaju proslave prisutne u Katehetskom imeniku Neokatekumenskog puta, Sveti Otac Benedikt XVI. Obratio se prisutnima govor koji objavljujemo u nastavku.&#013; &#013; Na va\u017ean \u010din kojim se zavr\u0161ava plan odobrenja Neokatekumenskog puta (2008.: Statut; 2010: Uredba o odobrenju Katehetskog imenika Neokatekumenskog puta; 2011: Uredba o odobravanju<\/p>\n<div class=\"read-more\"><a class=\"btn read-more-btn\" href=\"https:\/\/neocatechumenaleiter.org\/hr\/rijeci-papa\/benedikt-xvi\/audijencija-poslanja-missio-ad-gentes-20-i-2012\/\">Nastavi \u010ditati<\/a><\/div>\n","protected":false},"author":2,"featured_media":0,"parent":9751,"menu_order":11,"comment_status":"closed","ping_status":"closed","template":"","meta":{"footnotes":""},"class_list":["post-16347","page","type-page","status-publish","hentry"],"_links":{"self":[{"href":"https:\/\/neocatechumenaleiter.org\/hr\/wp-json\/wp\/v2\/pages\/16347","targetHints":{"allow":["GET"]}}],"collection":[{"href":"https:\/\/neocatechumenaleiter.org\/hr\/wp-json\/wp\/v2\/pages"}],"about":[{"href":"https:\/\/neocatechumenaleiter.org\/hr\/wp-json\/wp\/v2\/types\/page"}],"author":[{"embeddable":true,"href":"https:\/\/neocatechumenaleiter.org\/hr\/wp-json\/wp\/v2\/users\/2"}],"replies":[{"embeddable":true,"href":"https:\/\/neocatechumenaleiter.org\/hr\/wp-json\/wp\/v2\/comments?post=16347"}],"version-history":[{"count":15,"href":"https:\/\/neocatechumenaleiter.org\/hr\/wp-json\/wp\/v2\/pages\/16347\/revisions"}],"predecessor-version":[{"id":17110,"href":"https:\/\/neocatechumenaleiter.org\/hr\/wp-json\/wp\/v2\/pages\/16347\/revisions\/17110"}],"up":[{"embeddable":true,"href":"https:\/\/neocatechumenaleiter.org\/hr\/wp-json\/wp\/v2\/pages\/9751"}],"wp:attachment":[{"href":"https:\/\/neocatechumenaleiter.org\/hr\/wp-json\/wp\/v2\/media?parent=16347"}],"curies":[{"name":"wp","href":"https:\/\/api.w.org\/{rel}","templated":true}]}}