{"id":17009,"date":"2020-08-31T11:12:53","date_gmt":"2020-08-31T10:12:53","guid":{"rendered":"https:\/\/neocatechumenaleiter.org\/rijeci-papa\/sv-ivan-pavao-ii\/pozivi-na-brdu-blazenstava-24-3-2000\/"},"modified":"2020-09-02T13:31:32","modified_gmt":"2020-09-02T12:31:32","slug":"pozivi-na-brdu-blazenstava-24-3-2000","status":"publish","type":"page","link":"https:\/\/neocatechumenaleiter.org\/hr\/rijeci-papa\/sv-ivan-pavao-ii\/pozivi-na-brdu-blazenstava-24-3-2000\/","title":{"rendered":"Pozivi na Brdu Bla\u017eenstava 24-3-2000"},"content":{"rendered":"\n<h1 class=\"has-text-align-center wp-block-heading\">Pozivi na Brdu Bla\u017eenstava 24-3-2000<\/h1>\n\n<div style=\"height:20px\" aria-hidden=\"true\" class=\"wp-block-spacer\"><\/div>\n\n<h4 class=\"has-text-align-center wp-block-heading\">Sv. Ivan Pavao II.<\/h4>\n\n<div style=\"height:20px\" aria-hidden=\"true\" class=\"wp-block-spacer\"><\/div>\n\n<p><strong>Korazim, 24. o\u017eujka 2000.<\/strong><\/p>\n\n<p>Na kraju euharistijskog slavlja, inicijatori Neokatekumenskog Puta imali su susret za pozive s 50 000 mladih iz neokatekumenskih zajednica iz 72 zemlje. Tijekom susreta kojim je predsjedao madridski nadbiskup kard. Antonio Maria Rouco Varela oko tri tisu\u0107e mladi\u0107a ustalo je za sve\u0107eni\u0161tvo i oko dvije tisu\u0107e djevojaka za posve\u0107eni \u017eivot.<\/p>\n\n<figure class=\"wp-block-gallery aligncenter columns-2 is-cropped wp-block-gallery-1 is-layout-flex wp-block-gallery-is-layout-flex\"><ul class=\"blocks-gallery-grid\"><li class=\"blocks-gallery-item\"><figure><img loading=\"lazy\" decoding=\"async\" width=\"347\" height=\"207\" src=\"https:\/\/neocatechumenaleiter.org\/wp-content\/uploads\/2020\/03\/Camino_Neocatecumenal_Juan_Pablo_II_llamada_vocacional_monte_Bienaventuranzas_2000.jpg\" alt=\"\" data-id=\"2823\" data-full-url=\"https:\/\/neocatechumenaleiter.org\/wp-content\/uploads\/2020\/03\/Camino_Neocatecumenal_Juan_Pablo_II_llamada_vocacional_monte_Bienaventuranzas_2000.jpg\" data-link=\"https:\/\/neocatechumenaleiter.org\/?attachment_id=2823\" class=\"wp-image-8708\" srcset=\"https:\/\/neocatechumenaleiter.org\/wp-content\/uploads\/2020\/03\/Camino_Neocatecumenal_Juan_Pablo_II_llamada_vocacional_monte_Bienaventuranzas_2000.jpg 347w, https:\/\/neocatechumenaleiter.org\/wp-content\/uploads\/2020\/03\/Camino_Neocatecumenal_Juan_Pablo_II_llamada_vocacional_monte_Bienaventuranzas_2000-300x179.jpg 300w\" sizes=\"auto, (max-width: 347px) 100vw, 347px\" \/><\/figure><\/li><li class=\"blocks-gallery-item\"><figure><img loading=\"lazy\" decoding=\"async\" width=\"400\" height=\"271\" src=\"https:\/\/neocatechumenaleiter.org\/wp-content\/uploads\/2020\/03\/Camino_Neocatecumenal_Juan_Pablo_II_llamada_vocacional_monte_Bienaventuranzas_2000_2.jpg\" alt=\"\" data-id=\"2816\" data-full-url=\"https:\/\/neocatechumenaleiter.org\/wp-content\/uploads\/2020\/03\/Camino_Neocatecumenal_Juan_Pablo_II_llamada_vocacional_monte_Bienaventuranzas_2000_2.jpg\" data-link=\"https:\/\/neocatechumenaleiter.org\/?attachment_id=2816\" class=\"wp-image-8703\" srcset=\"https:\/\/neocatechumenaleiter.org\/wp-content\/uploads\/2020\/03\/Camino_Neocatecumenal_Juan_Pablo_II_llamada_vocacional_monte_Bienaventuranzas_2000_2.jpg 400w, https:\/\/neocatechumenaleiter.org\/wp-content\/uploads\/2020\/03\/Camino_Neocatecumenal_Juan_Pablo_II_llamada_vocacional_monte_Bienaventuranzas_2000_2-300x203.jpg 300w\" sizes=\"auto, (max-width: 400px) 100vw, 400px\" \/><\/figure><\/li><\/ul><\/figure>","protected":false},"excerpt":{"rendered":"<p>Pozivi na Brdu Bla\u017eenstava 24-3-2000 Sv. Ivan Pavao II. Korazim, 24. o\u017eujka 2000. Na kraju euharistijskog slavlja, inicijatori Neokatekumenskog Puta imali su susret za pozive s 50 000 mladih iz neokatekumenskih zajednica iz 72 zemlje. Tijekom susreta kojim je predsjedao madridski nadbiskup kard. Antonio Maria Rouco Varela oko tri tisu\u0107e mladi\u0107a ustalo je za sve\u0107eni\u0161tvo i oko dvije tisu\u0107e djevojaka za posve\u0107eni \u017eivot.<\/p>\n","protected":false},"author":2,"featured_media":0,"parent":9680,"menu_order":95,"comment_status":"closed","ping_status":"closed","template":"","meta":{"footnotes":""},"class_list":["post-17009","page","type-page","status-publish","hentry"],"_links":{"self":[{"href":"https:\/\/neocatechumenaleiter.org\/hr\/wp-json\/wp\/v2\/pages\/17009","targetHints":{"allow":["GET"]}}],"collection":[{"href":"https:\/\/neocatechumenaleiter.org\/hr\/wp-json\/wp\/v2\/pages"}],"about":[{"href":"https:\/\/neocatechumenaleiter.org\/hr\/wp-json\/wp\/v2\/types\/page"}],"author":[{"embeddable":true,"href":"https:\/\/neocatechumenaleiter.org\/hr\/wp-json\/wp\/v2\/users\/2"}],"replies":[{"embeddable":true,"href":"https:\/\/neocatechumenaleiter.org\/hr\/wp-json\/wp\/v2\/comments?post=17009"}],"version-history":[{"count":3,"href":"https:\/\/neocatechumenaleiter.org\/hr\/wp-json\/wp\/v2\/pages\/17009\/revisions"}],"predecessor-version":[{"id":17118,"href":"https:\/\/neocatechumenaleiter.org\/hr\/wp-json\/wp\/v2\/pages\/17009\/revisions\/17118"}],"up":[{"embeddable":true,"href":"https:\/\/neocatechumenaleiter.org\/hr\/wp-json\/wp\/v2\/pages\/9680"}],"wp:attachment":[{"href":"https:\/\/neocatechumenaleiter.org\/hr\/wp-json\/wp\/v2\/media?parent=17009"}],"curies":[{"name":"wp","href":"https:\/\/api.w.org\/{rel}","templated":true}]}}