{"id":17011,"date":"2020-08-31T11:24:16","date_gmt":"2020-08-31T10:24:16","guid":{"rendered":"https:\/\/neocatechumenaleiter.org\/rijeci-papa\/sv-ivan-pavao-ii\/pismo-svetog-oca-ivana-pavla-ii-kardinalu-jamesu-francisu-staffordu-predsjedniku-papinskog-vijeca-za-laike-o-izradi-statuta-5-4-2001\/"},"modified":"2020-08-31T11:29:52","modified_gmt":"2020-08-31T10:29:52","slug":"pismo-svetog-oca-ivana-pavla-ii-kardinalu-jamesu-francisu-staffordu-predsjedniku-papinskog-vijeca-za-laike-o-izradi-statuta-5-4-2001","status":"publish","type":"page","link":"https:\/\/neocatechumenaleiter.org\/hr\/rijeci-papa\/sv-ivan-pavao-ii\/pismo-svetog-oca-ivana-pavla-ii-kardinalu-jamesu-francisu-staffordu-predsjedniku-papinskog-vijeca-za-laike-o-izradi-statuta-5-4-2001\/","title":{"rendered":"Pismo Svetog Oca Ivana Pavla II. kardinalu Jamesu Francisu Staffordu, predsjedniku papinskog vije\u0107a za laike, o izradi statuta 5-4-2001"},"content":{"rendered":"\n<h1 class=\"has-text-align-center wp-block-heading\">Pismo Svetog Oca Ivana Pavla II. kardinalu Jamesu Francisu Staffordu, predsjedniku papinskog vije\u0107a za laike, o izradi statuta 5-4-2001<\/h1>\n\n<div style=\"height:20px\" aria-hidden=\"true\" class=\"wp-block-spacer\"><\/div>\n\n<h4 class=\"has-text-align-center wp-block-heading\">Sv. Ivan Pavao II.<\/h4>\n\n<div style=\"height:20px\" aria-hidden=\"true\" class=\"wp-block-spacer\"><\/div>\n\n<p><strong>Vatikan, 5. travnja 2001.<\/strong><\/p>\n\n<p>Ivan Pavao II. poslao je poruku kardinalu Jamesu Francisu Staffordu, predsjedniku Papinskog vije\u0107a za laike, u kojem potvr\u0111uje kompetenciju vije\u0107a za odobravanje statuta Neokatekumenskog puta, \u201ejednom kada budu uredno sastavljeni\u201c i zadu\u017euje ga \u201eda nastavi pratiti Put i u budu\u0107nosti\u201c.<\/p>\n\n<p>Ovo je tekst poruke:&#013;\n&#013;\nPo\u0161tovanom bratu Jamesu Franciscu kard., predsjedniku Papinskog vije\u0107a za laike:<\/p>\n\n<p>1. Pro\u0161le su \u010detiri godine od tog va\u017enog 24. sije\u010dnja 1997. u kojem sam imao priliku upoznati inicijatore Neokatekumenskog puta i, zajedno s njima, brojne odgovorne zajednica Puta \u0161irom svijeta. Tom prilikom, pridru\u017euju\u0107i se njihovoj molitvi hvale i zahvaljivanja Gospodinu na dragocjenim plodovima koje je Put donio u trideset godina \u017eivota, nisam propustio naglasiti va\u017enost nekih nezaobilaznih zahtjeva o kojima ovisi samo postojanje Puta. Me\u0111u njima je izrada odre\u0111enog zakonskog normativa s obzirom na njegovo formalno pravno priznanje (usp. L\u2019Osservatore Romano, 25. sije\u010dnja 1997., str.4). Tako se otvorila nova faza, presudna za budu\u0107nost ove crkvene stvarnosti.<\/p>\n\n<p>2. Ve\u0107 u apostolskoj pobudnici <em>Christifideles laici<\/em> (30. prosinca 1988.) podsjetio sam da se \u201eniti jedna karizma ne smije izuzeti iz odnosa i pokornosti pastirima Crkve\u201c (br. 24) te sam se osvrnuo na ono \u0161to je s tim u vezi napisano u dogmatskoj konstituciji <em>Lumen Gentium<\/em> Drugoga vatikanskog koncila: \u201esud o njihovoj ispravnosti i urednoj upotrebi spada na one koji upravljaju Crkvom, i na koje osobito spada ne ugasiti Duha, nego sve ispitati i zadr\u017eati ono \u0161to je dobro (usp. 1 Sol 5,12.19-21)\u201c (br. 12). Doista, upravo pod tim uvjetom karizme u svojoj raznolikosti i komplementarnosti mogu sura\u0111ivati za op\u0107e dobro (usp. <em>Christifideles laici<\/em>, 24). Stoga prepoznavanje i prihva\u0107anje karizmi nije lak proces. To zahtijeva duboko razlu\u010divanje Bo\u017eje volje i mora biti popra\u0107eno stalnom molitvom, kako bi se srca poslu\u0161no otvorila glasu Duha u crkvenom zajedni\u0161tvu. Vrhunac ovog procesa je slu\u017ebeni \u010din priznavanja i odobravanja statuta kao jasnog i sigurnog \u017eivotnog pravila, trenutak u kojem crkvene stvarnosti uvijek \u017eive s velikom rado\u0161\u0107u i dubokom zahvalno\u0161\u0107u prema Bogu i prema Crkvi. Kao novo polazi\u0161te, ono je zapravo vidljivi znak zrelog crkvenog identiteta (usp. <em>Christifideles laici<\/em>, 30).<\/p>\n\n<p>3. Znam kakvom je revno\u0161\u0107u i pastoralnom brigom Papinsko vije\u0107e za laike djelovalo i djeluje u pra\u0107enju Neokatekumenskog puta u ovoj odlu\u010duju\u0107oj fazi njegova \u017eivota, izradi statuta. Ovaj delikatni zadatak, gospodine kardinale, povjerio sam ovom Papinskom vije\u0107u za laike, zbog autoriteta koji mu pripada, prema va\u017ee\u0107im kanonskim normama, kao i zbog jedinstvenog iskustva koje ima u ovoj materiji. Upravo se u tome temelji nada u sretan ishod postupka, koji se sada pribli\u017eio posljednjoj fazi. Dok izra\u017eavam srda\u010dnu zahvalnost Papinskom vije\u0107u za laike odajem im priznanje zbog ozbiljnosti i strogosti kojom su pristupili u izvr\u0161avanju povjerenog im zadatka, potvr\u0111ujem i njegovu kompetenciju u odobravanju gore spomenutih statuta, nakon \u0161to jednom budu uredno sastavljeni i zadu\u017eujem ga da i dalje prati Put i u budu\u0107nosti. Siguran sam da \u0107e u izvr\u0161avanju ovog zadatka Papinsko vije\u0107e za laike mo\u0107i ra\u010dunati na suradnju i duh sinovske poslu\u0161nosti Neokatekumenskog puta. Povjeravaju\u0107i Gospodinu, po zagovoru Marije Majke Crkve, aktivnosti vije\u0107a kojima predsjedate, srda\u010dno udjeljujem svoj blagoslov vama, \u010dasni brate, kao i va\u0161im suradnicima. <\/p>\n","protected":false},"excerpt":{"rendered":"<p>Pismo Svetog Oca Ivana Pavla II. kardinalu Jamesu Francisu Staffordu, predsjedniku papinskog vije\u0107a za laike, o izradi statuta 5-4-2001 Sv. Ivan Pavao II. Vatikan, 5. travnja 2001. Ivan Pavao II. poslao je poruku kardinalu Jamesu Francisu Staffordu, predsjedniku Papinskog vije\u0107a za laike, u kojem potvr\u0111uje kompetenciju vije\u0107a za odobravanje statuta Neokatekumenskog puta, \u201ejednom kada budu uredno sastavljeni\u201c i zadu\u017euje ga \u201eda nastavi pratiti Put i u budu\u0107nosti\u201c. Ovo je tekst<\/p>\n<div class=\"read-more\"><a class=\"btn read-more-btn\" href=\"https:\/\/neocatechumenaleiter.org\/hr\/rijeci-papa\/sv-ivan-pavao-ii\/pismo-svetog-oca-ivana-pavla-ii-kardinalu-jamesu-francisu-staffordu-predsjedniku-papinskog-vijeca-za-laike-o-izradi-statuta-5-4-2001\/\">Nastavi \u010ditati<\/a><\/div>\n","protected":false},"author":2,"featured_media":0,"parent":9680,"menu_order":97,"comment_status":"closed","ping_status":"closed","template":"","meta":{"footnotes":""},"class_list":["post-17011","page","type-page","status-publish","hentry"],"_links":{"self":[{"href":"https:\/\/neocatechumenaleiter.org\/hr\/wp-json\/wp\/v2\/pages\/17011","targetHints":{"allow":["GET"]}}],"collection":[{"href":"https:\/\/neocatechumenaleiter.org\/hr\/wp-json\/wp\/v2\/pages"}],"about":[{"href":"https:\/\/neocatechumenaleiter.org\/hr\/wp-json\/wp\/v2\/types\/page"}],"author":[{"embeddable":true,"href":"https:\/\/neocatechumenaleiter.org\/hr\/wp-json\/wp\/v2\/users\/2"}],"replies":[{"embeddable":true,"href":"https:\/\/neocatechumenaleiter.org\/hr\/wp-json\/wp\/v2\/comments?post=17011"}],"version-history":[{"count":3,"href":"https:\/\/neocatechumenaleiter.org\/hr\/wp-json\/wp\/v2\/pages\/17011\/revisions"}],"predecessor-version":[{"id":17014,"href":"https:\/\/neocatechumenaleiter.org\/hr\/wp-json\/wp\/v2\/pages\/17011\/revisions\/17014"}],"up":[{"embeddable":true,"href":"https:\/\/neocatechumenaleiter.org\/hr\/wp-json\/wp\/v2\/pages\/9680"}],"wp:attachment":[{"href":"https:\/\/neocatechumenaleiter.org\/hr\/wp-json\/wp\/v2\/media?parent=17011"}],"curies":[{"name":"wp","href":"https:\/\/api.w.org\/{rel}","templated":true}]}}