{"id":17015,"date":"2020-08-31T11:52:24","date_gmt":"2020-08-31T10:52:24","guid":{"rendered":"https:\/\/neocatechumenaleiter.org\/rijeci-papa\/sv-ivan-pavao-ii\/govor-ivana-pavla-ii-nadredenima-i-studentima-biskupijskog-sjemenista-redemptoris-mater-u-rimu-18-3-2004\/"},"modified":"2020-08-31T13:15:24","modified_gmt":"2020-08-31T12:15:24","slug":"govor-ivana-pavla-ii-nadredenima-i-studentima-biskupijskog-sjemenista-redemptoris-mater-u-rimu-18-3-2004","status":"publish","type":"page","link":"https:\/\/neocatechumenaleiter.org\/hr\/rijeci-papa\/sv-ivan-pavao-ii\/govor-ivana-pavla-ii-nadredenima-i-studentima-biskupijskog-sjemenista-redemptoris-mater-u-rimu-18-3-2004\/","title":{"rendered":"Govor Ivana Pavla II. nadre\u0111enima i studentima biskupijskog sjemeni\u0161ta \u201eRedemptoris Mater\u201c u Rimu 18-3-2004"},"content":{"rendered":"\n<h1 class=\"has-text-align-center wp-block-heading\">Govor Ivana Pavla II. nadre\u0111enima i studentima biskupijskog sjemeni\u0161ta \u201eRedemptoris Mater\u201c u Rimu 18-3-2004<\/h1>\n\n<div style=\"height:20px\" aria-hidden=\"true\" class=\"wp-block-spacer\"><\/div>\n\n<h4 class=\"has-text-align-center wp-block-heading\">Sv. Ivan Pavao II.<\/h4>\n\n<div style=\"height:20px\" aria-hidden=\"true\" class=\"wp-block-spacer\"><\/div>\n\n<p><strong>Vatikan, 18. o\u017eujka 2004.<\/strong><\/p>\n\n<p>Sveti otac Ivan Pavao II. primio je u privatnoj audijenciji, u dvorani Klementina vatikanske Apostolske pala\u010de, \u010dlanove zajednice Biskupijskog sjemeni\u0161ta \u201eRedemptoris Mater\u201c u Rimu. Na po\u010detku audijencije, kardinal Camillo Ruini, generalni vikar Njegove Svetosti za Rimsku biskupiju, pozdravio je Ivana Pavla II. sljede\u0107im rije\u010dima:<\/p>\n\n<p>Sveti O\u010de, nadre\u0111eni i studenti sjemeni\u0161ta Redemptoris Mater u Rimu izra\u017eavaju Vam, preko mene, svu radost i iskrenu zahvalnost zbog ove audijencije, koja ozna\u010dava vrlo zna\u010dajan korak u ovih \u0161esnaest godina \u017eivota ovog sjemeni\u0161ta nakon Euharistije koju je s njima slavila Va\u0161a Svetost 31. listopada 1993. Sveti O\u010de, ovo biskupijsko i misionarsko sjemeni\u0161te, \u010diji nadre\u0111eni i studenti dijele iskustvo Neokatekumenskog puta, formiralo je do sada ve\u0107 196 zare\u0111enih sve\u0107enika od kojih je 170 inkardinirano u Rimskoj biskupiji. Njih 74 trenutno vr\u0161e pastoralnu slu\u017ebu u \u017eupama na\u0161e biskupije ili u vikarijatima, dok ostali djeluju kao \u201efidei donum\u201c po cijelom svijetu. Nadalje, jedanaest \u0111akona; oni \u010dekaju da ih Va\u0161a Svetost zaredi za sve\u0107enike u nedjelju 2. svibnja, zajedno s ostalim \u0111akonima Rimske biskupije.<\/p>\n\n<p>Iskustvo koje sam mogao imati tijekom godina, i osobno posje\u0107ivanjem sjemeni\u0161ta i kontaktom sa sve\u0107enicima koji su u njemu formirani, potvr\u0111uje mi, sveti O\u010de, da \u201eRedemptoris Mater\u201c predstavlja sjajan dar za Rimsku biskupiju i za Crkvu \u0161irom svijeta. Ti sjemeni\u0161tarci i sve\u0107enici, zapravo, vole molitvu i Bo\u017eju rije\u010d, vjerno prakticiraju disciplinu i \u017eivot u zajednici, u potpunosti prihva\u0107aju nauk Crkve i pokre\u0107e ih veliki misionarski \u017ear. Tako\u0111er mogu s rado\u0161\u0107u svjedo\u010diti, Sveti O\u010de, da imaju veliku ljubav prema Osobi Va\u0161e svetosti i prema Njegovom poslanju Petrova nasljednika. Sveti O\u010de, ovi sjemeni\u0161tarci i njihovi nadre\u0111eni o\u010dekuju da \u0107e Va\u0161om rije\u010dju i Va\u0161im o\u010dinskim dobro\u010dinstvom biti prosvijetljeni na njihovom putu formacije i oja\u010dani u zvanju za slu\u017eenje Crkvi, stopama dobrog Pastira Isusa Krista. Hvala jo\u0161 jednom, Sveti O\u010de, molimo Va\u0161 blagoslov.<\/p>\n\n<div class=\"wp-block-image\"><figure class=\"alignleft size-large\"><img loading=\"lazy\" decoding=\"async\" width=\"768\" height=\"524\" src=\"https:\/\/neocatechumenaleiter.org\/wp-content\/uploads\/2020\/03\/Camino_Neocatecumenal_Juan_Pablo_II_exhortacion_seminaristas_redemptoris_mater_roma_2004.jpg\" alt=\"\" class=\"wp-image-13363\" srcset=\"https:\/\/neocatechumenaleiter.org\/wp-content\/uploads\/2020\/03\/Camino_Neocatecumenal_Juan_Pablo_II_exhortacion_seminaristas_redemptoris_mater_roma_2004.jpg 768w, https:\/\/neocatechumenaleiter.org\/wp-content\/uploads\/2020\/03\/Camino_Neocatecumenal_Juan_Pablo_II_exhortacion_seminaristas_redemptoris_mater_roma_2004-300x205.jpg 300w\" sizes=\"auto, (max-width: 768px) 100vw, 768px\" \/><\/figure><\/div>\n\n<p>Nakon pozdrava kardinala vikara, Camilla Ruinija, papa se nazo\u010dnima obratio sljede\u0107im govorom, kojeg donosimo u nastavku: \u201eIdite u cijeli svijet i propovijedajte Evan\u0111elje svakom stvorenju\u201c (Mk 16,15).<\/p>\n\n<p>1. Predragi nadre\u0111eni i studenti Biskupijskog sjemeni\u0161ta Redemptoris Mater, radostan sam da vas mogu primiti ovim rije\u010dima uskrslog Isusa, koje slu\u0161ate i meditirate na blagdan svetih \u0106irila i Metoda, na godi\u0161njicu kanonskog podizanja va\u0161eg sjemeni\u0161ta. Prije svega, pozdravljam kardinala vikara i zahvaljujem mu na rije\u010dima koje mi je uputio. Pozdravljam s ljubavlju va\u0161eg rektora, mons. Claudiana Strazzarija, ostale nadre\u0111ene i odgajatelje i svakog od vas, dragi studenti.<\/p>\n\n<p>2. Sjemeni\u0161ta Redemptoris Mater predstavljala su novo i vrlo zna\u010dajno iskustvo s obzirom na formaciju sve\u0107enika za novu evangelizaciju. Od tada su na svijetu nikla mnoga druga sjemeni\u0161ta Redemptoris Mater, nadahnuta va\u0161im modelom i dijele va\u0161e ciljeve. Osobito su obilni plodovi dobra koje je va\u0161e sjemeni\u0161te proizvelo tijekom ovih godina. Za njih zahvaljujem Gospodinu zajedno s vama. Za iste plodove \u017eelim zahvaliti i Neokatekumenskom putu na kojem su se va\u0161a zvanja rodila i rasla. Zahvaljujem i rektoru i drugim va\u0161im nadre\u0111enima koji pod bri\u017enim vodstvom kardinala vikara predsjedaju va\u0161om pripremom za sve\u0107eni\u0161tvo s ljubavlju i mudro\u0161\u0107u. Utemeljitelji Puta imali su sretnu intuiciju i predlo\u017eili podizanje sjemeni\u0161ta Redemptoris Mater i \u010dine sve \u0161to mogu kako bi potaknuli ro\u0111enje zvanja za sve\u0107eni\u0161tvo i posve\u0107eni \u017eivot na samom Putu. \u017delim se potom zajedno s vama sjetiti dva biskupa, mons. Giulia Salimeia i mons. Maximina Romera, koji su \u2013 jedan kao rektor, drugi kao duhovnik \u2013 svojom prosvjetljenom predano\u0161\u0107u i uzorno\u0161\u0107u \u017eivota uvelike pridonijeli po\u010detnom razvoju i uspje\u0161nom oblikovanju sjemeni\u0161ta Redemptoris Mater. Sa zadovoljstvom bih tako\u0111er istaknuo \u2013 kao \u0161to je kardinal vikar ve\u0107 podsjetio \u2013 da je posljednjih godina iz va\u0161ih sjemeni\u0161ta iza\u0161ao velik broj revnih sve\u0107enika, koji su se prikladno posvetili, dijelom pastoralnom slu\u017eenju u biskupijama, a dijelom misiji u svim dijelovima svijeta, kao sve\u0107enici \u201efidei donum\u201c.<\/p>\n\n<p>3. Da biste postigli ove pozitivne rezultate, va\u017eno je na va\u0161em formacijskom itinerariju uvijek imati jasnu narav i karakteristike ministerijalnog sve\u0107eni\u0161tva, kako su to ilustrirali Drugi vatikanski koncil, a potom postsinodalna apostolska pobudnica <em>Pastores dabo vobis<\/em>. Op\u0107e sve\u0107eni\u0161tvo vjernika i ministerijalno sve\u0107eni\u0161tvo zapravo su usmjereni jedno ka drugom i intimno povezani, oboje sudjeluju\u0107i, svaki na svoj na\u010din, u jedinom Kristovu sve\u0107eni\u0161tvu. Me\u0111utim, oni se razlikuju bitno i ne samo po stupnju (usp. <em>Lumen Gentium<\/em>, 10). Po sakramentu Svetog reda sve\u0107enici su na poseban na\u010din suobli\u010deni Isusu Kristu kao Glava i Pastir svoga naroda i u slu\u017ebi ovog naroda oni moraju \u2013 sli\u010dno Kristu \u2013 potro\u0161iti i darovati svoj \u017eivot. Upravo zato \u0161to oni sakramentalno predstavljaju Isusa Krista, glavu i pastira, oni su dakle pozvani da u bliskom zajedni\u0161tvu s biskupom predsjedaju zajednicama koje su im povjerene, prema svakoj od tri dimenzije \u2013 proro\u010dkoj, sve\u0107eni\u010dkoj i kraljevskoj \u2013 u kojima je izra\u017eeno jedno Kristovo poslanje i poslanje Crkve (usp. <em>Pastores dabo vobis<\/em>, 12-16).<\/p>\n\n<div class=\"wp-block-image\"><figure class=\"alignright size-large\"><img loading=\"lazy\" decoding=\"async\" width=\"768\" height=\"522\" src=\"https:\/\/neocatechumenaleiter.org\/wp-content\/uploads\/2020\/03\/Camino_Neocatecumenal_Juan_Pablo_II_exhortacion_seminaristas_redemptoris_mater_roma_2004_2.jpg\" alt=\"\" class=\"wp-image-13369\" srcset=\"https:\/\/neocatechumenaleiter.org\/wp-content\/uploads\/2020\/03\/Camino_Neocatecumenal_Juan_Pablo_II_exhortacion_seminaristas_redemptoris_mater_roma_2004_2.jpg 768w, https:\/\/neocatechumenaleiter.org\/wp-content\/uploads\/2020\/03\/Camino_Neocatecumenal_Juan_Pablo_II_exhortacion_seminaristas_redemptoris_mater_roma_2004_2-300x204.jpg 300w\" sizes=\"auto, (max-width: 768px) 100vw, 768px\" \/><\/figure><\/div>\n\n<p>Dragi bogoslovi, pridr\u017eavaju\u0107i se tog \u010dvrstog nauka u svojoj formaciji, a zatim u svakodnevnom vr\u0161enju sve\u0107eni\u010dke slu\u017ebe, mo\u0107i \u0107ete radosno \u017eivjeti milost sve\u0107eni\u0161tva i osigurati autenti\u010dnu i plodnu slu\u017ebu Rimskoj biskupiji i sestrinskim Crkvama u kojima \u0107ete biti poslani. Molitva, studij, \u017eivot u zajednici, dobro uskla\u0111eni u formaciji i vjerno i velikodu\u0161no provedeni u konkretnoj egzistenciji va\u0161eg sjemeni\u0161ta, na\u010dini su kojima Gospodin iz dana u dan oblikuje u vama sliku Krista dobrog pastira.<\/p>\n\n<p>4. Na ovim temeljima mo\u017eete se pripremati \u017eivjeti, kada postanete sve\u0107enici, samouvjereno i plodonosno pripremiti kako bi \u017eivjeli va\u0161u konstitutivnu i bezrezervnu pripadnost biskupijskom prezbiteriju koji u Biskupu ima svoju bitnu referentnu to\u010dku i istovremeno duboku vezu koja vas pridru\u017euje iskustvu Neokatekumenskog puta. Kao \u0161to je zapravo zapisano u \u010dl. 18. Statuta Puta, u biskupijskom i misijskom sjemeni\u0161tu Redemptoris Mater, \u201ekandidati tih sjemeni\u0161ta sudjelovanjem na Neokatekumenskom putu nalaze specifi\u010dni i osnovni element formacijskoga puta i istovremeno se pripravljaju na pravi prezbiterski odabir slu\u017eenja cjelokupnom Bo\u017ejem narodu, u bratskom zajedni\u0161tvu prezbiterija\u201c.<\/p>\n\n<p>Jednako tako, potrebno je izbje\u0107i la\u017enu alternativu izme\u0111u pastoralne slu\u017ebe u biskupiji kojoj pripadate i univerzalnog poslanja, do samih krajeva zemlje, koje je ukorijenjeno u istom sakramentalnom sudjelovanju u Kristovu sve\u0107eni\u0161tvu (usp. Pastores dabo vobis, 17-18) i na koje ste vi posebno pripremljeni kroz iskustvo Neokatekumenskog puta. Zapravo, va\u0161e konkretno odredi\u0161te odre\u0111uje biskup koji ima u srcu i potrebe vlastite biskupije, kao i zahtjeve sveop\u0107eg poslanja. Povjeravaju\u0107i se njegovim odlukama s pouzdanom i prijatnom poslu\u0161no\u0161\u0107u, prona\u0107i \u0107ete svoj unutarnji mir i spokoj i mo\u0107i \u0107ete u svakom slu\u010daju izraziti svoju misionarsku karizmu, s obzirom na to da je i ovdje u Rimu pastoralna briga okarakterizirana, i mora biti sve \u010de\u0161\u0107e, prioritetom evangelizacije.<\/p>\n\n<p>5. Dragi nadre\u0111eni i studenti sjemeni\u0161ta Redemptoris Mater, uvijek gledajte svoj \u017eivot, svoje zvanje i svoje poslanje o\u010dima vjere. Na kraju ovog sastanka, \u017eelio bih jo\u0161 jednom izraziti naklonost i povjerenje koje osje\u0107am prema vama i jam\u010dim moje stalne molitve za svakoga od vas, za cijelo sjemeni\u0161te, za zajednice Neokatekumenskog puta, a posebno za sve\u0107eni\u010dka zvanja koja se razvijaju u njima.<\/p>\n\n<p>Ovim osje\u0107ajima udjeljujem Apostolski blagoslov svima vama i onima koji su vam dragi.<\/p>\n","protected":false},"excerpt":{"rendered":"<p>Govor Ivana Pavla II. nadre\u0111enima i studentima biskupijskog sjemeni\u0161ta \u201eRedemptoris Mater\u201c u Rimu 18-3-2004 Sv. Ivan Pavao II. Vatikan, 18. o\u017eujka 2004. Sveti otac Ivan Pavao II. primio je u privatnoj audijenciji, u dvorani Klementina vatikanske Apostolske pala\u010de, \u010dlanove zajednice Biskupijskog sjemeni\u0161ta \u201eRedemptoris Mater\u201c u Rimu. Na po\u010detku audijencije, kardinal Camillo Ruini, generalni vikar Njegove Svetosti za Rimsku biskupiju, pozdravio je Ivana Pavla II. sljede\u0107im rije\u010dima: Sveti O\u010de, nadre\u0111eni i<\/p>\n<div class=\"read-more\"><a class=\"btn read-more-btn\" href=\"https:\/\/neocatechumenaleiter.org\/hr\/rijeci-papa\/sv-ivan-pavao-ii\/govor-ivana-pavla-ii-nadredenima-i-studentima-biskupijskog-sjemenista-redemptoris-mater-u-rimu-18-3-2004\/\">Nastavi \u010ditati<\/a><\/div>\n","protected":false},"author":2,"featured_media":0,"parent":9680,"menu_order":100,"comment_status":"closed","ping_status":"closed","template":"","meta":{"footnotes":""},"class_list":["post-17015","page","type-page","status-publish","hentry"],"_links":{"self":[{"href":"https:\/\/neocatechumenaleiter.org\/hr\/wp-json\/wp\/v2\/pages\/17015","targetHints":{"allow":["GET"]}}],"collection":[{"href":"https:\/\/neocatechumenaleiter.org\/hr\/wp-json\/wp\/v2\/pages"}],"about":[{"href":"https:\/\/neocatechumenaleiter.org\/hr\/wp-json\/wp\/v2\/types\/page"}],"author":[{"embeddable":true,"href":"https:\/\/neocatechumenaleiter.org\/hr\/wp-json\/wp\/v2\/users\/2"}],"replies":[{"embeddable":true,"href":"https:\/\/neocatechumenaleiter.org\/hr\/wp-json\/wp\/v2\/comments?post=17015"}],"version-history":[{"count":11,"href":"https:\/\/neocatechumenaleiter.org\/hr\/wp-json\/wp\/v2\/pages\/17015\/revisions"}],"predecessor-version":[{"id":17026,"href":"https:\/\/neocatechumenaleiter.org\/hr\/wp-json\/wp\/v2\/pages\/17015\/revisions\/17026"}],"up":[{"embeddable":true,"href":"https:\/\/neocatechumenaleiter.org\/hr\/wp-json\/wp\/v2\/pages\/9680"}],"wp:attachment":[{"href":"https:\/\/neocatechumenaleiter.org\/hr\/wp-json\/wp\/v2\/media?parent=17015"}],"curies":[{"name":"wp","href":"https:\/\/api.w.org\/{rel}","templated":true}]}}