{"id":17031,"date":"2020-08-31T17:08:25","date_gmt":"2020-08-31T16:08:25","guid":{"rendered":"https:\/\/neocatechumenaleiter.org\/rijeci-papa\/sv-ivan-pavao-ii\/inauguracija-knjiznice-domus-galilaeae-31-3-2005\/"},"modified":"2020-08-31T17:10:48","modified_gmt":"2020-08-31T16:10:48","slug":"inauguracija-knjiznice-domus-galilaeae-31-3-2005","status":"publish","type":"page","link":"https:\/\/neocatechumenaleiter.org\/hr\/rijeci-papa\/sv-ivan-pavao-ii\/inauguracija-knjiznice-domus-galilaeae-31-3-2005\/","title":{"rendered":"Inauguracija knji\u017enice Domus Galilaeae 31-3-2005"},"content":{"rendered":"\n<h1 class=\"has-text-align-center wp-block-heading\">Inauguracija knji\u017enice Domus Galilaeae 31-3-2005<\/h1>\n\n<div style=\"height:20px\" aria-hidden=\"true\" class=\"wp-block-spacer\"><\/div>\n\n<h4 class=\"has-text-align-center wp-block-heading\">Sv. Ivan Pavao II.<\/h4>\n\n<div style=\"height:20px\" aria-hidden=\"true\" class=\"wp-block-spacer\"><\/div>\n\n<p><strong>Korazim, 31. o\u017eujka 2005.<\/strong><\/p>\n\n<p>Knji\u017enica je inaugurirana 31. o\u017eujka 2005. u nazo\u010dnosti vi\u0161e od 50 biskupa iz raznih dijelova svijeta. Me\u0111u njima: 11 kardinala, patrijarh njegovo bla\u017eenstvo Michel Sabbah, 3 patrijarha isto\u010dne Crkve, apostolski nuncij monsinjor Pietro Sambi, \u010duvar Svete zemlje, mnogi rabini, predstavnici Kongregacija i sveu\u010dili\u0161ta, rektori 56 sjemeni\u0161ta \u201eRedemptoris Mater\u201c i itineranti Neokatekumenskog puta. Svi su bili prisutni kako bi istaknuli va\u017enu ulogu Domus Galilaeae kao \u201emosta\u201c izme\u0111u \u017eidovstva i kr\u0161\u0107anstva, \u0161to je Sveti Otac ovom \u201eDomusu\u201c pripisao u pismu koje je tom prigodom poslano. Na ulazu u knji\u017enicu nalazi se velika kristalna polukugla sa zvjezdanim nebom nad svodom. Unutar se nalazi kompletan svitak Tore, napisan prije tristo godina.<\/p>\n\n<p>Tora je smje\u0161tena u sredi\u0161tu knji\u017enice koja je dio kompleksa Domus Galilaeae. Kiko Arg\u00fcello, autor projekta Domus Galilaeae i Knji\u017enice, rekao je nekoliko rije\u010di kako bi objasnio odnos arhitektonske konstrukcije. Sfera je simbol svemira i izra\u017eava sredi\u0161nju ideju \u017eidovske i kr\u0161\u0107anske predaje koja se nalazi u knjizi Mudrih izreka 8,27: \u201eKad je (Bog) postavljao temelje zemlje, bila sam (mudrost) kraj njega kao graditeljica\u201c. Knji\u017enica \u0107e biti specijalizirana za Govor na gori kako bi biskupima, sve\u0107enicima i sjemeni\u0161tarcima ponudila mogu\u0107nost produbljenog prou\u010davanja i meditacije ovoga teksta. Nadalje donosimo pismo koje je Ivan Pavao II. \u017eelio poslati tom prilikom. Bio je to jedan od posljednjih slu\u017ebenih dokumenata njegova pontifikata.<\/p>\n\n<p>Draga bra\u0107o i sestre,&#013;\n&#013;\n1. S rado\u0161\u0107u sam saznao da \u0107e 31. o\u017eujka biti inaugurirana knji\u017enica \u201eDomusa Galilaeae\u201c, koja se uzdi\u017ee nedaleko od Brda Bla\u017eenstava. Na kraju konvivencije u kojoj sudjeluju brojni kardinali, biskupi i sve\u0107enici iz razli\u010ditih dijelova svijeta, zajedno s rektorima sjemeni\u0161ta koja pripadaju Neokatekumenskom putu, dogodit \u0107e se ovaj zna\u010dajan doga\u0111aj. I ja se vrlo rado pridru\u017eujem, upu\u0107uju\u0107i svoje najsrda\u010dnije pozdrave organizatorima i svim prisutnima. Posebno pozdravljam katoli\u010dke ordinarije u Svetoj Zemlji na \u010delu s latinskim patrijarhom, vjerskim i politi\u010dkim vlastima \u017eidovskog svijeta koji sudjeluju u doga\u0111aju, predstavnicima vjerskih zajednica i \u017eupnih zajednica u regiji.<\/p>\n\n<p>\u201eDomus Galilaeae\u201c; oboga\u0107en je novom va\u017enom strukturom, knji\u017enicom, u \u010dijem se sredi\u0161tu nalazi Knjiga Tore, da bi arhitektonski simbolizirala va\u017enost uloge Rije\u010di Bo\u017eje. Neka ova ku\u0107a, koju su izgradili odgovorni Neokatekumenskog puta, odgovaraju\u0107im inicijativama potakne temeljitu religijsku formaciju i plodonosni dijalog izme\u0111u \u017eidovstva i Katoli\u010dke Crkve.<\/p>\n\n<div class=\"wp-block-image\"><figure class=\"alignright size-medium\"><img loading=\"lazy\" decoding=\"async\" width=\"184\" height=\"300\" src=\"https:\/\/neocatechumenaleiter.org\/wp-content\/uploads\/2020\/03\/Camino_Neocatecumenal_Juan_Pablo_II_inauguracion_biblioteca_domus_galilaeae_2005_2-184x300.jpg\" alt=\"\" class=\"wp-image-2881\" srcset=\"https:\/\/neocatechumenaleiter.org\/wp-content\/uploads\/2020\/03\/Camino_Neocatecumenal_Juan_Pablo_II_inauguracion_biblioteca_domus_galilaeae_2005_2-184x300.jpg 184w, https:\/\/neocatechumenaleiter.org\/wp-content\/uploads\/2020\/03\/Camino_Neocatecumenal_Juan_Pablo_II_inauguracion_biblioteca_domus_galilaeae_2005_2.jpg 396w\" sizes=\"auto, (max-width: 184px) 100vw, 184px\" \/><\/figure><\/div>\n\n<p>2. \u201eTvoja rije\u010d nozi je mojoj svjetiljka\u201c (Ps 118,105). Tako pjeva psalmist i stoga \u0107e svi koji \u0107e imati koristi od mnogih usluga koje \u0107e danas otvorena Knji\u017enica ponuditi, na isti na\u010din biti pozvani na molitvu. Svemir je izgra\u0111en prema \u010dudesnom projektu nadahnutom Bo\u017ejom mudro\u0161\u0107u. Ivanovo evan\u0111elje zapo\u010dinje potvr\u0111uju\u0107i: \u201eU po\u010detku bija\u0161e Rije\u010d i Rije\u010d bija\u0161e u Boga i Rije\u010d bija\u0161e Bog\u201c (Iv 1,11). Rije\u010d, vje\u010dna mudrost Bo\u017eja, postala je tijelom, podigla je svoj \u0161ator me\u0111u nama i otkupila nas svojom smr\u0107u i uskrsnu\u0107em. Promotrimo s rado\u0161\u0107u, u ove svete dane Uskrsa, ovo temeljno otajstvo na\u0161e vjere. Krist, Prvoro\u0111enac svakog stvorenja, vrhunac Tore, uskrsnuo je i sada \u017eivi i hoda s nama, nastavljaju\u0107i nas prosvjetljivati svojom Rije\u010dju spasenja.<\/p>\n\n<p>Koliko su duboka njegova u\u010denja! Koliko je uvijek suvremen Govor na Gori upisan u svemiru! Kristova ljepota koja nalazi svoju krunu u Bla\u017eenstvima, ljepota Krista koja sja u Crkvi, njegovo otajstveno tijelo, o\u010dituju se na eminentni na\u010din u ljubavi koja ujedinjuje vjernike: to je poruka koju arhitektonska struktura gra\u0111evine \u201eDomus Galilaeae\u201c namjerava prenijeti svojim gostima i hodo\u010dasnicima. Iskreno se nadam da \u0107e oni koji \u0107e imati priliku boraviti u njemu, ili ga posjetiti, rasti u spoznanju i ljubavi Kristovoj, Mudrosti u kojoj je Po\u010delo svega.<\/p>\n\n<p>3. Predraga bra\u0107o i sestre! Dok se u mislima sjedinjujem s vama, iznova do\u017eivljavam u svojoj du\u0161i nezaboravne trenutke posjeta Svetoj zemlji kojeg mi je Gospodin dao ostvariti, tijekom Velikog jubileja 2000. godine: ta je godi\u0161njica upravo u ove dane. U Korazimu, na Brdu Bla\u017eenstava, nedaleko od \u201eDomusa Galilaeae\u201c, uspio sam upoznati mlade ljude i slaviti svetu misu za njih. Htio sam im ukazati na Deset zapovijedi i bla\u017eenstva kao pravilo \u017eivota, pozvao sam ih na potpunu vjernost Kristu. Upu\u0107ujem isti poziv svima vama na ovom mjestu na kojem neprekidno odjekuju Otkupiteljeve besmrtne rije\u010di. U svojem svakodnevnom \u017eivotu prevedite ih u konkretna djela i budite ponizni i odva\u017eni svjedoci Evan\u0111elja u svim okolnostima. <\/p>\n\n<p>Neka vam Djevica Marija, zvijezda evangelizacije, bude uzor i vodi\u010d. Jam\u010dim vam posebno sje\u0107anje u molitvi, dok s ljubavlju blagoslivljam vas i sve ljude koji su vam dragi.<\/p>\n\n<p>Vatikan, 24. o\u017eujka 2005., Veliki \u010detvrtak<\/p>\n\n<p><strong><em>Joannes Paulus PP II.<\/em><\/strong><\/p>\n\n<figure class=\"wp-block-gallery columns-2 is-cropped wp-block-gallery-1 is-layout-flex wp-block-gallery-is-layout-flex\"><ul class=\"blocks-gallery-grid\"><li class=\"blocks-gallery-item\"><figure><img loading=\"lazy\" decoding=\"async\" width=\"768\" height=\"512\" src=\"https:\/\/neocatechumenaleiter.org\/wp-content\/uploads\/2020\/03\/Camino_Neocatecumenal_Juan_Pablo_II_inauguracion_biblioteca_domus_galilaeae_2005.jpg\" alt=\"\" data-id=\"2895\" data-full-url=\"https:\/\/neocatechumenaleiter.org\/wp-content\/uploads\/2020\/03\/Camino_Neocatecumenal_Juan_Pablo_II_inauguracion_biblioteca_domus_galilaeae_2005.jpg\" data-link=\"https:\/\/neocatechumenaleiter.org\/?attachment_id=2895\" class=\"wp-image-9922\" srcset=\"https:\/\/neocatechumenaleiter.org\/wp-content\/uploads\/2020\/03\/Camino_Neocatecumenal_Juan_Pablo_II_inauguracion_biblioteca_domus_galilaeae_2005.jpg 768w, https:\/\/neocatechumenaleiter.org\/wp-content\/uploads\/2020\/03\/Camino_Neocatecumenal_Juan_Pablo_II_inauguracion_biblioteca_domus_galilaeae_2005-300x200.jpg 300w\" sizes=\"auto, (max-width: 768px) 100vw, 768px\" \/><\/figure><\/li><li class=\"blocks-gallery-item\"><figure><img loading=\"lazy\" decoding=\"async\" width=\"768\" height=\"512\" src=\"https:\/\/neocatechumenaleiter.org\/wp-content\/uploads\/2020\/03\/Camino_Neocatecumenal_Juan_Pablo_II_inauguracion_biblioteca_domus_galilaeae_2005_3.jpg\" alt=\"\" data-id=\"2888\" data-full-url=\"https:\/\/neocatechumenaleiter.org\/wp-content\/uploads\/2020\/03\/Camino_Neocatecumenal_Juan_Pablo_II_inauguracion_biblioteca_domus_galilaeae_2005_3.jpg\" data-link=\"https:\/\/neocatechumenaleiter.org\/?attachment_id=2888\" class=\"wp-image-9924\" srcset=\"https:\/\/neocatechumenaleiter.org\/wp-content\/uploads\/2020\/03\/Camino_Neocatecumenal_Juan_Pablo_II_inauguracion_biblioteca_domus_galilaeae_2005_3.jpg 768w, https:\/\/neocatechumenaleiter.org\/wp-content\/uploads\/2020\/03\/Camino_Neocatecumenal_Juan_Pablo_II_inauguracion_biblioteca_domus_galilaeae_2005_3-300x200.jpg 300w\" sizes=\"auto, (max-width: 768px) 100vw, 768px\" \/><\/figure><\/li><\/ul><\/figure>","protected":false},"excerpt":{"rendered":"<p>Inauguracija knji\u017enice Domus Galilaeae 31-3-2005 Sv. Ivan Pavao II. Korazim, 31. o\u017eujka 2005. Knji\u017enica je inaugurirana 31. o\u017eujka 2005. u nazo\u010dnosti vi\u0161e od 50 biskupa iz raznih dijelova svijeta. Me\u0111u njima: 11 kardinala, patrijarh njegovo bla\u017eenstvo Michel Sabbah, 3 patrijarha isto\u010dne Crkve, apostolski nuncij monsinjor Pietro Sambi, \u010duvar Svete zemlje, mnogi rabini, predstavnici Kongregacija i sveu\u010dili\u0161ta, rektori 56 sjemeni\u0161ta \u201eRedemptoris Mater\u201c i itineranti Neokatekumenskog puta. Svi su bili prisutni kako<\/p>\n<div class=\"read-more\"><a class=\"btn read-more-btn\" href=\"https:\/\/neocatechumenaleiter.org\/hr\/rijeci-papa\/sv-ivan-pavao-ii\/inauguracija-knjiznice-domus-galilaeae-31-3-2005\/\">Nastavi \u010ditati<\/a><\/div>\n","protected":false},"author":2,"featured_media":0,"parent":9680,"menu_order":101,"comment_status":"closed","ping_status":"closed","template":"","meta":{"footnotes":""},"class_list":["post-17031","page","type-page","status-publish","hentry"],"_links":{"self":[{"href":"https:\/\/neocatechumenaleiter.org\/hr\/wp-json\/wp\/v2\/pages\/17031","targetHints":{"allow":["GET"]}}],"collection":[{"href":"https:\/\/neocatechumenaleiter.org\/hr\/wp-json\/wp\/v2\/pages"}],"about":[{"href":"https:\/\/neocatechumenaleiter.org\/hr\/wp-json\/wp\/v2\/types\/page"}],"author":[{"embeddable":true,"href":"https:\/\/neocatechumenaleiter.org\/hr\/wp-json\/wp\/v2\/users\/2"}],"replies":[{"embeddable":true,"href":"https:\/\/neocatechumenaleiter.org\/hr\/wp-json\/wp\/v2\/comments?post=17031"}],"version-history":[{"count":5,"href":"https:\/\/neocatechumenaleiter.org\/hr\/wp-json\/wp\/v2\/pages\/17031\/revisions"}],"predecessor-version":[{"id":17036,"href":"https:\/\/neocatechumenaleiter.org\/hr\/wp-json\/wp\/v2\/pages\/17031\/revisions\/17036"}],"up":[{"embeddable":true,"href":"https:\/\/neocatechumenaleiter.org\/hr\/wp-json\/wp\/v2\/pages\/9680"}],"wp:attachment":[{"href":"https:\/\/neocatechumenaleiter.org\/hr\/wp-json\/wp\/v2\/media?parent=17031"}],"curies":[{"name":"wp","href":"https:\/\/api.w.org\/{rel}","templated":true}]}}