{"id":17041,"date":"2020-09-02T13:09:04","date_gmt":"2020-09-02T12:09:04","guid":{"rendered":"https:\/\/neocatechumenaleiter.org\/rijeci-papa\/sv-ivan-pavao-ii\/posjet-zupi-sv-benedetto-giuseppe-labre-31-10-1999\/"},"modified":"2020-09-02T13:09:04","modified_gmt":"2020-09-02T12:09:04","slug":"posjet-zupi-sv-benedetto-giuseppe-labre-31-10-1999","status":"publish","type":"page","link":"https:\/\/neocatechumenaleiter.org\/hr\/rijeci-papa\/sv-ivan-pavao-ii\/posjet-zupi-sv-benedetto-giuseppe-labre-31-10-1999\/","title":{"rendered":"Posjet \u017eupi Sv. Benedetto Giuseppe Labre 31-10-1999"},"content":{"rendered":"\n<h1 class=\"has-text-align-center wp-block-heading\">Posjet \u017eupi Sv. Benedetto Giuseppe Labre 31-10-1999<\/h1>\n\n<div style=\"height:20px\" aria-hidden=\"true\" class=\"wp-block-spacer\"><\/div>\n\n<h4 class=\"has-text-align-center wp-block-heading\">Sv. Ivan Pavao II.<\/h4>\n\n<div style=\"height:20px\" aria-hidden=\"true\" class=\"wp-block-spacer\"><\/div>\n\n<p><strong>Rim, 21. listopada 1999.<\/strong><\/p>\n\n<p>Na kraju svete mise, u dvorani \u017eupnog kompleksa, odr\u017ean je susret s mladima, \u010dlanovima pastoralnog vije\u0107a i predstavnicima razli\u010ditih \u017eupnih stvarnosti. U ime nazo\u010dnih, Vittorio (29) je uputio Papi sljede\u0107e rije\u010di pozdrava:<\/p>\n\n<p>Sveti O\u010de, pozdravili smo Vas rije\u010dima koje je Elizabeta uputila djevici Mariji: \u201eKako to da Majka Gospodina dolazi k meni?\u201c Ova pjesma izra\u017eava zahvalnost za Va\u0161 posjet na\u0161oj \u017eupnoj zajednici. Na ovom je susretu prisutna neokatekumenska zajednica, animatori oratorija, katehisti, \u010dlanovi \u017eupnog ekonomskog vije\u0107a i mladi koji se pripremaju za Svjetski dan mladih. Sveti O\u010de, u ovih nekoliko godina \u017eivota u na\u0161oj \u017eupi vidjeli smo da nismo \u201edobri\u201c, slabi smo i gre\u0161nici i mnogo nam je puta te\u0161ko biti svjetlo u svom susjedstvu, ali smo iskusili da samo u Kristu, koji je umro i uskrsnuo za na\u0161e spasenje, postoji \u017eivot; zato molimo Njegovu Svetost, kao nasljednika Petra, da nas potvrdi u vjeri. Hvala vam, zahvalni smo i puni radosti zbog njegove prisutnosti me\u0111u nama.<\/p>\n\n<p><em>Potom je Sveti Otac obra\u0107aju\u0107i se prisutnima izrekao ove rije\u010di:<\/em><\/p>\n\n<p>To da ste neokatekumeni odmah se osjeti. Dovoljno je poslu\u0161ati pjesme. Ovo su va\u0161e specifi\u010dne pjesme. Osje\u0107a se i da ste mladi. Pripremate se za jubilarnu 2000. godinu, za Svjetski dan mladih u Rimu: i to je dobro. Me\u0111utim, i ja se pripremam, iako sam sve manje mlad. A mladi me uvijek rado prate. Zahvaljujem vam na ovom posjetu i \u017eelim svima dobar nastavak: \u017eupnoj zajednici, pastoralnom vije\u0107u, mladima i neokatekumenima. Jubilej \u0107e dobro pro\u0107i. 2000. godina je ve\u0107 blizu. Sveta vrata moraju se otvoriti za manje od dva mjeseca, 24. prosinca. Jo\u0161 se uvijek sje\u0107amo svojih mrtvih, u ovim posebnim danima, tijekom kojih ih se cijela Crkva spominje. Hvala jo\u0161 jednom. Uvijek budite hrabri! I va\u0161 je \u017eupnik tako\u0111er neokatekumen, to se odmah primijeti. Tko nosi bradu, odmah je sumnjiv. Kapelan tako\u0111er nosi bradu. Poku\u0161ajmo se diviti neokatekumenima, \u010dak i ako ne nosimo bradu. <\/p>\n\n<p>Hvaljen Isus! <\/p>\n","protected":false},"excerpt":{"rendered":"<p>Posjet \u017eupi Sv. Benedetto Giuseppe Labre 31-10-1999 Sv. Ivan Pavao II. Rim, 21. listopada 1999. Na kraju svete mise, u dvorani \u017eupnog kompleksa, odr\u017ean je susret s mladima, \u010dlanovima pastoralnog vije\u0107a i predstavnicima razli\u010ditih \u017eupnih stvarnosti. U ime nazo\u010dnih, Vittorio (29) je uputio Papi sljede\u0107e rije\u010di pozdrava: Sveti O\u010de, pozdravili smo Vas rije\u010dima koje je Elizabeta uputila djevici Mariji: \u201eKako to da Majka Gospodina dolazi k meni?\u201c Ova pjesma izra\u017eava<\/p>\n<div class=\"read-more\"><a class=\"btn read-more-btn\" href=\"https:\/\/neocatechumenaleiter.org\/hr\/rijeci-papa\/sv-ivan-pavao-ii\/posjet-zupi-sv-benedetto-giuseppe-labre-31-10-1999\/\">Nastavi \u010ditati<\/a><\/div>\n","protected":false},"author":2,"featured_media":0,"parent":9680,"menu_order":93,"comment_status":"closed","ping_status":"closed","template":"","meta":{"footnotes":""},"class_list":["post-17041","page","type-page","status-publish","hentry"],"_links":{"self":[{"href":"https:\/\/neocatechumenaleiter.org\/hr\/wp-json\/wp\/v2\/pages\/17041","targetHints":{"allow":["GET"]}}],"collection":[{"href":"https:\/\/neocatechumenaleiter.org\/hr\/wp-json\/wp\/v2\/pages"}],"about":[{"href":"https:\/\/neocatechumenaleiter.org\/hr\/wp-json\/wp\/v2\/types\/page"}],"author":[{"embeddable":true,"href":"https:\/\/neocatechumenaleiter.org\/hr\/wp-json\/wp\/v2\/users\/2"}],"replies":[{"embeddable":true,"href":"https:\/\/neocatechumenaleiter.org\/hr\/wp-json\/wp\/v2\/comments?post=17041"}],"version-history":[{"count":1,"href":"https:\/\/neocatechumenaleiter.org\/hr\/wp-json\/wp\/v2\/pages\/17041\/revisions"}],"predecessor-version":[{"id":17042,"href":"https:\/\/neocatechumenaleiter.org\/hr\/wp-json\/wp\/v2\/pages\/17041\/revisions\/17042"}],"up":[{"embeddable":true,"href":"https:\/\/neocatechumenaleiter.org\/hr\/wp-json\/wp\/v2\/pages\/9680"}],"wp:attachment":[{"href":"https:\/\/neocatechumenaleiter.org\/hr\/wp-json\/wp\/v2\/media?parent=17041"}],"curies":[{"name":"wp","href":"https:\/\/api.w.org\/{rel}","templated":true}]}}