{"id":17121,"date":"2020-09-02T15:26:31","date_gmt":"2020-09-02T14:26:31","guid":{"rendered":"https:\/\/neocatechumenaleiter.org\/rijeci-papa\/sv-ivan-pavao-ii\/propovijed-duhovskog-bdijenja-na-zavrsetku-gradske-misije-u-rimu-22-5-1999\/"},"modified":"2020-10-02T13:03:31","modified_gmt":"2020-10-02T12:03:31","slug":"propovijed-duhovskog-bdijenja-na-zavrsetku-gradske-misije-u-rimu-22-5-1999","status":"publish","type":"page","link":"https:\/\/neocatechumenaleiter.org\/hr\/rijeci-papa\/sv-ivan-pavao-ii\/propovijed-duhovskog-bdijenja-na-zavrsetku-gradske-misije-u-rimu-22-5-1999\/","title":{"rendered":"Propovijed Duhovskog Bdijenja na zavr\u0161etku gradske misije u Rimu 22-5-1999"},"content":{"rendered":"\n<h1 class=\"has-text-align-center wp-block-heading\">Propovijed Duhovskog Bdijenja na zavr\u0161etku gradske misije u Rimu 22-5-1999<\/h1>\n\n<div style=\"height:20px\" aria-hidden=\"true\" class=\"wp-block-spacer\"><\/div>\n\n<h4 class=\"has-text-align-center wp-block-heading\">Sv. Ivan Pavao II.<\/h4>\n\n<div style=\"height:20px\" aria-hidden=\"true\" class=\"wp-block-spacer\"><\/div>\n\n<p><p><strong>Trg svetog Petra, 22. svibnja 1999. (*)<\/strong><\/p><\/p>\n\n<p><p><em>\u201eZahvaljujemo Bogu za ovaj izvanredan doga\u0111aj, koji je bio \u010din ljubavi prema gradu i prema svakom od njegovih stanovnika. Gradska misija je, naime, u kr\u0161\u0107anskim zajednicama promicala plan sna\u017ene duhovnosti koji se hrani molitvom i slu\u0161anjem Bo\u017eje Rije\u010di&#8221;. Ovim je rije\u010dima Ivan Pavao II. u propovijedi euharistijskog slavlja na Duhovskom bdijenju u subotu popodne, 22. svibnja, sa\u017eeo putovanje koje je Crkva Rima napravila od 8. prosinca 1995. do sve\u010danosti Pedesetnice 1999. Ovo je tekst propovijedi Ivana Pavla II.:<\/em><\/p><\/p>\n\n<p><p>1. \u201eOtvori vrata Kristu, svojemu Spasitelju\u201c: ovaj poziv, koji je sna\u017eno odjeknuo u tri godine priprema za veliki Jubilej, obilje\u017eio je na\u0161u Gradsku misiju. Zahvaljujemo Bogu na ovom izvanrednom doga\u0111aju, koji je bio \u010din ljubavi prema gradu i prema svakom od njegovih stanovnika. Gradska misija je, naime, u kr\u0161\u0107anskim zajednicama promicala plan sna\u017ene duhovnosti koji se hrani molitvom i slu\u0161anjem Bo\u017eje Rije\u010di. Uz to, omogu\u0107io je i pove\u0107anje tog crkvenog zajedni\u0161tva koje je Rimska sinoda ozna\u010dila kao neophodan uvjet nove evangelizacije. \u010citava biskupijska zajednica, u razli\u010ditim slu\u017ebama, zvanjima i karizmama, zajedni\u010dki se pokrenula nude\u0107i svoj doprinos molitvom, navije\u0161tanjem, svjedo\u010denjem i slu\u017eenjem. Zajedno smo imali iskustvo biti \u201eBo\u017eji narod u misiji\u201c. Osje\u0107am du\u017enost zahvaliti onima koji su na razne na\u010dine sudjelovali u ovoj va\u017enoj pastoralnoj inicijativi. Prije svega Vama, gospodine kardinale vikare, koji ste Misiju vodili s revno\u0161\u0107u, u uskoj suradnji s pomo\u0107nim biskupima, koje srda\u010dno pozdravljam. Ovdje bih se \u017eelio prisjetiti ostalih prelata koji su ponudili cijenjenu suradnju, a me\u0111u njima i pokojnog monsinjora Clementea Rive. Mislim sa zahvalno\u0161\u0107u na vas, dragi misionari, sve\u0107enici, redovnici, redovnice, a posebice laici koji ste prvi iskoristili milost misije. Velikodu\u0161na predanost s kojom ste se pripremili i donijeli Evan\u0111elje ku\u0107ama i drugim dijelovima grada otvorila je nove na\u010dine evangelizacije i kr\u0161\u0107anske prisutnosti u svakodnevnom tkivu \u017eivota na\u0161ih ljudi. Duh Sveti vodio vas je korak po korak, nadahnjivao vas pravim rije\u010dima za navije\u0161tanje Krista i podr\u017eavao vas u neizbje\u017enim trenutcima pote\u0161ko\u0107a. Zahvalimo Gospodinu za ono \u0161to je u\u010dinio, pokazuju\u0107i znakove njegove milosti i ljubavi u svim okolnostima. Veliki Jubilej, koji je pred nama, poti\u010de nas da istim entuzijazmom nastavimo ovaj misionarski kako bi se rezultati ostvareni ovom misijom konsolidirali i pro\u0161irili. Na ovaj \u0107emo na\u010din mnogim hodo\u010dasnicima koji \u0107e sljede\u0107e godine do\u0107i u Rim mo\u0107i pokazati lice na\u0161e Crkve obnovljene u vjeri i bogate djelima ljubavi koja je otvorena i pru\u017ea dobrodo\u0161licu svima.<\/p><\/p>\n\n<p>2. Da bi se to ostvarilo, neophodno je da se misionarski rad, tako radosno zapo\u010det, u\u010dvrsti i razvije. Potrebno je nastaviti podr\u017eavati ljude i obitelji kojima smo ve\u0107 pristupili u njihovim domovima i na radnim mjestima, kao i do\u0107i do onih kojima iz razli\u010ditih razloga nismo mogli pristupiti posljednjih godina. Stoga bi godi\u0161nja posjeta obiteljima i centrima za slu\u0161anje Evan\u0111elja, \u010diji broj se treba pove\u0107ati, trebala biti du\u0161a pastoralne skrbi u \u017eupi, zahvaljuju\u0107i suradnji crkvenih udruga, pokreta i skupina. Neka slavljenje Rije\u010di Bo\u017eje obilje\u017ei putovanje vjere u \u017eupnim zajednicama, posebno u jakim vremenima liturgijske godine. Neka znak ljubavi prema siromasima i onima koji trpe prati navje\u0161taj gospodnji, pokazuju\u0107i njegovu \u017eivu prisutnost kroz svakodnevno svjedo\u010denje bratske ljubavi. Trebamo oja\u010dati zajedni\u0161tvo izme\u0111u kr\u0161\u0107ana koji djeluju u poslovnom i znanstvenom okru\u017eenju, mjestima pru\u017eanja skrbi i mjestima zabave, gdje se Evan\u0111elje propovijeda na konkretan na\u010din. Klica evan\u0111eoske novosti, zasijana Misijom, mora svugdje rasti i uroditi plodom, \u010dak i tamo gdje jo\u0161 nije bilo mogu\u0107e promicati odgovaraju\u0107e misionarske inicijative. Na\u0161e svjedo\u010denje u tom je smislu utoliko hitnije. Zapravo, nema stvarnosti u koju evan\u0111elje ne mo\u017ee prodrijeti; \u0161tovi\u0161e, uskrsli Krist je tamo ve\u0107 otajstveno prisutan svojim Svetim Duhom.<\/p>\n\n<p><p>3. Ovakav ogroman apostolski poduhvat zahtijeva formaciju i katehezu namijenjenu cijelom Bo\u017ejem narodu kako bi postali svjesniji svog misionarskog zvanja i bili spremni dati razlog vjere u Krista uvijek i svuda. Du\u017enost je \u017eupa, vjerskih zajednica, udruga, pokreta i skupina da se brinu za ovu formaciju, prire\u0111uju\u0107i itinerarije vjere, molitve i kr\u0161\u0107anskog iskustva bogate teolo\u0161kim, duhovnim i kulturnim sadr\u017eajima. Vi ste, dragi sve\u0107enici, prvi kojima je povjeren ovaj zadatak: budite mudri vodi\u010di i pozorni u\u010ditelji vjere u svojim zajednicama. Vi, dragi redovnici i redovnice, koji ste toliko pridonijeli Misiji, nastavite je podr\u017eavati svojim molitvama, sveto\u0161\u0107u \u017eivota i vlastitim karizmama na mnogim apostolskim poljima na kojima ste anga\u017eirani. Vi, dragi laici, pozvani ste da o\u017eivite veliki i stalan misionarski pokret u gradu i u svakom okru\u017eenju. U obitelji, kao u ogromnom i slo\u017eenom poslovnom svijetu i svijetu kulture, u \u0161kolama i na sveu\u010dili\u0161tima, u zdravstvenim ustanovama, medijima i aktivnostima u slobodno vrijeme, ne propustite dati svoj doprinos, kako bi navje\u0161taj evan\u0111elja mogao utjecati na \u010ditavo dru\u0161tvo. Kako da zaboravimo doprinos koji su dali Gradskoj misiji, i pozvani su to ponoviti, oboljeli prino\u0161enjem vlastite patnje, kao \u0161to su i klauzurni redovnici svojom stalnom molitvom? Zahvaljujem se svima ponaosob na vrlo korisnoj duhovnoj pomo\u0107i.<\/p><\/p>\n\n<p><p>4. Kad pogledamo na ove tri godine Gradske misije, lako je vidjeti da je Bo\u017eja rije\u010d na\u0161iroko posijana. Da ovo bo\u017eansko sjeme ne bi propalo, ve\u0107 dobilo \u010dvrste korijene i urodilo plodom u svakodnevnom \u017eivotu i pastoralnoj skrbi, ovom se planu mora posvetiti posebna pa\u017enja koja uklju\u010duje sve crkvene sastavnice i treba ga zaklju\u010diti kongresom. Razmi\u0161ljam o velikom susretu koji \u0107e nam pomo\u0107i, na osnovu iskustva Gradske misije, ucrtati smjernice trajne posve\u0107enosti evangelizaciji i misionarskom djelovanju. Biti Crkva u misiji: to je veliki izazov narednih godina za Rim i za cijeli svijet. Ovu zada\u0107u povjeravam vama, dragi sve\u0107enici, redovnici i redovnice, laici i na poseban na\u010din vama, pokreti i nove zajednice, sje\u0107aju\u0107i se susreta od prije godinu dana, Duhovskog bdijenja na ovom istom trgu. Potrebno je ponizno se otvoriti djelovanju Duha, prihva\u0107aju\u0107i sa zahvalno\u0161\u0107u i poslu\u0161no\u0161\u0107u darove koje Duh nikad ne prestaje davati za dobrobit cijele Crkve. Ve\u010deras Krist ponavlja svakome od vas: \u201ePo\u0111ite po svem svijetu, propovijedajte Evan\u0111elje svemu stvorenju.\u201c (Mk 16,15). Dragi prijatelji, Evan\u0111elje koje nam je povjerio Krist je Evan\u0111elje mira! Kako da to zadr\u017eimo samo za sebe, posebno u ovom trenutku kada ugnjetavanje i rat siju uni\u0161tenje i smrt na susjednim podru\u010djima Balkana? Duh nas pokre\u0107e da budemo glasnici i mirotvorci u pravdi i pomirenju. U ovoj perspektivi, \u017eelio bih da cijela Rimska Crkva hitno pozove na mir u nadolaze\u0107oj sve\u010danosti Presvetog Tijela i Krvi Kristove. Stoga pozivam sve vas \u2013 kler, redovnike i vjernike \u2013 da mi se pridru\u017eite uve\u010der u \u010detvrtak 3. lipnja u Bazilici sv. Ivana Lateranskog na misi i procesiji ove sve\u010danosti u kojoj \u0107emo zajedno moliti za dar mira na Balkanu. Neka Dan Presvetog Tijela i Krvi Kristove ove godine bude obilje\u017een intenzivnom molitvom za mir.<\/p><\/p>\n\n<p><p>5. <em>Do\u0111i, Du\u0161e Sveti, ispuni srca svojih vjernika i zapali u njima vatru svoje ljubavi<\/em>. Do\u0111i, Du\u0161e Sveti! Zaziv koji odjekuje liturgijom ovog Duhovskog bdijenja ispunjava nas rado\u0161\u0107u i nadom. Du\u0161e Sveti, tvor\u010de i du\u0161o Misije, podigni u Rimskoj Crkvi mnoge misionare me\u0111u mladima, odraslima, obiteljima i usadi u svakog od njih neugasivu vatru svoje ljubavi. Du\u0161e, \u201esvjetlosti srdaca\u201c, uka\u017ei na nove putove gradske i univerzalne misije u tre\u0107em tisu\u0107lje\u0107u koje \u0107e uskoro zapo\u010deti. \u201eSavr\u0161eni utje\u0161itelju\u201c, podr\u017eavaj obeshrabrene, potvr\u0111uj odu\u0161evljenje onih koji su iskusili radost evangelizacije, oja\u010daj u svakom vjerniku \u017eelju i hrabrost da svakodnevno budu misionari Evan\u0111elja u svom \u017eivotnom i radnom okru\u017eenju. \u201eSlatki goste du\u0161e\u201c, otvori srce svake osobe, obitelji, vjerske i \u017eupne zajednice, tako da siroma\u0161ni hodo\u010dasnici koji \u0107e sudjelovati na Jubileju budu velikodu\u0161no ugo\u0161\u0107eni. Ovo \u0107e, zapravo, biti jedan od najljep\u0161ih plodova gradske misije: konkretna aktualizacija one rimske ljubavi, ploda vjere, koji je uvijek pratio obilje\u017eavanje Svetih godina. Presveta Marija, koja od Pedesetnice bdije\u0161 s Crkvom u zazivanju Duha Svetoga, ostani s nama u sredi\u0161tu na\u0161e jedinstvene dvorane posljednje ve\u010dere. Tebi, koju \u010dastimo kao Gospu Bo\u017eanske ljubavi, povjeravamo plodove Gradske misije, da tvojim zagovorom Rimska biskupija dadne svijetu uvjerljivo svjedo\u010danstvo\u00a0 Krista, na\u0161ega Spasitelja<\/p><\/p>\n\n<p><p><em>(*) Usp. \u201eL&#8217;Osservatore Romano\u201c, 24.-25. svibnja 1999.<\/em><\/p><\/p>\n","protected":false},"excerpt":{"rendered":"<p>Propovijed Duhovskog Bdijenja na zavr\u0161etku gradske misije u Rimu 22-5-1999 Sv. Ivan Pavao II. Trg svetog Petra, 22. svibnja 1999. (*) \u201eZahvaljujemo Bogu za ovaj izvanredan doga\u0111aj, koji je bio \u010din ljubavi prema gradu i prema svakom od njegovih stanovnika. Gradska misija je, naime, u kr\u0161\u0107anskim zajednicama promicala plan sna\u017ene duhovnosti koji se hrani molitvom i slu\u0161anjem Bo\u017eje Rije\u010di&#8221;. Ovim je rije\u010dima Ivan Pavao II. u propovijedi euharistijskog slavlja na<\/p>\n<div class=\"read-more\"><a class=\"btn read-more-btn\" href=\"https:\/\/neocatechumenaleiter.org\/hr\/rijeci-papa\/sv-ivan-pavao-ii\/propovijed-duhovskog-bdijenja-na-zavrsetku-gradske-misije-u-rimu-22-5-1999\/\">Nastavi \u010ditati<\/a><\/div>\n","protected":false},"author":2,"featured_media":0,"parent":9680,"menu_order":91,"comment_status":"closed","ping_status":"closed","template":"","meta":{"footnotes":""},"class_list":["post-17121","page","type-page","status-publish","hentry"],"_links":{"self":[{"href":"https:\/\/neocatechumenaleiter.org\/hr\/wp-json\/wp\/v2\/pages\/17121","targetHints":{"allow":["GET"]}}],"collection":[{"href":"https:\/\/neocatechumenaleiter.org\/hr\/wp-json\/wp\/v2\/pages"}],"about":[{"href":"https:\/\/neocatechumenaleiter.org\/hr\/wp-json\/wp\/v2\/types\/page"}],"author":[{"embeddable":true,"href":"https:\/\/neocatechumenaleiter.org\/hr\/wp-json\/wp\/v2\/users\/2"}],"replies":[{"embeddable":true,"href":"https:\/\/neocatechumenaleiter.org\/hr\/wp-json\/wp\/v2\/comments?post=17121"}],"version-history":[{"count":5,"href":"https:\/\/neocatechumenaleiter.org\/hr\/wp-json\/wp\/v2\/pages\/17121\/revisions"}],"predecessor-version":[{"id":18077,"href":"https:\/\/neocatechumenaleiter.org\/hr\/wp-json\/wp\/v2\/pages\/17121\/revisions\/18077"}],"up":[{"embeddable":true,"href":"https:\/\/neocatechumenaleiter.org\/hr\/wp-json\/wp\/v2\/pages\/9680"}],"wp:attachment":[{"href":"https:\/\/neocatechumenaleiter.org\/hr\/wp-json\/wp\/v2\/media?parent=17121"}],"curies":[{"name":"wp","href":"https:\/\/api.w.org\/{rel}","templated":true}]}}