{"id":17125,"date":"2020-09-02T18:09:02","date_gmt":"2020-09-02T17:09:02","guid":{"rendered":"https:\/\/neocatechumenaleiter.org\/rijeci-papa\/sv-ivan-pavao-ii\/regina-coeli-nedjelje-duhova-na-zavrsetku-gradskih-misija-po-trgovima-u-rimu-23-5-1999\/"},"modified":"2020-10-02T13:04:42","modified_gmt":"2020-10-02T12:04:42","slug":"regina-coeli-nedjelje-duhova-na-zavrsetku-gradskih-misija-po-trgovima-u-rimu-23-5-1999","status":"publish","type":"page","link":"https:\/\/neocatechumenaleiter.org\/hr\/rijeci-papa\/sv-ivan-pavao-ii\/regina-coeli-nedjelje-duhova-na-zavrsetku-gradskih-misija-po-trgovima-u-rimu-23-5-1999\/","title":{"rendered":"\u00abRegina Coeli\u00bb Nedjelje Duhova na zavr\u0161etku gradskih misija po trgovima u Rimu  23-5-1999"},"content":{"rendered":"\n<h1 class=\"has-text-align-center wp-block-heading\">\u00abRegina Coeli\u00bb Nedjelje Duhova na zavr\u0161etku gradskih misija po trgovima u Rimu  23-5-1999<\/h1>\n\n<div style=\"height:20px\" aria-hidden=\"true\" class=\"wp-block-spacer\"><\/div>\n\n<h4 class=\"has-text-align-center wp-block-heading\">Sv. Ivan Pavao II.<\/h4>\n\n<div style=\"height:20px\" aria-hidden=\"true\" class=\"wp-block-spacer\"><\/div>\n\n<p><p><strong>Sveti Petar, 23. svibnja 1999. (*)<\/strong><\/p><\/p>\n\n<p><p><em>\u201eZazovimo zajedno Duha Svetoga da u\u010dini plodnom Rimsku gradsku misiju i obilato ispuni o\u010dekivanja cijele Crkve\u201c. Na \u201eRegina Coeli\u201c na sve\u010danost Duhova, u nedjelju 23. svibnja, Ivan Pavao II. podsjetio je na sve\u010dano bdijenje koje je zaklju\u010dilo gradsku misiju u subotu popodne i pro\u0161logodi\u0161nji veliki susret s crkvenim pokretima i novim zajednicama. Ovo su Papine rije\u010di:<\/em><\/p><\/p>\n\n<p>1. Sve\u010dano\u0161\u0107u Duhova ponovno pro\u017eivljavamo posebno iskustvo koje su apostoli imali pedeset dana nakon Kristova uskrsnu\u0107a. Pedesetnicom se zavr\u0161ava vrijeme Uskrsa i to se ispunjenje sastoji upravo u daru Duha Svetoga, prema Isusovom obe\u0107anju. Danas razmatramo preobrazbu Gospodinovih u\u010denika iz jo\u0161 uvijek stra\u0161ljivih sljedbenika u neustra\u0161ive svjedoke koji hrabro navje\u0161\u0107uju Radosnu vijest svim narodima. Okupljeni u jednodu\u0161noj molitvi u Dvorani posljednje ve\u010dere, s Marijom, Duh istine \u0161alje ih da od cijelog svijeta naprave dvoranu ljubavi i jedinstva. Obje dimenzije \u2013 molitva i apostolat, zajedni\u0161tvo i poslanje \u2013 neophodne su za \u017eivot Crkve u svako doba i na svakom mjestu.<\/p>\n\n<p>2. Pripremili smo se za ovu veliku sve\u010danost ju\u010der nave\u010der, ovdje na Trgu svetog Petra, sve\u010danim bdijenjem koje je zaklju\u010dilo Rimsku gradsku misiju. Kakvo izvanredno duhovno iskustvo! Podsjetilo nas je na pro\u0161logodi\u0161nji susret s crkvenim pokretima i novim zajednicama, koji su istinski dar Duha Crkvi na kraju tisu\u0107lje\u0107a i jedan od novih znakova proiza\u0161lih iz Drugog vatikanskog koncila. Taj pro\u0161logodi\u0161nji susret urodio je dragocjenim plodovima. Pove\u0107ao se broj inicijativa usmjerenih na poticanje zajedni\u0161tva me\u0111u pokretima i zajednicama kako bi se pro\u0161irila suradnja me\u0111u njima, kao i u krilu lokalnih crkava i \u017eupa. Zahvaljujemo Gospodinu na ovom obe\u0107avaju\u0107em prolje\u0107u Crkve, punom nade. Siguran sam da \u0107e sljede\u0107i kongres koji \u0107e organizirati Papinsko vije\u0107e za laike na temu \u201eCrkveni pokreti i nove zajednice u biskupskom pastoralnom djelovanju\u201c pridonijeti poticanju daljnjeg razvoja. Sekularizirani svijet tjera svakog kr\u0161\u0107anina da o\u017eivi svoje misionarsko poslanje, temelje\u0107i ga na iskustvu koje se sastoji od molitve, jedinstva i navije\u0161tanja.<\/p>\n\n<p><p>3. Zazovimo zajedno Duha Svetoga da u\u010dini plodnom Rimsku gradsku misiju i obilato ispuni o\u010dekivanja cijele Crkve. Misijsko opredjeljenje nema rok trajanja i uklju\u010duje svakog \u010dlana kr\u0161\u0107anske zajednice. Danas, kao i na po\u010detcima, Crkva zna kako, za suo\u010davanje s izazovima Nove evangelizacije, mora zastati u molitvi s Marijom, Isusovom Majkom i na\u0161om Majkom. Molimo Djevicu da se moli s nama te da za nas nebeskom Ocu izlije Duha Svetoga na sve vjernike i obnovi \u010dudesa Pedesetnice.<\/p><\/p>\n\n<p><p><em>(*) Usp. \u201eL&#8217;Osservatore Romano\u201c, 24.-25. svibnja 1999.<\/em><\/p><\/p>\n","protected":false},"excerpt":{"rendered":"<p>\u00abRegina Coeli\u00bb Nedjelje Duhova na zavr\u0161etku gradskih misija po trgovima u Rimu 23-5-1999 Sv. Ivan Pavao II. Sveti Petar, 23. svibnja 1999. (*) \u201eZazovimo zajedno Duha Svetoga da u\u010dini plodnom Rimsku gradsku misiju i obilato ispuni o\u010dekivanja cijele Crkve\u201c. Na \u201eRegina Coeli\u201c na sve\u010danost Duhova, u nedjelju 23. svibnja, Ivan Pavao II. podsjetio je na sve\u010dano bdijenje koje je zaklju\u010dilo gradsku misiju u subotu popodne i pro\u0161logodi\u0161nji veliki susret s<\/p>\n<div class=\"read-more\"><a class=\"btn read-more-btn\" href=\"https:\/\/neocatechumenaleiter.org\/hr\/rijeci-papa\/sv-ivan-pavao-ii\/regina-coeli-nedjelje-duhova-na-zavrsetku-gradskih-misija-po-trgovima-u-rimu-23-5-1999\/\">Nastavi \u010ditati<\/a><\/div>\n","protected":false},"author":2,"featured_media":0,"parent":9680,"menu_order":92,"comment_status":"closed","ping_status":"closed","template":"","meta":{"footnotes":""},"class_list":["post-17125","page","type-page","status-publish","hentry"],"_links":{"self":[{"href":"https:\/\/neocatechumenaleiter.org\/hr\/wp-json\/wp\/v2\/pages\/17125","targetHints":{"allow":["GET"]}}],"collection":[{"href":"https:\/\/neocatechumenaleiter.org\/hr\/wp-json\/wp\/v2\/pages"}],"about":[{"href":"https:\/\/neocatechumenaleiter.org\/hr\/wp-json\/wp\/v2\/types\/page"}],"author":[{"embeddable":true,"href":"https:\/\/neocatechumenaleiter.org\/hr\/wp-json\/wp\/v2\/users\/2"}],"replies":[{"embeddable":true,"href":"https:\/\/neocatechumenaleiter.org\/hr\/wp-json\/wp\/v2\/comments?post=17125"}],"version-history":[{"count":5,"href":"https:\/\/neocatechumenaleiter.org\/hr\/wp-json\/wp\/v2\/pages\/17125\/revisions"}],"predecessor-version":[{"id":18079,"href":"https:\/\/neocatechumenaleiter.org\/hr\/wp-json\/wp\/v2\/pages\/17125\/revisions\/18079"}],"up":[{"embeddable":true,"href":"https:\/\/neocatechumenaleiter.org\/hr\/wp-json\/wp\/v2\/pages\/9680"}],"wp:attachment":[{"href":"https:\/\/neocatechumenaleiter.org\/hr\/wp-json\/wp\/v2\/media?parent=17125"}],"curies":[{"name":"wp","href":"https:\/\/api.w.org\/{rel}","templated":true}]}}