{"id":17433,"date":"2020-09-07T19:12:26","date_gmt":"2020-09-07T18:12:26","guid":{"rendered":"https:\/\/neocatechumenaleiter.org\/rijeci-papa\/sv-ivan-pavao-ii\/konvivencija-biskupa-amerike-u-new-yorku-na-temu-samo-ce-nova-estetika-spasit-crkvu-1-4-1997\/"},"modified":"2020-09-07T19:19:07","modified_gmt":"2020-09-07T18:19:07","slug":"konvivencija-biskupa-amerike-u-new-yorku-na-temu-samo-ce-nova-estetika-spasit-crkvu-1-4-1997","status":"publish","type":"page","link":"https:\/\/neocatechumenaleiter.org\/hr\/rijeci-papa\/sv-ivan-pavao-ii\/konvivencija-biskupa-amerike-u-new-yorku-na-temu-samo-ce-nova-estetika-spasit-crkvu-1-4-1997\/","title":{"rendered":"Konvivencija biskupa Amerike u New Yorku na temu: \u201esamo \u0107e nova estetika spasiti crkvu\u201c 1-4-1997"},"content":{"rendered":"\n<h1 class=\"has-text-align-center wp-block-heading\">Konvivencija biskupa Amerike u New Yorku na temu: \u201esamo \u0107e nova estetika spasiti crkvu\u201c 1-4-1997<\/h1>\n\n<div style=\"height:20px\" aria-hidden=\"true\" class=\"wp-block-spacer\"><\/div>\n\n<h4 class=\"has-text-align-center wp-block-heading\">Sv. Ivan Pavao II.<\/h4>\n\n<div style=\"height:20px\" aria-hidden=\"true\" class=\"wp-block-spacer\"><\/div>\n\n<div class=\"wp-block-image\"><figure class=\"alignleft size-large\"><img loading=\"lazy\" decoding=\"async\" width=\"400\" height=\"272\" src=\"https:\/\/neocatechumenaleiter.org\/wp-content\/uploads\/2020\/03\/Camino_Neocatecumenal_Juan_Pablo_II_convivencia_obispos_new_york_1997.jpg\" alt=\"\" class=\"wp-image-8821\" srcset=\"https:\/\/neocatechumenaleiter.org\/wp-content\/uploads\/2020\/03\/Camino_Neocatecumenal_Juan_Pablo_II_convivencia_obispos_new_york_1997.jpg 400w, https:\/\/neocatechumenaleiter.org\/wp-content\/uploads\/2020\/03\/Camino_Neocatecumenal_Juan_Pablo_II_convivencia_obispos_new_york_1997-300x204.jpg 300w\" sizes=\"auto, (max-width: 400px) 100vw, 400px\" \/><\/figure><\/div>\n\n<p><strong>New York, 1.-5. travnja 1997.<\/strong><\/p>\n\n<p><em>\u201eNova evangelizacija i tre\u0107e tisu\u0107lje\u0107e. Samo \u0107e nova estetika spasiti Crkvu\u201d, to je bila tema. Konvencija je biskupima ponu\u0111ena kao prilika da saznaju, izravno s izvora, \u0161to je to Neokatekumenski put. Razmi\u0161ljanja o nu\u017enosti nove estetike za evangelizaciju Novog tisu\u0107lje\u0107a nisu mogla na\u0107i prikladnije mjesto od \u201eVelike jabuke\u201c, kulturne prijestolnice suvremenog svijeta. \u201eNova estetika\u201c koju je Neokatekumenski put uveo svojom biblijskom i liturgijskom inicijacijom u stvarnosti pokazuje da je sposobna nositi se s kulturnim utjecajem megalopolisa koji prijeti \u017eivotu Crkve.<\/em><\/p>\n\n<p><em>Telegram Svetog Oca:<\/em><\/p>\n\n<p>Sveti je otac obavije\u0161ten o susretu koji je od 1. do 5. travnja organizirao Neokatekumenski put u New Yorku. Srda\u010dno pozdravlja sve sudionike, posebno njegovu bra\u0107u biskupe koji su podr\u017eali ovu inicijativu, nude\u0107i razmi\u0161ljanje potpomognuto molitvom koje \u0107e pridonijeti sljede\u0107em posebnom saboru Biskupske sinode u Americi.<\/p>\n\n<div class=\"wp-block-image\"><figure class=\"alignright size-large\"><img loading=\"lazy\" decoding=\"async\" width=\"338\" height=\"400\" src=\"https:\/\/neocatechumenaleiter.org\/wp-content\/uploads\/2020\/03\/Camino_Neocatecumenal_Juan_Pablo_II_convivencia_obispos_new_york_1997_2.jpg\" alt=\"\" class=\"wp-image-8826\" srcset=\"https:\/\/neocatechumenaleiter.org\/wp-content\/uploads\/2020\/03\/Camino_Neocatecumenal_Juan_Pablo_II_convivencia_obispos_new_york_1997_2.jpg 338w, https:\/\/neocatechumenaleiter.org\/wp-content\/uploads\/2020\/03\/Camino_Neocatecumenal_Juan_Pablo_II_convivencia_obispos_new_york_1997_2-254x300.jpg 254w\" sizes=\"auto, (max-width: 338px) 100vw, 338px\" \/><\/figure><\/div>\n\n<p>Tema Sinode je: \u201eSusret sa \u017eivim Isusom Kristom, put obra\u0107enja, zajedni\u0161tvo i solidarnost u Americi\u201c. Ova sinoda \u017eeli potaknuti novi impuls evangelizacije u Crkvama Amerike dok se pripremaju za veliki Jubilej 2000. godine. To zahtijeva ponovni zamah, ne samo pastira, ve\u0107 i laika, udruga i crkvenih pokreta.<\/p>\n\n<p>Ovih \u0107ete dana nastojati prepoznati najve\u0107e izazove s kojima se suo\u010dava Ameri\u010dka Crkva u nastojanju da ispuni ovu va\u017enu misiju i prona\u0111e odgovaraju\u0107a rje\u0161enja u svjetlu Duha Svetoga. Sveti \u0107e se Otac u svojim molitvama sjetiti svih onih koji sudjeluju na susretu. Zazivaju\u0107i obilje bo\u017ejeg blagoslova na va\u0161e odluke, srda\u010dno daje svoj apostolski blagoslov.<\/p>\n\n<p><em>Kardinal Angelo Sodano, Dr\u017eavni Tajnik<\/em><\/p>\n","protected":false},"excerpt":{"rendered":"<p>Konvivencija biskupa Amerike u New Yorku na temu: \u201esamo \u0107e nova estetika spasiti crkvu\u201c 1-4-1997 Sv. Ivan Pavao II. New York, 1.-5. travnja 1997. \u201eNova evangelizacija i tre\u0107e tisu\u0107lje\u0107e. Samo \u0107e nova estetika spasiti Crkvu\u201d, to je bila tema. Konvencija je biskupima ponu\u0111ena kao prilika da saznaju, izravno s izvora, \u0161to je to Neokatekumenski put. Razmi\u0161ljanja o nu\u017enosti nove estetike za evangelizaciju Novog tisu\u0107lje\u0107a nisu mogla na\u0107i prikladnije mjesto od<\/p>\n<div class=\"read-more\"><a class=\"btn read-more-btn\" href=\"https:\/\/neocatechumenaleiter.org\/hr\/rijeci-papa\/sv-ivan-pavao-ii\/konvivencija-biskupa-amerike-u-new-yorku-na-temu-samo-ce-nova-estetika-spasit-crkvu-1-4-1997\/\">Nastavi \u010ditati<\/a><\/div>\n","protected":false},"author":2,"featured_media":0,"parent":9680,"menu_order":89,"comment_status":"closed","ping_status":"closed","template":"","meta":{"footnotes":""},"class_list":["post-17433","page","type-page","status-publish","hentry"],"_links":{"self":[{"href":"https:\/\/neocatechumenaleiter.org\/hr\/wp-json\/wp\/v2\/pages\/17433","targetHints":{"allow":["GET"]}}],"collection":[{"href":"https:\/\/neocatechumenaleiter.org\/hr\/wp-json\/wp\/v2\/pages"}],"about":[{"href":"https:\/\/neocatechumenaleiter.org\/hr\/wp-json\/wp\/v2\/types\/page"}],"author":[{"embeddable":true,"href":"https:\/\/neocatechumenaleiter.org\/hr\/wp-json\/wp\/v2\/users\/2"}],"replies":[{"embeddable":true,"href":"https:\/\/neocatechumenaleiter.org\/hr\/wp-json\/wp\/v2\/comments?post=17433"}],"version-history":[{"count":9,"href":"https:\/\/neocatechumenaleiter.org\/hr\/wp-json\/wp\/v2\/pages\/17433\/revisions"}],"predecessor-version":[{"id":17442,"href":"https:\/\/neocatechumenaleiter.org\/hr\/wp-json\/wp\/v2\/pages\/17433\/revisions\/17442"}],"up":[{"embeddable":true,"href":"https:\/\/neocatechumenaleiter.org\/hr\/wp-json\/wp\/v2\/pages\/9680"}],"wp:attachment":[{"href":"https:\/\/neocatechumenaleiter.org\/hr\/wp-json\/wp\/v2\/media?parent=17433"}],"curies":[{"name":"wp","href":"https:\/\/api.w.org\/{rel}","templated":true}]}}