{"id":17443,"date":"2020-09-07T19:23:54","date_gmt":"2020-09-07T18:23:54","guid":{"rendered":"https:\/\/neocatechumenaleiter.org\/rijeci-papa\/sv-ivan-pavao-ii\/pashalno-bdijenje-u-bazilici-svetog-petra-svecana-obnova-krsnih-obecanja-30-3-1997\/"},"modified":"2020-09-07T19:24:44","modified_gmt":"2020-09-07T18:24:44","slug":"pashalno-bdijenje-u-bazilici-svetog-petra-svecana-obnova-krsnih-obecanja-30-3-1997","status":"publish","type":"page","link":"https:\/\/neocatechumenaleiter.org\/hr\/rijeci-papa\/sv-ivan-pavao-ii\/pashalno-bdijenje-u-bazilici-svetog-petra-svecana-obnova-krsnih-obecanja-30-3-1997\/","title":{"rendered":"Pashalno bdijenje u bazilici svetog Petra: sve\u010dana obnova krsnih obe\u0107anja  30-3-1997"},"content":{"rendered":"\n<h1 class=\"has-text-align-center wp-block-heading\">Pashalno bdijenje u bazilici svetog Petra: sve\u010dana obnova krsnih obe\u0107anja  30-3-1997<\/h1>\n\n<div style=\"height:20px\" aria-hidden=\"true\" class=\"wp-block-spacer\"><\/div>\n\n<h4 class=\"has-text-align-center wp-block-heading\">Sv. Ivan Pavao II.<\/h4>\n\n<div style=\"height:20px\" aria-hidden=\"true\" class=\"wp-block-spacer\"><\/div>\n\n<p><strong>Sveti Petar, 30. o\u017eujka 1997.<\/strong><\/p>\n\n<p>U pratnji svojih katehista, tijekom pashalnog bdijenja kojim je predsjedao Sveti Otac Ivan Pavao II., \u010detiri su zajednice sve\u010dano obnovile svoja krsna obe\u0107anja na kraju Neokatekumenskog puta: tre\u0107a, \u010detvrta i peta zajednica \u017eupe Kanadskih mu\u010denika i \u010detvrta zajednica \u017eupe svete Francesce Cabrini u Rimu.<\/p>\n\n<div class=\"wp-block-image\"><figure class=\"aligncenter size-large\"><img loading=\"lazy\" decoding=\"async\" width=\"567\" height=\"686\" src=\"https:\/\/neocatechumenaleiter.org\/wp-content\/uploads\/2020\/03\/Camino_Neocatecumenal_Juan_Pablo_II_vigilia_pascual_hermanos_vestidura_blanca_1997.jpg\" alt=\"\" class=\"wp-image-8835\" srcset=\"https:\/\/neocatechumenaleiter.org\/wp-content\/uploads\/2020\/03\/Camino_Neocatecumenal_Juan_Pablo_II_vigilia_pascual_hermanos_vestidura_blanca_1997.jpg 567w, https:\/\/neocatechumenaleiter.org\/wp-content\/uploads\/2020\/03\/Camino_Neocatecumenal_Juan_Pablo_II_vigilia_pascual_hermanos_vestidura_blanca_1997-248x300.jpg 248w\" sizes=\"auto, (max-width: 567px) 100vw, 567px\" \/><\/figure><\/div>\n","protected":false},"excerpt":{"rendered":"<p>Pashalno bdijenje u bazilici svetog Petra: sve\u010dana obnova krsnih obe\u0107anja 30-3-1997 Sv. Ivan Pavao II. Sveti Petar, 30. o\u017eujka 1997. U pratnji svojih katehista, tijekom pashalnog bdijenja kojim je predsjedao Sveti Otac Ivan Pavao II., \u010detiri su zajednice sve\u010dano obnovile svoja krsna obe\u0107anja na kraju Neokatekumenskog puta: tre\u0107a, \u010detvrta i peta zajednica \u017eupe Kanadskih mu\u010denika i \u010detvrta zajednica \u017eupe svete Francesce Cabrini u Rimu.<\/p>\n","protected":false},"author":2,"featured_media":0,"parent":9680,"menu_order":88,"comment_status":"closed","ping_status":"closed","template":"","meta":{"footnotes":""},"class_list":["post-17443","page","type-page","status-publish","hentry"],"_links":{"self":[{"href":"https:\/\/neocatechumenaleiter.org\/hr\/wp-json\/wp\/v2\/pages\/17443","targetHints":{"allow":["GET"]}}],"collection":[{"href":"https:\/\/neocatechumenaleiter.org\/hr\/wp-json\/wp\/v2\/pages"}],"about":[{"href":"https:\/\/neocatechumenaleiter.org\/hr\/wp-json\/wp\/v2\/types\/page"}],"author":[{"embeddable":true,"href":"https:\/\/neocatechumenaleiter.org\/hr\/wp-json\/wp\/v2\/users\/2"}],"replies":[{"embeddable":true,"href":"https:\/\/neocatechumenaleiter.org\/hr\/wp-json\/wp\/v2\/comments?post=17443"}],"version-history":[{"count":5,"href":"https:\/\/neocatechumenaleiter.org\/hr\/wp-json\/wp\/v2\/pages\/17443\/revisions"}],"predecessor-version":[{"id":17448,"href":"https:\/\/neocatechumenaleiter.org\/hr\/wp-json\/wp\/v2\/pages\/17443\/revisions\/17448"}],"up":[{"embeddable":true,"href":"https:\/\/neocatechumenaleiter.org\/hr\/wp-json\/wp\/v2\/pages\/9680"}],"wp:attachment":[{"href":"https:\/\/neocatechumenaleiter.org\/hr\/wp-json\/wp\/v2\/media?parent=17443"}],"curies":[{"name":"wp","href":"https:\/\/api.w.org\/{rel}","templated":true}]}}