{"id":17449,"date":"2020-03-04T02:13:42","date_gmt":"2020-03-04T01:13:42","guid":{"rendered":"https:\/\/neocatechumenaleiter.org\/rijeci-papa\/sv-ivan-pavao-ii\/audijencija-za-skupinu-neokatekumena-iz-njemacke-26-4-1996\/"},"modified":"2021-08-10T11:04:03","modified_gmt":"2021-08-10T10:04:03","slug":"audijencija-za-skupinu-neokatekumena-iz-njemacke-26-4-1996","status":"publish","type":"page","link":"https:\/\/neocatechumenaleiter.org\/hr\/rijeci-papa\/sv-ivan-pavao-ii\/audijencija-za-skupinu-neokatekumena-iz-njemacke-26-4-1996\/","title":{"rendered":"Audijencija za skupinu Neokatekumena iz Njema\u010dke 26-4-1996"},"content":{"rendered":"\n<h1 class=\"has-text-align-center wp-block-heading\">Audijencija za skupinu Neokatekumena iz Njema\u010dke 26-4-1996<\/h1>\n\n<div style=\"height:20px\" aria-hidden=\"true\" class=\"wp-block-spacer\"><\/div>\n\n<h4 class=\"has-text-align-center wp-block-heading\">Sv. Ivan Pavao II.<\/h4>\n\n<div style=\"height:20px\" aria-hidden=\"true\" class=\"wp-block-spacer\"><\/div>\n\n<div class=\"wp-block-image\"><figure class=\"alignright size-medium\"><img loading=\"lazy\" decoding=\"async\" width=\"300\" height=\"250\" src=\"https:\/\/neocatechumenaleiter.org\/wp-content\/uploads\/2020\/03\/Camino_Neocatecumenal_Juan_Pablo_II_audiencia_hermanos_camino_alemania_1996-300x250.jpg\" alt=\"\" class=\"wp-image-2627\" srcset=\"https:\/\/neocatechumenaleiter.org\/wp-content\/uploads\/2020\/03\/Camino_Neocatecumenal_Juan_Pablo_II_audiencia_hermanos_camino_alemania_1996-300x250.jpg 300w, https:\/\/neocatechumenaleiter.org\/wp-content\/uploads\/2020\/03\/Camino_Neocatecumenal_Juan_Pablo_II_audiencia_hermanos_camino_alemania_1996.jpg 680w\" sizes=\"auto, (max-width: 300px) 100vw, 300px\" \/><\/figure><\/div>\n\n<p><strong>Vatikan \u2013 Sala Clementina, 26. travnja 1996.<\/strong><\/p>\n\n<p><em>Ivan Pavao II. primio je ujutro u petak, 26. travnja skupinu neokatekumena iz Njema\u010dke. Tijekom susreta odr\u017eanog u Sali Clementine, Sveti je Otac uputio sljede\u0107e rije\u010di:<\/em><\/p>\n\n<p>Draga bra\u0107o i sestre,<\/p>\n\n<p>\u017delim vam izraziti srda\u010dnu dobrodo\u0161licu povodom posjeta grobovima apostola tijekom ovog uskrsnog vremena. Jedan od najupe\u010datljivijih doga\u0111aja Evan\u0111elja je pri\u010da o susretu Uskrsloga s u\u010denicima iz Emausa. Doga\u0111aj iz Emausa \u017eeli nam re\u0107i: na putu su ljudi koji tra\u017ee i koji su zahvalni za svaku zajednicu puta, ljudi koji tra\u017ee i voljni su slu\u0161ati i u\u010diti.<\/p>\n\n<p>Mi smo vje\u010dni hodo\u010dasnici, uvijek na putu; ne mo\u017eemo napustiti stazu. Na putu od Jeruzalema do Emausa, ona Kristova rije\u010d koja utemeljuje Crkvu postaje stvarnost: \u201eGdje su dvojica ili trojica sabrana u moje ime, tu sam i ja me\u0111u njima\u201c (Mt 18,20).<\/p>\n\n<p>Na\u0161 je Bog blizak, nije dalek. Stoga smo mi, ukoliko smo pravi kr\u0161\u0107ani, ljudi koji hodaju s Bogom, a cilj na\u0161eg zemaljskog hodo\u010da\u0161\u0107a jest Bog.<\/p>\n\n<p>Kad je Isus vidio kako mu se pribli\u017eava smrt na kri\u017eu, rekao je svojim prijateljima da ide k Ocu (usp. Iv 14,28). Samo polaze\u0107i od ovog cilja, na\u0161 put dobiva istinsku unutarnju orijentaciju i duboko zna\u010denje. \u201eVr\u0161enje Bo\u017eje volje\u201c za Isusa je bilo jedino na\u010delo djelovanja i to mu je dalo \u010dvrstinu i nepokolebljivu stabilnost.<\/p>\n\n<div class=\"wp-block-image\"><figure class=\"alignleft size-medium\"><img loading=\"lazy\" decoding=\"async\" width=\"250\" height=\"300\" src=\"https:\/\/neocatechumenaleiter.org\/wp-content\/uploads\/2020\/03\/Camino_Neocatecumenal_Juan_Pablo_II_audiencia_hermanos_camino_alemania_1996_2-250x300.jpg\" alt=\"\" class=\"wp-image-2634\" srcset=\"https:\/\/neocatechumenaleiter.org\/wp-content\/uploads\/2020\/03\/Camino_Neocatecumenal_Juan_Pablo_II_audiencia_hermanos_camino_alemania_1996_2-250x300.jpg 250w, https:\/\/neocatechumenaleiter.org\/wp-content\/uploads\/2020\/03\/Camino_Neocatecumenal_Juan_Pablo_II_audiencia_hermanos_camino_alemania_1996_2.jpg 568w\" sizes=\"auto, (max-width: 250px) 100vw, 250px\" \/><\/figure><\/div>\n\n<p>Postupanje prema Bo\u017ejoj volji za laike u Crkvi zna\u010di ulagati mnogo truda u dru\u0161tvo koje se mijenja i pokazuje ravnodu\u0161nim prema Crkvi. Pobrinite se slijediti Isusa i vidjeti ga prisutnog u onoj bra\u0107i i sestrama koje \u0107ete sretati na putu svog \u017eivota, ili ih potra\u017eite tamo gdje trpe, gdje su napu\u0161teni i na rubu dru\u0161tva. Donesite im toplinu va\u0161e ljudske solidarnosti i u\u010dinite da osjete nadnaravnu utjehu vjere u Krista.<\/p>\n\n<p>Po zagovoru Bo\u017eanske Majke, neka vam va\u0161a molitva na\u0161em Bogu i Gospodinu udijeli sposobnost da pru\u017eite konkretan doprinos duhovnoj obnovi ovog na\u0161eg svijeta, koji je ponekad tako suhoparan zbog nedostatka ideala.<\/p>\n\n<p>Molim Boga za za\u0161titu i pomo\u0107 za vas i za va\u0161e poslanje i rado vam udjeljujem svoj apostolski blagoslov.<\/p>\n","protected":false},"excerpt":{"rendered":"<p>Audijencija za skupinu Neokatekumena iz Njema\u010dke 26-4-1996 Sv. Ivan Pavao II. Vatikan \u2013 Sala Clementina, 26. travnja 1996. Ivan Pavao II. primio je ujutro u petak, 26. travnja skupinu neokatekumena iz Njema\u010dke. Tijekom susreta odr\u017eanog u Sali Clementine, Sveti je Otac uputio sljede\u0107e rije\u010di: Draga bra\u0107o i sestre, \u017delim vam izraziti srda\u010dnu dobrodo\u0161licu povodom posjeta grobovima apostola tijekom ovog uskrsnog vremena. Jedan od najupe\u010datljivijih doga\u0111aja Evan\u0111elja je pri\u010da o susretu<\/p>\n<div class=\"read-more\"><a class=\"btn read-more-btn\" href=\"https:\/\/neocatechumenaleiter.org\/hr\/rijeci-papa\/sv-ivan-pavao-ii\/audijencija-za-skupinu-neokatekumena-iz-njemacke-26-4-1996\/\">Nastavi \u010ditati<\/a><\/div>\n","protected":false},"author":2,"featured_media":0,"parent":9680,"menu_order":84,"comment_status":"closed","ping_status":"closed","template":"","meta":{"footnotes":""},"class_list":["post-17449","page","type-page","status-publish","hentry"],"_links":{"self":[{"href":"https:\/\/neocatechumenaleiter.org\/hr\/wp-json\/wp\/v2\/pages\/17449","targetHints":{"allow":["GET"]}}],"collection":[{"href":"https:\/\/neocatechumenaleiter.org\/hr\/wp-json\/wp\/v2\/pages"}],"about":[{"href":"https:\/\/neocatechumenaleiter.org\/hr\/wp-json\/wp\/v2\/types\/page"}],"author":[{"embeddable":true,"href":"https:\/\/neocatechumenaleiter.org\/hr\/wp-json\/wp\/v2\/users\/2"}],"replies":[{"embeddable":true,"href":"https:\/\/neocatechumenaleiter.org\/hr\/wp-json\/wp\/v2\/comments?post=17449"}],"version-history":[{"count":6,"href":"https:\/\/neocatechumenaleiter.org\/hr\/wp-json\/wp\/v2\/pages\/17449\/revisions"}],"predecessor-version":[{"id":24276,"href":"https:\/\/neocatechumenaleiter.org\/hr\/wp-json\/wp\/v2\/pages\/17449\/revisions\/24276"}],"up":[{"embeddable":true,"href":"https:\/\/neocatechumenaleiter.org\/hr\/wp-json\/wp\/v2\/pages\/9680"}],"wp:attachment":[{"href":"https:\/\/neocatechumenaleiter.org\/hr\/wp-json\/wp\/v2\/media?parent=17449"}],"curies":[{"name":"wp","href":"https:\/\/api.w.org\/{rel}","templated":true}]}}