{"id":17455,"date":"2020-03-04T02:10:43","date_gmt":"2020-03-04T01:10:43","guid":{"rendered":"https:\/\/neocatechumenaleiter.org\/rijeci-papa\/sv-ivan-pavao-ii\/audijencija-za-biskupe-bliskog-istoka-tijekom-konvivencije-koju-je-organizirao-neokatekumenski-put-20-4-1996\/"},"modified":"2021-08-10T11:03:58","modified_gmt":"2021-08-10T10:03:58","slug":"audijencija-za-biskupe-bliskog-istoka-tijekom-konvivencije-koju-je-organizirao-neokatekumenski-put-20-4-1996","status":"publish","type":"page","link":"https:\/\/neocatechumenaleiter.org\/hr\/rijeci-papa\/sv-ivan-pavao-ii\/audijencija-za-biskupe-bliskog-istoka-tijekom-konvivencije-koju-je-organizirao-neokatekumenski-put-20-4-1996\/","title":{"rendered":"Audijencija za biskupe Bliskog Istoka, tijekom konvivencije koju je organizirao Neokatekumenski put 20-4-1996"},"content":{"rendered":"\n<h1 class=\"has-text-align-center wp-block-heading\">Audijencija za biskupe Bliskog Istoka, tijekom konvivencije koju je organizirao Neokatekumenski put 20-4-1996<\/h1>\n\n<div style=\"height:20px\" aria-hidden=\"true\" class=\"wp-block-spacer\"><\/div>\n\n<h4 class=\"has-text-align-center wp-block-heading\">Sv. Ivan Pavao II.<\/h4>\n\n<div style=\"height:20px\" aria-hidden=\"true\" class=\"wp-block-spacer\"><\/div>\n\n<p><strong>Vatikan \u2013 <\/strong><strong>Sala Clementina<\/strong><strong>, 20. travnja 1996.<\/strong><\/p>\n\n<p><em>Ivan Pavao II. primio je jutros u Vatikanu \u010detrdesetak biskupa s Bliskog istoka koji dolaze iz \u0161est Crkava razli\u010ditih obreda. Prelati su se ovih dana okupili u Sabaudiji, u provinciji Latina, kako bi sudjelovali u duhovnoj obnovi koju su organizirali inicijatori Neokatekumenskog puta Kiko Arg\u00fcello, Carmen Hern\u00e1ndez i otac Mario Pezzi. Papa je ustrajavao na jedinstvu kr\u0161\u0107anskog naroda \u201eoko pastira biskupija i u bratskom dijalogu izme\u0111u svih vjernika\u201c, uz \u201esve \u0161iru solidarnost, \u010dak i u materijalnom smislu\u201c. U dana\u0161njem svijetu, gdje su \u201emnogi ljudi i mnogi narodi pogo\u0111eni gospodarskim pote\u0161ko\u0107ama i pate od siroma\u0161tva i pothranjenosti, Crkva tako mo\u017ee pridonijeti boljoj raspodjeli prirodnog bogatstva i robe \u0161iroke potro\u0161nje\u201c.<\/em><\/p>\n\n<p><em>Prisutni na audijenciji kod Pape i na sastanku u Sabaudiji: Njegovo Bla\u017eenstvo Stefanos II., patrijarh Aleksandrijskih Kopta iz Egipta, 36 biskupa regije, brojni prezbiteri koji predstavljaju jedanaest bliskoisto\u010dnih naroda i inicijatori Neokatekumenskog puta. Na kraju audijencije, za mikrofonom Roberta Piermarinija, patrijarh Stefanos II. objasnio je kakav doprinos ovo crkveno iskustvo mo\u017ee dati isto\u010dnim crkvama: \u201eMoramo re\u0107i da nas ovo iskustvo ja\u010da u vjeri na\u0161eg kr\u0161tenja i, s ovim Neokatekumenskim putem, ovim \u017eivotom u zajednici te\u017eimo istinski \u017eivjeti, ne samo kao pojedinci ve\u0107 i kao zajednica. Stoga, tako\u0111er pod &#8220;latinskim&#8221;, zapadnim liturgijskim aspektom, mo\u017eemo sa\u010duvati svoje liturgije, svoje isto\u010dne obrede i sa\u010duvati taj duh istra\u017eivanja, obra\u0107enja i \u010dvrsto\u0107e na\u0161e katoli\u010dke vjere\u201c. Ali ovo crkveno iskustvo, ro\u0111eno u \u0160panjolskoj po\u010detkom 1960-ih i koje sada ima 13 000 zajednica prisutnih u gotovo 100 nacija na pet kontinenata, kako mo\u017ee dati zamah novoj evangelizaciji na Bliskom istoku na pragu Tre\u0107eg tisu\u0107lje\u0107a?<\/em>&#13;\n&#13;\n<em>Kiko Arg\u00fcello, inicijator Neokatekumenskog puta, odgovorio je:<\/em><\/p>\n\n<p>Mo\u017ee dovesti do puta ponovnog ra\u0111anja, ponovnog otkrivanja kr\u0161tenja, koje bi oja\u010dalo kr\u0161\u0107ane na onim podru\u010djima koja su u velikim pote\u0161ko\u0107ama, kako u pogledu sekularizacije, tako i migracija&#8230; Ve\u0107 smo vidjeli da je u mnogim \u017eupama bilo va\u017eno \u201ezalijevati\u201c njihovo kr\u0161tenje kako bi vjera po\u010dela rasti i kako bi se ja\u010dali odnosi u zajednici i svjedo\u010danstvo na poslu. Mnoge su \u017eupe ponovno po\u010dele cvjetati i \u017eupnici su vrlo zadovoljni. Mislim da je \u017eivotnost Koncila \u017eeljela pripremiti Crkvu za izazove Tre\u0107eg tisu\u0107lje\u0107a, daju\u0107i joj karizme, sna\u017eni dah Duha da mo\u017ee svima navije\u0161tati Krista, pobjednika nad smr\u0107u, i da mo\u017ee stvarno odgovoriti izazovima tre\u0107eg tisu\u0107lje\u0107a, koji su zapravo nova antropologija sekulariziranog i bezbo\u017enog svijeta koji nije\u010de objavu. Svijet koji ne priznaje bo\u017eansko o\u010dinstvo. Krist nam je do\u0161ao pokazati Oca, a mi smo sinovi Bo\u017eji: on time ukazuje na impresivnu antropologiju koja spa\u0161ava obitelj. Suo\u010den s kulturom koja nagriza obiteljska na\u010dela, Put kroz male zajednice spa\u0161ava obitelj. A iz ovih se obitelji, otvorenih \u017eivotu, obnovljenih, ra\u0111aju tisu\u0107e poziva za pomo\u0107 Crkvi.<\/p>\n\n<div class=\"wp-block-image\"><figure class=\"alignleft size-medium\"><img loading=\"lazy\" decoding=\"async\" width=\"300\" height=\"244\" src=\"https:\/\/neocatechumenaleiter.org\/wp-content\/uploads\/2020\/03\/Camino_Neocatecumenal_Juan_Pablo_II_audiencia_obispos_medio_oriente_1996-300x244.jpg\" alt=\"\" class=\"wp-image-2610\" srcset=\"https:\/\/neocatechumenaleiter.org\/wp-content\/uploads\/2020\/03\/Camino_Neocatecumenal_Juan_Pablo_II_audiencia_obispos_medio_oriente_1996-300x244.jpg 300w, https:\/\/neocatechumenaleiter.org\/wp-content\/uploads\/2020\/03\/Camino_Neocatecumenal_Juan_Pablo_II_audiencia_obispos_medio_oriente_1996.jpg 690w\" sizes=\"auto, (max-width: 300px) 100vw, 300px\" \/><\/figure><\/div>\n\n<p><em>Tijekom susreta, koji se odr\u017eao u Sala Clementine, Sveti Otac je odr\u017eao sljede\u0107i govor:<\/em> Bla\u017eenstvo, \u010dasna bra\u0107o u biskupstvu i sve\u0107eni\u0161tvu, draga bra\u0107o i sestre!&#13;\n&#13;\n1. S rado\u0161\u0107u vas do\u010dekujem u ku\u0107i Petrova nasljednika povodom posebnog susreta u kojem sudjelujete. Pozdravljam svakoga od vas, pastiri i vjernici koji dolazite iz Katoli\u010dkih crkava na Bliskom istoku: mir uskrsloga Gospodina bio s vama i s va\u0161im crkvenim zajednicama! U ovo nam vrijeme sveta liturgija, nakon proslave Gospodnje muke i uskrsnu\u0107a, pru\u017ea ponovno \u010ditanje <em>Djela apostolskih<\/em> koja predstavljaju ro\u0111enje i prvotni razvoj Crkve, po\u010dev\u0161i od prve zajednice, okupljene u molitvi s Marijom (usp. Dj 1,13-14<strong>)<\/strong>. <strong>Djelovanjem Duha Svetoga, \u201eGospodin je pak danomice zajednici pridru\u017eivao spa\u0161enike\u201c (Dj 2,47). Ilustriraju\u0107i put u\u010denika, knjiga Djela apostolskih inzistira na njihovoj postojanosti \u201eu nauku apostolskom, u zajedni\u0161tvu, lomljenju kruha i molitvama.\u201c<\/strong> (Dj 2,42) i dodaje da su u\u017eivali naklonost svega naroda (usp. Dj 2,47; 4,33). I danas je Crkva pozvana \u017eivjeti taj ideal prvih kr\u0161\u0107ana kako bi zajedno stvorili autenti\u010dnu zajednicu bra\u0107e, u nasljedovanju Krista. <strong>Va\u017eno je da jedinstvo kr\u0161\u0107anskog naroda zablista; <\/strong>jedinstvo koje se ostvaruje oko pastira biskupija i u bratskom dijalogu izme\u0111u svih vjernika. Jedinstvo vjere u raspodjeli uzajamno jednako vrijednih darova Crkvu duhovno oboga\u0107uje i poti\u010de na sve \u0161iru solidarnost, \u010dak i materijalnu. U dana\u0161njem svijetu, u kojem su mnogi ljudi i narodi pogo\u0111eni gospodarskim pote\u0161ko\u0107ama i trpe siroma\u0161tvo i pothranjenost, Crkva tako mo\u017ee pridonijeti boljoj raspodjeli prirodnih bogatstava i robe \u0161iroke potro\u0161nje. Svjedo\u010danstvo vjere prolazi kroz svakodnevne izraze ljubavi, a to su raspodjela i solidarnost me\u0111u ljudima, posebno \u201esa siroma\u0161nima koji su miljenici Bo\u017eji, &#8230;miljenici na\u0161eg zajedni\u010dkog Oca. I svi smo bra\u0107a jedne obitelji\u201c (Grgur Ni\u0161ki, <em>Ljubav siroma\u0161nih<\/em>).<\/p>\n\n<p>2. Svjedo\u010danstvo jedinstva i ljubavi Crkvi je neophodno za novu evangelizaciju. Suo\u010deni s izazovima sekularizacije, zatvaranja \u017eivotu od strane mnogih sektora javnog mnijenja, vrlo je va\u017eno da kr\u0161\u0107ani pru\u017ee vjerodostojno svjedo\u010danstvo svoje vjere, utjelovljuju\u0107i Evan\u0111elje u svojem \u017eivotu. Na taj na\u010din zreli i formirani vjernici mogu onima koji tra\u017ee istinu ponuditi odgovaraju\u0107e odgovore na njihova pitanja. To podrazumijeva da je svaka crkvena zajednica otvorena za dobrodo\u0161licu i dijalog, po\u0161tuju\u0107i kulturne razli\u010ditosti i navije\u0161taju\u0107i svima jedinstveno Evan\u0111elje spasenja. Neka vam, draga moja bra\u0107o i sestre, uvijek sve dublje prianjanje uz uskrslog Krista pomogne da nau\u010dite prepoznavati znakove vremena i kora\u010date zajedno u skladu sa sinodalnim duhom koji karakterizira strukturu va\u0161ih crkvenih zajednica. Poslanje kr\u0161\u0107ana na Bliskom istoku je veliko, ali istovremeno slo\u017eeno i osjetljivo. Zbog toga je potrebno njegovati uzajamno po\u0161tovanje i njegovati stalnu pozornost, posebno s obzirom na polju ekumenizma i dijalog s velikim monoteisti\u010dkim religijama.<\/p>\n\n<div class=\"wp-block-image\"><figure class=\"alignright size-large\"><img loading=\"lazy\" decoding=\"async\" width=\"768\" height=\"519\" src=\"https:\/\/neocatechumenaleiter.org\/wp-content\/uploads\/2020\/03\/Camino_Neocatecumenal_Juan_Pablo_II_audiencia_obispos_medio_oriente_1996_2.jpg\" alt=\"\" class=\"wp-image-7865\" srcset=\"https:\/\/neocatechumenaleiter.org\/wp-content\/uploads\/2020\/03\/Camino_Neocatecumenal_Juan_Pablo_II_audiencia_obispos_medio_oriente_1996_2.jpg 768w, https:\/\/neocatechumenaleiter.org\/wp-content\/uploads\/2020\/03\/Camino_Neocatecumenal_Juan_Pablo_II_audiencia_obispos_medio_oriente_1996_2-300x203.jpg 300w\" sizes=\"auto, (max-width: 768px) 100vw, 768px\" \/><\/figure><\/div>\n\n<p>3. S tim u svezi, \u017eelim se prisjetiti nedavnog putovanja u Tunis, gdje sam posjetio katoli\u010dku zajednicu koja \u017eivi u toj zemlji, podupiru\u0107i djecu Crkve u njihovoj vjernosti Evan\u0111elju. Tako\u0111er sam ih pozvao da brane i unapre\u0111uju duhovne, moralne i dru\u0161tveno-kulturolo\u0161ke vrijednosti kroz dijalog i suradnju s onima koji slijede druge religije, kako bi razvili bratski \u017eivot i solidarnost me\u0111u stanovnicima istog naroda i me\u0111u svim narodima (usp. Nostra aetate, 2). To mo\u017ee samo oja\u010dati postoje\u0107e odnose prijateljstva i uzajamnog po\u0161tivanja. U tom vas duhu ohrabrujem da nastavite svoje poslanje, vode\u0107i ra\u010duna o promicanju izgradnje dru\u0161tva otvorenog za razumijevanje i solidarnost me\u0111u svim njegovim sastavnicama. Dok zazivam na va\u0161e zajednice maj\u010dinsku za\u0161titu Presvete Marije i svetaca za\u0161titnika, s velikom naklono\u0161\u0107u udjeljujem svoj apostolski blagoslov vama i svima koji vam poma\u017eu u va\u0161oj crkvenoj slu\u017ebi.<\/p>\n","protected":false},"excerpt":{"rendered":"<p>Audijencija za biskupe Bliskog Istoka, tijekom konvivencije koju je organizirao Neokatekumenski put 20-4-1996 Sv. Ivan Pavao II. Vatikan \u2013 Sala Clementina, 20. travnja 1996. Ivan Pavao II. primio je jutros u Vatikanu \u010detrdesetak biskupa s Bliskog istoka koji dolaze iz \u0161est Crkava razli\u010ditih obreda. Prelati su se ovih dana okupili u Sabaudiji, u provinciji Latina, kako bi sudjelovali u duhovnoj obnovi koju su organizirali inicijatori Neokatekumenskog puta Kiko Arg\u00fcello, Carmen<\/p>\n<div class=\"read-more\"><a class=\"btn read-more-btn\" href=\"https:\/\/neocatechumenaleiter.org\/hr\/rijeci-papa\/sv-ivan-pavao-ii\/audijencija-za-biskupe-bliskog-istoka-tijekom-konvivencije-koju-je-organizirao-neokatekumenski-put-20-4-1996\/\">Nastavi \u010ditati<\/a><\/div>\n","protected":false},"author":2,"featured_media":0,"parent":9680,"menu_order":83,"comment_status":"closed","ping_status":"closed","template":"","meta":{"footnotes":""},"class_list":["post-17455","page","type-page","status-publish","hentry"],"_links":{"self":[{"href":"https:\/\/neocatechumenaleiter.org\/hr\/wp-json\/wp\/v2\/pages\/17455","targetHints":{"allow":["GET"]}}],"collection":[{"href":"https:\/\/neocatechumenaleiter.org\/hr\/wp-json\/wp\/v2\/pages"}],"about":[{"href":"https:\/\/neocatechumenaleiter.org\/hr\/wp-json\/wp\/v2\/types\/page"}],"author":[{"embeddable":true,"href":"https:\/\/neocatechumenaleiter.org\/hr\/wp-json\/wp\/v2\/users\/2"}],"replies":[{"embeddable":true,"href":"https:\/\/neocatechumenaleiter.org\/hr\/wp-json\/wp\/v2\/comments?post=17455"}],"version-history":[{"count":8,"href":"https:\/\/neocatechumenaleiter.org\/hr\/wp-json\/wp\/v2\/pages\/17455\/revisions"}],"predecessor-version":[{"id":24269,"href":"https:\/\/neocatechumenaleiter.org\/hr\/wp-json\/wp\/v2\/pages\/17455\/revisions\/24269"}],"up":[{"embeddable":true,"href":"https:\/\/neocatechumenaleiter.org\/hr\/wp-json\/wp\/v2\/pages\/9680"}],"wp:attachment":[{"href":"https:\/\/neocatechumenaleiter.org\/hr\/wp-json\/wp\/v2\/media?parent=17455"}],"curies":[{"name":"wp","href":"https:\/\/api.w.org\/{rel}","templated":true}]}}