{"id":17489,"date":"2020-03-04T01:55:08","date_gmt":"2020-03-04T00:55:08","guid":{"rendered":"https:\/\/neocatechumenaleiter.org\/rijeci-papa\/sv-ivan-pavao-ii\/pohod-zupi-svetog-franje-saleskog-13-3-1994\/"},"modified":"2021-08-10T11:03:42","modified_gmt":"2021-08-10T10:03:42","slug":"pohod-zupi-svetog-franje-saleskog-13-3-1994","status":"publish","type":"page","link":"https:\/\/neocatechumenaleiter.org\/hr\/rijeci-papa\/sv-ivan-pavao-ii\/pohod-zupi-svetog-franje-saleskog-13-3-1994\/","title":{"rendered":"Pohod \u017eupi svetog Franje Sale\u0161kog 13-3-1994"},"content":{"rendered":"\n<h1 class=\"has-text-align-center wp-block-heading\">Pohod \u017eupi svetog Franje Sale\u0161kog 13-3-1994<\/h1>\n\n<div style=\"height:20px\" aria-hidden=\"true\" class=\"wp-block-spacer\"><\/div>\n\n<h4 class=\"has-text-align-center wp-block-heading\">Sv. Ivan Pavao II.<\/h4>\n\n<div style=\"height:20px\" aria-hidden=\"true\" class=\"wp-block-spacer\"><\/div>\n\n<p><p><strong>Rim, 13. svibnja 1994.<\/strong><\/p><\/p>\n\n<p><p><em>Sveti je Otac obra\u0107aju\u0107i se djeci rekao:<\/em><\/p><\/p>\n\n<div class=\"wp-block-image\"><figure class=\"alignright size-large\"><img loading=\"lazy\" decoding=\"async\" width=\"684\" height=\"563\" src=\"https:\/\/neocatechumenaleiter.org\/wp-content\/uploads\/2020\/03\/Camino_Neocatecumenal_Juan_Pablo_II_visita_parroquia_San_Francisco_Sales_1994.jpg\" alt=\"\" class=\"wp-image-7434\" srcset=\"https:\/\/neocatechumenaleiter.org\/wp-content\/uploads\/2020\/03\/Camino_Neocatecumenal_Juan_Pablo_II_visita_parroquia_San_Francisco_Sales_1994.jpg 684w, https:\/\/neocatechumenaleiter.org\/wp-content\/uploads\/2020\/03\/Camino_Neocatecumenal_Juan_Pablo_II_visita_parroquia_San_Francisco_Sales_1994-300x247.jpg 300w\" sizes=\"auto, (max-width: 684px) 100vw, 684px\" \/><\/figure><\/div>\n\n<p><p>Danas sam \u010duo da pjevate o radosti. Korizma je, ali vi pjevate o radosti. Ispravno je da pjevate o radosti jer se ova 4. korizmena nedjelja u predaji nazivala <em>Laetare<\/em>. <em>Laetare<\/em> zna\u010di \u201eradovati se\u201c. Za\u0161to su se kr\u0161\u0107ani radovali ove nedjelje? Obradovali su se zbog svojeg kr\u0161tenja. <strong>Posebice su se radovali katekumeni kad su se pripremali za kr\u0161tenje i na dana\u0161nji su dan ve\u0107 primali simbol vjere.<\/strong> Tada su bili primljeni u vjeru. Glavna kateheza bila je ova.<\/p><\/p>\n\n<p>Znate li tko je katekumen? To je onaj koji se priprema za kr\u0161tenje. U ovoj \u017eupi postoje neokatekumeni. Priprava za kr\u0161tenje bila je tako va\u017ena u prvotnoj Crkvi i ona je uvijek va\u017ena u Crkvi. Kr\u0161tenje je veliko otajstvo, velika kr\u0161\u0107anska stvarnost. To je po\u010detak \u017eivota u Kristu. A katekumeni su se pripremali i pripremaju se za po\u010detak dobrog \u017eivota u Kristu. Danas novoro\u0111en\u010dadi nedostaje istinski katekumenat i iz tog je razloga potreban neokatekumenat, kasniji katekumenat koji dovr\u0161ava ono \u0161to nedostaje malom kr\u0161tenom novoro\u0111en\u010detu. To obja\u0161njava veliku va\u017enost Neokatekumenskog pokreta.<\/p>\n\n<p>Moram re\u0107i da nas cijelo korizmeno razdoblje koje sada \u017eivimo podsje\u0107a svake godine na ovo \u201ekatekumensko putovanje\u201c: kako su se pripremali za primanje simbola, a zatim, nakon nekoliko tjedana, za primanje Uskrsloga Isusa. Kr\u0161tenje zna\u010di novi \u017eivot u Isusu, taj novi \u017eivot o\u010ditovan, objavljen kroz njegovo Uskrsnu\u0107e nakon smrti. <\/p>\n","protected":false},"excerpt":{"rendered":"<p>Pohod \u017eupi svetog Franje Sale\u0161kog 13-3-1994 Sv. Ivan Pavao II. Rim, 13. svibnja 1994. Sveti je Otac obra\u0107aju\u0107i se djeci rekao: Danas sam \u010duo da pjevate o radosti. Korizma je, ali vi pjevate o radosti. Ispravno je da pjevate o radosti jer se ova 4. korizmena nedjelja u predaji nazivala Laetare. Laetare zna\u010di \u201eradovati se\u201c. Za\u0161to su se kr\u0161\u0107ani radovali ove nedjelje? Obradovali su se zbog svojeg kr\u0161tenja. Posebice su<\/p>\n<div class=\"read-more\"><a class=\"btn read-more-btn\" href=\"https:\/\/neocatechumenaleiter.org\/hr\/rijeci-papa\/sv-ivan-pavao-ii\/pohod-zupi-svetog-franje-saleskog-13-3-1994\/\">Nastavi \u010ditati<\/a><\/div>\n","protected":false},"author":2,"featured_media":0,"parent":9680,"menu_order":80,"comment_status":"closed","ping_status":"closed","template":"","meta":{"footnotes":""},"class_list":["post-17489","page","type-page","status-publish","hentry"],"_links":{"self":[{"href":"https:\/\/neocatechumenaleiter.org\/hr\/wp-json\/wp\/v2\/pages\/17489","targetHints":{"allow":["GET"]}}],"collection":[{"href":"https:\/\/neocatechumenaleiter.org\/hr\/wp-json\/wp\/v2\/pages"}],"about":[{"href":"https:\/\/neocatechumenaleiter.org\/hr\/wp-json\/wp\/v2\/types\/page"}],"author":[{"embeddable":true,"href":"https:\/\/neocatechumenaleiter.org\/hr\/wp-json\/wp\/v2\/users\/2"}],"replies":[{"embeddable":true,"href":"https:\/\/neocatechumenaleiter.org\/hr\/wp-json\/wp\/v2\/comments?post=17489"}],"version-history":[{"count":2,"href":"https:\/\/neocatechumenaleiter.org\/hr\/wp-json\/wp\/v2\/pages\/17489\/revisions"}],"predecessor-version":[{"id":24236,"href":"https:\/\/neocatechumenaleiter.org\/hr\/wp-json\/wp\/v2\/pages\/17489\/revisions\/24236"}],"up":[{"embeddable":true,"href":"https:\/\/neocatechumenaleiter.org\/hr\/wp-json\/wp\/v2\/pages\/9680"}],"wp:attachment":[{"href":"https:\/\/neocatechumenaleiter.org\/hr\/wp-json\/wp\/v2\/media?parent=17489"}],"curies":[{"name":"wp","href":"https:\/\/api.w.org\/{rel}","templated":true}]}}