{"id":17491,"date":"2020-03-04T00:49:05","date_gmt":"2020-03-03T23:49:05","guid":{"rendered":"https:\/\/neocatechumenaleiter.org\/rijeci-papa\/sv-ivan-pavao-ii\/pozdrav-mladima-s-balkona-biskupije-macerate-20-6-1993\/"},"modified":"2021-08-10T11:03:19","modified_gmt":"2021-08-10T10:03:19","slug":"pozdrav-mladima-s-balkona-biskupije-macerate-20-6-1993","status":"publish","type":"page","link":"https:\/\/neocatechumenaleiter.org\/hr\/rijeci-papa\/sv-ivan-pavao-ii\/pozdrav-mladima-s-balkona-biskupije-macerate-20-6-1993\/","title":{"rendered":"Pozdrav mladima s balkona biskupije Macerate 20-6-1993"},"content":{"rendered":"\n<h1 class=\"has-text-align-center wp-block-heading\">Pozdrav mladima s balkona biskupije Macerate 20-6-1993<\/h1>\n\n<div style=\"height:20px\" aria-hidden=\"true\" class=\"wp-block-spacer\"><\/div>\n\n<h4 class=\"has-text-align-center wp-block-heading\">Sv. Ivan Pavao II.<\/h4>\n\n<div style=\"height:20px\" aria-hidden=\"true\" class=\"wp-block-spacer\"><\/div>\n\n<p><p><strong>Macerata, 20. lipnja 1993.<\/strong><\/p><\/p>\n\n<p><p><em>Rano ujutro u nedjelju 20. lipnja, prije odlaska u Foligno, Ivan Pavao II. \u017eelio je s balkona biskupije Macerate uputiti nje\u017ean pozdrav mladima neokatekumanima koji su, okupljeni na trgu, zajedno zapjevali zahvaljuju\u0107i Papi na njegovom posjetu. Preko njih je Sveti Otac tako\u0111er uputio pozdrav svim ljudima Macerate koji su ga do\u010dekali s velikom rado\u0161\u0107u:<\/em><\/p><\/p>\n\n<div class=\"wp-block-image\"><figure class=\"alignleft size-large\"><img loading=\"lazy\" decoding=\"async\" width=\"495\" height=\"304\" src=\"https:\/\/neocatechumenaleiter.org\/wp-content\/uploads\/2020\/03\/Camino_Neocatecumenal_Juan_Pablo_II_saludo_jovenes_1993.jpg\" alt=\"\" class=\"wp-image-8207\" srcset=\"https:\/\/neocatechumenaleiter.org\/wp-content\/uploads\/2020\/03\/Camino_Neocatecumenal_Juan_Pablo_II_saludo_jovenes_1993.jpg 495w, https:\/\/neocatechumenaleiter.org\/wp-content\/uploads\/2020\/03\/Camino_Neocatecumenal_Juan_Pablo_II_saludo_jovenes_1993-300x184.jpg 300w\" sizes=\"auto, (max-width: 495px) 100vw, 495px\" \/><\/figure><\/div>\n\n<p>Razmislite malo o ovim hodo\u010dasnicima koji su cijelu no\u0107 hodali i sada su u Loretu \u2013 rekao je Sveti Otac mladima. Va\u0161 je put s gitarama, s pjesmama, ali to radite dobro, jako dobro. Ponekad sam vas mogao \u010duti: pjevate dobro pjesmu, ali pjevate dobro i tekst, kao sadr\u017eaj, i zato dobro pjevate.<\/p>\n\n<p><p>Loretu treba poslati teleks, brzojav u kojem pi\u0161e da ovdje drugi hodo\u010dasnici, pjevaju\u0107i cijelu no\u0107, hodaju zajedno s njima \u2013 <em>nastavio je Papa<\/em>. Ovom prilikom tako\u0111er mogu pozdraviti sve gra\u0111ane Macerate jer se moram preseliti u Foligno. Preporu\u010dujem se va\u0161im molitvama i pjesmama. Preporu\u010dujem se svim gra\u0111anima Macerate, posebno onima koji imaju gitare jer dobro znamo da oni koji pjevaju dvostruko mole: \u201equi cantat bis orat\u201c.<\/p><\/p>\n","protected":false},"excerpt":{"rendered":"<p>Pozdrav mladima s balkona biskupije Macerate 20-6-1993 Sv. Ivan Pavao II. Macerata, 20. lipnja 1993. Rano ujutro u nedjelju 20. lipnja, prije odlaska u Foligno, Ivan Pavao II. \u017eelio je s balkona biskupije Macerate uputiti nje\u017ean pozdrav mladima neokatekumanima koji su, okupljeni na trgu, zajedno zapjevali zahvaljuju\u0107i Papi na njegovom posjetu. Preko njih je Sveti Otac tako\u0111er uputio pozdrav svim ljudima Macerate koji su ga do\u010dekali s velikom rado\u0161\u0107u: Razmislite<\/p>\n<div class=\"read-more\"><a class=\"btn read-more-btn\" href=\"https:\/\/neocatechumenaleiter.org\/hr\/rijeci-papa\/sv-ivan-pavao-ii\/pozdrav-mladima-s-balkona-biskupije-macerate-20-6-1993\/\">Nastavi \u010ditati<\/a><\/div>\n","protected":false},"author":2,"featured_media":0,"parent":9680,"menu_order":76,"comment_status":"closed","ping_status":"closed","template":"","meta":{"footnotes":""},"class_list":["post-17491","page","type-page","status-publish","hentry"],"_links":{"self":[{"href":"https:\/\/neocatechumenaleiter.org\/hr\/wp-json\/wp\/v2\/pages\/17491","targetHints":{"allow":["GET"]}}],"collection":[{"href":"https:\/\/neocatechumenaleiter.org\/hr\/wp-json\/wp\/v2\/pages"}],"about":[{"href":"https:\/\/neocatechumenaleiter.org\/hr\/wp-json\/wp\/v2\/types\/page"}],"author":[{"embeddable":true,"href":"https:\/\/neocatechumenaleiter.org\/hr\/wp-json\/wp\/v2\/users\/2"}],"replies":[{"embeddable":true,"href":"https:\/\/neocatechumenaleiter.org\/hr\/wp-json\/wp\/v2\/comments?post=17491"}],"version-history":[{"count":8,"href":"https:\/\/neocatechumenaleiter.org\/hr\/wp-json\/wp\/v2\/pages\/17491\/revisions"}],"predecessor-version":[{"id":24190,"href":"https:\/\/neocatechumenaleiter.org\/hr\/wp-json\/wp\/v2\/pages\/17491\/revisions\/24190"}],"up":[{"embeddable":true,"href":"https:\/\/neocatechumenaleiter.org\/hr\/wp-json\/wp\/v2\/pages\/9680"}],"wp:attachment":[{"href":"https:\/\/neocatechumenaleiter.org\/hr\/wp-json\/wp\/v2\/media?parent=17491"}],"curies":[{"name":"wp","href":"https:\/\/api.w.org\/{rel}","templated":true}]}}