{"id":17499,"date":"2020-09-14T12:01:26","date_gmt":"2020-09-14T11:01:26","guid":{"rendered":"https:\/\/neocatechumenaleiter.org\/rijeci-papa\/benedikt-xvi\/privatna-audijencija-s-inicijatorima-neokatekumenskog-puta-19-xi-2005\/"},"modified":"2020-09-14T12:01:26","modified_gmt":"2020-09-14T11:01:26","slug":"privatna-audijencija-s-inicijatorima-neokatekumenskog-puta-19-xi-2005","status":"publish","type":"page","link":"https:\/\/neocatechumenaleiter.org\/hr\/rijeci-papa\/benedikt-xvi\/privatna-audijencija-s-inicijatorima-neokatekumenskog-puta-19-xi-2005\/","title":{"rendered":"Privatna audijencija s inicijatorima Neokatekumenskog Puta 19-XI-2005"},"content":{"rendered":"\n<h1 class=\"has-text-align-center wp-block-heading\">Privatna audijencija s inicijatorima Neokatekumenskog Puta 19-XI-2005<\/h1>\n\n<div style=\"height:20px\" aria-hidden=\"true\" class=\"wp-block-spacer\"><\/div>\n\n<h4 class=\"has-text-align-center wp-block-heading\">Benedikt XVI.<\/h4>\n\n<div style=\"height:20px\" aria-hidden=\"true\" class=\"wp-block-spacer\"><\/div>\n\n<p><p><strong>Vatikan, 19. studenog 2005.<\/strong><\/p><\/p>\n\n<p><p><em>19. studenoga 2005. Sveti Otac Benedikt XVI. primio je inicijatore Neokatekumenskog puta prvi put na privatnoj audijenciji. <\/em><\/p>&#013;\n<p><em>Kiko je ovako opisao susret:<\/em><\/p><\/p>\n\n<p>\u201eSusret je bio prekrasan. Zatra\u017eili smo audijenciju kod Pape, iako smo znali da je to vrlo te\u0161ko, i dodijeljena nam je. Pro\u0161log svibnja imali smo konvivenciju s obiteljima i poslali smo u poslanje 200 obitelji. Pitali smo papu Benedikta XVI. mo\u017ee li, kao \u0161to je i Ivan Pavao II. kad je poslao u poslanje vi\u0161e od 400 obitelji \u0161irom svijeta, dati raspelo tim novim obiteljima i slikati se s njima kako bi oni to mogli pokazati tamo kamo idu i dokazati da su katolici, jer \u0107e i\u0107i u vrlo te\u0161ka okru\u017eenja Amerike i sjeverne Europe. Re\u010deno nam je da \u0107e 12. sije\u010dnja Papa sa zadovoljstvom poslati ovih 200 obitelji u cijeli svijet. To je vrlo va\u017ean susret! To \u0107e biti prvi put da \u0107e papa Benedikt XVI. re\u0107i ne\u0161to o Neokatekumenskom putu pred cijelom Crkvom. Svi i\u0161\u010dekuju.<\/p>\n\n<p>Privatna audijencija koju smo imali 19. studenoga bila je prekrasna: malo sam govorio o naumu evangelizacije koji smo predstavili Ivanu Pavlu II., s implantatio Ecclesiae s obiteljima u poslanju, pomalo poput sv. Benedikta; Pokazao sam Papi kartu koja prikazuje 27 sjemeni\u0161ta u Europi i gdje su obitelji u poslanju&#8230; Kad je ve\u0107 bilo 5 minuta do isteka vremena predvi\u0111enog za audijenciju, Papa je rekao: \u201eU redu, razgovarajmo o liturgiji. Ju\u010der sam razgovarao s kardinalom Arinzeom i dogovorili smo se oko nekih stvari\u201c. Rekao nam je da na \u010ditanja mo\u017eemo dati kratke uvode, poneki odjek na Rije\u010d: 3 ili 4, koji o\u010dito ne mijenjaju propovijed. Mir ostaje tamo gdje je bio i do sada; a za pri\u010dest pod obje prilike mo\u017eemo jo\u0161 neko vrijeme nastaviti raditi kao i do sada, a poslije \u0107e se vidjeti kako&#8230;\u201c<\/p>\n\n<div class=\"wp-block-image is-style-default\"><figure class=\"aligncenter size-large\"><img loading=\"lazy\" decoding=\"async\" width=\"614\" height=\"406\" src=\"https:\/\/neocatechumenaleiter.org\/wp-content\/uploads\/2020\/02\/Camino_Neocatecumenal_Benedicto_XVI_Kiko_Carmen_Mario_audiencia.jpg\" alt=\"\" class=\"wp-image-8535\" srcset=\"https:\/\/neocatechumenaleiter.org\/wp-content\/uploads\/2020\/02\/Camino_Neocatecumenal_Benedicto_XVI_Kiko_Carmen_Mario_audiencia.jpg 614w, https:\/\/neocatechumenaleiter.org\/wp-content\/uploads\/2020\/02\/Camino_Neocatecumenal_Benedicto_XVI_Kiko_Carmen_Mario_audiencia-300x198.jpg 300w\" sizes=\"auto, (max-width: 614px) 100vw, 614px\" \/><\/figure><\/div>\n","protected":false},"excerpt":{"rendered":"<p>Privatna audijencija s inicijatorima Neokatekumenskog Puta 19-XI-2005 Benedikt XVI. Vatikan, 19. studenog 2005. 19. studenoga 2005. Sveti Otac Benedikt XVI. primio je inicijatore Neokatekumenskog puta prvi put na privatnoj audijenciji. &#013; Kiko je ovako opisao susret: \u201eSusret je bio prekrasan. Zatra\u017eili smo audijenciju kod Pape, iako smo znali da je to vrlo te\u0161ko, i dodijeljena nam je. Pro\u0161log svibnja imali smo konvivenciju s obiteljima i poslali smo u poslanje 200<\/p>\n<div class=\"read-more\"><a class=\"btn read-more-btn\" href=\"https:\/\/neocatechumenaleiter.org\/hr\/rijeci-papa\/benedikt-xvi\/privatna-audijencija-s-inicijatorima-neokatekumenskog-puta-19-xi-2005\/\">Nastavi \u010ditati<\/a><\/div>\n","protected":false},"author":2,"featured_media":0,"parent":9751,"menu_order":0,"comment_status":"closed","ping_status":"closed","template":"","meta":{"footnotes":""},"class_list":["post-17499","page","type-page","status-publish","hentry"],"_links":{"self":[{"href":"https:\/\/neocatechumenaleiter.org\/hr\/wp-json\/wp\/v2\/pages\/17499","targetHints":{"allow":["GET"]}}],"collection":[{"href":"https:\/\/neocatechumenaleiter.org\/hr\/wp-json\/wp\/v2\/pages"}],"about":[{"href":"https:\/\/neocatechumenaleiter.org\/hr\/wp-json\/wp\/v2\/types\/page"}],"author":[{"embeddable":true,"href":"https:\/\/neocatechumenaleiter.org\/hr\/wp-json\/wp\/v2\/users\/2"}],"replies":[{"embeddable":true,"href":"https:\/\/neocatechumenaleiter.org\/hr\/wp-json\/wp\/v2\/comments?post=17499"}],"version-history":[{"count":1,"href":"https:\/\/neocatechumenaleiter.org\/hr\/wp-json\/wp\/v2\/pages\/17499\/revisions"}],"predecessor-version":[{"id":17500,"href":"https:\/\/neocatechumenaleiter.org\/hr\/wp-json\/wp\/v2\/pages\/17499\/revisions\/17500"}],"up":[{"embeddable":true,"href":"https:\/\/neocatechumenaleiter.org\/hr\/wp-json\/wp\/v2\/pages\/9751"}],"wp:attachment":[{"href":"https:\/\/neocatechumenaleiter.org\/hr\/wp-json\/wp\/v2\/media?parent=17499"}],"curies":[{"name":"wp","href":"https:\/\/api.w.org\/{rel}","templated":true}]}}