{"id":17501,"date":"2020-09-14T12:56:06","date_gmt":"2020-09-14T11:56:06","guid":{"rendered":"https:\/\/neocatechumenaleiter.org\/rijeci-papa\/benedikt-xvi\/benedikt-xvi-na-angelusu-put-ponovnog-otkrivanja-vjere-29-x-2006\/"},"modified":"2020-09-14T12:57:19","modified_gmt":"2020-09-14T11:57:19","slug":"benedikt-xvi-na-angelusu-put-ponovnog-otkrivanja-vjere-29-x-2006","status":"publish","type":"page","link":"https:\/\/neocatechumenaleiter.org\/hr\/rijeci-papa\/benedikt-xvi\/benedikt-xvi-na-angelusu-put-ponovnog-otkrivanja-vjere-29-x-2006\/","title":{"rendered":"Benedikt XVI. na \u201eAngelusu\u201c: Put ponovnog otkrivanja vjere 29-X-2006"},"content":{"rendered":"\n<h1 class=\"has-text-align-center wp-block-heading\">Benedikt XVI. na \u201eAngelusu\u201c: Put ponovnog otkrivanja vjere 29-X-2006<\/h1>\n\n<div style=\"height:20px\" aria-hidden=\"true\" class=\"wp-block-spacer\"><\/div>\n\n<h4 class=\"has-text-align-center wp-block-heading\">Benedikt XVI.<\/h4>\n\n<div style=\"height:20px\" aria-hidden=\"true\" class=\"wp-block-spacer\"><\/div>\n\n<p><p><strong>Trg svetog Petra, 29. listopada 2006.<\/strong><\/p><\/p>\n\n<p><p><em>Na d<\/em><em>ana\u0161njem je \u201eAngelusu\u201c papa Benedikt XVI., <\/em><em>bez <\/em><em>izravnog spominjanja Neokatekumenskog puta, govori<\/em><em>o<\/em><em> o \u2018iskustvima <\/em><em>kateheza<\/em><em>\u2019 <\/em><em>kao <\/em><em>prijedlog<\/em><em>u<\/em><em> za mlade i <\/em><em>\u201eodrasle koji \u017eele u\u0107i na put ponovnog otkrivanja vjere na zreo i svjestan na\u010din, da bi zatim postigli dosljednu predanost svjedo\u010denju\u201c i podcrtao da je ovo djelo danas vrlo va\u017eno. Ovo su rije\u010di Benedikta XVI.:<\/em><\/p><\/p>\n\n<p><p>Draga bra\u0107o i sestre,<\/p>&#013;\n<p>u evan\u0111elju ove nedjelje (<em>Mk <\/em>10,46-52) \u010ditamo da se, tijekom Gospodinova prolaska ulicama Jerihona, slijepac po imenu Bartimej okre\u0107e prema njemu glasno vi\u010du\u0107i: \u201eSine Davidov, Isuse, smiluj mi se!\u201c. Ova molitva doti\u010de Kristovo srce, koji se zaustavlja, poziva ga i ozdravlja. Odlu\u010duju\u0107i trenutak bio je osobni, izravni susret izme\u0111u Gospodina i tog patnika. Suo\u010deni su jedni drugomu: Bog svojom voljom za ozdravljenjem i \u010dovjek sa \u017eeljom da ozdravi. Dvije slobode, dvije konvergentne volje: \u201e\u0160to ho\u0107e\u0161 da ti u\u010dinim?\u201c, pita ga Gospodin. \u201eDa progledam!\u201c, Odgovara slijepac. \u201eIdi, vjera te tvoja spasila\u201c. Ovim rije\u010dima \u010dudo se ostvaruje. Radost Bo\u017eja, radost \u010dovjekova. A Bartimej, progledav\u0161i \u2013 ka\u017ee nam Evan\u0111elje \u2013 \u201euputi se za njim\u201c: to jest, on postaje njegov u\u010denik i odlazi s U\u010diteljem u Jeruzalem, da s njim zajedno sudjeluje u velikom otajstvu spasenja. Ova pri\u010da u osnovi svojih odlomaka do\u010darava put katekumena prema sakramentu kr\u0161tenja, koji se u drevnoj Crkvi nazivao i \u201eProsvjetljenjem\u201c.<\/p>&#013;\n<p>Vjera je put prosvjetljenja: zapo\u010dinje od poniznosti prepoznavanja vlastite potrebe za spasenjem i dolazi do osobnog susreta s Kristom, koji ga poziva slijediti na putu ljubavi. Nacrti kr\u0161\u0107anske inicijacije postavljaju se u Crkvi prema ovom uzoru, i oni pripremaju za sakramente kr\u0161tenja, potvrde (ili krizme) i euharistije. Na mjestima drevne evangelizacije, gdje je kr\u0161tenje djece \u0161iroko rasprostranjeno, mladima i odraslima nude se iskustva kateheze i duhovnosti koja im omogu\u0107avaju da zrelim i svjesnim putem prije\u0111u put ponovnog otkrivanja vjere, da bi potom postigli dosljednu predanost svjedo\u010danstva.<\/p><\/p>\n\n<p><p>Koliko li je va\u017ean posao koji na ovom polju obavljaju pastiri i katehisti! Ponovno otkrivanje vrijednosti vlastitog kr\u0161tenja temelji se na misijskom opredjeljenju svakog kr\u0161\u0107anina, jer u Evan\u0111elju vidimo da oni koji se dopuste odu\u0161eviti Kristom ne mogu ne svjedo\u010diti radost slije\u0111enja njegovih koraka. U ovom mjesecu listopadu, posebno posve\u0107enom poslanju, jo\u0161 vi\u0161e razumijemo da upravo zahvaljuju\u0107i kr\u0161tenju posjedujemo prirodni misionarski poziv.<\/p>&#013;\n<p>Zazovimo zagovor Djevice Marije, kako bi se misionari Evan\u0111elja umno\u017eili. Usko sjedinjen s Gospodinom, neka svaka kr\u0161tena osoba osje\u0107a da je pozvana svima navije\u0161tati Bo\u017eju ljubav, svjedo\u010denjem vlastitog \u017eivota.<\/p><\/p>\n","protected":false},"excerpt":{"rendered":"<p>Benedikt XVI. na \u201eAngelusu\u201c: Put ponovnog otkrivanja vjere 29-X-2006 Benedikt XVI. Trg svetog Petra, 29. listopada 2006. Na dana\u0161njem je \u201eAngelusu\u201c papa Benedikt XVI., bez izravnog spominjanja Neokatekumenskog puta, govorio o \u2018iskustvima kateheza\u2019 kao prijedlogu za mlade i \u201eodrasle koji \u017eele u\u0107i na put ponovnog otkrivanja vjere na zreo i svjestan na\u010din, da bi zatim postigli dosljednu predanost svjedo\u010denju\u201c i podcrtao da je ovo djelo danas vrlo va\u017eno. Ovo su<\/p>\n<div class=\"read-more\"><a class=\"btn read-more-btn\" href=\"https:\/\/neocatechumenaleiter.org\/hr\/rijeci-papa\/benedikt-xvi\/benedikt-xvi-na-angelusu-put-ponovnog-otkrivanja-vjere-29-x-2006\/\">Nastavi \u010ditati<\/a><\/div>\n","protected":false},"author":2,"featured_media":0,"parent":9751,"menu_order":2,"comment_status":"closed","ping_status":"closed","template":"","meta":{"footnotes":""},"class_list":["post-17501","page","type-page","status-publish","hentry"],"_links":{"self":[{"href":"https:\/\/neocatechumenaleiter.org\/hr\/wp-json\/wp\/v2\/pages\/17501","targetHints":{"allow":["GET"]}}],"collection":[{"href":"https:\/\/neocatechumenaleiter.org\/hr\/wp-json\/wp\/v2\/pages"}],"about":[{"href":"https:\/\/neocatechumenaleiter.org\/hr\/wp-json\/wp\/v2\/types\/page"}],"author":[{"embeddable":true,"href":"https:\/\/neocatechumenaleiter.org\/hr\/wp-json\/wp\/v2\/users\/2"}],"replies":[{"embeddable":true,"href":"https:\/\/neocatechumenaleiter.org\/hr\/wp-json\/wp\/v2\/comments?post=17501"}],"version-history":[{"count":3,"href":"https:\/\/neocatechumenaleiter.org\/hr\/wp-json\/wp\/v2\/pages\/17501\/revisions"}],"predecessor-version":[{"id":17504,"href":"https:\/\/neocatechumenaleiter.org\/hr\/wp-json\/wp\/v2\/pages\/17501\/revisions\/17504"}],"up":[{"embeddable":true,"href":"https:\/\/neocatechumenaleiter.org\/hr\/wp-json\/wp\/v2\/pages\/9751"}],"wp:attachment":[{"href":"https:\/\/neocatechumenaleiter.org\/hr\/wp-json\/wp\/v2\/media?parent=17501"}],"curies":[{"name":"wp","href":"https:\/\/api.w.org\/{rel}","templated":true}]}}