{"id":17505,"date":"2020-09-14T13:04:35","date_gmt":"2020-09-14T12:04:35","guid":{"rendered":"https:\/\/neocatechumenaleiter.org\/rijeci-papa\/benedikt-xvi\/konvivencija-biskupa-iz-azije-i-australije-domus-galilaeae-18-xi-2006\/"},"modified":"2020-09-14T13:06:57","modified_gmt":"2020-09-14T12:06:57","slug":"konvivencija-biskupa-iz-azije-i-australije-domus-galilaeae-18-xi-2006","status":"publish","type":"page","link":"https:\/\/neocatechumenaleiter.org\/hr\/rijeci-papa\/benedikt-xvi\/konvivencija-biskupa-iz-azije-i-australije-domus-galilaeae-18-xi-2006\/","title":{"rendered":"Konvivencija biskupa iz Azije i Australije \u2013 Domus Galilaeae  18-XI-2006"},"content":{"rendered":"\n<h1 class=\"has-text-align-center wp-block-heading\">Konvivencija biskupa iz Azije i Australije \u2013 Domus Galilaeae  18-XI-2006<\/h1>\n\n<div style=\"height:20px\" aria-hidden=\"true\" class=\"wp-block-spacer\"><\/div>\n\n<h4 class=\"has-text-align-center wp-block-heading\">Benedikt XVI.<\/h4>\n\n<div style=\"height:20px\" aria-hidden=\"true\" class=\"wp-block-spacer\"><\/div>\n\n<p><p><strong>Domus Galilaeae, 18.-24. studenog 2006.<\/strong><\/p><\/p>\n\n<p><p><em>Od 18. do 26. studenoga 2006. godine<\/em><em> trajala<\/em><em> je <\/em><em>konvivencija <\/em><em>126 biskupa iz Azije (i nekih iz Australije), od kojih je 65 do<\/em><em>\u0161lo iz Indije zajedno s kardinalom Telesphoreom Toppom, nadbiskupom Ranchija i predsjednikom Indijske biskupske konferencije. U pozdravu na koncu konvivencije, kardinal je uputio posebno zna\u010dajne rije\u010di o radu Neokatekumenskog puta. Donosimo dva kratka odlomka:<\/em><\/p><\/p>\n\n<p><p>\u201e&#8230; \u0160to se ti\u010de Neokatekumenskog puta, temeljna je stvar ono \u0161to smo \u017eivjeli ovih dana i iskustva posjeta svetim mjestima. Nisam znao da su trojica rimskih biskupa \u2013 Pavao VI., Ivan Pavao II. i sada\u0161nji Papa \u2013 bili toliko povezani s Neokatekumenskim putem&#8230; Imam mnogo toga za re\u0107i: ovo nije djelo Kika, nije djelo Carmen ili nas koji smo izabrani i dovedeni ovamo \u2013 oni su sigurno odabrane posude, vjerujete u to, zar ne? \u2013 ali ovo je djelo samog Boga za Crkvu, jer on voli Crkvu. U svako vrijeme pobu\u0111uje ljude, kao \u0161to je bilo u pro\u0161losti tako je i danas. To je stvarno Bo\u017eje djelo&#8230;<\/p><\/p>\n\n<p><p>Usprkos \u010dinjenici da se po prvi put susre\u0107em s Neokatekumenskim putem, velim da je taj Put nu\u017enost u ovom trenutku i ako to ne shvatimo ozbiljno, ne\u0107emo mo\u0107i evangelizirati ad gentes, a izgubit \u0107emo i one koje nazivamo kr\u0161tenim kr\u0161\u0107anima. Iz tog razloga, ako smo uistinu kr\u0161\u0107ani, moramo biti evangelizirani ako \u017eelimo evangelizirati druge. Moram re\u0107i jo\u0161 jednu stvar. To ne mo\u017ee biti djelo ovih laika ili ovog puta ili drugih: ovo je djelo Crkve. Ovi itineranti, ovi misionari potrebni su slu\u017eenja Crkve: ovo je djelo Kristova tijela. I moramo ostati zajedno i raditi zajedno. Ne mo\u017eemo ne pru\u017eiti ruku laicima pu\u0161taju\u0107i ih da sami evangeliziraju: ako Gospodin podi\u017ee laike pune revnosti, biskupi i prezbiteri moraju biti u potpunosti s njima, cijela Crkva. Crkva je po svojoj naravi misionarska: Crkva mora evangelizirati, Crkva mora navije\u0161tati Isusa, ina\u010de mi nismo Crkva. Zbog toga sam istinski sretan\u201c.<\/p><\/p>\n\n<p>Donosimo telegram koji je Sveti Otac poslao kardinalima, biskupima i svim sudionicima konvivencije:<\/p>\n\n<p>Povodom konvivencije susreta biskupa, sve\u0107enika i vjernika laika Azije i Australije, kako bi razmislili o misionarskim izazovima i neodgodivostima, Vrhovni Prvosve\u0107enik upu\u0107uje pozdrave sudionicima i, nadaju\u0107i se da \u0107e providonosna inicijativa biti trenutak zajedni\u010dkog promi\u0161ljanja i dijeljenja vjere, pobu\u0111uju\u0107i obnovljenu predanost navije\u0161tanju Krista svjedo\u010danstvom vlastitog \u017eivota. Papa zaziva izljev nebeskih naklonosti i \u0161alje vapiju\u0107i apostolski blagoslov.<\/p>\n\n<p><p><em>Kardinal Tarcisio Bertone<\/em><\/p>&#013;\n<p><em>dr<\/em><em>\u017e<\/em><em>avni tajnik Njegove Svetosti Benedikta XVI<\/em>.<\/p><\/p>\n","protected":false},"excerpt":{"rendered":"<p>Konvivencija biskupa iz Azije i Australije \u2013 Domus Galilaeae 18-XI-2006 Benedikt XVI. Domus Galilaeae, 18.-24. studenog 2006. Od 18. do 26. studenoga 2006. godine trajala je konvivencija 126 biskupa iz Azije (i nekih iz Australije), od kojih je 65 do\u0161lo iz Indije zajedno s kardinalom Telesphoreom Toppom, nadbiskupom Ranchija i predsjednikom Indijske biskupske konferencije. U pozdravu na koncu konvivencije, kardinal je uputio posebno zna\u010dajne rije\u010di o radu Neokatekumenskog puta. Donosimo<\/p>\n<div class=\"read-more\"><a class=\"btn read-more-btn\" href=\"https:\/\/neocatechumenaleiter.org\/hr\/rijeci-papa\/benedikt-xvi\/konvivencija-biskupa-iz-azije-i-australije-domus-galilaeae-18-xi-2006\/\">Nastavi \u010ditati<\/a><\/div>\n","protected":false},"author":2,"featured_media":0,"parent":9751,"menu_order":3,"comment_status":"closed","ping_status":"closed","template":"","meta":{"footnotes":""},"class_list":["post-17505","page","type-page","status-publish","hentry"],"_links":{"self":[{"href":"https:\/\/neocatechumenaleiter.org\/hr\/wp-json\/wp\/v2\/pages\/17505","targetHints":{"allow":["GET"]}}],"collection":[{"href":"https:\/\/neocatechumenaleiter.org\/hr\/wp-json\/wp\/v2\/pages"}],"about":[{"href":"https:\/\/neocatechumenaleiter.org\/hr\/wp-json\/wp\/v2\/types\/page"}],"author":[{"embeddable":true,"href":"https:\/\/neocatechumenaleiter.org\/hr\/wp-json\/wp\/v2\/users\/2"}],"replies":[{"embeddable":true,"href":"https:\/\/neocatechumenaleiter.org\/hr\/wp-json\/wp\/v2\/comments?post=17505"}],"version-history":[{"count":3,"href":"https:\/\/neocatechumenaleiter.org\/hr\/wp-json\/wp\/v2\/pages\/17505\/revisions"}],"predecessor-version":[{"id":17508,"href":"https:\/\/neocatechumenaleiter.org\/hr\/wp-json\/wp\/v2\/pages\/17505\/revisions\/17508"}],"up":[{"embeddable":true,"href":"https:\/\/neocatechumenaleiter.org\/hr\/wp-json\/wp\/v2\/pages\/9751"}],"wp:attachment":[{"href":"https:\/\/neocatechumenaleiter.org\/hr\/wp-json\/wp\/v2\/media?parent=17505"}],"curies":[{"name":"wp","href":"https:\/\/api.w.org\/{rel}","templated":true}]}}