{"id":17509,"date":"2020-03-04T00:46:49","date_gmt":"2020-03-03T23:46:49","guid":{"rendered":"https:\/\/neocatechumenaleiter.org\/rijeci-papa\/sv-ivan-pavao-ii\/pastoralni-pohod-macerati-folignu-i-gran-sassu-19-6-1993\/"},"modified":"2021-08-10T11:03:14","modified_gmt":"2021-08-10T10:03:14","slug":"pastoralni-pohod-macerati-folignu-i-gran-sassu-19-6-1993","status":"publish","type":"page","link":"https:\/\/neocatechumenaleiter.org\/hr\/rijeci-papa\/sv-ivan-pavao-ii\/pastoralni-pohod-macerati-folignu-i-gran-sassu-19-6-1993\/","title":{"rendered":"Pastoralni pohod Macerati, Folignu i Gran Sassu 19-6-1993"},"content":{"rendered":"\n<h1 class=\"has-text-align-center wp-block-heading\">Pastoralni pohod Macerati, Folignu i Gran Sassu 19-6-1993<\/h1>\n\n<div style=\"height:20px\" aria-hidden=\"true\" class=\"wp-block-spacer\"><\/div>\n\n<h4 class=\"has-text-align-center wp-block-heading\">Sv. Ivan Pavao II.<\/h4>\n\n<div style=\"height:20px\" aria-hidden=\"true\" class=\"wp-block-spacer\"><\/div>\n\n<p><p><strong>Subota 19.\u00a0 i nedjelja 20. lipnja 1993.<\/strong><\/p><\/p>\n\n<p><p><em>Pi\u0161e msgr. Francesco Tarcisio Carboni, biskup Macerate:<\/em><\/p><\/p>\n\n<p><p>Ivan Pavao II., 13. rujna 1992., napisao mi je: \u201eBudu\u0107i da je Kina toliko draga mom srcu i briga za tu Crkvu &#8216;postala je osobita i stalna briga moga pontifikata&#8217; (Pismo biskupima svijeta 6. sije\u010dnja 1982. &#8211; <em>L&#8217;Osservatore Romano<\/em> 24.1.1982.) izra\u017eavam iskrenu nadu da \u0107e lik ovog Bo\u017ejeg \u010dovjeka uvijek biti bolje upoznat i cijenjen zbog zasluga ste\u010denih u njegovih 57 godina \u017eivota, od kojih je 28 proveo u toj ogromnoj regiji\u201c (<em>L&#8217;Osservatore Romano<\/em>, 27. listopada 1992., str. 2).<\/p><\/p>\n\n<p>Sada dolazi vrijeme da se zaustavimo sa Svetim Ocem, ispred ku\u0107e u kojoj je ro\u0111en Matteo Ricci, i vratimo se onim ulicama Macerate, gdje je kineski apostol imao prvu klicu svog poziva. Matteo Ricci ro\u0111en je u Macerati 6. listopada 1552., 15. kolovoza 1571. u\u0161ao je u novicijat Dru\u017ebe Isusove, 18. svibnja 1577. napustio je Rim za Poslanje na Istok, 26. srpnja 1580. zare\u0111en je za sve\u0107enika u Cocinu (Indija); 10. rujna 1583. datum je njegova dolaska u Kinu, a umro je u Pekingu 11. rujna 1610.<\/p>\n\n<p><p>\u201eDanas je \u2013 napisao je papa 1982. \u2013 lik oca Riccija \u017eiv me\u0111u kineskim narodom s imenom &#8216;Li Ma-tou&#8217;. On \u010dini zajedni\u010dko naslje\u0111e Crkve i Kine i predstavlja se kao \u010dvrsta i simboli\u010dka referentna to\u010dka za konstruktivan dijalog usmjeren na budu\u0107nost\u201c (<em>L&#8217;Osservatore Romano<\/em>, 27. listopada 1982.).<\/p><\/p>\n\n<p><p>Pro\u0161lo je svega 11 godina, a posjet Svetog Oca Macerati potvr\u0111uje i daje novi zamah toj bratskoj vezi \u201eCrkva-Kina\u201c koja \u2013 vi\u0161e je razloga za vjerovati \u2013 nesumnjivo prolazi i kroz Maceratu:<\/p>&#13;\n<p>Prije dvije godine u Macerati je pokrenuto Biskupijsko misijsko sjemeni\u0161te <em>Redemptoris Mater<\/em>, sa posebnom svrhom formiranja sve\u0107enika spremnih dati \u017eivot poput oca Mattea Riccija, za evangelizaciju Kine: ve\u0107 postoji 18 sjemeni\u0161taraca koji poha\u0111aju redovite te\u010dajeve filozofije i teologije.<\/p><\/p>\n\n<p>Prije dvije godine u Macerati je pokrenuto Biskupijsko misijsko sjemeni\u0161te Redemptoris Mater, sa posebnom svrhom formiranja sve\u0107enika spremnih dati \u017eivot poput oca Mattea Riccija, za evangelizaciju Kine: ve\u0107 postoji 18 sjemeni\u0161taraca koji poha\u0111aju redovite te\u010dajeve filozofije i teologije.&#13;\nVe\u0107 je u \u0161kolskoj godini 1993.\/94. broj studenata mogao dose\u0107i 30; oni \u0107e biti formirani u prostorijama sjemeni\u0161ta, u i\u0161\u010dekivanju strukture koja \u0107e biti kadra primiti stotine u roku od nekoliko godina.&#13;\nSveti \u0107e Otac blagosloviti prvi kamen u katedrali novog \u201eSjemeni\u0161ta za Kinu\u201c koji \u0107e se uzdi\u0107i ovdje u gradu Mattea Riccija, gradu opravdano smatranim \u201eMostom izme\u0111u Zapada i Istoka\u201c.&#13;\nMjesno Sveu\u010dili\u0161te za studije u me\u0111uvremenu je zapo\u010delo te\u010daj kineskog jezika, koji su poha\u0111ali na\u0161i sjemeni\u0161tarci i drugi studenti zainteresirani za mandarinski jezik.<\/p>\n\n<p><p>Zna\u010dajni je sjaj svjetla u tom izrazu Svetog Oca: \u201eMoramo gledati u budu\u0107nost\u201c (<em>Nau\u010davanja Ivana Pavla<\/em> <em>II.<\/em>, IV, 1, 1981., str. 384). \u201eNadam se obilnim blagodatima, ne samo misionarskog djelovanja Crkve \u2013 <em>pi\u0161e Papa<\/em> \u2013 ve\u0107 i sveg voljenog kineskog naroda, na koji Apostolska Stolica gleda s osobitom simpatijom i naklono\u0161\u0107u \u010ditavoj divnoj stvarnosti predaje i kulture, visoke \u010dovje\u010dnosti i bogate duhovnosti koja \u010dini povijesno i sada\u0161nje naslje\u0111e velike kineske nacije\u201c (Usp. <em>L&#8217;Osservatore Romano<\/em>, 24. sije\u010dnja 1982.).<\/p><\/p>\n\n<p>Prisutnost Pape me\u0111u 18 sjemeni\u0161taraca koji gledaju na Kinu dat \u0107e polet tim nadama, oja\u010dat \u0107e veze i obnoviti u\u010dinkovitost ohrabrivanj\u00e2. <\/p>\n\n<div class=\"wp-block-image\"><figure class=\"aligncenter size-large\"><img loading=\"lazy\" decoding=\"async\" width=\"569\" height=\"693\" src=\"https:\/\/neocatechumenaleiter.org\/wp-content\/uploads\/2020\/03\/Camino_Neocatecumenal_Juan_Pablo_II_visita_pastoral_Macerata_1993.jpg\" alt=\"\" class=\"wp-image-8200\" srcset=\"https:\/\/neocatechumenaleiter.org\/wp-content\/uploads\/2020\/03\/Camino_Neocatecumenal_Juan_Pablo_II_visita_pastoral_Macerata_1993.jpg 569w, https:\/\/neocatechumenaleiter.org\/wp-content\/uploads\/2020\/03\/Camino_Neocatecumenal_Juan_Pablo_II_visita_pastoral_Macerata_1993-246x300.jpg 246w\" sizes=\"auto, (max-width: 569px) 100vw, 569px\" \/><\/figure><\/div>\n","protected":false},"excerpt":{"rendered":"<p>Pastoralni pohod Macerati, Folignu i Gran Sassu 19-6-1993 Sv. Ivan Pavao II. Subota 19.\u00a0 i nedjelja 20. lipnja 1993. Pi\u0161e msgr. Francesco Tarcisio Carboni, biskup Macerate: Ivan Pavao II., 13. rujna 1992., napisao mi je: \u201eBudu\u0107i da je Kina toliko draga mom srcu i briga za tu Crkvu &#8216;postala je osobita i stalna briga moga pontifikata&#8217; (Pismo biskupima svijeta 6. sije\u010dnja 1982. &#8211; L&#8217;Osservatore Romano 24.1.1982.) izra\u017eavam iskrenu nadu da<\/p>\n<div class=\"read-more\"><a class=\"btn read-more-btn\" href=\"https:\/\/neocatechumenaleiter.org\/hr\/rijeci-papa\/sv-ivan-pavao-ii\/pastoralni-pohod-macerati-folignu-i-gran-sassu-19-6-1993\/\">Nastavi \u010ditati<\/a><\/div>\n","protected":false},"author":2,"featured_media":0,"parent":9680,"menu_order":75,"comment_status":"closed","ping_status":"closed","template":"","meta":{"footnotes":""},"class_list":["post-17509","page","type-page","status-publish","hentry"],"_links":{"self":[{"href":"https:\/\/neocatechumenaleiter.org\/hr\/wp-json\/wp\/v2\/pages\/17509","targetHints":{"allow":["GET"]}}],"collection":[{"href":"https:\/\/neocatechumenaleiter.org\/hr\/wp-json\/wp\/v2\/pages"}],"about":[{"href":"https:\/\/neocatechumenaleiter.org\/hr\/wp-json\/wp\/v2\/types\/page"}],"author":[{"embeddable":true,"href":"https:\/\/neocatechumenaleiter.org\/hr\/wp-json\/wp\/v2\/users\/2"}],"replies":[{"embeddable":true,"href":"https:\/\/neocatechumenaleiter.org\/hr\/wp-json\/wp\/v2\/comments?post=17509"}],"version-history":[{"count":6,"href":"https:\/\/neocatechumenaleiter.org\/hr\/wp-json\/wp\/v2\/pages\/17509\/revisions"}],"predecessor-version":[{"id":24179,"href":"https:\/\/neocatechumenaleiter.org\/hr\/wp-json\/wp\/v2\/pages\/17509\/revisions\/24179"}],"up":[{"embeddable":true,"href":"https:\/\/neocatechumenaleiter.org\/hr\/wp-json\/wp\/v2\/pages\/9680"}],"wp:attachment":[{"href":"https:\/\/neocatechumenaleiter.org\/hr\/wp-json\/wp\/v2\/media?parent=17509"}],"curies":[{"name":"wp","href":"https:\/\/api.w.org\/{rel}","templated":true}]}}