{"id":17515,"date":"2020-09-14T18:47:38","date_gmt":"2020-09-14T17:47:38","guid":{"rendered":"https:\/\/neocatechumenaleiter.org\/rijeci-papa\/benedikt-xvi\/konvivencija-vise-od-200-biskupa-i-9-kardinala-europe-u-domus-galilaeae-24-iii-2008\/"},"modified":"2020-09-14T19:00:22","modified_gmt":"2020-09-14T18:00:22","slug":"konvivencija-vise-od-200-biskupa-i-9-kardinala-europe-u-domus-galilaeae-24-iii-2008","status":"publish","type":"page","link":"https:\/\/neocatechumenaleiter.org\/hr\/rijeci-papa\/benedikt-xvi\/konvivencija-vise-od-200-biskupa-i-9-kardinala-europe-u-domus-galilaeae-24-iii-2008\/","title":{"rendered":"Konvivencija vi\u0161e od 200 biskupa i 9 kardinala europe u \u201eDomus Galilaeae\u201c 24-III-2008"},"content":{"rendered":"\n<h1 class=\"has-text-align-center wp-block-heading\">Konvivencija vi\u0161e od 200 biskupa i 9 kardinala europe u \u201eDomus Galilaeae\u201c 24-III-2008<\/h1>\n\n<div style=\"height:20px\" aria-hidden=\"true\" class=\"wp-block-spacer\"><\/div>\n\n<h4 class=\"has-text-align-center wp-block-heading\">Benedikt XVI.<\/h4>\n\n<div style=\"height:20px\" aria-hidden=\"true\" class=\"wp-block-spacer\"><\/div>\n\n<div class=\"wp-block-image is-style-default\"><figure class=\"alignleft size-large\"><img loading=\"lazy\" decoding=\"async\" width=\"400\" height=\"269\" src=\"https:\/\/neocatechumenaleiter.org\/wp-content\/uploads\/2020\/02\/Camino_Neocatecumenal_Eucaristia_Obispos_Europa_Domus_Galilaeae.jpg\" alt=\"\" class=\"wp-image-8574\" srcset=\"https:\/\/neocatechumenaleiter.org\/wp-content\/uploads\/2020\/02\/Camino_Neocatecumenal_Eucaristia_Obispos_Europa_Domus_Galilaeae.jpg 400w, https:\/\/neocatechumenaleiter.org\/wp-content\/uploads\/2020\/02\/Camino_Neocatecumenal_Eucaristia_Obispos_Europa_Domus_Galilaeae-300x202.jpg 300w\" sizes=\"auto, (max-width: 400px) 100vw, 400px\" \/><\/figure><\/div>\n\n<p><p><strong>Korazim, 24.-29. o<\/strong><strong>\u017eujka 2008.<\/strong><\/p><\/p>\n\n<p><p><em>Od 24. do 29. o<\/em><em>\u017eujka u Domus Galilaeae odvijala se konvivencija 200 biskupa i 9 kardinala iz Europe.<\/em><\/p>&#013;\n<p><em>Dr<\/em><em>\u017eavni tajnik u ime Pape poslao je brzojav sudionicima o \u010demu izvje\u0161tavamo u nastavku:<\/em><\/p><\/p>\n\n<p>\u201ePrilikom konvivencije u Domus Galilaeae koju je Neokatekumenski put promicao na temu nove evangelizacije na europskom kontinentu, Vrhovni Prvosve\u0107enik obra\u0107a se srda\u010dnim mislima i, nadaju\u0107i se da \u0107e ovaj zna\u010dajan susret potaknuti promi\u0161ljanje uvijek sve \u017eivlje ikone Krista, Rije\u010di O\u010deve, kako bi potaknuo rastu\u0107e i prodorno evan\u0111eosko svjedo\u010denje, jam\u010di da \u0107e se u molitvi sjetiti i iz srca dati gospodi kardinalima, biskupima i prezbiterima i sudionicima zamoljeni apostolski blagoslov\u201c.<\/p>\n\n<p><p><em>Kardinal Tarcisio Bertone dr<\/em><em>\u017eavni tajnik njegove svetosti Benedikta XVI<\/em>.<\/p><\/p>\n\n<p><p><em>Na kraju <\/em><em>konvivencije, kardinali koji su sudjelovali poslali su zahvalnicu Svetom Ocu, koju dijelom donosimo u nastavku:<\/em><\/p><\/p>\n\n<p><p>&#8230;Ispunjeni rado\u0161\u0107u na ovim mjestima s kojih je uskrsli Gospodin poslao svoje u\u010denike u sveop\u0107e poslanje Crkve, razmi\u0161ljali smo o novoj evangelizaciji na\u0161eg kontinenta kroz nove crkvene stvarnosti, posebno Neokatekumenski put. &#8230;Tako\u0111er smo vam zahvalni na pa\u017enji prema liturgijskoj praksi Puta: suo\u010deni s europskom krizom obitelji, mladih, zvanja, mogli smo vidjeti plodove ove kr\u0161\u0107anske inicijacije, utemeljene na slu\u0161anju Rije\u010di Bo\u017eje, na euharistijskom slavlju u maloj zajednici i u bratskom zajedni\u0161tvu: obnovljene obitelji s mnogo djece iz kojih proizlaze brojna zvanja\u2026, uistinu nova nada za Europu! Kao i uvijek, svaka obnova Crkve plod je dara Duha Svetoga, a taj plod Petar prihva\u0107a i brani.<\/p><\/p>\n\n<div class=\"wp-block-image is-style-default\"><figure class=\"alignright size-large\"><img loading=\"lazy\" decoding=\"async\" width=\"400\" height=\"263\" src=\"https:\/\/neocatechumenaleiter.org\/wp-content\/uploads\/2020\/02\/Camino_Neocatecumenal_Eucaristia_Obispos_Europa_Domus_Galilaeae2.jpg\" alt=\"\" class=\"wp-image-8579\" srcset=\"https:\/\/neocatechumenaleiter.org\/wp-content\/uploads\/2020\/02\/Camino_Neocatecumenal_Eucaristia_Obispos_Europa_Domus_Galilaeae2.jpg 400w, https:\/\/neocatechumenaleiter.org\/wp-content\/uploads\/2020\/02\/Camino_Neocatecumenal_Eucaristia_Obispos_Europa_Domus_Galilaeae2-300x197.jpg 300w\" sizes=\"auto, (max-width: 400px) 100vw, 400px\" \/><\/figure><\/div>\n\n<p><p>Proro\u010dke rije\u010di koje je Ivan Pavao II. izgovorio na V. simpoziju biskupskih konferencija Europe (1985.), da se Crkva, kako bi ponovo evangelizirala Europu, \u201emora vratiti u prvi apostolski model\u201c, ostvarili ste poslanjem prve sedmorice sve\u0107enika, za \u201emissio ad gentes\u201c, svaki u pratnji 3 obitelji s brojnom djecom. Iskustvo sve\u0107enika, obitelji i njihove djece vrlo je pozitivno: oni su sretni, puni \u017eara i \u010dine veliko djelo me\u0111u nekr\u0161tenima. Mnogi od nas \u017eele pokrenuti ovaj \u201emissio ad gentes\u201c u vlastitim biskupijama. &#8230;<\/p><\/p>\n\n<p><p><em>Kard. J. Meisner<\/em><\/p>&#013;\n<p><em>Kard. S. Dziwisz<\/em><\/p>&#013;\n<p><em>Kard. V. Pulji\u0107<\/em><\/p>&#013;\n<p><em>Kard. A. M. Rouco<\/em><\/p>&#013;\n<p><em>Kard. F. Barbarin<\/em><\/p>&#013;\n<p><em>Kard. S. Rylko<\/em><\/p>&#013;\n<p><em>Kard. C. Sch\u00f6nborn<\/em><\/p>&#013;\n<p><em>Kard. J. Glemp<\/em><\/p>&#013;\n<p><em>Kard. P. Cordes<\/em><\/p><\/p>\n","protected":false},"excerpt":{"rendered":"<p>Konvivencija vi\u0161e od 200 biskupa i 9 kardinala europe u \u201eDomus Galilaeae\u201c 24-III-2008 Benedikt XVI. Korazim, 24.-29. o\u017eujka 2008. Od 24. do 29. o\u017eujka u Domus Galilaeae odvijala se konvivencija 200 biskupa i 9 kardinala iz Europe. &#013; Dr\u017eavni tajnik u ime Pape poslao je brzojav sudionicima o \u010demu izvje\u0161tavamo u nastavku: \u201ePrilikom konvivencije u Domus Galilaeae koju je Neokatekumenski put promicao na temu nove evangelizacije na europskom kontinentu, Vrhovni<\/p>\n<div class=\"read-more\"><a class=\"btn read-more-btn\" href=\"https:\/\/neocatechumenaleiter.org\/hr\/rijeci-papa\/benedikt-xvi\/konvivencija-vise-od-200-biskupa-i-9-kardinala-europe-u-domus-galilaeae-24-iii-2008\/\">Nastavi \u010ditati<\/a><\/div>\n","protected":false},"author":2,"featured_media":0,"parent":9751,"menu_order":6,"comment_status":"closed","ping_status":"closed","template":"","meta":{"footnotes":""},"class_list":["post-17515","page","type-page","status-publish","hentry"],"_links":{"self":[{"href":"https:\/\/neocatechumenaleiter.org\/hr\/wp-json\/wp\/v2\/pages\/17515","targetHints":{"allow":["GET"]}}],"collection":[{"href":"https:\/\/neocatechumenaleiter.org\/hr\/wp-json\/wp\/v2\/pages"}],"about":[{"href":"https:\/\/neocatechumenaleiter.org\/hr\/wp-json\/wp\/v2\/types\/page"}],"author":[{"embeddable":true,"href":"https:\/\/neocatechumenaleiter.org\/hr\/wp-json\/wp\/v2\/users\/2"}],"replies":[{"embeddable":true,"href":"https:\/\/neocatechumenaleiter.org\/hr\/wp-json\/wp\/v2\/comments?post=17515"}],"version-history":[{"count":9,"href":"https:\/\/neocatechumenaleiter.org\/hr\/wp-json\/wp\/v2\/pages\/17515\/revisions"}],"predecessor-version":[{"id":17524,"href":"https:\/\/neocatechumenaleiter.org\/hr\/wp-json\/wp\/v2\/pages\/17515\/revisions\/17524"}],"up":[{"embeddable":true,"href":"https:\/\/neocatechumenaleiter.org\/hr\/wp-json\/wp\/v2\/pages\/9751"}],"wp:attachment":[{"href":"https:\/\/neocatechumenaleiter.org\/hr\/wp-json\/wp\/v2\/media?parent=17515"}],"curies":[{"name":"wp","href":"https:\/\/api.w.org\/{rel}","templated":true}]}}