{"id":17527,"date":"2020-09-14T19:17:57","date_gmt":"2020-09-14T18:17:57","guid":{"rendered":"https:\/\/neocatechumenaleiter.org\/rijeci-papa\/benedikt-xvi\/audijencija-za-neokatekumenski-put-i-slanje-vise-od-200-obitelji-u-poslanje-i-13-missio-ad-gentes-17-i-2011\/"},"modified":"2020-09-14T19:35:27","modified_gmt":"2020-09-14T18:35:27","slug":"audijencija-za-neokatekumenski-put-i-slanje-vise-od-200-obitelji-u-poslanje-i-13-missio-ad-gentes-17-i-2011","status":"publish","type":"page","link":"https:\/\/neocatechumenaleiter.org\/hr\/rijeci-papa\/benedikt-xvi\/audijencija-za-neokatekumenski-put-i-slanje-vise-od-200-obitelji-u-poslanje-i-13-missio-ad-gentes-17-i-2011\/","title":{"rendered":"Audijencija za Neokatekumenski Put i slanje vi\u0161e od 200 obitelji u poslanje i 13 \u201eMissio ad gentes\u201c 17-I-2011"},"content":{"rendered":"\n<h1 class=\"has-text-align-center wp-block-heading\">Audijencija za Neokatekumenski Put i slanje vi\u0161e od 200 obitelji u poslanje i 13 \u201eMissio ad gentes\u201c 17-I-2011<\/h1>\n\n<div style=\"height:20px\" aria-hidden=\"true\" class=\"wp-block-spacer\"><\/div>\n\n<h4 class=\"has-text-align-center wp-block-heading\">Benedikt XVI.<\/h4>\n\n<div style=\"height:20px\" aria-hidden=\"true\" class=\"wp-block-spacer\"><\/div>\n\n<div class=\"wp-block-image is-style-default\"><figure class=\"alignleft size-large\"><img loading=\"lazy\" decoding=\"async\" width=\"400\" height=\"267\" src=\"https:\/\/neocatechumenaleiter.org\/wp-content\/uploads\/2020\/02\/Camino_Neocatecumenal_Benedicto_XVI_audiencia_familias_mision_ad_gentes_2011.jpg\" alt=\"\" class=\"wp-image-8543\" srcset=\"https:\/\/neocatechumenaleiter.org\/wp-content\/uploads\/2020\/02\/Camino_Neocatecumenal_Benedicto_XVI_audiencia_familias_mision_ad_gentes_2011.jpg 400w, https:\/\/neocatechumenaleiter.org\/wp-content\/uploads\/2020\/02\/Camino_Neocatecumenal_Benedicto_XVI_audiencia_familias_mision_ad_gentes_2011-300x200.jpg 300w\" sizes=\"auto, (max-width: 400px) 100vw, 400px\" \/><\/figure><\/div>\n\n<p><p><strong>Vatikan \u2013 dvorana Pavla VI., 17. sije<\/strong><strong>\u010dnja 2011. <\/strong><strong>(*)<\/strong><\/p><\/p>\n\n<p><p><em>Navje<\/em><em>\u0161taj je Evan\u0111elja \u201eopredjeljenje svih kr\u0161\u0107ana kao posljedica kr\u0161tenja\u201c, podsjetio je papa \u010dlanove Neokatekumenskog puta, primiv\u0161i ih na audijenciju u ponedjeljak ujutro, 17. sije\u010dnja, u dvorani Pavla VI.<\/em><\/p><\/p>\n\n<p><p><em>Evo <\/em><em>govora<\/em><em> koj<\/em><em>eg je izgovorio<\/em><em> Benedikt XVI:<\/em><\/p><\/p>\n\n<p><p>Dragi prijatelji!<\/p>&#013;\n<p>Drago mi je \u0161to vas mogu primiti i pru\u017eiti vam moju srda\u010dnu dobrodo\u0161licu. Osobito pozdravljam Kika Arg\u00fcella i Carmen Hern\u00e1ndez, inicijatore Neokatekumenskog puta i don Marija Pezzija, zahvaljuju\u0107i im na rije\u010dima pozdrava i uvoda koje su mi uputili. S dubokom naklono\u0161\u0107u pozdravljam sve vas ovdje prisutne: sve\u0107enike, sjemeni\u0161tarce, obitelji i \u010dlanove Puta. Zahvaljujem Gospodinu \u0161to nam je pru\u017eio priliku za ovaj susret na kojem obnavljate svoju vezu s Petrovim nasljednikom, jo\u0161 jednom prihva\u0107aju\u0107i poslanje koji je uskrsli Krist dao u\u010denicima: \u201ePo\u0111ite po svem svijetu, propovijedajte Evan\u0111elje svemu stvorenju\u201c (Mk 16,15).<\/p><\/p>\n\n<p><p><strong>Vi<\/strong><strong>\u0161e od \u010detrdeset godina Neokatekumenski je put pridonosio o\u017eivljavanju i u\u010dvr\u0161\u0107ivanju kr\u0161\u0107anske inicijacije u biskupijama i \u017eupama, bivaju\u0107i naklonjen postupnom i radikalnom ponovnom otkrivanju bogatstva kr\u0161tenja<\/strong>, poma\u017eu\u0107i u\u017eivanju u bo\u017eanskom \u017eivotu, nebeskom \u017eivotu koji je Gospodin uveo svojim utjelovljenjem, do\u0161av\u0161i me\u0111u nas, rodiv\u0161i se kao jedan od nas. Ovaj Bo\u017eji dar za njegovu Crkvu stavljen je \u201eu slu\u017ebu biskupa kao jedan od na\u010dina biskupijske provedbe kr\u0161\u0107anske inicijacije i trajnog obrazovanja u vjeri\u201c (<em>Statut, <\/em>\u010dl. 1, \u00a7 2). Ova slu\u017eba, kako vas je podsjetio moj prethodnik, sluga Bo\u017eji Pavao VI. u prvom susretu s vama 1974. godine, \u201emo\u0107i \u0107e obnoviti u dana\u0161njim kr\u0161\u0107anskim zajednicama one u\u010dinke zrelosti i produbljivanja, koji su se u prvotnoj Crkvi ostvarili iz razdoblja priprema za kr\u0161tenje\u201c (<em>Nau\u010davanja Pavla VI.<\/em>, XII [1974.], 406).<\/p><\/p>\n\n<div class=\"wp-block-image is-style-default\"><figure class=\"alignright size-large\"><img loading=\"lazy\" decoding=\"async\" width=\"400\" height=\"270\" src=\"https:\/\/neocatechumenaleiter.org\/wp-content\/uploads\/2020\/02\/Camino_Neocatecumenal_Benedicto_XVI_audiencia_familias_mision_ad_gentes_2011_orquesta.jpg\" alt=\"\" class=\"wp-image-8548\" srcset=\"https:\/\/neocatechumenaleiter.org\/wp-content\/uploads\/2020\/02\/Camino_Neocatecumenal_Benedicto_XVI_audiencia_familias_mision_ad_gentes_2011_orquesta.jpg 400w, https:\/\/neocatechumenaleiter.org\/wp-content\/uploads\/2020\/02\/Camino_Neocatecumenal_Benedicto_XVI_audiencia_familias_mision_ad_gentes_2011_orquesta-300x203.jpg 300w\" sizes=\"auto, (max-width: 400px) 100vw, 400px\" \/><\/figure><\/div>\n\n<p>Posljednjih je godina uspje\u0161no dovr\u0161en postupak izrade Statuta Neokatekumenskog puta koji je, nakon odgovaraju\u0107eg razdoblja valjanosti \u201ead experimentum\u201c, dobio kona\u010dno odobrenje u lipnju 2008. godine. Posljednjih je dana poduzet jo\u0161 jedan va\u017ean korak, odobrenjem, od nadle\u017enih Dikasterija Svete Stolice, \u201eKatehetskog direktorija neokatekumenskog puta\u201c. Ovim crkvenim pe\u010datima Gospodin vam danas ponovno potvr\u0111uje i povjerava ovo dragocjeno sredstvo, Put, tako da u sinovskoj poslu\u0161nosti Svetoj Stolici i pastirima Crkve mo\u017eete s novim entuzijazmom i \u017earom pridonijeti radikalnom i radosnom ponovnom otkri\u0107u dara kr\u0161tenja i ponuditi svoj autenti\u010dni doprinos cilju nove evangelizacije. Crkva je u Neokatekumenskom putu prepoznala odre\u0111eni dar potaknut Duhom Svetim: kao takav, neka prirodno nastoji uklopiti se u veliku harmoniju crkvenog tijela. U tom svjetlu, pozivam vas da uvijek tra\u017eite duboko zajedni\u0161tvo s pastirima i sa svim sastavnicama pojedinih Crkava i vrlo razli\u010ditih crkvenih konteksta u kojima ste pozvani raditi. Bratsko zajedni\u0161tvo me\u0111u Isusovim u\u010denicima zapravo je prvo i najve\u0107e svjedo\u010denje imena Isusa Krista.<\/p>\n\n<p>Posebice me raduje \u0161to danas mogu u razli\u010dite dijelove svijeta poslati vi\u0161e od 200 novih obitelji koje su se stavile na raspolaganje s velikom velikodu\u0161no\u0161\u0107u i oti\u0161le u poslanje, pridru\u017eiv\u0161i se onim otprilike 600 koji ve\u0107 rade na pet kontinenata. Drage obitelji, neka vjera koju ste dobili na dar bude svjetlost postavljena na svije\u0107njak, sposobna pokazati ljudima put u nebo. S istim \u0107u osje\u0107ajem poslati 13 novih \u201emissiones ad gentes\u201c, koje \u0107e biti pozvane stvoriti novu crkvenu prisutnost u visoko sekulariziranim sredinama u raznim zemljama ili na mjestima do kojih Kristova poruka jo\u0161 nije stigla. Osje\u0107ajte uvijek uza se \u017eivu prisutnost Uskrsloga Gospodina i pratnju brojne bra\u0107e, kao i molitvu Pape koji je s vama!<\/p>\n\n<p><p>S ljubavlju pozdravljam prezbitere koji dolaze iz biskupijskih sjemeni\u0161ta \u201e<em>Redemptoris Mater<\/em>\u201c iz Europe i vi\u0161e od dvije tisu\u0107e ovdje prisutnih sjemeni\u0161taraca. Dragi prijatelji, <strong>vi ste poseban i rje\u010dit znak plodova dobra koji mogu proiza\u0107i iz ponovnog otkrivanja milosti vlastitog kr\u0161tenja. <\/strong>Gledamo vas s posebnom nadom: budite sve\u0107enici zaljubljeni u Krista i njegovu Crkvu, kadri prenijeti svijetu radost susreta s Gospodinom i mo\u0107i biti na njegovoj usluzi. Tako\u0111er pozdravljam katehiste itinerante i one iz Neokatekumenskih zajednica Rima i Lazija, a s posebnom ljubavlju \u201e<em>communitates in missionem<\/em>\u201c. Napustili ste, da tako ka\u017eem, sigurnost svojih izvornih zajednica da biste oti\u0161li na udaljenija i neudobnija mjesta, prihva\u0107aju\u0107i da vas se po\u0161alje u pomo\u0107 \u017eupama u pote\u0161ko\u0107ama i da tra\u017eite izgubljene ovce i vratite ih u Kristovo stado. U patnjama ili suho\u0107ama koje biste mogli iskusiti, osje\u0107ajte se sjedinjenima s Kristovom patnjom na kri\u017eu i njegovom \u017eeljom da doprije do mnogo bra\u0107e daleko od vjere i istine, kako bi ih vratio u O\u010devu ku\u0107u.<\/p><\/p>\n\n<div class=\"wp-block-image is-style-circle-mask\"><figure class=\"alignright size-large\"><img loading=\"lazy\" decoding=\"async\" width=\"400\" height=\"268\" src=\"https:\/\/neocatechumenaleiter.org\/wp-content\/uploads\/2020\/02\/Camino_Neocatecumenal_Benedicto_XVI_audiencia_familias_mision_ad_gentes_20112.jpg\" alt=\"\" class=\"wp-image-8553\" srcset=\"https:\/\/neocatechumenaleiter.org\/wp-content\/uploads\/2020\/02\/Camino_Neocatecumenal_Benedicto_XVI_audiencia_familias_mision_ad_gentes_20112.jpg 400w, https:\/\/neocatechumenaleiter.org\/wp-content\/uploads\/2020\/02\/Camino_Neocatecumenal_Benedicto_XVI_audiencia_familias_mision_ad_gentes_20112-300x201.jpg 300w\" sizes=\"auto, (max-width: 400px) 100vw, 400px\" \/><\/figure><\/div>\n\n<p><p>Kao \u0161to sam napisao u apostolskoj pobudnici <em>Verbum Domini<\/em>: \u201eposlanje Crkve ne mo\u017ee se smatrati neobveznom ili dodatnom stvarno\u0161\u0107u crkvenog \u017eivota. Rije\u010d je o tome da treba dopustiti Duhu Svetom da nas suobli\u010di sa samim Kristom [\u2026] kako bismo komunicirali Rije\u010d svim svojim \u017eivotom\u201c (br. 93). <strong>\u010citav je Bo\u017eji narod \u201eposlan\u201c, a navije\u0161tanje Evan\u0111elja obveza je svih kr\u0161\u0107ana, kao posljedica kr\u0161tenja<\/strong> (usp. <em>Ibidem<\/em>, 94). Pozivam vas da se zaustavite na pobudnici <em>Verbum Domini<\/em> razmi\u0161ljaju\u0107i na poseban na\u010din o onom \u0161to se nalazi u tre\u0107em dijelu dokumenta, gdje govori o \u201ePoslanju Crkve: objaviti Rije\u010d Bo\u017eju svijetu\u201c (br. 90-98). Dragi prijatelji, <strong>osjetimo se sudionicima \u017eelje za spasenjem Gospodina Isusa, u poslanju koje On povjerava cijeloj Crkvi<\/strong>. Neka vam Bla\u017eena Djevica Marija, koja je nadahnula va\u0161 put i koja vam je dala nazaretsku obitelj kao uzor va\u0161ih zajednica, udijeli da svoju vjeru \u017eivite u poniznosti, jednostavnosti i zahvaljivanju, neka se zauzima za sve vas i prati vas u va\u0161em poslanju. Neka vas podr\u017eava i moj Blagoslov, koji srda\u010dno dijelim vama i svim \u010dlanovima Neokatekumenskog puta \u0161irom svijeta.<\/p>&#013;\n<p><em>(*) Usp. \u201eL&#8217;Osservatore Romano\u201c, 17.-18. sije\u010dnja 2011.<\/em><\/p><\/p>\n","protected":false},"excerpt":{"rendered":"<p>Audijencija za Neokatekumenski Put i slanje vi\u0161e od 200 obitelji u poslanje i 13 \u201eMissio ad gentes\u201c 17-I-2011 Benedikt XVI. Vatikan \u2013 dvorana Pavla VI., 17. sije\u010dnja 2011. (*) Navje\u0161taj je Evan\u0111elja \u201eopredjeljenje svih kr\u0161\u0107ana kao posljedica kr\u0161tenja\u201c, podsjetio je papa \u010dlanove Neokatekumenskog puta, primiv\u0161i ih na audijenciju u ponedjeljak ujutro, 17. sije\u010dnja, u dvorani Pavla VI. Evo govora kojeg je izgovorio Benedikt XVI: Dragi prijatelji! &#013; Drago mi je<\/p>\n<div class=\"read-more\"><a class=\"btn read-more-btn\" href=\"https:\/\/neocatechumenaleiter.org\/hr\/rijeci-papa\/benedikt-xvi\/audijencija-za-neokatekumenski-put-i-slanje-vise-od-200-obitelji-u-poslanje-i-13-missio-ad-gentes-17-i-2011\/\">Nastavi \u010ditati<\/a><\/div>\n","protected":false},"author":2,"featured_media":0,"parent":9751,"menu_order":9,"comment_status":"closed","ping_status":"closed","template":"","meta":{"footnotes":""},"class_list":["post-17527","page","type-page","status-publish","hentry"],"_links":{"self":[{"href":"https:\/\/neocatechumenaleiter.org\/hr\/wp-json\/wp\/v2\/pages\/17527","targetHints":{"allow":["GET"]}}],"collection":[{"href":"https:\/\/neocatechumenaleiter.org\/hr\/wp-json\/wp\/v2\/pages"}],"about":[{"href":"https:\/\/neocatechumenaleiter.org\/hr\/wp-json\/wp\/v2\/types\/page"}],"author":[{"embeddable":true,"href":"https:\/\/neocatechumenaleiter.org\/hr\/wp-json\/wp\/v2\/users\/2"}],"replies":[{"embeddable":true,"href":"https:\/\/neocatechumenaleiter.org\/hr\/wp-json\/wp\/v2\/comments?post=17527"}],"version-history":[{"count":15,"href":"https:\/\/neocatechumenaleiter.org\/hr\/wp-json\/wp\/v2\/pages\/17527\/revisions"}],"predecessor-version":[{"id":17542,"href":"https:\/\/neocatechumenaleiter.org\/hr\/wp-json\/wp\/v2\/pages\/17527\/revisions\/17542"}],"up":[{"embeddable":true,"href":"https:\/\/neocatechumenaleiter.org\/hr\/wp-json\/wp\/v2\/pages\/9751"}],"wp:attachment":[{"href":"https:\/\/neocatechumenaleiter.org\/hr\/wp-json\/wp\/v2\/media?parent=17527"}],"curies":[{"name":"wp","href":"https:\/\/api.w.org\/{rel}","templated":true}]}}