{"id":17543,"date":"2020-09-14T19:41:52","date_gmt":"2020-09-14T18:41:52","guid":{"rendered":"https:\/\/neocatechumenaleiter.org\/rijeci-papa\/benedikt-xvi\/regina-coeli-povodom-pastoralnog-posjeta-akvileji-i-veneciji-8-v-2011\/"},"modified":"2020-09-14T19:52:37","modified_gmt":"2020-09-14T18:52:37","slug":"regina-coeli-povodom-pastoralnog-posjeta-akvileji-i-veneciji-8-v-2011","status":"publish","type":"page","link":"https:\/\/neocatechumenaleiter.org\/hr\/rijeci-papa\/benedikt-xvi\/regina-coeli-povodom-pastoralnog-posjeta-akvileji-i-veneciji-8-v-2011\/","title":{"rendered":"\u201eRegina Coeli\u201c povodom pastoralnog posjeta Akvileji i Veneciji 8-V-2011"},"content":{"rendered":"\n<h1 class=\"has-text-align-center wp-block-heading\">\u201eRegina Coeli\u201c povodom pastoralnog posjeta Akvileji i Veneciji 8-V-2011<\/h1>\n\n<div style=\"height:20px\" aria-hidden=\"true\" class=\"wp-block-spacer\"><\/div>\n\n<h4 class=\"has-text-align-center wp-block-heading\">Benedikt XVI.<\/h4>\n\n<div style=\"height:20px\" aria-hidden=\"true\" class=\"wp-block-spacer\"><\/div>\n\n<p><p><strong>Park San Giuliano \u2013 Mestre, 8. svibnja 2011. <\/strong><strong>(*)<\/strong><\/p><\/p>\n\n<p><p><em>Tijekom pastoralnog posjeta Akvileji i Veneciji, prije recitacije \u201eRegine Coeli\u201c, Benedikt XVI. zazvao je <\/em><em>Djevicu da podr\u017ei i \u201eoja\u010da rad brojnih laika koji aktivno sura\u0111uju u novoj evangelizaciji\u201c, a me\u0111u njima se sjetio i Neokatekumenskog puta.<\/em><\/p><\/p>\n\n<p><p><em>Draga bra<\/em><em>\u0107o i sestre! <\/em><\/p>&#013;\n<p>Na kraju ovog sve\u010danog euharistijskog slavlja,\u00a0usmjeravamo pogled prema Mariji, <em>Regina Caeli<\/em>. U zoru Uskrsa postala je Majka Uskrsloga i njezino sjedinjenje s njim toliko je duboko da tamo gdje je Sin prisutan Majka ne mo\u017ee nedostajati. Na ovim va\u0161im krasnim mjestima, daru i znaku Bo\u017eje ljepote, koliko je sveti\u0161ta, crkava i kapelica posve\u0107eno Mariji! U njoj se ogleda Kristovo blistavo lice. Ako je poslu\u0161no slijedimo, Djevica nas vodi k njemu. U ove uskrsne dane dopustimo da nas uskrsli Krist pobijedi. U njemu zapo\u010dinje novi svijet ljubavi i mira koji predstavlja duboku \u010de\u017enju svakog ljudskog srca. Neka vam, stanovnici ovih zemalja bogatih dugom kr\u0161\u0107anskom povije\u0161\u0107u, Gospodin podari da \u017eivite Evan\u0111elje po uzoru na Crkvu u nastajanju, u kojoj je \u201emno\u0161tvo onih koji su primili vjeru imalo jedno srce i jednu du\u0161u\u201c (<em>Dj<\/em> 4,32). Zazivajmo Presvetu Mariju, koja je podr\u017eala prve svjedoke svoga Sina u propovijedanju Radosne vijesti, kako bi mogla podr\u017eati i apostolski trud dana\u0161njih sve\u0107enika; u\u010diniti plodno svjedo\u010denje mu\u0161karaca i \u017eena; animirati svakodnevni rad roditelja u prvom preno\u0161enju vjere svojoj djeci; prosvijetliti put mladima kako bi mogli pouzdano hodati putem koji je ocrtavala o\u010deva vjera; ispuniti srca starijih \u010dvrstom nadom; utje\u0161iti bolesnike i sve trpe\u0107e svojom blizinom; oja\u010dati rad mnogih laika koji aktivno sura\u0111uju u novoj evangelizaciji, u \u017eupama, udrugama, poput izvi\u0111a\u010da i Katoli\u010dke akcije, tako ukorijenjenih i prisutnih u ovim zemljama, u pokretima koji su, raznoliko\u0161\u0107u svojih karizmi i njihovih djelovanja, znak bogatstva crkvene gra\u0111e \u2013 mislim na stvarnosti kao \u0161to su Pokret Fokolarina, Zajedni\u0161tvo i Oslobo\u0111enje ili Neokatekumenski Put, da nabrojim samo neke. Poti\u010dem sve da rade s istinskim duhom zajedni\u0161tva u ovom velikom vinogradu u kojem nas je Gospodin pozvao na rad. Marijo, Majko Uskrsloga i Crkve, moli za nas!<\/p>&#013;\n<p><em>(*) Usp. \u201eL&#8217;Osservatore Romano\u201c, 9.-10. svibnja 2011.<\/em><\/p><\/p>\n","protected":false},"excerpt":{"rendered":"<p>\u201eRegina Coeli\u201c povodom pastoralnog posjeta Akvileji i Veneciji 8-V-2011 Benedikt XVI. Park San Giuliano \u2013 Mestre, 8. svibnja 2011. (*) Tijekom pastoralnog posjeta Akvileji i Veneciji, prije recitacije \u201eRegine Coeli\u201c, Benedikt XVI. zazvao je Djevicu da podr\u017ei i \u201eoja\u010da rad brojnih laika koji aktivno sura\u0111uju u novoj evangelizaciji\u201c, a me\u0111u njima se sjetio i Neokatekumenskog puta. Draga bra\u0107o i sestre! &#013; Na kraju ovog sve\u010danog euharistijskog slavlja,\u00a0usmjeravamo pogled prema Mariji,<\/p>\n<div class=\"read-more\"><a class=\"btn read-more-btn\" href=\"https:\/\/neocatechumenaleiter.org\/hr\/rijeci-papa\/benedikt-xvi\/regina-coeli-povodom-pastoralnog-posjeta-akvileji-i-veneciji-8-v-2011\/\">Nastavi \u010ditati<\/a><\/div>\n","protected":false},"author":2,"featured_media":0,"parent":9751,"menu_order":10,"comment_status":"closed","ping_status":"closed","template":"","meta":{"footnotes":""},"class_list":["post-17543","page","type-page","status-publish","hentry"],"_links":{"self":[{"href":"https:\/\/neocatechumenaleiter.org\/hr\/wp-json\/wp\/v2\/pages\/17543","targetHints":{"allow":["GET"]}}],"collection":[{"href":"https:\/\/neocatechumenaleiter.org\/hr\/wp-json\/wp\/v2\/pages"}],"about":[{"href":"https:\/\/neocatechumenaleiter.org\/hr\/wp-json\/wp\/v2\/types\/page"}],"author":[{"embeddable":true,"href":"https:\/\/neocatechumenaleiter.org\/hr\/wp-json\/wp\/v2\/users\/2"}],"replies":[{"embeddable":true,"href":"https:\/\/neocatechumenaleiter.org\/hr\/wp-json\/wp\/v2\/comments?post=17543"}],"version-history":[{"count":5,"href":"https:\/\/neocatechumenaleiter.org\/hr\/wp-json\/wp\/v2\/pages\/17543\/revisions"}],"predecessor-version":[{"id":17548,"href":"https:\/\/neocatechumenaleiter.org\/hr\/wp-json\/wp\/v2\/pages\/17543\/revisions\/17548"}],"up":[{"embeddable":true,"href":"https:\/\/neocatechumenaleiter.org\/hr\/wp-json\/wp\/v2\/pages\/9751"}],"wp:attachment":[{"href":"https:\/\/neocatechumenaleiter.org\/hr\/wp-json\/wp\/v2\/media?parent=17543"}],"curies":[{"name":"wp","href":"https:\/\/api.w.org\/{rel}","templated":true}]}}