{"id":17549,"date":"2020-02-29T04:17:59","date_gmt":"2020-02-29T03:17:59","guid":{"rendered":"https:\/\/neocatechumenaleiter.org\/rijeci-papa\/franjo\/angelus-pozdrav-neokatekumenskim-zajednicama-rima-na-misiji-po-trgovima-7-iv-2013\/"},"modified":"2021-08-10T10:59:17","modified_gmt":"2021-08-10T09:59:17","slug":"angelus-pozdrav-neokatekumenskim-zajednicama-rima-na-misiji-po-trgovima-7-iv-2013","status":"publish","type":"page","link":"https:\/\/neocatechumenaleiter.org\/hr\/rijeci-papa\/franjo\/angelus-pozdrav-neokatekumenskim-zajednicama-rima-na-misiji-po-trgovima-7-iv-2013\/","title":{"rendered":"Angelus: pozdrav Neokatekumenskim zajednicama Rima na Misiji po Trgovima 7-IV-2013"},"content":{"rendered":"\n<h1 class=\"has-text-align-center wp-block-heading\">Angelus: pozdrav Neokatekumenskim zajednicama Rima na Misiji po Trgovima 7-IV-2013<\/h1>\n\n<div style=\"height:20px\" aria-hidden=\"true\" class=\"wp-block-spacer\"><\/div>\n\n<h4 class=\"has-text-align-center wp-block-heading\">Franjo<\/h4>\n\n<div style=\"height:20px\" aria-hidden=\"true\" class=\"wp-block-spacer\"><\/div>\n\n<p><p><strong>Pozdrav neokatekumenskim zajednicama u misiji na trgovima, za vrijeme \u201eAngelusa\u201c, Trg svetog Petra, 7. travnja 2013. (*)<\/strong><\/p><\/p>\n\n<p><p><em>Sveti otac Franjo, pozdraviv\u0161i vjernike okupljene na Trgu svetog Petra na molitvi Angelusa, obratio se neokatekumenskim zajednicama koje zapo<\/em><em>\u010d<\/em><em>inju misiju na 100 trgova u Rimu<\/em>: &#8230;Drago mi je \u0161to mogu pozdraviti brojne \u010dlanove Pokreta i Udruga prisutnih u ovom na\u0161em trenutku molitve, posebno Neokatekumenske zajednice u Rimu, koje danas zapo\u010dinju posebnu misiju na trgovima grada. Pozivam sve da u svaku \u017eivotnu sredinu donose Radosnu vijest \u201eblago i s po\u0161tovanjem\u201c (1 Pt 3,16)! Idite na trgove i navijestite Isusa Krista, na\u0161ega Spasitelja&#8230;<\/p>&#13;\n<p><em>(*)<\/em><em> Usp. \u201eL&#8217;Osservatore Romano\u201c, 8. travnja 2013.<\/em><\/p><\/p>\n\n<div class=\"wp-block-image is-style-default\"><figure class=\"aligncenter size-large\"><img loading=\"lazy\" decoding=\"async\" width=\"400\" height=\"274\" src=\"https:\/\/neocatechumenaleiter.org\/wp-content\/uploads\/2020\/02\/Camino_Neocatecumenal_Papa_Francisco_Kiko_Arguello_Carmen_Hernandez_Mario_Pezzi_audiencia.jpg\" alt=\"\" class=\"wp-image-8626\" srcset=\"https:\/\/neocatechumenaleiter.org\/wp-content\/uploads\/2020\/02\/Camino_Neocatecumenal_Papa_Francisco_Kiko_Arguello_Carmen_Hernandez_Mario_Pezzi_audiencia.jpg 400w, https:\/\/neocatechumenaleiter.org\/wp-content\/uploads\/2020\/02\/Camino_Neocatecumenal_Papa_Francisco_Kiko_Arguello_Carmen_Hernandez_Mario_Pezzi_audiencia-300x206.jpg 300w\" sizes=\"auto, (max-width: 400px) 100vw, 400px\" \/><\/figure><\/div>\n","protected":false},"excerpt":{"rendered":"<p>Angelus: pozdrav Neokatekumenskim zajednicama Rima na Misiji po Trgovima 7-IV-2013 Franjo Pozdrav neokatekumenskim zajednicama u misiji na trgovima, za vrijeme \u201eAngelusa\u201c, Trg svetog Petra, 7. travnja 2013. (*) Sveti otac Franjo, pozdraviv\u0161i vjernike okupljene na Trgu svetog Petra na molitvi Angelusa, obratio se neokatekumenskim zajednicama koje zapo\u010dinju misiju na 100 trgova u Rimu: &#8230;Drago mi je \u0161to mogu pozdraviti brojne \u010dlanove Pokreta i Udruga prisutnih u ovom na\u0161em trenutku molitve,<\/p>\n<div class=\"read-more\"><a class=\"btn read-more-btn\" href=\"https:\/\/neocatechumenaleiter.org\/hr\/rijeci-papa\/franjo\/angelus-pozdrav-neokatekumenskim-zajednicama-rima-na-misiji-po-trgovima-7-iv-2013\/\">Nastavi \u010ditati<\/a><\/div>\n","protected":false},"author":2,"featured_media":0,"parent":9753,"menu_order":0,"comment_status":"closed","ping_status":"closed","template":"","meta":{"footnotes":""},"class_list":["post-17549","page","type-page","status-publish","hentry"],"_links":{"self":[{"href":"https:\/\/neocatechumenaleiter.org\/hr\/wp-json\/wp\/v2\/pages\/17549","targetHints":{"allow":["GET"]}}],"collection":[{"href":"https:\/\/neocatechumenaleiter.org\/hr\/wp-json\/wp\/v2\/pages"}],"about":[{"href":"https:\/\/neocatechumenaleiter.org\/hr\/wp-json\/wp\/v2\/types\/page"}],"author":[{"embeddable":true,"href":"https:\/\/neocatechumenaleiter.org\/hr\/wp-json\/wp\/v2\/users\/2"}],"replies":[{"embeddable":true,"href":"https:\/\/neocatechumenaleiter.org\/hr\/wp-json\/wp\/v2\/comments?post=17549"}],"version-history":[{"count":2,"href":"https:\/\/neocatechumenaleiter.org\/hr\/wp-json\/wp\/v2\/pages\/17549\/revisions"}],"predecessor-version":[{"id":23939,"href":"https:\/\/neocatechumenaleiter.org\/hr\/wp-json\/wp\/v2\/pages\/17549\/revisions\/23939"}],"up":[{"embeddable":true,"href":"https:\/\/neocatechumenaleiter.org\/hr\/wp-json\/wp\/v2\/pages\/9753"}],"wp:attachment":[{"href":"https:\/\/neocatechumenaleiter.org\/hr\/wp-json\/wp\/v2\/media?parent=17549"}],"curies":[{"name":"wp","href":"https:\/\/api.w.org\/{rel}","templated":true}]}}