{"id":17551,"date":"2020-02-29T04:25:36","date_gmt":"2020-02-29T03:25:36","guid":{"rendered":"https:\/\/neocatechumenaleiter.org\/rijeci-papa\/franjo\/regina-coeli-papa-franjo-11-v-2014\/"},"modified":"2021-08-10T10:59:27","modified_gmt":"2021-08-10T09:59:27","slug":"regina-coeli-papa-franjo-11-v-2014","status":"publish","type":"page","link":"https:\/\/neocatechumenaleiter.org\/hr\/rijeci-papa\/franjo\/regina-coeli-papa-franjo-11-v-2014\/","title":{"rendered":"\u00abRegina Coeli\u00bb papa Franjo  11-V-2014"},"content":{"rendered":"\n<h1 class=\"has-text-align-center wp-block-heading\">\u00abRegina Coeli\u00bb papa Franjo  11-V-2014<\/h1>\n\n<div style=\"height:20px\" aria-hidden=\"true\" class=\"wp-block-spacer\"><\/div>\n\n<h4 class=\"has-text-align-center wp-block-heading\">Franjo<\/h4>\n\n<div style=\"height:20px\" aria-hidden=\"true\" class=\"wp-block-spacer\"><\/div>\n\n<p><p><em>Draga bra<\/em><em>\u0107<\/em><em>o i sestre, dobro jutro!<\/em><\/p><\/p>\n\n<p><p>Evan\u0111elist Ivan ove nam \u010detvrte nedjelje uskrsnog vremena predstavlja sliku Isusa Dobrog pastira. Razmi\u0161ljaju\u0107i o ovoj stranici Evan\u0111elja, mo\u017eemo razumjeti vrstu odnosa koji je Isus imao sa svojim u\u010denicima: odnos temeljen na nje\u017enosti, ljubavi, uzajamnom poznavanju i obe\u0107anju nemjerljivog dara: \u201eJa do\u0111oh \u2013 ka\u017ee Isus \u2013 da \u017eivot imaju, u izobilju da ga imaju.\u201c (Iv 10,10). Taj je odnos model odnosa izme\u0111u kr\u0161\u0107ana i\u00a0ljudskih odnosa.<\/p><\/p>\n\n<p>Mnogi se i danas, kao u Isusovo vrijeme, predstavljaju kao \u201epastiri\u201c na\u0161ega \u017eivota; ali samo je Uskrsli pravi Pastir, koji nam daje \u017eivot u izobilju. Pozivam sve da se pouzdaju u Gospodina koji nas vodi. Nije samo da nas vodi: prati nas, hoda s nama. Otvorenog uma i srca slu\u0161amo njegovu Rije\u010d, kako bismo hranili svoju vjeru, prosvjetljivali savjest i slijedili nauk Evan\u0111elja.<\/p>\n\n<p>Ovu nedjelju molimo za pastire Crkve, za sve biskupe, uklju\u010duju\u0107i i rimskog, za sve sve\u0107enike, za sve! Posebno molimo za nove sve\u0107enike Rimske biskupije, koje sam malo prije zaredio u bazilici Svetog Petra. Pozdrav za ovih 13 sve\u0107enika! Neka Gospodin pomogne nama pastirima da uvijek budemo vjerni U\u010ditelju i mudri i prosvijetljeni vodi\u010di Bo\u017ejeg naroda koji su nam povjereni. Molim i vas da nam pomognete: pomognite nam da budemo dobri pastiri. Jednom sam pro\u010ditao lijepu stvar o tome kako Bo\u017eji narod poma\u017ee biskupima i sve\u0107enicima da budu dobri pastiri. To je spis Svetog Cezarija od Arlesa, oca ranih stolje\u0107a Crkve. Objasnio je kako Bo\u017eji narod mora pomo\u0107i pastiru i dao je ovaj primjer: kad je tele gladno, odlazi k kravi, majci, po mlijeko. Krava mu ga, me\u0111utim, ne daje odmah: \u010dini se da ga zadr\u017eava za sebe. A \u0161to radi tele? Nosom pokuca na vime krave da do\u0111e mlijeko. Slika je prekrasna! \u201eDakle, vi \u2013 ka\u017ee ovaj svetac \u2013 morate biti s pastirima: uvijek kucajte na njihova vrata, u njihovo srce, tako da vam daju mlijeko nauka, mlijeko milosti i mlijeko vodstva\u201c. I molim vas, molim vas, smetajte pastirima, uznemiravajte pastire, sve nas pastire, kako bismo vam mogli dati mlijeko milosti, nauka i vodstva. Gnjaviti! Pomislite na tu prekrasnu sliku teleta, kako smeta njegovoj majci kako bi mu dala jesti.<\/p>\n\n<p><p>Opona\u0161aju\u0107i Isusa, svaki Pastir \u201es vremena na vrijeme stajat \u0107e ispred i pokazivati \u200b\u200bput i podr\u017eavati nadu ljudi \u2013 pastir ponekad mora biti ispred \u2013 u drugim \u0107e vremenima jednostavno stajati usred svih sa svojom jednostavnom i milosrdnom blizinom, a u nekim \u0107e okolnostima morati hodati iza ljudi, da bi pomogli onima koji zaostanu\u201c (Apostolska pobudnica <em>Evangelii gaudium<\/em>, 31). Neka svi pastiri budu ovakvi! Ali vi smetajte pastirima, tako da oni daju smjernice nauka i milosti.<\/p><\/p>\n\n<p><p>Ove je nedjelje <em>Svjetski dan molitve za zvanja<\/em>. U ovogodi\u0161njoj Poruci podsjetio sam da \u201esvako zvanje u svakom slu\u010daju zahtijeva izlazak iz sebe da bi svoje postojanje usredoto\u010dilo na Krista i njegovo Evan\u0111elje\u201c (br. 2). Zbog toga je poziv da slijedimo Isusa istovremeno uzbudljiv i zahtjevan. Da bi se to dogodilo, uvijek je potrebno stupiti u duboko prijateljstvo s Gospodinom kako bismo \u017eivjeli po njemu i za njega.<\/p><\/p>\n\n<p>Pomolimo se da i u ovo doba mnogi mladi ljudi \u010duju Gospodinov glas, koji uvijek riskira da ga ugu\u0161e toliki glasovi. Pomolimo se za mlade: mo\u017eda ovdje na trgu postoji netko tko \u010duje ovaj Gospodinov glas koji ga poziva u sve\u0107eni\u0161tvo; pomolimo se za njega, ako je ovdje, i za sve pozvane mlade ljude.<\/p>\n\n<hr class=\"wp-block-separator\"\/>\n\n<p><p><strong>Nakon Regine Coeli:<\/strong><\/p><\/p>\n\n<p><p><em>Draga bra<\/em><em>\u0107<\/em><em>o i sestre<\/em>,<\/p><\/p>\n\n<p>Pozdravljam sve vas, obitelji, \u017eupne skupine, udruge i pojedine vjernike iz Italije i iz mnogih zemalja, posebno onih iz biskupija Campo Grande e Dourados (Brazil), New York, Las Palmas (Kanarski otoci) i studente Mirande Do Corvo u Portugalu i djece \u0161kole \u201eCuore di Maria\u201c u okrugu Alta Cordoba, Argentina.<\/p>\n\n<p>Pozdravljam neokatekumenske zajednice koje na ove uskrsne nedjelje nose navje\u0161taj Uskrsloga Isusa na 100 trgova u Rimu i u mnogim gradovima \u0161irom svijeta. Neka vam Gospodin podari radost Evan\u0111elja! I samo naprijed, vi koji ste  neustra\u0161ivi!<\/p>\n\n<p>Poseban blagoslov za djecu i mlade koji su primili ili \u0107e tek primiti prvu pri\u010dest i krizmu. A tako\u0111er i za rodbinu i prijatelje novih sve\u0107enika rimske biskupije koje sam jutros zaredio.&#13;\n<\/p>\n\n<p>Pozdravljam Dr\u017eavni \u0161umarski zbor koji organizira Nacionalni dan rezervata prirode; i \u010dlanovi \u201eGiovane Montagna\u201c, koji su u Rim stigli preko Vie Francigene; talijanske mre\u017ee potporne skrbi u onkologiji, poti\u010du\u0107i njihov anga\u017eman s bolesnicima i njihovim obiteljima; civilnu za\u0161titu Viggi\u00f9-Clivio; motocikliste iz San Marina i Abruzza. I danas vas pozivam da svim majkama posvetite lijepu uspomenu i molitvu. Pozdravljamo majke! Povjeravaju\u0107i ih Isusovoj majci, molimo Gospu za na\u0161e majke i za sve majke: \u201eZdravo Marijo &#8230;\u201c.<\/p>\n\n<p>Veliki pozdrav majkama: veliki pozdrav!<\/p>\n\n<p>Sretna nedjelja svima! Dobar tek i dovi\u0111enja!<\/p>\n","protected":false},"excerpt":{"rendered":"<p>\u00abRegina Coeli\u00bb papa Franjo 11-V-2014 Franjo Draga bra\u0107o i sestre, dobro jutro! Evan\u0111elist Ivan ove nam \u010detvrte nedjelje uskrsnog vremena predstavlja sliku Isusa Dobrog pastira. Razmi\u0161ljaju\u0107i o ovoj stranici Evan\u0111elja, mo\u017eemo razumjeti vrstu odnosa koji je Isus imao sa svojim u\u010denicima: odnos temeljen na nje\u017enosti, ljubavi, uzajamnom poznavanju i obe\u0107anju nemjerljivog dara: \u201eJa do\u0111oh \u2013 ka\u017ee Isus \u2013 da \u017eivot imaju, u izobilju da ga imaju.\u201c (Iv 10,10). Taj je<\/p>\n<div class=\"read-more\"><a class=\"btn read-more-btn\" href=\"https:\/\/neocatechumenaleiter.org\/hr\/rijeci-papa\/franjo\/regina-coeli-papa-franjo-11-v-2014\/\">Nastavi \u010ditati<\/a><\/div>\n","protected":false},"author":2,"featured_media":0,"parent":9753,"menu_order":2,"comment_status":"closed","ping_status":"closed","template":"","meta":{"footnotes":""},"class_list":["post-17551","page","type-page","status-publish","hentry"],"_links":{"self":[{"href":"https:\/\/neocatechumenaleiter.org\/hr\/wp-json\/wp\/v2\/pages\/17551","targetHints":{"allow":["GET"]}}],"collection":[{"href":"https:\/\/neocatechumenaleiter.org\/hr\/wp-json\/wp\/v2\/pages"}],"about":[{"href":"https:\/\/neocatechumenaleiter.org\/hr\/wp-json\/wp\/v2\/types\/page"}],"author":[{"embeddable":true,"href":"https:\/\/neocatechumenaleiter.org\/hr\/wp-json\/wp\/v2\/users\/2"}],"replies":[{"embeddable":true,"href":"https:\/\/neocatechumenaleiter.org\/hr\/wp-json\/wp\/v2\/comments?post=17551"}],"version-history":[{"count":8,"href":"https:\/\/neocatechumenaleiter.org\/hr\/wp-json\/wp\/v2\/pages\/17551\/revisions"}],"predecessor-version":[{"id":23955,"href":"https:\/\/neocatechumenaleiter.org\/hr\/wp-json\/wp\/v2\/pages\/17551\/revisions\/23955"}],"up":[{"embeddable":true,"href":"https:\/\/neocatechumenaleiter.org\/hr\/wp-json\/wp\/v2\/pages\/9753"}],"wp:attachment":[{"href":"https:\/\/neocatechumenaleiter.org\/hr\/wp-json\/wp\/v2\/media?parent=17551"}],"curies":[{"name":"wp","href":"https:\/\/api.w.org\/{rel}","templated":true}]}}