{"id":17559,"date":"2020-09-14T22:50:39","date_gmt":"2020-09-14T21:50:39","guid":{"rendered":"https:\/\/neocatechumenaleiter.org\/rijeci-papa\/franjo\/audijencija-za-neokatekumenski-put-6-iii-2015\/"},"modified":"2020-09-14T23:02:23","modified_gmt":"2020-09-14T22:02:23","slug":"audijencija-za-neokatekumenski-put-6-iii-2015","status":"publish","type":"page","link":"https:\/\/neocatechumenaleiter.org\/hr\/rijeci-papa\/franjo\/audijencija-za-neokatekumenski-put-6-iii-2015\/","title":{"rendered":"Audijencija za Neokatekumenski Put 6-III-2015"},"content":{"rendered":"\n<h1 class=\"has-text-align-center wp-block-heading\">Audijencija za Neokatekumenski Put 6-III-2015<\/h1>\n\n<div style=\"height:20px\" aria-hidden=\"true\" class=\"wp-block-spacer\"><\/div>\n\n<h4 class=\"has-text-align-center wp-block-heading\">Franjo<\/h4>\n\n<div style=\"height:20px\" aria-hidden=\"true\" class=\"wp-block-spacer\"><\/div>\n\n<div class=\"wp-block-image is-style-default\"><figure class=\"alignleft size-large\"><img loading=\"lazy\" decoding=\"async\" width=\"400\" height=\"276\" src=\"https:\/\/neocatechumenaleiter.org\/wp-content\/uploads\/2020\/02\/Camino_Neocatecumenal_Papa_Francisco_Kiko_Arguello_audiencia1.jpg\" alt=\"\" class=\"wp-image-8633\" srcset=\"https:\/\/neocatechumenaleiter.org\/wp-content\/uploads\/2020\/02\/Camino_Neocatecumenal_Papa_Francisco_Kiko_Arguello_audiencia1.jpg 400w, https:\/\/neocatechumenaleiter.org\/wp-content\/uploads\/2020\/02\/Camino_Neocatecumenal_Papa_Francisco_Kiko_Arguello_audiencia1-300x207.jpg 300w\" sizes=\"auto, (max-width: 400px) 100vw, 400px\" \/><\/figure><\/div>\n\n<p><p><strong>Vatikan \u2013 dvorana Pavla VI., 6. o\u017eujka 2015. (*)<\/strong><\/p><\/p>\n\n<p>Draga bra\u0107o i sestre, dobro jutro svima! I hvala, puno vam hvala \u0161to ste do\u0161li na ovaj susret. Papina je zada\u0107a, Petrova, potvrditi bra\u0107u u vjeri. Tako ste i vi \u017eeljeli ovom gestom tra\u017eiti od nasljednika Petra da potvrdi va\u0161 poziv, podr\u017ei va\u0161e poslanje i blagoslovi va\u0161u karizmu.<\/p>\n\n<p><p>I ja danas potvr\u0111ujem va\u0161 poziv, podr\u017eavam va\u0161e poslanje i blagoslivljam va\u0161u karizmu. Ne \u010dinim to zato \u0161to mi je on platio [poka\u017ee na Kika], ne! To radim jer to \u017eelim u\u010diniti. I\u0107i \u0107ete u Kristovo ime u cijeli svijet da donesete njegovo Evan\u0111elje: Neka Krist ide pred vama, Krist vas prati, Krist \u0107e ispuniti to spasenje \u010diji ste nositelji!<\/p><\/p>\n\n<p>Zajedno s vama pozdravljam sve kardinale i biskupe koji vas danas prate i koji u svojim biskupijama podr\u017eavaju va\u0161e poslanje. Konkretno, pozdravljam inicijatore Neokatekumenskog puta, Kika Arg\u00fcella i Carmen Hern\u00e1ndez, zajedno s ocem Marijom Pezzijem: Tako\u0111er im izra\u017eavam svoju zahvalnost i ohrabrenje za ono \u0161to preko Puta \u010dine za dobrobit Crkve. Uvijek ka\u017eem da Neokatekumenski put \u010dini veliko dobro u Crkvi.<\/p>\n\n<div class=\"wp-block-image is-style-circle-mask\"><figure class=\"alignleft size-large\"><img loading=\"lazy\" decoding=\"async\" width=\"400\" height=\"272\" src=\"https:\/\/neocatechumenaleiter.org\/wp-content\/uploads\/2020\/02\/Camino_Neocatecumenal_Papa_Francisco_Carmen_Hernandez_audiencia1.jpg\" alt=\"\" class=\"wp-image-8638\" srcset=\"https:\/\/neocatechumenaleiter.org\/wp-content\/uploads\/2020\/02\/Camino_Neocatecumenal_Papa_Francisco_Carmen_Hernandez_audiencia1.jpg 400w, https:\/\/neocatechumenaleiter.org\/wp-content\/uploads\/2020\/02\/Camino_Neocatecumenal_Papa_Francisco_Carmen_Hernandez_audiencia1-300x204.jpg 300w\" sizes=\"auto, (max-width: 400px) 100vw, 400px\" \/><\/figure><\/div>\n\n<p><p>Kao \u0161to je Kiko rekao, na\u0161 je dana\u0161nji susret <em>misionarsko slanje<\/em>, u poslu\u0161nosti onomu \u0161to je Krist od nas tra\u017eio i \u0161to smo \u010duli u Evan\u0111elju. <strong>Posebno sam sretan \u0161to se ovo va\u0161e poslanje odvija zahvaljuju<\/strong><strong>\u0107<\/strong><strong>i kr<\/strong><strong>\u0161\u0107<\/strong><strong>anskim obiteljima, koje, okupljene u zajednici, imaju poslanje davati znakove vjere koji privla<\/strong><strong>\u010d<\/strong><strong>e ljude u ljepoti Evan<\/strong><strong>\u0111<\/strong><strong>elja<\/strong>, prema Kristovim rije\u010dima: \u201eLjubite jedni druge; kao \u0161to sam ja ljubio vas; po ovom \u0107e svi znati da ste moji u\u010denici\u201c (usp. Iv 13,34) i \u201eda svi budu jedno [\u2026] da svijet uzvjeruje\u201c (usp. Iv 17,21).<\/p><\/p>\n\n<div class=\"wp-block-image is-style-default\"><figure class=\"alignright size-large\"><img loading=\"lazy\" decoding=\"async\" width=\"400\" height=\"271\" src=\"https:\/\/neocatechumenaleiter.org\/wp-content\/uploads\/2020\/02\/Camino_Neocatecumenal_Audiencia_Papa_Francisco_envio_misionero.jpg\" alt=\"\" class=\"wp-image-8643\" srcset=\"https:\/\/neocatechumenaleiter.org\/wp-content\/uploads\/2020\/02\/Camino_Neocatecumenal_Audiencia_Papa_Francisco_envio_misionero.jpg 400w, https:\/\/neocatechumenaleiter.org\/wp-content\/uploads\/2020\/02\/Camino_Neocatecumenal_Audiencia_Papa_Francisco_envio_misionero-300x203.jpg 300w\" sizes=\"auto, (max-width: 400px) 100vw, 400px\" \/><\/figure><\/div>\n\n<p>Te zajednice, koje biskupi pozivaju, \u010dine prezbiter i \u010detiri ili pet obitelji, \u010dak i sa starijom djecom, i \u010dine \u201emissio ad gentes\u201c, s poslanjem evangeliziranja nekr\u0161\u0107ana. Nekr\u0161\u0107ani koji nikada nisu \u010duli za Isusa Krista i mnogi nekr\u0161\u0107ani koji su zaboravili tko je bio Isus Krist, tko je Isus Krist: kr\u0161teni nekr\u0161\u0107ani, ali su zbog sekularizacije, svjetovnosti i mnogih drugih stvari zaboravili na vjeru. Probudite tu vjeru!<\/p>\n\n<p>Stoga, jo\u0161 prije nego rije\u010dju, upravo svojim svjedo\u010denjem \u017eivota o\u010ditujete srce Kristove objave: Bog voli \u010dovjeka do te mjere da se predaje za njega za smrt i Otac ga je uskrisio kako bi nam dao milost dati svoj \u017eivot za druge. Dana\u0161nji svijet prijeko treba ovu veliku poruku. Koliko samo\u0107e, koliko patnje, koliko udaljenosti od Boga u tolikim predgra\u0111ima Europe i Amerike i u tolikim gradovima Azije! Koliko treba dana\u0161nji \u010dovjek, na bilo kojoj geografskoj \u0161irini, osje\u0107ati da ga Bog voli i da je ljubav mogu\u0107a! Ove kr\u0161\u0107anske zajednice, zahvaljuju\u0107i vama misionarskim obiteljima, imaju klju\u010dni zadatak u\u010diniti ovu poruku vidljivom. A koja je poruka? \u201eKrist je uskrsnuo, Krist \u017eivi! Krist je \u017eiv me\u0111u nama!\u201c.<\/p>\n\n<div class=\"wp-block-image is-style-default\"><figure class=\"alignleft size-large\"><img loading=\"lazy\" decoding=\"async\" width=\"400\" height=\"277\" src=\"https:\/\/neocatechumenaleiter.org\/wp-content\/uploads\/2020\/02\/Camino_Neocatecumenal_Papa_Francisco_envio_familias.jpg\" alt=\"\" class=\"wp-image-8648\" srcset=\"https:\/\/neocatechumenaleiter.org\/wp-content\/uploads\/2020\/02\/Camino_Neocatecumenal_Papa_Francisco_envio_familias.jpg 400w, https:\/\/neocatechumenaleiter.org\/wp-content\/uploads\/2020\/02\/Camino_Neocatecumenal_Papa_Francisco_envio_familias-300x208.jpg 300w\" sizes=\"auto, (max-width: 400px) 100vw, 400px\" \/><\/figure><\/div>\n\n<p><p>Dobili ste snagu napustiti sve i oti\u0107i u daleke zemlje zahvaljuju\u0107i putu kr\u0161\u0107anske inicijacije, koji ste \u017eivjeli u malim zajednicama, gdje ste ponovno otkrili neizmjerno bogatstvo svojega kr\u0161tenja. Ovo je <em>Neokatekumenski put<\/em>, istinski dar Providnosti Crkvi na\u0161ega doba, kao \u0161to su moji prethodnici ve\u0107 potvrdili; posebno sveti Ivan Pavao II. kada vam je rekao: \u201ePrepoznajem Neokatekumenski put kao put katoli\u010dke formacije, valjan za dru\u0161tvo i za dana\u0161nja vremena\u201c (Poslanica <em>Ogniqualvolta<\/em>, 30. kolovoza 1990.: AAS 82 [1990], 1515).<\/p>&#013;\n<p>Put po\u010diva na ovim trima dimenzijama Crkve: Rije\u010d, Liturgija i Zajednica. Stoga, poslu\u0161no i stalno slu\u0161anje Rije\u010di Bo\u017eje; euharistijsko slavlje u malim zajednicama nakon prve ve\u010dernje nedjelje, proslava pohvala u obitelji u nedjelju sa svom djecom i dijeljenje vlastite vjere s drugom bra\u0107om izvor su mnogih darova koje vam je Gospodin udijelio, kao i brojna zvanja sve\u0107eni\u0161tva i posve\u0107enog \u017eivota. <strong>Utjeha je sve ovo vidjeti, jer potvr<\/strong><strong>\u0111<\/strong><strong>uje da je Duh Bo<\/strong><strong>\u017e<\/strong><strong>ji i danas <\/strong><strong>\u017e<\/strong><strong>iv i djeluje u svojoj Crkvi te da odgovara potrebama modernog <\/strong><strong>\u010d<\/strong><strong>ovjeka.<\/strong><\/p><\/p>\n\n<p><p>U nekoliko sam navrata ustrajavao na potrebi da Crkva prije\u0111e s pastorala jednostavnog o\u010duvanja na izrazito misionarski pastoral (usp. Apostolska pobudnica <em>Evangelii Gaudium<\/em>, 15). Koliko puta u Crkvi imamo Isusa unutra i ne pu\u0161tamo ga van&#8230; koliko puta! To je najva\u017enije \u0161to treba u\u010diniti ako ne \u017eelimo ustajale vode u Crkvi.<\/p><\/p>\n\n<div class=\"wp-block-image is-style-default\"><figure class=\"alignright size-large\"><img loading=\"lazy\" decoding=\"async\" width=\"400\" height=\"289\" src=\"https:\/\/neocatechumenaleiter.org\/wp-content\/uploads\/2020\/02\/Camino_Neocatecumenal_Papa_Francisco_Kiko_Carmen_Mario_audiencia_envio_misioneros.jpg\" alt=\"\" class=\"wp-image-8653\" srcset=\"https:\/\/neocatechumenaleiter.org\/wp-content\/uploads\/2020\/02\/Camino_Neocatecumenal_Papa_Francisco_Kiko_Carmen_Mario_audiencia_envio_misioneros.jpg 400w, https:\/\/neocatechumenaleiter.org\/wp-content\/uploads\/2020\/02\/Camino_Neocatecumenal_Papa_Francisco_Kiko_Carmen_Mario_audiencia_envio_misioneros-300x217.jpg 300w\" sizes=\"auto, (max-width: 400px) 100vw, 400px\" \/><\/figure><\/div>\n\n<p><p><strong>Put godinama provodi ove \u201emissio ad gentes\u201c me<\/strong><strong>\u0111<\/strong><strong>u nekr<\/strong><strong>\u0161\u0107<\/strong><strong>anima<\/strong>, za <em>implantatio Ecclesiae<\/em>, novu prisutnost Crkve, u podru\u010dju gdje Crkva ne postoji ili vi\u0161e nije u stanju do\u0107i do ljudi. \u201eKoliko nam radosti pru\u017eate svojom prisutno\u0161\u0107u i svojom aktivno\u0161\u0107u!\u201c \u2013 bla\u017eeni vam je papa Pavao VI. rekao na svojoj prvoj audijenciji s vama (8. svibnja 1974.: <em>Nau<\/em><em>\u010d<\/em><em>avanja Pavla VI<\/em>, XII [1974], 407). I ja ponavljam ove rije\u010di i ohrabrujem vas da idete naprijed, povjeravaju\u0107i se Svetoj Djevici Mariji koja je nadahnula Neokatekumenski put. Ona zagovara za vas pred svojim Bo\u017eanskim Sinom.<\/p><\/p>\n\n<p>Dragi prijatelji, neka vas Gospodin prati. Idite, s mojim Blagoslovom! (*) Usp. \u201eL&#8217;Osservatore Romano\u201c, 7. o\u017eujka 2015.<\/p>\n","protected":false},"excerpt":{"rendered":"<p>Audijencija za Neokatekumenski Put 6-III-2015 Franjo Vatikan \u2013 dvorana Pavla VI., 6. o\u017eujka 2015. (*) Draga bra\u0107o i sestre, dobro jutro svima! I hvala, puno vam hvala \u0161to ste do\u0161li na ovaj susret. Papina je zada\u0107a, Petrova, potvrditi bra\u0107u u vjeri. Tako ste i vi \u017eeljeli ovom gestom tra\u017eiti od nasljednika Petra da potvrdi va\u0161 poziv, podr\u017ei va\u0161e poslanje i blagoslovi va\u0161u karizmu. I ja danas potvr\u0111ujem va\u0161 poziv, podr\u017eavam<\/p>\n<div class=\"read-more\"><a class=\"btn read-more-btn\" href=\"https:\/\/neocatechumenaleiter.org\/hr\/rijeci-papa\/franjo\/audijencija-za-neokatekumenski-put-6-iii-2015\/\">Nastavi \u010ditati<\/a><\/div>\n","protected":false},"author":2,"featured_media":0,"parent":9753,"menu_order":3,"comment_status":"closed","ping_status":"closed","template":"","meta":{"footnotes":""},"class_list":["post-17559","page","type-page","status-publish","hentry"],"_links":{"self":[{"href":"https:\/\/neocatechumenaleiter.org\/hr\/wp-json\/wp\/v2\/pages\/17559","targetHints":{"allow":["GET"]}}],"collection":[{"href":"https:\/\/neocatechumenaleiter.org\/hr\/wp-json\/wp\/v2\/pages"}],"about":[{"href":"https:\/\/neocatechumenaleiter.org\/hr\/wp-json\/wp\/v2\/types\/page"}],"author":[{"embeddable":true,"href":"https:\/\/neocatechumenaleiter.org\/hr\/wp-json\/wp\/v2\/users\/2"}],"replies":[{"embeddable":true,"href":"https:\/\/neocatechumenaleiter.org\/hr\/wp-json\/wp\/v2\/comments?post=17559"}],"version-history":[{"count":5,"href":"https:\/\/neocatechumenaleiter.org\/hr\/wp-json\/wp\/v2\/pages\/17559\/revisions"}],"predecessor-version":[{"id":17564,"href":"https:\/\/neocatechumenaleiter.org\/hr\/wp-json\/wp\/v2\/pages\/17559\/revisions\/17564"}],"up":[{"embeddable":true,"href":"https:\/\/neocatechumenaleiter.org\/hr\/wp-json\/wp\/v2\/pages\/9753"}],"wp:attachment":[{"href":"https:\/\/neocatechumenaleiter.org\/hr\/wp-json\/wp\/v2\/media?parent=17559"}],"curies":[{"name":"wp","href":"https:\/\/api.w.org\/{rel}","templated":true}]}}