{"id":17565,"date":"2020-09-15T09:56:25","date_gmt":"2020-09-15T08:56:25","guid":{"rendered":"https:\/\/neocatechumenaleiter.org\/rijeci-papa\/franjo\/govor-svetoga-oca-pape-franje-clanovima-neokatekumenskog-puta18-iii-2016\/"},"modified":"2020-09-15T09:56:26","modified_gmt":"2020-09-15T08:56:26","slug":"govor-svetoga-oca-pape-franje-clanovima-neokatekumenskog-puta18-iii-2016","status":"publish","type":"page","link":"https:\/\/neocatechumenaleiter.org\/hr\/rijeci-papa\/franjo\/govor-svetoga-oca-pape-franje-clanovima-neokatekumenskog-puta18-iii-2016\/","title":{"rendered":"Govor svetoga Oca pape Franje \u010dlanovima Neokatekumenskog Puta18 -III- 2016"},"content":{"rendered":"\n<h1 class=\"has-text-align-center wp-block-heading\">Govor svetoga Oca pape Franje \u010dlanovima Neokatekumenskog Puta18 -III- 2016<\/h1>\n\n<div style=\"height:20px\" aria-hidden=\"true\" class=\"wp-block-spacer\"><\/div>\n\n<h4 class=\"has-text-align-center wp-block-heading\">Franjo<\/h4>\n\n<div style=\"height:20px\" aria-hidden=\"true\" class=\"wp-block-spacer\"><\/div>\n\n<p><p><em>Draga bra<\/em><em>\u0107<\/em><em>o i sestre, dobar dan!<\/em><\/p><\/p>\n\n<p><p>Sretan sam \u0161to sam vas susreo i zahvaljujem vam \u0161to ste do\u0161li u tolikom broju. Poseban pozdrav onima koji su pred odlaskom! Prihvatili ste poziv na evangelizaciju: Blagoslivljam Gospodina za ovo, za dar Puta i za dar svakoga od vas. \u017delio bih naglasiti tri rije\u010di koje vam je Evan\u0111elje upravo dalo kao mandat za poslanje: <em>jedinstvo<\/em>, <em>slava<\/em> i <em>svijet<\/em>.<\/p><\/p>\n\n<p><p><em>Jedinstvo<\/em>. Isus se moli Ocu kako bi i njegovi bili \u201esavr\u0161eno jedno\u201c (Iv 17,23): \u017eeli da oni budu \u201ejedno\u201c (r. 22), poput Njega i Oca. To je njegov posljednji zahtjev prije muke, najsrda\u010dniji: da bude zajedni\u0161tvo u Crkvi. <strong>Zajedni\u0161tvo je bitno<\/strong>. Bo\u017eji i \u010dovjekov neprijatelj, \u0111avao, ne mo\u017ee u\u010diniti ni\u0161ta protiv Evan\u0111elja, protiv ponizne snage molitve i sakramenata, ali mo\u017ee na\u0161tetiti Crkvi isku\u0161avaju\u0107i na\u0161u ljudskost. Izaziva preuzetnost, osu\u0111ivanje drugih, zatvaranje, podjele. On sam je \u201edjelitelj\u201c i \u010desto nas tjera da vjerujemo da smo dobri, mo\u017eda i bolji od drugih: tako priprema tlo za sijanje nesloge. To je napast svih zajednica, a mo\u017ee se na\u0107i i u najljep\u0161im karizmama Crkve.<\/p><\/p>\n\n<p><p><strong>Dobili ste veliku karizmu, za krsnu obnovu \u017eivota<\/strong>; zapravo se u Crkvu ulazi kr\u0161tenjem. Svaka je karizma Bo\u017eja milost za pove\u0107anje zajedni\u0161tva. Me\u0111utim, karizma se mo\u017ee pogor\u0161ati kada se zatvorimo ili hvalimo, kada se \u017eelimo razlikovati od drugih. Stoga se mora \u010duvati. <strong>\u010c<\/strong><strong>uvajte svoju karizmu!<\/strong> Kako? Slijede\u0107i glavnu cestu: <em>ponizno i poslu\u0161no jedinstvo<\/em>. Ako to postoji, Duh Sveti nastavlja djelovati, kao \u0161to je radio u Mariji, otvorenoj, poniznoj i poslu\u0161noj. Uvijek je potrebno bdjeti nad karizmom, pro\u010di\u0161\u0107avaju\u0107i svaki mo\u017eebitan ljudski ispad kroz potragu za jedinstvom sa svima i poslu\u0161nost Crkvi. Ovako <em>di\u0161emo u Crkvi i s Crkvom<\/em>; tako ostaju poslu\u0161na djeca \u201eHijerarhijske crkve svete majke\u201c, s \u201edu\u0161om pripremljenom i spremnom\u201c za poslanje (usp. sveti Ignacije Loyolski, <em>Duhovne vje\u017ebe<\/em>, 353).<\/p><\/p>\n\n<p><p>Nagla\u0161avam ovaj vid: \u200b\u200bCrkva je na\u0161a Majka. Kao \u0161to djeca u licu imaju utisnutu sli\u010dnost sa svojom majkom, tako i svi mi sli\u010dimo svojoj Majci, Crkvi. <strong>Nakon kr\u0161tenja <\/strong>vi\u0161e ne \u017eivimo kao izolirani pojedinci<strong>, ve<\/strong><strong>\u0107<\/strong><strong> smo postali mu<\/strong><strong>\u0161<\/strong><strong>karci i <\/strong><strong>\u017e<\/strong><strong>ene zajedni<\/strong><strong>\u0161<\/strong><strong>tva, pozvani biti nositelji zajedni<\/strong><strong>\u0161<\/strong><strong>tva u svijetu.<\/strong> Jer Isus nije samo <em>osnovao Crkvu za nas<\/em>, nego <em>je nas osnovao kao Crkvu<\/em>. Crkva za nas nije sredstvo: mi smo Crkva. Od nje smo se preporodili, od nje se hranimo Kruhom \u017eivota, od nje primamo rije\u010di \u017eivota, opra\u0161ta nam i prati nas ku\u0107i. To je plodnost Crkve Majke: nije organizacija koja tra\u017ei slijepe i vjerne prista\u0161e, ili pak skupina koja ide naprijed slijede\u0107i logiku svojih ideja, ve\u0107 je Majka koja prenosi \u017eivot primljen od Isusa.<\/p><\/p>\n\n<p>Ta se plodnost izra\u017eava kroz slu\u017ebu i vodstvo pastira. U stvari, institucija je tako\u0111er karizma, jer korijene vu\u010de iz istog izvora, a to je Duh Sveti. On je \u017eiva voda, ali voda mo\u017ee i dalje davati \u017eivot samo ako se biljka dobro njeguje i orezuje. Uta\u017eite \u017ee\u0111 na izvoru ljubavi, Duhu, i vodite brigu s nje\u017eno\u0161\u0107u i po\u0161tovanjem o cijelom crkvenom organizmu, posebno o najkrhkijim dijelovima, kako bi sve zajedno raslo, skladno i plodno.<\/p>\n\n<p><p><em>Slava<\/em>. Prije svoje muke Isus predvi\u0111a da <strong>\u0107<\/strong><strong>e se \u201eproslaviti\u201c na kri<\/strong><strong>\u017e<\/strong><strong>u: tamo <\/strong><strong>\u0107<\/strong><strong>e se pojaviti njegova slava<\/strong> (usp. Iv 17,5). Me\u0111utim, to je nova slava: svjetovna se slava o\u010dituje kad je netko va\u017ean, kada izaziva divljenje, kada ima bogatstvo i uspjeh. Umjesto toga, slava se Bo\u017eja otkriva na kri\u017eu: to je ljubav koja svijetli i \u0161iri se. Paradoksalna je to slava: bez buke, bez dobitka i bez pljeska. No, samo ova slava \u010dini Evan\u0111elje plodnim. Tako je i Majka Crkva plodonosna kad opona\u0161a milosrdnu Bo\u017eju ljubav, koja se predla\u017ee, ali se nikad ne name\u0107e. Skromna je, pona\u0161a se poput ki\u0161e na zemlji, poput zraka koji udi\u0161ete, poput malog sjemena koje u ti\u0161ini donosi plod. Tko navije\u0161ta ljubav, ne mo\u017ee to u\u010diniti osim istim stilom ljubavi.<\/p><\/p>\n\n<p><p>Svijet. \u201eBog je tako ljubio svijet\u201c te je poslao Isusa (usp. Iv 3,16). Tko ljubi nije daleko, ve\u0107 ide u susret. I\u0107i \u0107ete u susret mnogim gradovima, mnogim zemljama. <strong>Boga<\/strong> ne privla\u010di svjetovnost, ve\u0107 naprotiv, mrzi ju; ali <strong>ljubi svijet<\/strong> koji je stvorio i <strong>ljubi svoju djecu u svijetu<\/strong> takvu kakva jesu, tamo gdje \u017eive, \u010dak i ako su \u201edaleko\u201c. Ne\u0107e vam biti lak \u017eivot u dalekim zemljama, u drugim kulturama, ne\u0107e vam biti lako. Ali to je va\u0161e poslanje. \u010cinite to iz ljubavi, iz ljubavi prema Majci Crkvi, prema jedinstvu ove plodne majke; \u010dinite to kako bi Crkva mogla biti majka i plodna. Poka\u017eite svojoj djeci nje\u017eni O\u010dev pogled i smatrajte darom one stvarnosti s kojima \u0107ete se susresti; upoznajte se s lokalnim kulturama, jezicima i obi\u010dajima, po\u0161tuju\u0107i ih i prepoznaju\u0107i sjeme milosti koje je Duh ve\u0107 zasijao. Ne popu\u0161taju\u0107i isku\u0161enju da presadite ste\u010dene modele, posijte <em>prv<\/em><em>i navje\u0161taj<\/em>: \u201e\u0161to je najljep\u0161e, najve\u0107e, najprivla\u010dnije i ujedno najpotrebnije\u201c (Apostolska pobudnica <em>Evangelii Gaudium<\/em>, 35). <strong>To <\/strong><strong>je<\/strong> <strong>radosna vijest <\/strong><strong>koj<\/strong><strong>a<\/strong><strong> se uvijek mora<\/strong> <strong>vratiti<\/strong>, jer u protivnom vjera riskira da postane hladan i be\u017eivotan nauk. Evangelizirati kao obitelji, dakle, \u017eivot u jedinstvu i jednostavnosti, ve\u0107 je navje\u0161taj \u017eivota, lijepo svjedo\u010denje na \u010demu vam mnogo zahvaljujem. I zahvaljujem vam, u svoje ime, ali i u ime cijele Crkve na ovoj gesti odlaska, odlaska u nepoznato, \u010dak i u patnju. Jer bit \u0107e patnje, ali bit \u0107e i radosti Bo\u017eje slave, slave koja je na Kri\u017eu. Pratim vas i ohrabrujem i molim vas da ne zaboravite moliti za mene. Ostajem ovdje, ali srcem idem s vama.<\/p>&#013;\n<p>(*) Usp. \u201eL&#8217;Osservatore Romano\u201c, 19. o\u017eujka 2016.<\/p><\/p>\n","protected":false},"excerpt":{"rendered":"<p>Govor svetoga Oca pape Franje \u010dlanovima Neokatekumenskog Puta18 -III- 2016 Franjo Draga bra\u0107o i sestre, dobar dan! Sretan sam \u0161to sam vas susreo i zahvaljujem vam \u0161to ste do\u0161li u tolikom broju. Poseban pozdrav onima koji su pred odlaskom! Prihvatili ste poziv na evangelizaciju: Blagoslivljam Gospodina za ovo, za dar Puta i za dar svakoga od vas. \u017delio bih naglasiti tri rije\u010di koje vam je Evan\u0111elje upravo dalo kao mandat<\/p>\n<div class=\"read-more\"><a class=\"btn read-more-btn\" href=\"https:\/\/neocatechumenaleiter.org\/hr\/rijeci-papa\/franjo\/govor-svetoga-oca-pape-franje-clanovima-neokatekumenskog-puta18-iii-2016\/\">Nastavi \u010ditati<\/a><\/div>\n","protected":false},"author":2,"featured_media":0,"parent":9753,"menu_order":4,"comment_status":"closed","ping_status":"closed","template":"","meta":{"footnotes":""},"class_list":["post-17565","page","type-page","status-publish","hentry"],"_links":{"self":[{"href":"https:\/\/neocatechumenaleiter.org\/hr\/wp-json\/wp\/v2\/pages\/17565","targetHints":{"allow":["GET"]}}],"collection":[{"href":"https:\/\/neocatechumenaleiter.org\/hr\/wp-json\/wp\/v2\/pages"}],"about":[{"href":"https:\/\/neocatechumenaleiter.org\/hr\/wp-json\/wp\/v2\/types\/page"}],"author":[{"embeddable":true,"href":"https:\/\/neocatechumenaleiter.org\/hr\/wp-json\/wp\/v2\/users\/2"}],"replies":[{"embeddable":true,"href":"https:\/\/neocatechumenaleiter.org\/hr\/wp-json\/wp\/v2\/comments?post=17565"}],"version-history":[{"count":1,"href":"https:\/\/neocatechumenaleiter.org\/hr\/wp-json\/wp\/v2\/pages\/17565\/revisions"}],"predecessor-version":[{"id":17566,"href":"https:\/\/neocatechumenaleiter.org\/hr\/wp-json\/wp\/v2\/pages\/17565\/revisions\/17566"}],"up":[{"embeddable":true,"href":"https:\/\/neocatechumenaleiter.org\/hr\/wp-json\/wp\/v2\/pages\/9753"}],"wp:attachment":[{"href":"https:\/\/neocatechumenaleiter.org\/hr\/wp-json\/wp\/v2\/media?parent=17565"}],"curies":[{"name":"wp","href":"https:\/\/api.w.org\/{rel}","templated":true}]}}