{"id":17593,"date":"2020-09-15T21:22:26","date_gmt":"2020-09-15T20:22:26","guid":{"rendered":"https:\/\/neocatechumenaleiter.org\/rijeci-papa\/franjo\/regina-coeli-na-trgu-svetog-petra-hvala-na-vasem-evangelizacijskom-radu-6-v-2018\/"},"modified":"2020-09-15T21:29:53","modified_gmt":"2020-09-15T20:29:53","slug":"regina-coeli-na-trgu-svetog-petra-hvala-na-vasem-evangelizacijskom-radu-6-v-2018","status":"publish","type":"page","link":"https:\/\/neocatechumenaleiter.org\/hr\/rijeci-papa\/franjo\/regina-coeli-na-trgu-svetog-petra-hvala-na-vasem-evangelizacijskom-radu-6-v-2018\/","title":{"rendered":"\u00abRegina Coeli\u00bb na trgu svetog Petra:  \u00abhvala na va\u0161em evangelizacijskom radu\u00bb  6-V-2018"},"content":{"rendered":"\n<h1 class=\"has-text-align-center wp-block-heading\">\u00abRegina Coeli\u00bb na trgu svetog Petra:  \u00abhvala na va\u0161em evangelizacijskom radu\u00bb  6-V-2018<\/h1>\n\n<div style=\"height:20px\" aria-hidden=\"true\" class=\"wp-block-spacer\"><\/div>\n\n<h4 class=\"has-text-align-center wp-block-heading\">Franjo<\/h4>\n\n<div style=\"height:20px\" aria-hidden=\"true\" class=\"wp-block-spacer\"><\/div>\n\n<p><p><strong>Trg svetog Petra &#8211; Rim, 6. svibnja 2018.<\/strong><\/p><\/p>\n\n<p><p><em>Draga bra\u0107o i sestre, dobar dan!<\/em><\/p><\/p>\n\n<p><p>U ovo uskrsno vrijeme Bo\u017eja Rije\u010d i dalje ukazuje na <em>dosljedne na\u010dine \u017eivota <\/em>kako bi <em>postojala zajednica Uskrsloga<\/em>. Me\u0111u njima, dana\u0161nje Evan\u0111elje predstavlja Isusovu oporuku: \u201e<em>Ostanite u mojoj ljubavi\u201c<\/em> (<em>Iv <\/em>15,9): ostati u Isusovoj ljubavi. \u017divjeti u struji Bo\u017eje ljubavi i tamo zauzeti stalno prebivali\u0161te, uvjet je da osiguramo da na\u0161a ljubav putem ne izgubi \u017ear i smjelost. I mi, poput Isusa i u njemu, moramo sa zahvalno\u0161\u0107u pozdraviti ljubav koja dolazi od Oca i ostati u toj ljubavi, trude\u0107i se ne razdvajati se sebi\u010dno\u0161\u0107u i grijehom. To je zahtjevan program, ali ne i nemogu\u0107.<\/p><\/p>\n\n<p>Prije svega, va\u017eno je postati svjestan da Kristova ljubav nije povr\u0161an osje\u0107aj, ne, to je temeljni stav srca koji se o\u010dituje u \u017eivotu kako On \u017eeli. U stvari, Isus potvr\u0111uje: \u201eBudete li \u010duvali moje zapovijedi, ostat \u0107ete u mojoj ljubavi; kao \u0161to sam i ja \u010duvao zapovijedi Oca svoga te ostajem u ljubavi njegovoj\u201c (r. 10). Ljubav se ostvaruje u svakodnevnom \u017eivotu, u stavovima, u djelima; ina\u010de je to samo ne\u0161to prividno. To su rije\u010di, rije\u010di, rije\u010di: to nije ljubav. Ljubav je konkretna, svaki dan. Isus od nas tra\u017ei da se dr\u017eimo njegovih zapovijedi, koje su sa\u017eete u ovome: \u201eLjubite jedni druge kao \u0161to sam ja vas ljubio!\u201c (r. 12).<\/p>\n\n<p>\u0160to mo\u017eemo u\u010diniti da podijelimo tu ljubav koju nam je dao Uskrsli Gospodin? Isus je nekoliko puta nazna\u010dio kako drugoga treba voljeti, ne rije\u010dima ve\u0107 djelima. On je taj koga susre\u0107em na svom putu i koji me svojim licem i svojom pri\u010dom izaziva; on je taj koji me svojom prisutno\u0161\u0107u tjera da napustim svoje interese i svoje sigurnosti; on je taj koji \u010deka moju raspolo\u017eivost da saslu\u0161am i da zajedno napravimo dio puta. Dostupnost svakom bratu i sestri, tko god bili i u kojoj god se situaciji na\u0161li, po\u010dev\u0161i od onih koji su mi bliski u obitelji, u zajednici, na poslu, u \u0161koli&#8230; Na taj na\u010din, ako ostanem sjedinjen s Isusom, njegova ljubav mo\u017ee dose\u0107i drugog i privu\u0107i ga k sebi, svom prijateljstvu. Ta ljubav prema drugima ne mo\u017ee biti zadr\u017eana za iznimne trenutke, ve\u0107 mora postati stalnost na\u0161eg postojanja. Zbog toga smo pozvani, primjerice, \u010duvati starije osobe kao dragocjeno blago i s ljubavlju, \u010dak i ako stvaraju gospodarske probleme i pote\u0161ko\u0107e, ali mi ih moramo \u010duvati. Zbog toga moramo pru\u017eiti svu mogu\u0107u pomo\u0107 oboljelima, \u010dak ako su u posljednjem stupnju bolesti. Zbog toga se nero\u0111ena djeca uvijek trebaju prihva\u0107ati; to je razlog za\u0161to, na kraju, \u017eivot uvijek mora biti za\u0161ti\u0107en i voljen od za\u010de\u0107a do njegovog prirodnog zalaska. To je ljubav. Bog nas ljubi u Isusu Kristu, koji od nas tra\u017ei da se ljubimo onako kako nas On ljubi. No, to ne mo\u017eemo u\u010diniti ako u sebi nemamo njegovo vlastito Srce.<\/p>\n\n<p>Euharistija, u kojoj smo pozvani sudjelovati svake nedjelje, ima za cilj oblikovati Kristovo Srce u nama, tako da se cijeli na\u0161 \u017eivot vodi njegovim velikodu\u0161nim stavovima. Neka nam Djevica Marija pomogne da ostanemo u Isusovoj ljubavi i da rastemo u ljubavi prema svima, posebno prema najslabijima, kako bismo u potpunosti odgovarali na\u0161em kr\u0161\u0107anskom pozivu.<\/p>\n\n<hr class=\"wp-block-separator\" \/>\n\n<p><p><strong>Nakon Regine Coeli:<\/strong><\/p><\/p>\n\n<p><p><em>Draga bra\u0107o i sestre,<\/em><\/p><\/p>\n\n<p>ju\u010der je u Aachenu (Njema\u010dka) bla\u017eenom progla\u0161ena Chiara Fey, utemeljiteljica Sestara Siroma\u0161nog Djeteta Isusa, koja je \u017eivjela u drugoj polovici devetnaestog stolje\u0107a. Zahvaljujemo Bogu na ovom revnom svjedo\u010denju Evan\u0111elja bri\u017ene odgojiteljice mlade\u017ei u nepovoljnom polo\u017eaju.<\/p>\n\n<p>Pozivam vas na molitvu za ljude Srednjoafri\u010dke Republike, zemlje koju sam rado posjetio i koju nosim u srcu i u kojoj se posljednjih dana dogodilo ozbiljno nasilje s brojnim smrtnim slu\u010dajevima i ozljedama, uklju\u010duju\u0107i sve\u0107enika. Gospodine, posredstvom Djevice Marije, pomozi svima da ka\u017eu ne nasilju i osveti, da zajedno grade mir.<\/p>\n\n<p>Pozdravljam sve vas, Rimljane i hodo\u010dasnike, posebno one iz Ovieda (\u0160panjolska), studente iz Vrbov\u00e9 (Slova\u010dka) i ministrante iz Berna. Poseban pozdrav upu\u0107en je novoj \u0161vicarskoj gardi, njihovim obiteljima i prijateljima, na blagdan ovog povijesnog i zaslu\u017enog zbora. Pljesak njima!<\/p>\n\n<p><p>Pozdravljam predstavnike udruge <em>Meter <\/em>koje poti\u010dem da nastave s predano\u0161\u0107u u korist djece koja su \u017ertve nasilja; kao i vjernike Piacenze i Borgoricca i gimnasti\u010dare sporta\u0161e Castelfranca Emilie. \u010cuo sam i neke pjesme Neokatekumena&#8230; Evo ih! Hvala vam! Hvala vam na va\u0161em evangelizacijskom radu. Svugdje ste, hvala!<\/p><\/p>\n\n<p>Tako\u0111er pozdravljam sve zatvorenike latinoameri\u010dkog zatvora koji su u ovom trenutku duhovno ujedinjeni s nama.<\/p>\n\n<p>Svima \u017eelim sretnu nedjelju. I molim vas, ne zaboravite moliti za mene. Dobar tek i dovi\u0111enja!<\/p>\n","protected":false},"excerpt":{"rendered":"<p>\u00abRegina Coeli\u00bb na trgu svetog Petra: \u00abhvala na va\u0161em evangelizacijskom radu\u00bb 6-V-2018 Franjo Trg svetog Petra &#8211; Rim, 6. svibnja 2018. Draga bra\u0107o i sestre, dobar dan! U ovo uskrsno vrijeme Bo\u017eja Rije\u010d i dalje ukazuje na dosljedne na\u010dine \u017eivota kako bi postojala zajednica Uskrsloga. Me\u0111u njima, dana\u0161nje Evan\u0111elje predstavlja Isusovu oporuku: \u201eOstanite u mojoj ljubavi\u201c (Iv 15,9): ostati u Isusovoj ljubavi. \u017divjeti u struji Bo\u017eje ljubavi i tamo zauzeti<\/p>\n<div class=\"read-more\"><a class=\"btn read-more-btn\" href=\"https:\/\/neocatechumenaleiter.org\/hr\/rijeci-papa\/franjo\/regina-coeli-na-trgu-svetog-petra-hvala-na-vasem-evangelizacijskom-radu-6-v-2018\/\">Nastavi \u010ditati<\/a><\/div>\n","protected":false},"author":2,"featured_media":0,"parent":9753,"menu_order":7,"comment_status":"closed","ping_status":"closed","template":"","meta":{"footnotes":""},"class_list":["post-17593","page","type-page","status-publish","hentry"],"_links":{"self":[{"href":"https:\/\/neocatechumenaleiter.org\/hr\/wp-json\/wp\/v2\/pages\/17593","targetHints":{"allow":["GET"]}}],"collection":[{"href":"https:\/\/neocatechumenaleiter.org\/hr\/wp-json\/wp\/v2\/pages"}],"about":[{"href":"https:\/\/neocatechumenaleiter.org\/hr\/wp-json\/wp\/v2\/types\/page"}],"author":[{"embeddable":true,"href":"https:\/\/neocatechumenaleiter.org\/hr\/wp-json\/wp\/v2\/users\/2"}],"replies":[{"embeddable":true,"href":"https:\/\/neocatechumenaleiter.org\/hr\/wp-json\/wp\/v2\/comments?post=17593"}],"version-history":[{"count":3,"href":"https:\/\/neocatechumenaleiter.org\/hr\/wp-json\/wp\/v2\/pages\/17593\/revisions"}],"predecessor-version":[{"id":17596,"href":"https:\/\/neocatechumenaleiter.org\/hr\/wp-json\/wp\/v2\/pages\/17593\/revisions\/17596"}],"up":[{"embeddable":true,"href":"https:\/\/neocatechumenaleiter.org\/hr\/wp-json\/wp\/v2\/pages\/9753"}],"wp:attachment":[{"href":"https:\/\/neocatechumenaleiter.org\/hr\/wp-json\/wp\/v2\/media?parent=17593"}],"curies":[{"name":"wp","href":"https:\/\/api.w.org\/{rel}","templated":true}]}}