{"id":17794,"date":"2020-03-04T02:19:33","date_gmt":"2020-03-04T01:19:33","guid":{"rendered":"https:\/\/neocatechumenaleiter.org\/rijeci-papa\/sv-ivan-pavao-ii\/duhovsko-bdjenje-na-trgu-svetog-petra-povodom-velikog-jubileja-2000-25-5-1996\/"},"modified":"2021-08-10T11:04:15","modified_gmt":"2021-08-10T10:04:15","slug":"duhovsko-bdjenje-na-trgu-svetog-petra-povodom-velikog-jubileja-2000-25-5-1996","status":"publish","type":"page","link":"https:\/\/neocatechumenaleiter.org\/hr\/rijeci-papa\/sv-ivan-pavao-ii\/duhovsko-bdjenje-na-trgu-svetog-petra-povodom-velikog-jubileja-2000-25-5-1996\/","title":{"rendered":"Duhovsko bdjenje na trgu svetog Petra povodom Velikog Jubileja 2000 25-5-1996"},"content":{"rendered":"\n<h1 class=\"has-text-align-center wp-block-heading\">Duhovsko bdjenje na trgu svetog Petra povodom Velikog Jubileja 2000 25-5-1996<\/h1>\n\n<div style=\"height:20px\" aria-hidden=\"true\" class=\"wp-block-spacer\"><\/div>\n\n<h4 class=\"has-text-align-center wp-block-heading\">Sv. Ivan Pavao II.<\/h4>\n\n<div style=\"height:20px\" aria-hidden=\"true\" class=\"wp-block-spacer\"><\/div>\n\n<p><p><strong>Trg svetog Petra, 25. svibnja 1996. (*)<\/strong><\/p><\/p>\n\n<p><p><em>Sve su sastavnice biskupijske crkvene zajednice sudjelovale u bdjenju tijekom kojeg je Ivan Pavao II. slavio euharistiju ispred Vatikanske Bazilike: sve\u0107enici, redovnici, redovnice, \u017eupe, udruge, pokreti, nove zajednice. Za sudjelovanje se pribilje\u017eilo preko \u0161ezdeset tisu\u0107a vjernika, dok je koncelebranata (uklju\u010duju\u0107i kardinale i biskupe prisutne u Biskupiji) bilo oko 1 400. Donosimo tekst propovijedi Ivana Pavla II.:<\/em><\/p><\/p>\n\n<p><p>1. Mir vama! Kao \u0161to mene posla Otac i ja \u0161aljem&#8230; Primite Duha Svetoga! (Iv 20, 21-22). U to predve\u010derje Pedesetnice, Crkva koja se nalazi u Rimu okuplja se poput apostola u Dvorani posljednje ve\u010dere nakon doga\u0111aja uskrsnog trodnevlja. Znali su da je Gospodin uskrsnuo i ukazao se \u0160imunu. Ali sam Isus do\u0161ao je me\u0111u njih i pozdravio ih mirom. Potom je pokazao probodene ruke i bok, s vidljivim znakovima muke. Da! <em>To je zaista On. To je sam Isus, razapet, a sada uskrsli.<\/em> \u201eI obradova\u0161e se u\u010denici vidjev\u0161i Gospodina.\u201c (Iv 20,20). Me\u0111utim, od ve\u010deri uskrsne nedjelje Isus je predvidio doga\u0111aj Pedesetnice: \u201eKao \u0161to mene posla Otac i ja \u0161aljem vas&#8230; Primite Duha Svetoga\u201c (Iv 20,21-22).<\/p><\/p>\n\n<p><p>2. Draga bra\u0107o i sestre Rimske biskupije! <em>Preko molitvenog bdjenja, koje podsje\u0107a na uskrsno bdjenje, okupili smo se ovdje kako bismo se pripremili<\/em> za sve\u010danost silaska Duha Svetoga. \u010citanje koje smo upravo \u010duli govori o Djelima apostolskim, podsje\u0107a na ono \u0161to se dogodilo u Jeruzalemu na dan Pedesetnice: iznenadni nalet vjetra, pojava ognjenih jezika, apostoli ispunjeni Duhom Svetim <em>po\u010dinju navije\u0161tati Evan\u0111elje na njima nepoznatim jezicima<\/em>. Crkva se ra\u0111a. Ljudi koji pripadaju razli\u010ditim narodima i koriste se razli\u010ditim jezicima, \u010duju kako apostoli, Galilejci (usp. Dj 1,11), govore na njihovom vlastitom jeziku: \u201e\u010cujemo ih gdje na\u0161im jezicima razgla\u0161uju veli\u010danstvena djela Bo\u017eja\u201c (Dj 2,11). <em>Sve\u010dani je to po\u010detak poslanja<\/em> apostola, poslanja koje su primili pedeset dana ranije, od Uskrsloga koji im je naredio: \u201e\u0160aljem vas &#8230; Primite Duha Svetoga\u201c (Iv 20,21-22).<\/p><\/p>\n\n<p><p>3. \u201eEmitte Spiritum tuum et creabuntur: Po\u0161alje\u0161 li dah svoj, opet nastaju\u201c (usp. Ps 104,30). Izgovaraju\u0107i: \u201ePrimit \u0107ete Duha Svetoga\u201c, Krist otkriva stvarala\u010dku snagu Duha Bo\u017ejeg koji, izliven na svakog \u010dovjeka (usp. Iv 3,1), <em>obnavlja jedinstvo ljudskog roda slomljeno grijehom kule babilonske<\/em>. Babilon je postao simbolom raspada i o\u010daja (usp. Post 11,1-9). Pedesetnica, s druge strane, uzrokuje potpuno ispunjenje jedinstva koje se snagom Duha istine obnavlja, polaze\u0107i upravo od mno\u0161tva ljudskog postojanja i iskustava. <em>Krist je postavljen na \u010delo naroda Novoga saveza<\/em>: On je i\u0161\u010dekivani veliki prorok. \u201eSinovi i k\u0107eri\u201c novog Izraela moraju se okupiti oko njega (usp. <em>Lumen Gentium<\/em> br. 9), koji, o\u017eivljeni Duhom koji daje \u017eivot (usp. Ez 37,14), osobno sudjeluju u spasiteljskom poslanju Krista, Sve\u0107enika, Proroka i Kralja, slijede\u0107i njegove tragove kroz stolje\u0107a i tisu\u0107lje\u0107a.<\/p><\/p>\n\n<p>4. Drugo kr\u0161\u0107ansko tisu\u0107lje\u0107e sada se bli\u017ei kraju. Svjesni \u201etertio millennio adveniente\u201c, tre\u0107eg tisu\u0107lje\u0107a koje se bli\u017ei, okupljeni smo u ovoj posebnoj Dvorani posljednje ve\u010dere Crkve sakupljene ve\u010deras na grobu svetog Petra. Pro\u0161la su gotovo dva tisu\u0107lje\u0107a, koja na jedinstven na\u010din svjedo\u010de ovo mjesto, obilje\u017eeno grobovima mu\u010denika i ispovjednika vjere. Ovdje smo blizu relikvija apostola, stupova Crkve koja se nalazi u Rimu. I sada se ono \u0161to se dogodilo uve\u010der Uskrsa ponavlja me\u0111u nama. Krist euharistijom nadilazi prostor i vrijeme i \u010dini se prisutnim me\u0111u nama, kao \u0161to je to \u010dinio tada s apostolima okupljenima u Dvorani posljednje ve\u010dere. Obra\u0107a nam se istim rije\u010dima: \u00abMir vama! Kao \u0161to mene posla Otac, i ja \u0161aljem vas. Primite Duha Svetoga\u00bb.<\/p>\n\n<p>5. Primite Duha Svetoga! Okupljeni smo kako bismo zajedno zazvali dar Duha Svetoga za cijelu crkvenu zajednicu u Rimu, pozvanu na izvr\u0161avanje zahtjevnog gradskog poslanja. Ovom apostolskom inicijativom Crkva u Rimu namjerava otvoriti ruke svakoj osobi i obitelji u gradu te poput kvasca prodrijeti u svaku dru\u0161tvenu sredinu rada, patnje, umjetnosti i kulture, najavljuju\u0107i i svjedo\u010de\u0107i izbliza i daleko uskrsloga Gospodina. Draga bra\u0107o i sestre, \u017eivjeti u ovoj metropoli, koja na\u017ealost ne izbjegava isku\u0161enja sekularizma, je kao da nam se suptilno prijeti umorom, ravnodu\u0161no\u0161\u0107u, duhovnom utrnulo\u0161\u0107u i onim relativizmom u kojem je sve razvodnjeno i zbunjeno. Zbog toga je veliko gradsko poslanje koje sve\u010dano otvaramo na ovom bdjenju prvenstveno upu\u0107ena vjernicima. To je prije svega vapaj Duhu Svetom da oja\u010da na\u0161u vjeru, obnovi \u017ear, zapali na\u0161e dobro\u010dinstvo. Ne dopustite da vam strahovi i nedoumice uznemiruju srca. Naprotiv, ne oslanjaju\u0107i se na ljudsku snagu ve\u0107 na milost koja dolazi od Boga, donosimo, kao svjedoke Kristove istine i ljubavi, Evan\u0111elje nade svakom stanovniku Rima. Na taj \u0107emo na\u010din mo\u0107i utjecati i na kulturu, na\u010dine \u017eivota, o\u010dekivanja i projekte cijele gradske zajednice.<\/p>\n\n<p>6. Crkvo u Rimu, Gospodin te je ljubio bezuvjetnom ljubavlju. Zbog toga si bogata duhovnim i misionarskim energijama, a Duh \u0107e upravo kroz poslanje pobuditi mnogo vi\u0161e u tebi. Obra\u0107am se prije svega vama, draga bra\u0107o u sve\u0107enstvu, posve\u0107eni da budete prvi svjedoci Evan\u0111elja i apostoli istine i jedinstva: budite prvi neumorni pokreta\u010di poslanja, budite sveci kako biste bili poslu\u0161na sredstva kroz koja Bog posve\u0107uje svoj narod. Ovo poslanje mora zapo\u010deti iz \u017eupa, a vi iz \u017eupnih zajednica ste odgovorni i kvalificirani animatori. A vi, dragi ljudi i redovnice, pozvani da budete proro\u010dki znak Bo\u017eje prisutnosti, dajte se s odu\u0161evljenjem, kroz molitvu i apostolske aktivnosti, ovoj Crkvi u poslanju. Prona\u0107i \u0107ete upravo u tom davanju okus va\u0161ega poziva. Mislim na vas, draga bra\u0107o i sestre koji strpljivo radite u \u017eupama i sa\u010dinjavate \u010dvrsto tkivo svakodnevnog pastoralnog djelovanja, kateheze i slu\u017eenja ljubavi. Kroz poslanje \u0107ete mo\u0107i prona\u0107i obnovljenu duhovnu snagu za preno\u0161enje Kristova Evan\u0111elja u svojim obiteljima i u okru\u017eenju u kojemu radite. Vi, dragi \u010dlanovi brojnih crkvenih pokreta, tijela i udruga, osiguravate gradskom poslanju punu i vjernu suradnju u uskom dogovoru s pastirima, \u017eupama i cjelokupnom biskupijskom stvarno\u0161\u0107u.<\/p>\n\n<p>Vi, dragi mladi ljudi, stavite svoju svje\u017eu energiju u slu\u017ebu ovog velikog duhovnog pothvata, svladavaju\u0107i svaki mogu\u0107i strah ili ljudsko po\u0161tovanje. Iskreno i hrabro progla\u0161avajte svoju vjeru u Krista me\u0111u svojim vr\u0161njacima i prijateljima. Tako\u0111er od vas, dragi bolesnici i patnici, i od vas koji se osje\u0107ate marginaliziranim, gradsko poslanje \u010deka doprinos koji je u odre\u0111enom smislu presudan za njegov uspjeh. Prihva\u0107aju\u0107i svoje stanje i nude\u0107i ga nebeskom Ocu zajedno s Kristom, mo\u017eete postati providonosni i tajanstveni na\u010din spasenja Rima. Poslanje pripada vama, dragi \u010dlanovi Rimske kurije i moji suradnici u slu\u017ebi sveop\u0107e Crkve, koji ste pozvani dati svoj kvalificirani doprinos \u017eivotu kr\u0161\u0107anske zajednice koja se nalazi u Rimu i pripremi za Veliki jubilej 2000. godine. Va\u0161 \u0107e doprinos tako\u0111er biti vrlo va\u017ean za uspjeh ove velike evangelizacijske akcije. <\/p>\n\n<p>Poslanje je tako\u0111er stvoreno za vas, draga bra\u0107o i sestre koji ste u Rim do\u0161li iz najrazli\u010ditijih dijelova svijeta. Sada ste sastavni dio na\u0161e biskupijske zajednice. Hvala vam \u0161to ste ve\u010deras ovdje s nama u molitvi. Neka gradsko poslanje, nakon dijecezanske sinode, ozna\u010di daljnji iskorak na putu duhovnog rasta i zajedni\u0161tva me\u0111u svim kr\u0161\u0107anima koji \u017eive u na\u0161em gradu.<\/p>\n\n<p><p>7. Na\u0161 pogled ove ve\u010deri ne mo\u017ee ne pro\u0161iriti se prema o\u010dekivanjima sveop\u0107e Crkve, na putu prema velikom Jubileju 2000. godine. Crkva poku\u0161ava osvijestiti prisutnost Duha koji djeluje u njoj, za dobro njezinog zajedni\u0161tva i poslanja, kroz sakramentalne, hijerarhijske i karizmatske darove. Jedan od darova Duha u na\u0161e vrijeme zasigurno je procvat crkvenih pokreta koje od po\u010detka moga pontifikata i dalje isti\u010dem kao razlog nade za Crkvu i za ljude. Oni su \u201eznak slobode oblika, u kojima se ostvaruje jedinstvena Crkva, i predstavljaju sigurnu novost koja jo\u0161 uvijek treba biti razumljiva u svoj svojoj pozitivnoj djelotvornosti za Kraljevstvo Bo\u017eje na djelu u dana\u0161njem svijetu.\u201c (<em>Nau\u010davanja<\/em>, VII \/ 2 [1984.], str. 696). U kontekstu proslava Velikog jubileja, posebno proslave 1998., posve\u0107ene na poseban na\u010din Duhu Svetom i njegovoj posve\u0107uju\u0107oj prisutnosti u Zajednici Kristovih u\u010denika (usp. <em>Tertio millennio adveniente<\/em>, br. 44), ra\u010dunam na <em>zajedni\u010dko svjedo\u010danstvo<\/em> i na <em>suradnju pokreta<\/em>. Vjerujem da \u0107e oni, u zajedni\u0161tvu s pastirima i u povezanosti s bsikupijskim inicijativama, \u017eeljeti unijeti svoje karizmatsko i, prema tome, obrazovno i misijsko bogatstvo u srce Crkve, kao dragocjeno iskustvo i prijedlog kr\u0161\u0107anskog \u017eivota.<\/p><\/p>\n\n<p>8. \u201eMir vama! Kao \u0161to mene posla Otac, i ja \u0161aljem vas&#8230; Primite Duha Svetoga\u201c. Krist, tako\u0111er u znaku evan\u0111elistra koje povjeravam ove ve\u010deri kardinalu vikaru da ga sve\u010dano izlo\u017ei u bazilici svetog Ivana u Lateranu, prisutan je i podupire putovanje velike gradske misije koja \u0107e Rimsku crkvenu zajednicu dovesti do praga tre\u0107eg tisu\u0107lje\u0107a. \u201eI ja \u0161aljem vas&#8230;\u201c. Gospodine, kao \u0161to se dogodilo na po\u010detku poslanja Crkve, danas nas \u0161alje\u0161 u novo evangelizacijsko poslanje. Povjerava\u0161 nam zadatak da iznesemo Radosnu vijest na ulice i trgove ovog grada; \u017eeli\u0161 da tvoja Crkva bude hodo\u010dasnik nade i mira na putovima svijeta. Podupri na\u0161 put snagom svog Duha; u\u010dini nas hrabrim apostolima Evan\u0111elja i graditeljima novog \u010dovje\u010danstva. Marijo, Salus Popoli Romani, koja \u0107e\u0161 ve\u010dera\u0161nje hodo\u010da\u0161\u0107e popratiti svojom \u010dasnom ikonom, vodi na\u0161e korake; pribavi nam puninu darova Duha Svetoga.<\/p>\n\n<p>\u201eEmitte Spiritum tuum et creabuntur\u201c. Amen! (*) Usp. \u201eL&#8217;Osservatore Romano\u201c, 27.-28. svibnja 1996.<\/p>\n","protected":false},"excerpt":{"rendered":"<p>Duhovsko bdjenje na trgu svetog Petra povodom Velikog Jubileja 2000 25-5-1996 Sv. Ivan Pavao II. Trg svetog Petra, 25. svibnja 1996. (*) Sve su sastavnice biskupijske crkvene zajednice sudjelovale u bdjenju tijekom kojeg je Ivan Pavao II. slavio euharistiju ispred Vatikanske Bazilike: sve\u0107enici, redovnici, redovnice, \u017eupe, udruge, pokreti, nove zajednice. Za sudjelovanje se pribilje\u017eilo preko \u0161ezdeset tisu\u0107a vjernika, dok je koncelebranata (uklju\u010duju\u0107i kardinale i biskupe prisutne u Biskupiji) bilo oko<\/p>\n<div class=\"read-more\"><a class=\"btn read-more-btn\" href=\"https:\/\/neocatechumenaleiter.org\/hr\/rijeci-papa\/sv-ivan-pavao-ii\/duhovsko-bdjenje-na-trgu-svetog-petra-povodom-velikog-jubileja-2000-25-5-1996\/\">Nastavi \u010ditati<\/a><\/div>\n","protected":false},"author":2,"featured_media":0,"parent":9680,"menu_order":86,"comment_status":"closed","ping_status":"closed","template":"","meta":{"footnotes":""},"class_list":["post-17794","page","type-page","status-publish","hentry"],"_links":{"self":[{"href":"https:\/\/neocatechumenaleiter.org\/hr\/wp-json\/wp\/v2\/pages\/17794","targetHints":{"allow":["GET"]}}],"collection":[{"href":"https:\/\/neocatechumenaleiter.org\/hr\/wp-json\/wp\/v2\/pages"}],"about":[{"href":"https:\/\/neocatechumenaleiter.org\/hr\/wp-json\/wp\/v2\/types\/page"}],"author":[{"embeddable":true,"href":"https:\/\/neocatechumenaleiter.org\/hr\/wp-json\/wp\/v2\/users\/2"}],"replies":[{"embeddable":true,"href":"https:\/\/neocatechumenaleiter.org\/hr\/wp-json\/wp\/v2\/comments?post=17794"}],"version-history":[{"count":7,"href":"https:\/\/neocatechumenaleiter.org\/hr\/wp-json\/wp\/v2\/pages\/17794\/revisions"}],"predecessor-version":[{"id":17801,"href":"https:\/\/neocatechumenaleiter.org\/hr\/wp-json\/wp\/v2\/pages\/17794\/revisions\/17801"}],"up":[{"embeddable":true,"href":"https:\/\/neocatechumenaleiter.org\/hr\/wp-json\/wp\/v2\/pages\/9680"}],"wp:attachment":[{"href":"https:\/\/neocatechumenaleiter.org\/hr\/wp-json\/wp\/v2\/media?parent=17794"}],"curies":[{"name":"wp","href":"https:\/\/api.w.org\/{rel}","templated":true}]}}