{"id":17802,"date":"2020-03-04T02:16:49","date_gmt":"2020-03-04T01:16:49","guid":{"rendered":"https:\/\/neocatechumenaleiter.org\/rijeci-papa\/sv-ivan-pavao-ii\/svecenicko-redenje-38-orice-prezbitera-u-bazilici-svetoga-petral-28-4-1996\/"},"modified":"2021-08-10T11:04:10","modified_gmt":"2021-08-10T10:04:10","slug":"svecenicko-redenje-38-orice-prezbitera-u-bazilici-svetoga-petral-28-4-1996","status":"publish","type":"page","link":"https:\/\/neocatechumenaleiter.org\/hr\/rijeci-papa\/sv-ivan-pavao-ii\/svecenicko-redenje-38-orice-prezbitera-u-bazilici-svetoga-petral-28-4-1996\/","title":{"rendered":"Sve\u0107eni\u010dko re\u0111enje 38-orice prezbitera u bazilici svetoga Petra 28-4-1996"},"content":{"rendered":"\n<h1 class=\"has-text-align-center wp-block-heading\">Sve\u0107eni\u010dko re\u0111enje 38-orice prezbitera u bazilici svetoga Petra 28-4-1996<\/h1>\n\n<div style=\"height:20px\" aria-hidden=\"true\" class=\"wp-block-spacer\"><\/div>\n\n<h4 class=\"has-text-align-center wp-block-heading\">Sv. Ivan Pavao II.<\/h4>\n\n<div style=\"height:20px\" aria-hidden=\"true\" class=\"wp-block-spacer\"><\/div>\n\n<div class=\"wp-block-image\"><figure class=\"alignleft size-medium\"><img loading=\"lazy\" decoding=\"async\" width=\"300\" height=\"212\" src=\"https:\/\/neocatechumenaleiter.org\/wp-content\/uploads\/2020\/03\/Camino_Neocatecumenal_Juan_Pablo_II_ordenacion_sacerdotal_1996_2-300x212.jpg\" alt=\"\" class=\"wp-image-2644\" srcset=\"https:\/\/neocatechumenaleiter.org\/wp-content\/uploads\/2020\/03\/Camino_Neocatecumenal_Juan_Pablo_II_ordenacion_sacerdotal_1996_2-300x212.jpg 300w, https:\/\/neocatechumenaleiter.org\/wp-content\/uploads\/2020\/03\/Camino_Neocatecumenal_Juan_Pablo_II_ordenacion_sacerdotal_1996_2.jpg 681w\" sizes=\"auto, (max-width: 300px) 100vw, 300px\" \/><\/figure><\/div>\n\n<p><p><strong>Sveti Petar, 28. travnja 1996. (*)<\/strong><\/p><\/p>\n\n<p><p><em>Sveti je otac zaredio trideset i osam novih prezbitera, uklju\u010duju\u0107i 18 iz sjemeni\u0161ta \u201eRedemptoris Mater\u201c. U nastavku donosimo propovijed:<\/em><\/p><\/p>\n\n<p><p>1. \u201eJa sam pastir dobri\u201c (Iv 10,11). Dragi \u0111akoni, uskoro \u0107ete biti zare\u0111eni za sve\u0107enike i usko \u0107ete se prilagoditi Kristu Dobrom Pastiru, \u010diji lik prevladava ovom \u010detvrtom uskrsnom nedjeljom, Svjetskim danom molitve za zvanja. Pozdravljam vas s velikom naklono\u0161\u0107u, zajedno sa zajednicama \u010detiriju rimskih sjemeni\u0161ta u kojima ste zavr\u0161ili svoj formacijski itinerarij: Rimskog velikog sjemeni\u0161ta, Kolegija Capranica, Sjemeni\u0161ta <em>Redemptoris Mater<\/em> i sjemeni\u0161ta oblata Bo\u017eanske Ljubavi. Pozdravljam vas s va\u0161im obiteljima u kojima su utemeljeni korijeni va\u0161eg poziva za sve\u0107eni\u0161tvo. Prije nego \u0161to ste se oblikovali u maternici, ve\u0107 ste bili predmet posebnog Bo\u017ejeg plana (usp. Jer 1,5). Pozdravljam vas s prijateljima iz \u017eupa, udrugama, pokretima u kojima ste imali pastoralno iskustvo. U ovoj godini, u kojoj se prisje\u0107am 50. obljetnice svojeg sve\u0107eni\u010dkog re\u0111enja, sretan sam \u0161to \u0107u polo\u017eiti ruku na trideset i osam mladi\u0107a koje Rimska biskupija nudi Bogu da se posvete slu\u017ebi njegova naroda.<\/p><\/p>\n\n<p><p>2. \u201eJa sam pastir dobri\u201c. Zastanimo na nekoliko trenutaka kako bismo zajedno razmi\u0161ljali o rije\u010dima Evan\u0111elja po Ivanu. Zaista, danas na jedinstven na\u010din odzvanjaju za vas koji ste ovim sakramentom primljeni u posebno sudjelovanje u otajstvu Krista sve\u0107enika i dobrog pastira. \u201ePastir dobri \u017eivot svoj pola\u017ee za ovce\u201c (Iv 10,11). Tako u jeziku evan\u0111elista Ivana Isus sa\u017eima svoje vlastito poslanje. Istu logiku nalazimo u rije\u010dima iz Prve poslanice apostola Petra: \u201eon koji u tijelu svom <em>grijehe na\u0161e ponese <\/em>na drvo da umrijev\u0161i grijesima pravednosti \u017eivimo; on <em>\u010dijom se modricom izlije\u010diste<\/em>&#8230; Krist je trpio za vas i ostavio vam primjer da idete stopama njegovim\u201c (1 Pt 2,24.21). Dragi \u0111akoni, na dan va\u0161eg sve\u0107eni\u010dkog re\u0111enja pozvani ste da prihvatite i zagrlite ovaj \u201ePrimjer\u201c na vrlo osoban i bezuvjetan na\u010din. Pozvani ste ljubiti ga. Stoga svakom od vas ka\u017eem: <strong>priljubi cijeloga sebe na Onoga koji je tvoje i grijehe cijelog \u010dovje\u010danstva ponio na drvo kri\u017ea; ljubi njegov primjer i slijedi njegove stope!<\/strong><\/p><\/p>\n\n<div class=\"wp-block-image\"><figure class=\"alignright size-medium\"><img loading=\"lazy\" decoding=\"async\" width=\"300\" height=\"250\" src=\"https:\/\/neocatechumenaleiter.org\/wp-content\/uploads\/2020\/03\/Camino_Neocatecumenal_Juan_Pablo_II_ordenacion_sacerdotal_1996-300x250.jpg\" alt=\"\" class=\"wp-image-2651\" srcset=\"https:\/\/neocatechumenaleiter.org\/wp-content\/uploads\/2020\/03\/Camino_Neocatecumenal_Juan_Pablo_II_ordenacion_sacerdotal_1996-300x250.jpg 300w, https:\/\/neocatechumenaleiter.org\/wp-content\/uploads\/2020\/03\/Camino_Neocatecumenal_Juan_Pablo_II_ordenacion_sacerdotal_1996.jpg 672w\" sizes=\"auto, (max-width: 300px) 100vw, 300px\" \/><\/figure><\/div>\n\n<p><p>3. \u201eJa sam pastir dobri, poznajem svoje ovce i mene poznaju moje\u201c (Iv 10,14). Ovo vam je \u201epoznavanje\u201c dobro poznato budu\u0107i da ste ga prou\u010davali, a nadasve ste ga do\u017eivjeli iz prve ruke, posebno je to poznavanje. Dolazi iz <strong>spasonosne bri\u017enosti<\/strong>. To je poznavanje ne samo uma, ve\u0107 i srca; poznavanje onoga koji ljubi i, uzajamno, ljubljenoga; onih koji su vjerni i onih koji se povjerljivo povjeravaju. U razmatranju Psalma 23 (22), pripjevnog psalma dana\u0161njeg liturgijskog slavlja, ovo znanje o ljubavi nalazi uzvi\u0161eni izraz u smislu priznanja hvale du\u0161e u molitvi, koja u\u017eiva bezgrani\u010dni mir i sigurnost zahvaljuju\u0107i bri\u017enoj Bo\u017ejoj prisutnosti:<\/p><\/p>\n\n<p><p>\u201eGospodin je pastir moj; ni u \u010dem ja ne oskudijevam; na poljanama zelenim on mi daje odmora. Na vrutke me tihane vodi i krijepi du\u0161u moju. Stazama pravim on me upravlja radi imena svojega&#8230; Trpezu preda mnom prostire\u0161&#8230; uljem mi glavu ma\u017ee\u0161\u201c (usp. Ps 22,1-3.5).<\/p><\/p>\n\n<p><p><strong>Povjerenje i osje\u0107aj sigurnosti<\/strong>, zajam\u010deni Bogom Dobrim pastirom, <strong>ne propadaju ni u \u010dasu ku\u0161nje<\/strong> i najte\u017eih iskustava: \u201ePa da mi je i dolinom smrti pro\u0107i, zla se ne bojim, jer si ti sa mnom.\u201c (Ps 22,4). Na dan va\u0161eg sve\u0107eni\u010dkog re\u0111enja, dragi \u0111akoni, neka svatko od vas o\u017eivi povjerenje u dubini svog srca: vrlo \u010dvrsto i nepomu\u0107eno povjerenje koje cvjeta u va\u0161oj du\u0161i samo da zaziva to Ime: \u201eDobri pastir\u201c. O\u017eivite je odmah sada, u pogledu ku\u0161nji i pote\u0161ko\u0107a koje \u017eivot i sve\u0107eni\u010dka slu\u017eba podrazumijevaju. Krist \u0107e uvijek biti <strong>bri\u017eni Pastir<\/strong>, na poseban na\u010din u odnosu na one koje poziva da sudjeluju u ministerijalnom sve\u0107eni\u0161tvu, u svojoj pastoralnoj brizi.<\/p><\/p>\n\n<p><p>4. On je vrata ovcama (usp. Iv 10,7). U svakom trenutku, u dobrim ili lo\u0161im vremenima, sve\u0107enik zna da su njegova i na brigu mu povjerene du\u0161e predmet posebne bri\u017enosti Dobrog pastira. Zato se sa svojim poslanjem suo\u010dava u povjerenju. Zna da je prolaz u vje\u010dni \u017eivot svima otvoren kroz \u017eiva, jedinstvena i univerzalna vrata, a to je Krist, na\u0161a Pasha. Danas, dragi \u0111akoni, ulazite u prisan odnos s Kristom Pastirom du\u0161a. Svatko od vas, njemu suobli\u010den, postat \u0107e suodgovoran za prelazak du\u0161a iz smrti u \u017eivot, iz \u017eivota po tijelu u \u017eivot po Duhu. I ovu je zada\u0107u mogu\u0107e ostvariti prije svega molitvom i prinosom \u017eivota po Kristu, s Kristom i u Kristu.<\/p><\/p>\n\n<p><p>Zato vas sve do sada poti\u010dem da <strong>povjerite<\/strong> Njemu, Pastiru i Vratima ovaca, sve one koje \u0107e bo\u017eanska Providnost preko Njega pozivati \u200b\u200bi uvoditi kroz va\u0161u pastoralnu slu\u017ebu. Kakva odgovornost! \u0160to sve\u0107eniku mo\u017ee dopustiti da se suo\u010di s takvim zadatkom? Samo sigurnost da je Krist Pastir svih du\u0161a i da je blizak svakom sve\u0107eniku, da ga podupire u njegovoj slu\u017ebi. A <strong>pored sve\u0107enika je i Presveta Marija<\/strong>, Majka Dobrog Pastira i na\u0161ega sve\u0107eni\u0161tva. Njoj, dragi \u0111akoni, povjeravam svakoga od vas i va\u0161u slu\u017ebu.<\/p><\/p>\n\n<p><p>Neka Gospodin, koji priprema stol pred vama, nama\u017ee va\u0161u glavu uljem radosti i u\u010dini da se va\u0161a \u010da\u0161a uvijek prelije u njegovoj ljubavi (usp. Ps 22,5). Amen!<\/p>&#13;\n<p><em>(*) Usp. \u201eL&#8217;Osservatore Romano\u201c, 29.-30. travnja 1996.<\/em><\/p><\/p>\n","protected":false},"excerpt":{"rendered":"<p>Sve\u0107eni\u010dko re\u0111enje 38-orice prezbitera u bazilici svetoga Petra 28-4-1996 Sv. Ivan Pavao II. Sveti Petar, 28. travnja 1996. (*) Sveti je otac zaredio trideset i osam novih prezbitera, uklju\u010duju\u0107i 18 iz sjemeni\u0161ta \u201eRedemptoris Mater\u201c. U nastavku donosimo propovijed: 1. \u201eJa sam pastir dobri\u201c (Iv 10,11). Dragi \u0111akoni, uskoro \u0107ete biti zare\u0111eni za sve\u0107enike i usko \u0107ete se prilagoditi Kristu Dobrom Pastiru, \u010diji lik prevladava ovom \u010detvrtom uskrsnom nedjeljom, Svjetskim danom<\/p>\n<div class=\"read-more\"><a class=\"btn read-more-btn\" href=\"https:\/\/neocatechumenaleiter.org\/hr\/rijeci-papa\/sv-ivan-pavao-ii\/svecenicko-redenje-38-orice-prezbitera-u-bazilici-svetoga-petral-28-4-1996\/\">Nastavi \u010ditati<\/a><\/div>\n","protected":false},"author":2,"featured_media":0,"parent":9680,"menu_order":85,"comment_status":"closed","ping_status":"closed","template":"","meta":{"footnotes":""},"class_list":["post-17802","page","type-page","status-publish","hentry"],"_links":{"self":[{"href":"https:\/\/neocatechumenaleiter.org\/hr\/wp-json\/wp\/v2\/pages\/17802","targetHints":{"allow":["GET"]}}],"collection":[{"href":"https:\/\/neocatechumenaleiter.org\/hr\/wp-json\/wp\/v2\/pages"}],"about":[{"href":"https:\/\/neocatechumenaleiter.org\/hr\/wp-json\/wp\/v2\/types\/page"}],"author":[{"embeddable":true,"href":"https:\/\/neocatechumenaleiter.org\/hr\/wp-json\/wp\/v2\/users\/2"}],"replies":[{"embeddable":true,"href":"https:\/\/neocatechumenaleiter.org\/hr\/wp-json\/wp\/v2\/comments?post=17802"}],"version-history":[{"count":6,"href":"https:\/\/neocatechumenaleiter.org\/hr\/wp-json\/wp\/v2\/pages\/17802\/revisions"}],"predecessor-version":[{"id":24287,"href":"https:\/\/neocatechumenaleiter.org\/hr\/wp-json\/wp\/v2\/pages\/17802\/revisions\/24287"}],"up":[{"embeddable":true,"href":"https:\/\/neocatechumenaleiter.org\/hr\/wp-json\/wp\/v2\/pages\/9680"}],"wp:attachment":[{"href":"https:\/\/neocatechumenaleiter.org\/hr\/wp-json\/wp\/v2\/media?parent=17802"}],"curies":[{"name":"wp","href":"https:\/\/api.w.org\/{rel}","templated":true}]}}