{"id":17808,"date":"2020-09-27T20:18:57","date_gmt":"2020-09-27T19:18:57","guid":{"rendered":"https:\/\/neocatechumenaleiter.org\/rijeci-papa\/sv-ivan-pavao-ii\/pohod-zupi-svetog-bazilija-velikog-10-3-1979\/"},"modified":"2020-09-27T20:23:34","modified_gmt":"2020-09-27T19:23:34","slug":"pohod-zupi-svetog-bazilija-velikog-10-3-1979","status":"publish","type":"page","link":"https:\/\/neocatechumenaleiter.org\/hr\/rijeci-papa\/sv-ivan-pavao-ii\/pohod-zupi-svetog-bazilija-velikog-10-3-1979\/","title":{"rendered":"Pohod \u017eupi svetog Bazilija Velikog 10-3-1979"},"content":{"rendered":"\n<h1 class=\"has-text-align-center wp-block-heading\">Pohod \u017eupi svetog Bazilija Velikog 10-3-1979<\/h1>\n\n<div style=\"height:20px\" aria-hidden=\"true\" class=\"wp-block-spacer\"><\/div>\n\n<h4 class=\"has-text-align-center wp-block-heading\">Sv. Ivan Pavao II.<\/h4>\n\n<div style=\"height:20px\" aria-hidden=\"true\" class=\"wp-block-spacer\"><\/div>\n\n<p><p><strong>Rim, 10. o\u017eujka 1979. (*)<\/strong><\/p><\/p>\n\n<p><p><em>Predstavljanje \u017eupnika don Carmela<\/em>:<\/p>&#013;\n<p>Sveti O\u010de, ovdje su okupljene \u010detiri neokatekumenske zajednice. Zajednice su utemeljene na tronogu: slu\u0161anju Bo\u017eje rije\u010di koje se odvija srijedom i euharistijsko slavlje subotom. Proslava Rije\u010di priprema se po skupinama. Zatim se temelji na drugom stupu koji je euharistija, nakon dubinske kateheze o euharistijskom otajstvu. Tre\u0107i je stup zajedni\u010darski \u017eivot, \u00a0na konvivencijama; \u017eivjeti zajedni\u010dkim \u017eivotom u zajednici, a ne samo uobi\u010dajenim. Od ove je \u010detiri zajednice prva ro\u0111ena prije \u010detiri godine, a zatim iz godine u godinu i ostale. Ovdje je prisutan katehist koji je do\u0161ao po prvi put, Gioacchino.<\/p><\/p>\n\n<p><p><em>Gioacchino je obra\u0107aju\u0107i se Svetom Ocu rekao<\/em>: Sveti O\u010de, svi smo se ovdje okupili, sretni smo \u0161to ste me\u0111u nama, da Vas pozdravimo \u201eu ime Gospodnje\u201c, kao \u201eonoga koji dolazi u ime Gospodnje\u201c. \u017delimo u ime sve ove bra\u0107e izraziti veliku radost \u0161to smo na ovom Neokatekumenskom putu mogli otkriti Crkvu kao svoju majku koja nas polako vodi do ponovnog otkrivanja na\u0161ega kr\u0161tenja. Osje\u0107amo neizmjernu zahvalnost Gospodinu i Crkvi jer nam ovo putovanje jako poma\u017ee da Gospodina Isusa Krista osjetimo \u017eivim i prisutnim u na\u0161em \u017eivotu i stvorimo bratsko zajedni\u0161tvo. Zahvaljujemo Crkvi \u2013 Vi je danas \u010dinite posebno prisutnom i \u017eivom me\u0111u nama \u2013 koja nam daje ovaj veliki dar ponovnog otkrivanja na\u0161eg kr\u0161tenja. Sada, kao \u0161to nas pozivate, zapjevajmo s Vama&#8230;<\/p><\/p>\n\n<p><p><strong>Zato mi pjevamo: Pobjeda proguta smrt!<\/strong><\/p><\/p>\n\n<p><p><em>Ovo su rije\u010di Pape:<\/em><\/p><\/p>\n\n<div class=\"wp-block-image is-style-default\"><figure class=\"alignleft size-large\"><img loading=\"lazy\" decoding=\"async\" width=\"400\" height=\"321\" src=\"https:\/\/neocatechumenaleiter.org\/wp-content\/uploads\/2020\/03\/Camino_Neocatecumenal_Juan_Pablo_II_visita_parroquia_San_Basilio_1979.jpg\" alt=\"\" class=\"wp-image-7431\" srcset=\"https:\/\/neocatechumenaleiter.org\/wp-content\/uploads\/2020\/03\/Camino_Neocatecumenal_Juan_Pablo_II_visita_parroquia_San_Basilio_1979.jpg 400w, https:\/\/neocatechumenaleiter.org\/wp-content\/uploads\/2020\/03\/Camino_Neocatecumenal_Juan_Pablo_II_visita_parroquia_San_Basilio_1979-300x241.jpg 300w\" sizes=\"auto, (max-width: 400px) 100vw, 400px\" \/><\/figure><\/div>\n\n<p>Od svih rije\u010di koje ste rekli najva\u017enija je rije\u010d ponovnog otkrivanja. Mnogi misle da se sve zna: Crkva, Krist, Evan\u0111elje, Bog; sve se zna, sve se zna, nema se \u0161to otkriti. U\u010dili su nas u \u0161koli, \u0161kola je dovoljna; poslije se zaboravi, ali sve se zna.  Naprotiv, sve to treba otkriti, sve to treba ponovo otkriti.  Vjera je jedina koja zna otkriti sebe, svoj sadr\u017eaj, svoj temeljni stav, dinami\u010dna vjera, dinami\u010dna vjera. I za Crkvu, za Bo\u017eji narod, potrebna je ta dinami\u010dna vjera koja \u017eeli otkriti, koja zna otkriti samu sebe.<\/p>\n\n<p>Dakle, \u017eelim vam da idete naprijed putem koji ste zapo\u010deli, da otkrivate sve vi\u0161e otajstvo Crkve, otajstvo Krista, otajstvo Boga. Tako ovo otkri\u0107e tako\u0111er vodi nama samima: budu\u0107i da otajstvo Krista, otajstvo Crkve kona\u010dno obja\u0161njava nas same. A ja ne mogu \u017eivjeti bez Crkve, bez razumijevanja onoga \u0161to jesam, bez razumijevanja samoga sebe. Bit \u0107e to vrlo sretan, vrlo pozitivan napor i \u017eelim vam da ustrajete. &#013;\n(*) Usp. \u201eL&#8217;Osservatore Romano\u201c, 11.-12. o\u017eujka 1979.<\/p>\n","protected":false},"excerpt":{"rendered":"<p>Pohod \u017eupi svetog Bazilija Velikog 10-3-1979 Sv. Ivan Pavao II. Rim, 10. o\u017eujka 1979. (*) Predstavljanje \u017eupnika don Carmela: &#013; Sveti O\u010de, ovdje su okupljene \u010detiri neokatekumenske zajednice. Zajednice su utemeljene na tronogu: slu\u0161anju Bo\u017eje rije\u010di koje se odvija srijedom i euharistijsko slavlje subotom. Proslava Rije\u010di priprema se po skupinama. Zatim se temelji na drugom stupu koji je euharistija, nakon dubinske kateheze o euharistijskom otajstvu. Tre\u0107i je stup zajedni\u010darski \u017eivot,<\/p>\n<div class=\"read-more\"><a class=\"btn read-more-btn\" href=\"https:\/\/neocatechumenaleiter.org\/hr\/rijeci-papa\/sv-ivan-pavao-ii\/pohod-zupi-svetog-bazilija-velikog-10-3-1979\/\">Nastavi \u010ditati<\/a><\/div>\n","protected":false},"author":2,"featured_media":0,"parent":9680,"menu_order":0,"comment_status":"closed","ping_status":"closed","template":"","meta":{"footnotes":""},"class_list":["post-17808","page","type-page","status-publish","hentry"],"_links":{"self":[{"href":"https:\/\/neocatechumenaleiter.org\/hr\/wp-json\/wp\/v2\/pages\/17808","targetHints":{"allow":["GET"]}}],"collection":[{"href":"https:\/\/neocatechumenaleiter.org\/hr\/wp-json\/wp\/v2\/pages"}],"about":[{"href":"https:\/\/neocatechumenaleiter.org\/hr\/wp-json\/wp\/v2\/types\/page"}],"author":[{"embeddable":true,"href":"https:\/\/neocatechumenaleiter.org\/hr\/wp-json\/wp\/v2\/users\/2"}],"replies":[{"embeddable":true,"href":"https:\/\/neocatechumenaleiter.org\/hr\/wp-json\/wp\/v2\/comments?post=17808"}],"version-history":[{"count":7,"href":"https:\/\/neocatechumenaleiter.org\/hr\/wp-json\/wp\/v2\/pages\/17808\/revisions"}],"predecessor-version":[{"id":17815,"href":"https:\/\/neocatechumenaleiter.org\/hr\/wp-json\/wp\/v2\/pages\/17808\/revisions\/17815"}],"up":[{"embeddable":true,"href":"https:\/\/neocatechumenaleiter.org\/hr\/wp-json\/wp\/v2\/pages\/9680"}],"wp:attachment":[{"href":"https:\/\/neocatechumenaleiter.org\/hr\/wp-json\/wp\/v2\/media?parent=17808"}],"curies":[{"name":"wp","href":"https:\/\/api.w.org\/{rel}","templated":true}]}}