{"id":17816,"date":"2020-09-27T20:29:41","date_gmt":"2020-09-27T19:29:41","guid":{"rendered":"https:\/\/neocatechumenaleiter.org\/rijeci-papa\/sv-ivan-pavao-ii\/pohod-zupi-svetog-antuna-na-piazzi-asti-6-5-1979\/"},"modified":"2020-09-27T20:47:14","modified_gmt":"2020-09-27T19:47:14","slug":"pohod-zupi-svetog-antuna-na-piazzi-asti-6-5-1979","status":"publish","type":"page","link":"https:\/\/neocatechumenaleiter.org\/hr\/rijeci-papa\/sv-ivan-pavao-ii\/pohod-zupi-svetog-antuna-na-piazzi-asti-6-5-1979\/","title":{"rendered":"Pohod \u017eupi svetog Antuna na piazzi Asti 6-5-1979"},"content":{"rendered":"\n<h1 class=\"has-text-align-center wp-block-heading\">Pohod \u017eupi svetog Antuna na piazzi Asti 6-5-1979<\/h1>\n\n<div style=\"height:20px\" aria-hidden=\"true\" class=\"wp-block-spacer\"><\/div>\n\n<h4 class=\"has-text-align-center wp-block-heading\">Sv. Ivan Pavao II.<\/h4>\n\n<div style=\"height:20px\" aria-hidden=\"true\" class=\"wp-block-spacer\"><\/div>\n\n<p><p><strong>Rim, 6. svibnja 1979. (*)<\/strong><\/p><\/p>\n\n<p><p><em>U nedjelju 6. svibnja 1979., na dan posve\u0107en zvanjima, Papa je posjetio \u017eupu svetog Antuna na Piazzi Asti (na cesti Via Tuscolana), gdje se nakon slavljenja svete mise u 17:30 sastao odvojeno s razli\u010ditim skupinama \u017eupe i s dvije neokatekumenske zajednice, koje su na putu dvije i pol godine i \u0161est mjeseci, a predstavljali su ih njihovi katehisti, iz druge zajednice svete Francesce Cabrini u Rimu. Papa je u pratnji kardinala Polettija i biskupa tog podru\u010dja, msgr. Salimeija, do\u010dekan pjesmom \u201eJeruzaleme, Jeruzaleme, Jeruzaleme, obnovljen\u201c (iz Tobijinog hvalospjeva); dok su bra\u0107a pjevala, Ivan Pavao II. je u kratkom pozdravnom obra\u0107anju uputio svakomu neku rije\u010d zaustaviv\u0161i se na kraju kako bi zajedno s pjeva\u010dima otpjevao Aleluju. Nakon pjesme, \u017eupnik je Papi predstavio put na sljede\u0107i na\u010din:<\/em><\/p><\/p>\n\n<p><p>Va\u0161a Svetosti, to su dvije zajednice koje se nazivaju Neokatekumeni i pod ovim imenom razumiju put obra\u0107enja koji su zapo\u010deli radi ponovnog otkrivanja vjere koju su primili u kr\u0161tenju: Vjera, koja je mo\u017eda ostala u stanju zametka, a koja \u0107e kroz ovaj Put vjere, slu\u0161aju\u0107i Rije\u010d Bo\u017eju, morati odle\u017eati i tako postati velika, odrasla. To je na\u010din, recimo, pozivanja najudaljenijih, gre\u0161nika, koji nikada nisu \u010duli za obra\u0107enje, a zatim \u2013 naravno \u2013 dolaze do svjedo\u010danstva ljubavi prema Bogu i prema bli\u017enjemu. Evo, to je to.<\/p><\/p>\n\n<p><p><em>Papa je odmah zatim rekao:<\/em><\/p><\/p>\n\n<p><p>I sve to objasnite svojom zajednicom, svojim bratskim zajedni\u0161tvom i svojom rado\u0161\u0107u, \u010dak i pjesmom, svakako molitvom: jer kad otkrijete istinsku stvarnost Kr\u0161tenja, Bo\u017eje milosti, na\u0161eg bo\u017eanskog sinovstva, kad se sve to otkrije, \u010dovjek ulazi u duboku radost, a zatim i u prenosivu radost; to zna\u010di da poku\u0161avamo ovo otkri\u0107e i radost prenijeti drugima. Uistinu mislim da je ono \u0161to je bio Duh zajednici katekumena prvotne Crkve, to je isti Duh neokatekumenskih zajednica u suvremenoj Crkvi.<\/p><\/p>\n\n<p>\u017delim vam da nastavite, a tako\u0111er da se nekada molite za Papu.<\/p>\n\n<p><p><em>(*) Usp. \u201eL&#8217;Osservatore Romano\u201c, 7.-8. svibnja 1979.<\/em><\/p><\/p>\n","protected":false},"excerpt":{"rendered":"<p>Pohod \u017eupi svetog Antuna na piazzi Asti 6-5-1979 Sv. Ivan Pavao II. Rim, 6. svibnja 1979. (*) U nedjelju 6. svibnja 1979., na dan posve\u0107en zvanjima, Papa je posjetio \u017eupu svetog Antuna na Piazzi Asti (na cesti Via Tuscolana), gdje se nakon slavljenja svete mise u 17:30 sastao odvojeno s razli\u010ditim skupinama \u017eupe i s dvije neokatekumenske zajednice, koje su na putu dvije i pol godine i \u0161est mjeseci, a<\/p>\n<div class=\"read-more\"><a class=\"btn read-more-btn\" href=\"https:\/\/neocatechumenaleiter.org\/hr\/rijeci-papa\/sv-ivan-pavao-ii\/pohod-zupi-svetog-antuna-na-piazzi-asti-6-5-1979\/\">Nastavi \u010ditati<\/a><\/div>\n","protected":false},"author":2,"featured_media":0,"parent":9680,"menu_order":1,"comment_status":"closed","ping_status":"closed","template":"","meta":{"footnotes":""},"class_list":["post-17816","page","type-page","status-publish","hentry"],"_links":{"self":[{"href":"https:\/\/neocatechumenaleiter.org\/hr\/wp-json\/wp\/v2\/pages\/17816","targetHints":{"allow":["GET"]}}],"collection":[{"href":"https:\/\/neocatechumenaleiter.org\/hr\/wp-json\/wp\/v2\/pages"}],"about":[{"href":"https:\/\/neocatechumenaleiter.org\/hr\/wp-json\/wp\/v2\/types\/page"}],"author":[{"embeddable":true,"href":"https:\/\/neocatechumenaleiter.org\/hr\/wp-json\/wp\/v2\/users\/2"}],"replies":[{"embeddable":true,"href":"https:\/\/neocatechumenaleiter.org\/hr\/wp-json\/wp\/v2\/comments?post=17816"}],"version-history":[{"count":9,"href":"https:\/\/neocatechumenaleiter.org\/hr\/wp-json\/wp\/v2\/pages\/17816\/revisions"}],"predecessor-version":[{"id":17825,"href":"https:\/\/neocatechumenaleiter.org\/hr\/wp-json\/wp\/v2\/pages\/17816\/revisions\/17825"}],"up":[{"embeddable":true,"href":"https:\/\/neocatechumenaleiter.org\/hr\/wp-json\/wp\/v2\/pages\/9680"}],"wp:attachment":[{"href":"https:\/\/neocatechumenaleiter.org\/hr\/wp-json\/wp\/v2\/media?parent=17816"}],"curies":[{"name":"wp","href":"https:\/\/api.w.org\/{rel}","templated":true}]}}