{"id":17826,"date":"2020-09-27T20:56:46","date_gmt":"2020-09-27T19:56:46","guid":{"rendered":"https:\/\/neocatechumenaleiter.org\/rijeci-papa\/sv-ivan-pavao-ii\/pozdrav-itinerantima-opca-audijencija\/"},"modified":"2020-09-27T20:56:46","modified_gmt":"2020-09-27T19:56:46","slug":"pozdrav-itinerantima-opca-audijencija","status":"publish","type":"page","link":"https:\/\/neocatechumenaleiter.org\/hr\/rijeci-papa\/sv-ivan-pavao-ii\/pozdrav-itinerantima-opca-audijencija\/","title":{"rendered":"Pozdrav Itinerantima: Op\u0107a Audijencija"},"content":{"rendered":"\n<h1 class=\"has-text-align-center wp-block-heading\">Pozdrav Itinerantima: Op\u0107a Audijencija <\/h1>\n\n<div style=\"height:20px\" aria-hidden=\"true\" class=\"wp-block-spacer\"><\/div>\n\n<h4 class=\"has-text-align-center wp-block-heading\">Sv. Ivan Pavao II.<\/h4>\n\n<div style=\"height:20px\" aria-hidden=\"true\" class=\"wp-block-spacer\"><\/div>\n\n<div class=\"wp-block-image is-style-default\"><figure class=\"alignright size-large\"><img loading=\"lazy\" decoding=\"async\" width=\"400\" height=\"295\" src=\"https:\/\/neocatechumenaleiter.org\/wp-content\/uploads\/2020\/03\/Camino_Neocatecumenal_Juan_Pablo_II_visita_audiencia_general_1979.jpg\" alt=\"\" class=\"wp-image-8279\" srcset=\"https:\/\/neocatechumenaleiter.org\/wp-content\/uploads\/2020\/03\/Camino_Neocatecumenal_Juan_Pablo_II_visita_audiencia_general_1979.jpg 400w, https:\/\/neocatechumenaleiter.org\/wp-content\/uploads\/2020\/03\/Camino_Neocatecumenal_Juan_Pablo_II_visita_audiencia_general_1979-300x221.jpg 300w\" sizes=\"auto, (max-width: 400px) 100vw, 400px\" \/><\/figure><\/div>\n\n<p><p><strong>Vatikan, Op\u0107a audijencija: 26. rujna 1979. (*)<\/strong><\/p><\/p>\n\n<p><p><em>Ivan Pavao II. rekao je sve\u0107enicima itinerantima i laicima itinerantima koji pripadaju neokatekumenskim zajednicama:<\/em><\/p><\/p>\n\n<p><p>&#8230;Velika skupina \u010dlanova Pokreta sudjeluje u dana\u0161njoj audijenciji kojoj je cilj <strong>pomo\u0107i<\/strong> <strong>kr\u0161\u0107anima da ponovo otkriju stvarnost kr\u0161tenja<\/strong> i da u radosti \u017eive njegovo osloba\u0111aju\u0107e bogatstvo. Neka va\u0161e svjedo\u010denje, izvr\u0161eno u potpunom skladu sa zakonitim pastirima, kod mnoge bra\u0107e pobudi predanost \u017eivotu i \u017eelju za \u017eivotom koji je dosljedniji zahtjevima kr\u0161tenja i njegovog neiscrpnog bogatstva. Neka vas prati moj apostolski blagoslov.<\/p>&#013;\n<p><em>(*) Usp. \u201eL&#8217;Osservatore Romano\u201c, 28. rujna 1979.<\/em><\/p><\/p>\n","protected":false},"excerpt":{"rendered":"<p>Pozdrav Itinerantima: Op\u0107a Audijencija Sv. Ivan Pavao II. Vatikan, Op\u0107a audijencija: 26. rujna 1979. (*) Ivan Pavao II. rekao je sve\u0107enicima itinerantima i laicima itinerantima koji pripadaju neokatekumenskim zajednicama: &#8230;Velika skupina \u010dlanova Pokreta sudjeluje u dana\u0161njoj audijenciji kojoj je cilj pomo\u0107i kr\u0161\u0107anima da ponovo otkriju stvarnost kr\u0161tenja i da u radosti \u017eive njegovo osloba\u0111aju\u0107e bogatstvo. Neka va\u0161e svjedo\u010denje, izvr\u0161eno u potpunom skladu sa zakonitim pastirima, kod mnoge bra\u0107e pobudi predanost<\/p>\n<div class=\"read-more\"><a class=\"btn read-more-btn\" href=\"https:\/\/neocatechumenaleiter.org\/hr\/rijeci-papa\/sv-ivan-pavao-ii\/pozdrav-itinerantima-opca-audijencija\/\">Nastavi \u010ditati<\/a><\/div>\n","protected":false},"author":2,"featured_media":0,"parent":9680,"menu_order":2,"comment_status":"closed","ping_status":"closed","template":"","meta":{"footnotes":""},"class_list":["post-17826","page","type-page","status-publish","hentry"],"_links":{"self":[{"href":"https:\/\/neocatechumenaleiter.org\/hr\/wp-json\/wp\/v2\/pages\/17826","targetHints":{"allow":["GET"]}}],"collection":[{"href":"https:\/\/neocatechumenaleiter.org\/hr\/wp-json\/wp\/v2\/pages"}],"about":[{"href":"https:\/\/neocatechumenaleiter.org\/hr\/wp-json\/wp\/v2\/types\/page"}],"author":[{"embeddable":true,"href":"https:\/\/neocatechumenaleiter.org\/hr\/wp-json\/wp\/v2\/users\/2"}],"replies":[{"embeddable":true,"href":"https:\/\/neocatechumenaleiter.org\/hr\/wp-json\/wp\/v2\/comments?post=17826"}],"version-history":[{"count":1,"href":"https:\/\/neocatechumenaleiter.org\/hr\/wp-json\/wp\/v2\/pages\/17826\/revisions"}],"predecessor-version":[{"id":17827,"href":"https:\/\/neocatechumenaleiter.org\/hr\/wp-json\/wp\/v2\/pages\/17826\/revisions\/17827"}],"up":[{"embeddable":true,"href":"https:\/\/neocatechumenaleiter.org\/hr\/wp-json\/wp\/v2\/pages\/9680"}],"wp:attachment":[{"href":"https:\/\/neocatechumenaleiter.org\/hr\/wp-json\/wp\/v2\/media?parent=17826"}],"curies":[{"name":"wp","href":"https:\/\/api.w.org\/{rel}","templated":true}]}}