{"id":17828,"date":"2020-03-02T03:32:17","date_gmt":"2020-03-02T02:32:17","guid":{"rendered":"https:\/\/neocatechumenaleiter.org\/rijeci-papa\/sv-ivan-pavao-ii\/pohod-zupi-svete-franciske-rimske-28-11-1981\/"},"modified":"2021-08-10T11:01:17","modified_gmt":"2021-08-10T10:01:17","slug":"pohod-zupi-svete-franciske-rimske-28-11-1981","status":"publish","type":"page","link":"https:\/\/neocatechumenaleiter.org\/hr\/rijeci-papa\/sv-ivan-pavao-ii\/pohod-zupi-svete-franciske-rimske-28-11-1981\/","title":{"rendered":"Pohod \u017eupi svete Franciske Rimske 28-11-1981"},"content":{"rendered":"\n<h1 class=\"has-text-align-center wp-block-heading\">Pohod \u017eupi svete Franciske Rimske 28-11-1981<\/h1>\n\n<div style=\"height:20px\" aria-hidden=\"true\" class=\"wp-block-spacer\"><\/div>\n\n<h4 class=\"has-text-align-center wp-block-heading\">Sv. Ivan Pavao II.<\/h4>\n\n<div style=\"height:20px\" aria-hidden=\"true\" class=\"wp-block-spacer\"><\/div>\n\n<p><p><strong>Rim, 28. studenog 1981. (*)<\/strong><\/p><\/p>\n\n<p><p><em>U dvorani su se okupili predstavnici svih grupa odraslih koje djeluju u \u017eupi: franjeva\u010dki Tre\u0107i red, Apostolat molitve, vinkovska zajednica, zajednica skrb, neokatekumenska skupina. I njima se Sveti Otac obratio kratkim duhovnim razmi\u0161ljanjem:<\/em><\/p><\/p>\n\n<p><p>Razli\u010dite duhovne skupine odgovaraju razli\u010ditim karizmama. Franjeva\u010dka karizma, karizma Tre\u0107eg reda; vinkovska karizma za karitativnu djelatnost, a zatim <strong>neokatekumenska karizma<\/strong>. Kao \u0161to je nau\u010davao sveti Pavao, <strong>ove karizme \u010dine duhovno tijelo<\/strong>. Razli\u010dite su karizme dio duhovnog tijela i svoje karakteristike uzimaju od Duha. Karizme su razli\u010dite poput stanica fizi\u010dkog tijela, ali jedan ih Duh poti\u010de da \u017eive istim \u017eivotom. Nadam se da \u0107e vam rije\u010d svetog Pavla biti poduka, va\u0161 cilj u ovoj \u017eupi i da \u0107e za vas biti izvor mira i duhovnog napretka.<\/p>&#13;\n<p><em>(*) Usp. \u201eL&#8217;Osservatore Romano\u201c, 30. studenoga \u2013 1. prosinca 1981.<\/em><\/p><\/p>\n","protected":false},"excerpt":{"rendered":"<p>Pohod \u017eupi svete Franciske Rimske 28-11-1981 Sv. Ivan Pavao II. Rim, 28. studenog 1981. (*) U dvorani su se okupili predstavnici svih grupa odraslih koje djeluju u \u017eupi: franjeva\u010dki Tre\u0107i red, Apostolat molitve, vinkovska zajednica, zajednica skrb, neokatekumenska skupina. I njima se Sveti Otac obratio kratkim duhovnim razmi\u0161ljanjem: Razli\u010dite duhovne skupine odgovaraju razli\u010ditim karizmama. Franjeva\u010dka karizma, karizma Tre\u0107eg reda; vinkovska karizma za karitativnu djelatnost, a zatim neokatekumenska karizma. Kao \u0161to<\/p>\n<div class=\"read-more\"><a class=\"btn read-more-btn\" href=\"https:\/\/neocatechumenaleiter.org\/hr\/rijeci-papa\/sv-ivan-pavao-ii\/pohod-zupi-svete-franciske-rimske-28-11-1981\/\">Nastavi \u010ditati<\/a><\/div>\n","protected":false},"author":2,"featured_media":0,"parent":9680,"menu_order":10,"comment_status":"closed","ping_status":"closed","template":"","meta":{"footnotes":""},"class_list":["post-17828","page","type-page","status-publish","hentry"],"_links":{"self":[{"href":"https:\/\/neocatechumenaleiter.org\/hr\/wp-json\/wp\/v2\/pages\/17828","targetHints":{"allow":["GET"]}}],"collection":[{"href":"https:\/\/neocatechumenaleiter.org\/hr\/wp-json\/wp\/v2\/pages"}],"about":[{"href":"https:\/\/neocatechumenaleiter.org\/hr\/wp-json\/wp\/v2\/types\/page"}],"author":[{"embeddable":true,"href":"https:\/\/neocatechumenaleiter.org\/hr\/wp-json\/wp\/v2\/users\/2"}],"replies":[{"embeddable":true,"href":"https:\/\/neocatechumenaleiter.org\/hr\/wp-json\/wp\/v2\/comments?post=17828"}],"version-history":[{"count":2,"href":"https:\/\/neocatechumenaleiter.org\/hr\/wp-json\/wp\/v2\/pages\/17828\/revisions"}],"predecessor-version":[{"id":24037,"href":"https:\/\/neocatechumenaleiter.org\/hr\/wp-json\/wp\/v2\/pages\/17828\/revisions\/24037"}],"up":[{"embeddable":true,"href":"https:\/\/neocatechumenaleiter.org\/hr\/wp-json\/wp\/v2\/pages\/9680"}],"wp:attachment":[{"href":"https:\/\/neocatechumenaleiter.org\/hr\/wp-json\/wp\/v2\/media?parent=17828"}],"curies":[{"name":"wp","href":"https:\/\/api.w.org\/{rel}","templated":true}]}}