{"id":17830,"date":"2020-03-02T03:25:54","date_gmt":"2020-03-02T02:25:54","guid":{"rendered":"https:\/\/neocatechumenaleiter.org\/rijeci-papa\/sv-ivan-pavao-ii\/pohod-zupi-nase-gospe-od-coromota-15-3-1981\/"},"modified":"2021-08-10T11:01:06","modified_gmt":"2021-08-10T10:01:06","slug":"pohod-zupi-nase-gospe-od-coromota-15-3-1981","status":"publish","type":"page","link":"https:\/\/neocatechumenaleiter.org\/hr\/rijeci-papa\/sv-ivan-pavao-ii\/pohod-zupi-nase-gospe-od-coromota-15-3-1981\/","title":{"rendered":"Pohod \u017eupi na\u0161e Gospe od Coromota 15-3-1981"},"content":{"rendered":"\n<h1 class=\"has-text-align-center wp-block-heading\">Pohod \u017eupi na\u0161e Gospe od Coromota 15-3-1981<\/h1>\n\n<div style=\"height:20px\" aria-hidden=\"true\" class=\"wp-block-spacer\"><\/div>\n\n<h4 class=\"has-text-align-center wp-block-heading\">Sv. Ivan Pavao II.<\/h4>\n\n<div style=\"height:20px\" aria-hidden=\"true\" class=\"wp-block-spacer\"><\/div>\n\n<p><p><strong>Rim, 15. o\u017eujka 1981. (*)<\/strong><\/p><\/p>\n\n<p><p><em>Ivan Pavao II. stigao je do crkve, gdje mu je \u017eupnik predstavio neokatekumenske zajednice koje su ve\u0107 nekoliko godina umetnute u \u017eivot \u017eupe.<\/em><\/p><\/p>\n\n<div class=\"wp-block-image\"><figure class=\"alignleft size-large\"><img loading=\"lazy\" decoding=\"async\" width=\"694\" height=\"558\" src=\"https:\/\/neocatechumenaleiter.org\/wp-content\/uploads\/2020\/03\/Camino_Neocatecumenal_Juan_Pablo_II_visita_parroquia_Coromoto_1981.jpg\" alt=\"\" class=\"wp-image-7500\" srcset=\"https:\/\/neocatechumenaleiter.org\/wp-content\/uploads\/2020\/03\/Camino_Neocatecumenal_Juan_Pablo_II_visita_parroquia_Coromoto_1981.jpg 694w, https:\/\/neocatechumenaleiter.org\/wp-content\/uploads\/2020\/03\/Camino_Neocatecumenal_Juan_Pablo_II_visita_parroquia_Coromoto_1981-300x241.jpg 300w\" sizes=\"auto, (max-width: 694px) 100vw, 694px\" \/><\/figure><\/div>\n\n<p>Ovo je skupina bra\u0107e Neokatekumenskog puta \u2013 rekao je msgr. Gulizia \u2013 zajedno s njima je ekipa katehista iz \u017eupe Kanadskih mu\u010denika koji su u na\u0161u \u017eupu do\u0161li u sije\u010dnju 1970. kako bi zapo\u010deli kateheze za ovaj Neokatekumenski put. Pro\u0161lo je jedanaest godina, Sveti O\u010de, i mo\u017eemo re\u0107i da se nakon raznih doga\u0111aja, patnji i radosti, ovaj Put ostvaruje, ne dovode\u0107i u pitanje njihovo sazrijevanje na putu vjere, pa i u slu\u017eenju potrebama \u017eupe. Prisutni su i sve\u0107enici itineranti i tako\u0111er pove\u0107a skupina katehista koji pripremaju mlade za krizmu, jer je ovaj odjel, zajedno s onim za pripremu za kr\u0161tenje i katehezu za zaru\u010dene parove, povjeren ovoj bra\u0107i. Sveti O\u010de, ovo je stvarnost na\u0161e \u017eupne zajednice, to je jedan od znakova crkvenog zajedni\u0161tva za izgradnju Kraljevstva Bo\u017ejega u na\u0161oj \u017eupi.<\/p>\n\n<p><p><em>Radost i zahvalnost \u0161to se jo\u0161 jednom mo\u017ee susresti s papom, koji je ve\u0107 za vrijeme drugih pastoralnih posjeta mogao upoznati neokatekumenske zajednice, u ime svih prisutnih izrazio je Giampiero Donnini, katehist u \u017eupi Gospe od Coromota, koji je rekao sljede\u0107e:<\/em><\/p><\/p>\n\n<p>Velika nam je radost vidjeti Vas ovdje, posebno nakon propovijedi koju ste danas odr\u017eali. Zavr\u0161ili ste pitanjem: gdje su biskupovi suradnici za evangelizaciju? Ovdje smo kako bismo Vam rekli da smo spremni odgovoriti na Va\u0161 poziv. To\u010dnije, \u017eelimo Vas upoznati s prvom zajednicom koja \u0107e uskoro po\u010deti obilaziti ku\u0107e, dva po dva, kako bi u jednostavnosti i poniznosti navijestili Kraljevstvo Bo\u017eje: Isusa Krista svim stanovnicima u susjedstvu.<\/p>\n\n<p><p>Temeljno je danas \u010dovjeku navijestiti radosnu vijest Evan\u0111elja, ljubav Bo\u017eju koja se o\u010dituje u Kri\u017eu Isusa Krista, pokazuju\u0107i se kao onaj koji voli gre\u0161nike. Dana\u0161nji svijet vi\u0161e ne vjeruje da Bog preuzima inicijativu kao s Abrahamom. Dana\u0161nji \u010dovjek vi\u0161e ne vjeruje u to, on misli da je on taj koji \u010dini prvi korak. Stoga \u2013 <em>rekao je zaklju\u010dno katehist<\/em> \u2013 moramo ponovo navijestiti Bo\u017eju ljubav ovome svijetu. To je temeljno, ina\u010de se cijelo Evan\u0111elje gubi ako odustanemo od navije\u0161tanja ljubavi gre\u0161nicima. Ali kako se to mo\u017ee navijestiti? Kako mo\u017ee\u0161 biti svjedok ako nisi poslan, kako mo\u017ee\u0161 biti poslan ako prethodno nisi imao iskustvo Isusa Krista? Stoga je va\u017eno unutar \u017eupe otvoriti put na kojem svatko mo\u017ee polako sazrijevati u vjeri te tako njegova vjera mo\u017ee kona\u010dno postati misionarska, svjedo\u010danstvo svijetu. <em>Nakon Giampiera, jo\u0161 su dva katehista ispri\u010dala Papi o svom iskustvu apostolata s obiteljima, ukazuju\u0107i na pote\u0161ko\u0107e koje stoje na putu navije\u0161tanju kr\u0161\u0107anske poruke u ovom novom obliku, ali tako\u0111er pokazuju\u0107i entuzijazam koji ih pokre\u0107e.<\/em><\/p><\/p>\n\n<p><p><em>Sveti je Otac odgovorio rekav\u0161i:<\/em><\/p><\/p>\n\n<p><p>Va\u0161a su svjedo\u010danstva uvijek vrlo zanimljiva, jer potje\u010du iz pro\u017eivljenog iskustva, pro\u017eivljenog iznutra, osobno, iz \u010disto religioznog, evan\u0111eoskog iskustva. \u017delim blagosloviti va\u0161e skupine i va\u0161 Neokatekumenski put koji je va\u0161 put, ali i put prema drugima. Blagoslivljaju\u0107i sve vas ovdje prisutne, \u017eelim blagosloviti i sve one na \u010dijim \u0107ete vratima tra\u017eiti dobrodo\u0161licu; prihva\u0107anje va\u0161e rije\u010di, va\u0161e katehetske misije. Srda\u010dno vas blagoslivljam i \u017eelim vam da rastete u ovoj vjeri, u ovom pro\u017eivljenom iskustvu va\u0161eg kr\u0161tenja. Mi se, kako nam ka\u017ee i sveti Petar, moramo pona\u0161ati pomalo poput novoro\u0111en\u010dadi, djece i tako se moramo pona\u0161ati tijekom cijelog svog \u017eivota jer kr\u0161tenje odre\u0111uje cijeli na\u0161 \u017eivot darom, neshvatljivim darom: darom bo\u017eanskog sinovstva, darom biti sli\u010dni Sinu Bo\u017ejem, djeci Bo\u017ejoj, sinovima u Sinu. Ovo je radosna vijest, Evan\u0111elje. <strong>\u017divjeti ovo i omogu\u0107iti da drugi to \u017eive zna\u010di \u0161iriti Evan\u0111elje<\/strong>.<\/p><\/p>\n\n<p><p><em>(*) Usp. \u201eL&#8217;Osservatore Romano\u201d, 16.-17. o\u017eujka 1981.<\/em><\/p><\/p>\n","protected":false},"excerpt":{"rendered":"<p>Pohod \u017eupi na\u0161e Gospe od Coromota 15-3-1981 Sv. Ivan Pavao II. Rim, 15. o\u017eujka 1981. (*) Ivan Pavao II. stigao je do crkve, gdje mu je \u017eupnik predstavio neokatekumenske zajednice koje su ve\u0107 nekoliko godina umetnute u \u017eivot \u017eupe. Ovo je skupina bra\u0107e Neokatekumenskog puta \u2013 rekao je msgr. Gulizia \u2013 zajedno s njima je ekipa katehista iz \u017eupe Kanadskih mu\u010denika koji su u na\u0161u \u017eupu do\u0161li u sije\u010dnju 1970.<\/p>\n<div class=\"read-more\"><a class=\"btn read-more-btn\" href=\"https:\/\/neocatechumenaleiter.org\/hr\/rijeci-papa\/sv-ivan-pavao-ii\/pohod-zupi-nase-gospe-od-coromota-15-3-1981\/\">Nastavi \u010ditati<\/a><\/div>\n","protected":false},"author":2,"featured_media":0,"parent":9680,"menu_order":8,"comment_status":"closed","ping_status":"closed","template":"","meta":{"footnotes":""},"class_list":["post-17830","page","type-page","status-publish","hentry"],"_links":{"self":[{"href":"https:\/\/neocatechumenaleiter.org\/hr\/wp-json\/wp\/v2\/pages\/17830","targetHints":{"allow":["GET"]}}],"collection":[{"href":"https:\/\/neocatechumenaleiter.org\/hr\/wp-json\/wp\/v2\/pages"}],"about":[{"href":"https:\/\/neocatechumenaleiter.org\/hr\/wp-json\/wp\/v2\/types\/page"}],"author":[{"embeddable":true,"href":"https:\/\/neocatechumenaleiter.org\/hr\/wp-json\/wp\/v2\/users\/2"}],"replies":[{"embeddable":true,"href":"https:\/\/neocatechumenaleiter.org\/hr\/wp-json\/wp\/v2\/comments?post=17830"}],"version-history":[{"count":2,"href":"https:\/\/neocatechumenaleiter.org\/hr\/wp-json\/wp\/v2\/pages\/17830\/revisions"}],"predecessor-version":[{"id":24019,"href":"https:\/\/neocatechumenaleiter.org\/hr\/wp-json\/wp\/v2\/pages\/17830\/revisions\/24019"}],"up":[{"embeddable":true,"href":"https:\/\/neocatechumenaleiter.org\/hr\/wp-json\/wp\/v2\/pages\/9680"}],"wp:attachment":[{"href":"https:\/\/neocatechumenaleiter.org\/hr\/wp-json\/wp\/v2\/media?parent=17830"}],"curies":[{"name":"wp","href":"https:\/\/api.w.org\/{rel}","templated":true}]}}