{"id":17832,"date":"2020-03-02T03:30:33","date_gmt":"2020-03-02T02:30:33","guid":{"rendered":"https:\/\/neocatechumenaleiter.org\/rijeci-papa\/sv-ivan-pavao-ii\/susret-s-kantorima-u-dvoristu-svetog-damaza-31-3-1981\/"},"modified":"2021-08-10T11:01:12","modified_gmt":"2021-08-10T10:01:12","slug":"susret-s-kantorima-u-dvoristu-svetog-damaza-31-3-1981","status":"publish","type":"page","link":"https:\/\/neocatechumenaleiter.org\/hr\/rijeci-papa\/sv-ivan-pavao-ii\/susret-s-kantorima-u-dvoristu-svetog-damaza-31-3-1981\/","title":{"rendered":"Susret s kantorima u dvori\u0161tu svetog Damaza 31-3-1981"},"content":{"rendered":"\n<h1 class=\"has-text-align-center wp-block-heading\">Susret s kantorima u dvori\u0161tu svetog Damaza 31-3-1981<\/h1>\n\n<div style=\"height:20px\" aria-hidden=\"true\" class=\"wp-block-spacer\"><\/div>\n\n<h4 class=\"has-text-align-center wp-block-heading\">Sv. Ivan Pavao II.<\/h4>\n\n<div style=\"height:20px\" aria-hidden=\"true\" class=\"wp-block-spacer\"><\/div>\n\n<p><p><strong>Vatikan, Dvori\u0161te svetog Damaza, 31. o\u017eujka 1981. (*)<\/strong><\/p><\/p>\n\n<p><p><em>Preko tri tisu\u0107e kantora iz brojnih talijanskih neokatekumenskih zajednica zaklju\u010dilo je ju\u010der nave\u010der, u dvori\u0161tu svetog Damaza u nazo\u010dnosti Svetog Oca, dan nacionalnog okupljanja sazvanog za pripremu pjesama za Pashalno bdjenje.<\/em><\/p><\/p>\n\n<div class=\"wp-block-image\"><figure class=\"alignright size-large\"><img loading=\"lazy\" decoding=\"async\" width=\"690\" height=\"553\" src=\"https:\/\/neocatechumenaleiter.org\/wp-content\/uploads\/2020\/03\/Camino_Neocatecumenal_Juan_Pablo_II_encuentro_salmistas_1981.jpg\" alt=\"\" class=\"wp-image-7790\" srcset=\"https:\/\/neocatechumenaleiter.org\/wp-content\/uploads\/2020\/03\/Camino_Neocatecumenal_Juan_Pablo_II_encuentro_salmistas_1981.jpg 690w, https:\/\/neocatechumenaleiter.org\/wp-content\/uploads\/2020\/03\/Camino_Neocatecumenal_Juan_Pablo_II_encuentro_salmistas_1981-300x240.jpg 300w\" sizes=\"auto, (max-width: 690px) 100vw, 690px\" \/><\/figure><\/div>\n\n<p>Kantori, okupljeni tijekom cijelog ju\u010dera\u0161njeg dana u rimskom kazali\u0161nom \u0161atoru, \u017eeljeli su se sastati s Papom kako bi mu kroz pjesmu ponudili znak kr\u0161\u0107anskog svjedo\u010denja i osje\u0107aj svoje predanosti. U preko dvije tisu\u0107e neokatekumenskih zajednica diljem Italije, kantor je onaj koji, iako nema jake pjeva\u010dke vje\u0161tine ili izra\u017eenu glazbenu osjetljivost, ipak uspijeva pjesmu protuma\u010diti kao molitvu i zna\u010denje pjesme-molitve uspijeva prenijeti drugima. Sino\u0107 su, predvo\u0111eni Kikom Arg\u00fcellom, animatorom neokatekumenskih zajednica, ponudili Svetom Ocu plod intenzivnog pripremnog rada izvode\u0107i neke psalme prilago\u0111ene modernijem stilu i neke zna\u010dajne pjesme kroz \u010dije izvo\u0111enje o\u017eivljava njihovu bra\u0107u u i\u0161\u010dekivanju Uskrsnu\u0107a za vrijeme Pashalnog bdjenja. U tom je pogledu izuzetno zna\u010dajna bila pjesma koju je sino\u0107 za Papu izvela skupina djece koja pripada \u010detirima neokatekumenskim zajednicama Rima.<\/p>\n\n<p>\u201e\u0160to li je \u2013 pitala su se ova djeca \u010dija se dob kretala od \u010detiri do \u0161est godina \u2013 druk\u010dije u ovoj no\u0107i?\u201c. \u201eJer svake druge no\u0107i idemo u krevet rano, po\u0161to smo ve\u010derali, al&#8217; ove no\u0107i ostajemo budni do kasno, a bili smo u postu?\u201c \u201eZa\u0161to druge no\u0107i ne o\u010dekujemo ni\u0161ta, al&#8217; ove no\u0107i ostajemo i \u010dekamo?\u201c \u201e\u0160to li je druk\u010dije u ovoj no\u0107i?\u201c Za njih cijela zajednica odgovara pjevaju\u0107i u radosti Uskrsnu\u0107a.<\/p>\n\n<p>\u201eDakle \u2013 objasnio je Kiko Svetom Ocu \u2013 \u017eivjet \u0107emo na\u0161u Pashu sa svojom bra\u0107om i sa svojom djecom\u201c.<\/p>\n\n<p><p><em>Sveti je Otac, po zavr\u0161etku pjesama, po\u017eelio zahvaliti na toliko \u017eeljenom susretu i na svjedo\u010danstvu koje su mu, s njihovim pjesmama, do\u0161li dati.<\/em><\/p><\/p>\n\n<p><p>Crkva se \u2013 <em>rekao je izme\u0111u ostalog Sveti Otac<\/em> \u2013 priprema za proslavu pashalne no\u0107i Gospodinove, njegova Uskrsnu\u0107a, tijekom cijelog korizmenog razdoblja. \u010cini to kako bi Gospodin mogao na\u0107i na\u0161a srca pripremljena, zrela, zrela za njegovo otajstvo, zrela za njegovu ljubav. Svakako uz <strong>svjedo\u010denje Rije\u010di Bo\u017eje i djelima ljubavi<\/strong> <strong>moramo sazrjeti za ovu no\u0107 i za tu kona\u010dnu ljubav koja se objavila u pashalnoj no\u0107i<\/strong>. Stoga vam \u017eelim da se dobro pripremite za ovo veliko otajstvo koje je u sredi\u0161tu na\u0161e vjere, kao i u sredi\u0161tu povijesti \u010dovje\u010danstva i svemira. Ve\u0107 sam vas nekoliko puta upoznao u raznim rimskim \u017eupama i nadam se da \u0107ete u tim \u017eupama sura\u0111ivati \u200b\u200bsa sve\u0107enicima, a tako\u0111er i s biskupima u predjelima rimske biskupije, s kardinalom vikarom, jer na taj na\u010din potvr\u0111ujete i svoje pashalno odu\u0161evljenje. <strong>Pasha je dan Crkve<\/strong>. U Crkvi kao cjelini u njezinom \u017eivotu moramo tra\u017eiti prostor, autenti\u010dan prostor za svoj vjerski entuzijazam i apostolat. \u017delio bih vam zahvaliti na va\u0161em posjetu, na svim ovim vrlo lijepim religioznim pjesmama, pjevanim s velikom snagom, s velikim entuzijazmom. Zahvaljujem vam na ovom posjetu i sve vas blagoslivljam, blagoslivljam va\u0161e obitelji i va\u0161u djecu, one koji su tako\u0111er zauzeli poseban i vrlo lijep udio u ovoj ve\u010deri.<\/p><\/p>\n\n<p><p>\u017delio bih re\u0107i jo\u0161 jednu posebnu rije\u010d za sve patnike koji su vam bliski: prenesite ovu rije\u010d i ove uspomene, ovo sje\u0107anje na Papu svima njima, jer su mi duhovno uvijek vrlo bliski, budu\u0107i da na poseban na\u010din sudjeluju u muci Gospodina na\u0161ega Isusa Krista, i tim sudjelovanjem u otajstvu njegove muke priprema nas za svoju Pashu. Na kraju vas \u017eelim blagosloviti blagoslivljaju\u0107i i sve drage vam ljude, u Rimu, ali i u svim gradovima Italije i izvan nje.<\/p>&#13;\n<p><em>(*) Usp. \u201eL&#8217;Osservatore Romano\u201c, 2. travnja 1981.<\/em><\/p><\/p>\n","protected":false},"excerpt":{"rendered":"<p>Susret s kantorima u dvori\u0161tu svetog Damaza 31-3-1981 Sv. Ivan Pavao II. Vatikan, Dvori\u0161te svetog Damaza, 31. o\u017eujka 1981. (*) Preko tri tisu\u0107e kantora iz brojnih talijanskih neokatekumenskih zajednica zaklju\u010dilo je ju\u010der nave\u010der, u dvori\u0161tu svetog Damaza u nazo\u010dnosti Svetog Oca, dan nacionalnog okupljanja sazvanog za pripremu pjesama za Pashalno bdjenje. Kantori, okupljeni tijekom cijelog ju\u010dera\u0161njeg dana u rimskom kazali\u0161nom \u0161atoru, \u017eeljeli su se sastati s Papom kako bi mu<\/p>\n<div class=\"read-more\"><a class=\"btn read-more-btn\" href=\"https:\/\/neocatechumenaleiter.org\/hr\/rijeci-papa\/sv-ivan-pavao-ii\/susret-s-kantorima-u-dvoristu-svetog-damaza-31-3-1981\/\">Nastavi \u010ditati<\/a><\/div>\n","protected":false},"author":2,"featured_media":0,"parent":9680,"menu_order":9,"comment_status":"closed","ping_status":"closed","template":"","meta":{"footnotes":""},"class_list":["post-17832","page","type-page","status-publish","hentry"],"_links":{"self":[{"href":"https:\/\/neocatechumenaleiter.org\/hr\/wp-json\/wp\/v2\/pages\/17832","targetHints":{"allow":["GET"]}}],"collection":[{"href":"https:\/\/neocatechumenaleiter.org\/hr\/wp-json\/wp\/v2\/pages"}],"about":[{"href":"https:\/\/neocatechumenaleiter.org\/hr\/wp-json\/wp\/v2\/types\/page"}],"author":[{"embeddable":true,"href":"https:\/\/neocatechumenaleiter.org\/hr\/wp-json\/wp\/v2\/users\/2"}],"replies":[{"embeddable":true,"href":"https:\/\/neocatechumenaleiter.org\/hr\/wp-json\/wp\/v2\/comments?post=17832"}],"version-history":[{"count":2,"href":"https:\/\/neocatechumenaleiter.org\/hr\/wp-json\/wp\/v2\/pages\/17832\/revisions"}],"predecessor-version":[{"id":24027,"href":"https:\/\/neocatechumenaleiter.org\/hr\/wp-json\/wp\/v2\/pages\/17832\/revisions\/24027"}],"up":[{"embeddable":true,"href":"https:\/\/neocatechumenaleiter.org\/hr\/wp-json\/wp\/v2\/pages\/9680"}],"wp:attachment":[{"href":"https:\/\/neocatechumenaleiter.org\/hr\/wp-json\/wp\/v2\/media?parent=17832"}],"curies":[{"name":"wp","href":"https:\/\/api.w.org\/{rel}","templated":true}]}}